{"id":41305,"date":"2020-12-13T13:43:14","date_gmt":"2020-12-13T13:43:14","guid":{"rendered":"https:\/\/www.urlaubcornwall.de\/blog\/?page_id=41305"},"modified":"2024-05-31T07:44:20","modified_gmt":"2024-05-31T07:44:20","slug":"von-inverness-nach-nairn-eine-rundreise","status":"publish","type":"page","link":"https:\/\/www.urlaubcornwall.de\/blog\/von-inverness-nach-nairn-eine-rundreise\/","title":{"rendered":"Von Inverness nach Nairn \u2013 eine Rundreise in Schottland"},"content":{"rendered":"<p>Die Rundreise von Inverness nach <a href=\"https:\/\/www.urlaubcornwall.de\/ferienhaeuser-fewos\/sco\/nordschottland\/nairn.html\">Nairn<\/a> auf der A96, A939, B9007 und A9 ist ungef\u00e4hr 107,4km lang. Diese herrliche Fahrt f\u00fchrt der K\u00fcste entlang, weiter Richtung Binnenland, an Brennereien und Burgen vorbei und schlie\u00dft einen Teil des <a href=\"https:\/\/www.urlaubcornwall.de\/ferienhaeuser-fewos\/sco\/nordschottland\/cairngorms.html\">Cairngorms Nationalparks<\/a> mit ein. Wenn Sie sich von <a href=\"https:\/\/www.urlaubcornwall.de\/ferienhaeuser-fewos\/sco\/nordschottland\/inverness.html\">Inverness<\/a> Richtung Osten bewegen, kommen Sie vorbei an Culloden, wo 1746 die letzte gro\u00dfe Schlacht auf britischem Boden ausgetragen wurde, sowie der Burg Cawdor. Nairn, eine attraktive Stadt am Meer ist eine der sonnigsten und trockensten St\u00e4dte Schottlands. Genie\u00dfen Sie die Sandstr\u00e4nde, den Blick \u00fcber Moray Firth und Spazierg\u00e4nge entlang des Flusses.<\/p>\n<div class=\"snippet\"> <a class=\"featured-item\" href=\" https:\/\/www.urlaubcornwall.de\/ferienhaeuser\/schottland.php\"> <span class=\"image-holder\" style=\"background-image: url(' https:\/\/www.urlaubcornwall.de\/blog\/wp-content\/uploads\/2019\/01\/urlaub-schottland-highlands-1.jpg');\"><\/span> <span class=\"featured-content\"> \n<h2 class=\"featured-title\">Bei uns finden Sie Ferienh\u00e4user in Schottland zum Verlieben!<\/h2>\n<p class=\"featured-body\">Untenstehend finden Sie eine Auswahl an Ferienh\u00e4usern in Schottland. Hier finden Sie pers\u00f6nlich inspizierte Cottages entlang der schottischen K\u00fcste, in den schottischen Highlands und auf den Inseln&#8230;..<\/p>\n<\/span> <span class=\"featured-link-holder\"> <span class=\"featured-extra-info\"> \n<p>F\u00fcr Paare, Familien &#038; Gruppen<\/p>\n<\/span> \n<p class=\"featured-link\">DETAILS<\/p>\n<\/span> <\/a><\/div>\n<div class=\"snippet\"> <a class=\"featured-item\" href=\" https:\/\/www.urlaubcornwall.de\/blog\/rundreisen-schottland\/\"> <span class=\"image-holder\" style=\"background-image: url(' hhttps:\/\/www.urlaubcornwall.de\/blog\/wp-content\/uploads\/2019\/01\/urlaub-schottland-highlands.jpg ');\"><\/span> <span class=\"featured-content\"> \n<h2 class=\"featured-title\">Rundreise durch Schottland: mit dem Auto bereisen <\/h2>\n<p class=\"featured-body\">Urlaub in Schottland haben etwas f\u00fcr jeden Geschmack zu bieten \u2013 herrliche Sonnenunterg\u00e4nge \u00fcber magischen Inseln, wundersch\u00f6ne und dramatische K\u00fcstenstriche, tiefe, verborgene T\u00e4ler und eine unglaubliche Landschaft&#8230;<\/p>\n<\/span> <span class=\"featured-link-holder\"> <span class=\"featured-extra-info\"> \n<p>Ready Made Touren<\/p>\n<\/span> \n<p class=\"featured-link\">DETAILS<\/p>\n<\/span> <\/a><\/div>\n<p><a href=\"https:\/\/www.urlaubcornwall.de\/blog\/5-malerische-autofahrten-durch-schottland-probieren-sie-sie-aus\/\">5 malerische Autofahrten durch Schottland \u2013 probieren Sie sie aus.<\/a><\/p>\n","protected":false},"excerpt":{"rendered":"<p>Die Rundreise von Inverness nach Nairn auf der A96, A939, B9007 und A9 ist ungef\u00e4hr 107,4km lang. Diese herrliche Fahrt f\u00fchrt der K\u00fcste entlang, weiter Richtung Binnenland, an Brennereien und Burgen vorbei und schlie\u00dft einen Teil des Cairngorms Nationalparks mit ein. Wenn Sie sich von Inverness Richtung Osten bewegen, kommen Sie vorbei an Culloden, wo [&hellip;]<\/p>\n","protected":false},"author":1,"featured_media":0,"parent":0,"menu_order":0,"comment_status":"closed","ping_status":"closed","template":"single-four.php","meta":[],"acf":[],"yoast_head":"<!-- This site is optimized with the Yoast SEO plugin v19.4 - https:\/\/yoast.com\/wordpress\/plugins\/seo\/ -->\n<title>Von Inverness nach Nairn \u2013 eine Rundreise in Schottland - Urlaub &amp; Reisen<\/title>\n<meta name=\"robots\" content=\"index, follow, max-snippet:-1, max-image-preview:large, max-video-preview:-1\" \/>\n<link rel=\"canonical\" href=\"https:\/\/www.urlaubcornwall.de\/blog\/von-inverness-nach-nairn-eine-rundreise\/\" \/>\n<meta property=\"og:locale\" content=\"en_US\" \/>\n<meta property=\"og:type\" content=\"article\" \/>\n<meta property=\"og:title\" content=\"Von Inverness nach Nairn \u2013 eine Rundreise in Schottland - Urlaub &amp; Reisen\" \/>\n<meta property=\"og:description\" content=\"Die Rundreise von Inverness nach Nairn auf der A96, A939, B9007 und A9 ist ungef\u00e4hr 107,4km lang. Diese herrliche Fahrt f\u00fchrt der K\u00fcste entlang, weiter Richtung Binnenland, an Brennereien und Burgen vorbei und schlie\u00dft einen Teil des Cairngorms Nationalparks mit ein. Wenn Sie sich von Inverness Richtung Osten bewegen, kommen Sie vorbei an Culloden, wo [&hellip;]\" \/>\n<meta property=\"og:url\" content=\"https:\/\/www.urlaubcornwall.de\/blog\/von-inverness-nach-nairn-eine-rundreise\/\" \/>\n<meta property=\"og:site_name\" content=\"Urlaub &amp; Reisen\" \/>\n<meta property=\"article:modified_time\" content=\"2024-05-31T07:44:20+00:00\" \/>\n<meta name=\"twitter:card\" content=\"summary\" \/>\n<meta name=\"twitter:label1\" content=\"Est. reading time\" \/>\n\t<meta name=\"twitter:data1\" content=\"2 minutes\" \/>\n<script type=\"application\/ld+json\" class=\"yoast-schema-graph\">{\"@context\":\"https:\/\/schema.org\",\"@graph\":[{\"@type\":\"WebSite\",\"@id\":\"https:\/\/www.urlaubcornwall.de\/blog\/#website\",\"url\":\"https:\/\/www.urlaubcornwall.de\/blog\/\",\"name\":\"Urlaub &amp; Reisen\",\"description\":\"Urlaub, Reisen, Cornwall und S\u00fcdengland: eine perfekte Kombination\",\"potentialAction\":[{\"@type\":\"SearchAction\",\"target\":{\"@type\":\"EntryPoint\",\"urlTemplate\":\"https:\/\/www.urlaubcornwall.de\/blog\/?s={search_term_string}\"},\"query-input\":\"required name=search_term_string\"}],\"inLanguage\":\"en-US\"},{\"@type\":\"WebPage\",\"@id\":\"https:\/\/www.urlaubcornwall.de\/blog\/von-inverness-nach-nairn-eine-rundreise\/\",\"url\":\"https:\/\/www.urlaubcornwall.de\/blog\/von-inverness-nach-nairn-eine-rundreise\/\",\"name\":\"Von Inverness nach Nairn \u2013 eine Rundreise in Schottland - Urlaub &amp; Reisen\",\"isPartOf\":{\"@id\":\"https:\/\/www.urlaubcornwall.de\/blog\/#website\"},\"datePublished\":\"2020-12-13T13:43:14+00:00\",\"dateModified\":\"2024-05-31T07:44:20+00:00\",\"breadcrumb\":{\"@id\":\"https:\/\/www.urlaubcornwall.de\/blog\/von-inverness-nach-nairn-eine-rundreise\/#breadcrumb\"},\"inLanguage\":\"en-US\",\"potentialAction\":[{\"@type\":\"ReadAction\",\"target\":[\"https:\/\/www.urlaubcornwall.de\/blog\/von-inverness-nach-nairn-eine-rundreise\/\"]}]},{\"@type\":\"BreadcrumbList\",\"@id\":\"https:\/\/www.urlaubcornwall.de\/blog\/von-inverness-nach-nairn-eine-rundreise\/#breadcrumb\",\"itemListElement\":[{\"@type\":\"ListItem\",\"position\":1,\"name\":\"Home\",\"item\":\"https:\/\/www.urlaubcornwall.de\/blog\/\"},{\"@type\":\"ListItem\",\"position\":2,\"name\":\"Von Inverness nach Nairn \u2013 eine Rundreise in Schottland\"}]}]}<\/script>\n<!-- \/ Yoast SEO plugin. -->","yoast_head_json":{"title":"Von Inverness nach Nairn \u2013 eine Rundreise in Schottland - Urlaub &amp; Reisen","robots":{"index":"index","follow":"follow","max-snippet":"max-snippet:-1","max-image-preview":"max-image-preview:large","max-video-preview":"max-video-preview:-1"},"canonical":"https:\/\/www.urlaubcornwall.de\/blog\/von-inverness-nach-nairn-eine-rundreise\/","og_locale":"en_US","og_type":"article","og_title":"Von Inverness nach Nairn \u2013 eine Rundreise in Schottland - Urlaub &amp; Reisen","og_description":"Die Rundreise von Inverness nach Nairn auf der A96, A939, B9007 und A9 ist ungef\u00e4hr 107,4km lang. Diese herrliche Fahrt f\u00fchrt der K\u00fcste entlang, weiter Richtung Binnenland, an Brennereien und Burgen vorbei und schlie\u00dft einen Teil des Cairngorms Nationalparks mit ein. Wenn Sie sich von Inverness Richtung Osten bewegen, kommen Sie vorbei an Culloden, wo [&hellip;]","og_url":"https:\/\/www.urlaubcornwall.de\/blog\/von-inverness-nach-nairn-eine-rundreise\/","og_site_name":"Urlaub &amp; Reisen","article_modified_time":"2024-05-31T07:44:20+00:00","twitter_card":"summary","twitter_misc":{"Est. reading time":"2 minutes"},"schema":{"@context":"https:\/\/schema.org","@graph":[{"@type":"WebSite","@id":"https:\/\/www.urlaubcornwall.de\/blog\/#website","url":"https:\/\/www.urlaubcornwall.de\/blog\/","name":"Urlaub &amp; Reisen","description":"Urlaub, Reisen, Cornwall und S\u00fcdengland: eine perfekte Kombination","potentialAction":[{"@type":"SearchAction","target":{"@type":"EntryPoint","urlTemplate":"https:\/\/www.urlaubcornwall.de\/blog\/?s={search_term_string}"},"query-input":"required name=search_term_string"}],"inLanguage":"en-US"},{"@type":"WebPage","@id":"https:\/\/www.urlaubcornwall.de\/blog\/von-inverness-nach-nairn-eine-rundreise\/","url":"https:\/\/www.urlaubcornwall.de\/blog\/von-inverness-nach-nairn-eine-rundreise\/","name":"Von Inverness nach Nairn \u2013 eine Rundreise in Schottland - Urlaub &amp; Reisen","isPartOf":{"@id":"https:\/\/www.urlaubcornwall.de\/blog\/#website"},"datePublished":"2020-12-13T13:43:14+00:00","dateModified":"2024-05-31T07:44:20+00:00","breadcrumb":{"@id":"https:\/\/www.urlaubcornwall.de\/blog\/von-inverness-nach-nairn-eine-rundreise\/#breadcrumb"},"inLanguage":"en-US","potentialAction":[{"@type":"ReadAction","target":["https:\/\/www.urlaubcornwall.de\/blog\/von-inverness-nach-nairn-eine-rundreise\/"]}]},{"@type":"BreadcrumbList","@id":"https:\/\/www.urlaubcornwall.de\/blog\/von-inverness-nach-nairn-eine-rundreise\/#breadcrumb","itemListElement":[{"@type":"ListItem","position":1,"name":"Home","item":"https:\/\/www.urlaubcornwall.de\/blog\/"},{"@type":"ListItem","position":2,"name":"Von Inverness nach Nairn \u2013 eine Rundreise in Schottland"}]}]}},"_links":{"self":[{"href":"https:\/\/www.urlaubcornwall.de\/blog\/wp-json\/wp\/v2\/pages\/41305"}],"collection":[{"href":"https:\/\/www.urlaubcornwall.de\/blog\/wp-json\/wp\/v2\/pages"}],"about":[{"href":"https:\/\/www.urlaubcornwall.de\/blog\/wp-json\/wp\/v2\/types\/page"}],"author":[{"embeddable":true,"href":"https:\/\/www.urlaubcornwall.de\/blog\/wp-json\/wp\/v2\/users\/1"}],"replies":[{"embeddable":true,"href":"https:\/\/www.urlaubcornwall.de\/blog\/wp-json\/wp\/v2\/comments?post=41305"}],"version-history":[{"count":6,"href":"https:\/\/www.urlaubcornwall.de\/blog\/wp-json\/wp\/v2\/pages\/41305\/revisions"}],"predecessor-version":[{"id":51203,"href":"https:\/\/www.urlaubcornwall.de\/blog\/wp-json\/wp\/v2\/pages\/41305\/revisions\/51203"}],"wp:attachment":[{"href":"https:\/\/www.urlaubcornwall.de\/blog\/wp-json\/wp\/v2\/media?parent=41305"}],"curies":[{"name":"wp","href":"https:\/\/api.w.org\/{rel}","templated":true}]}}