{"id":41303,"date":"2020-12-13T13:39:54","date_gmt":"2020-12-13T13:39:54","guid":{"rendered":"https:\/\/www.urlaubcornwall.de\/blog\/?page_id=41303"},"modified":"2024-04-15T14:50:37","modified_gmt":"2024-04-15T14:50:37","slug":"von-glasgow-nach-fort-william","status":"publish","type":"page","link":"https:\/\/www.urlaubcornwall.de\/blog\/von-glasgow-nach-fort-william\/","title":{"rendered":"Von Glasgow nach Fort William"},"content":{"rendered":"<p><img loading=\"lazy\" class=\"aligncenter size-full wp-image-22805\" src=\"https:\/\/www.urlaubcornwall.de\/blog\/wp-content\/uploads\/2016\/01\/malerische-Autofahrten-durch-Schottland.jpg\" alt=\"malerische Autofahrten durch Schottland\" height=\"387\" width=\"745\"\/><\/p>\n<p><a href=\"https:\/\/www.urlaubcornwall.de\/reiseziel\/schottland.php\">Entdecken Sie Schottland<\/a> auf dieser 225km langen Fahrt auf der A82 von Glasgow nach <a href=\"https:\/\/www.urlaubcornwall.de\/ferienhaeuser-fewos\/sco\/nordschottland\/fort-william.html\">Fort William in den Highlands<\/a>. Nachdem Sie Glasgow hinter sich gelassen haben, werden Sie bald am Loch Lomond ankommen; die A82 f\u00fchrt entlang des Loch Lomond von Balloch, durch die D\u00f6rfer Luss und Tarbert hinauf nach Ardlui und den Gipfel des Loch. Dann geht es weiter durch wundersch\u00f6ne Landschaft nach Crianlarich, einem beliebten Touristenzentrum. Die Stra\u00dfe f\u00fchrt dann weiter \u00fcber das Rannoch Moor, einer von Europas letzter erhaltener Wildnis. Sie erreichen dann die spektakul\u00e4re Landschaft von Glen Coe, und im Besucherzentrum k\u00f6nnen Sie die Geschichte der Campbell und Macdonald Clans kennenlernen. Wenn Sie Glen Coe verlassen, f\u00fchrt die Stra\u00dfe entlang der Ufer des Loch Linnhe, bis Sie Fort William am Fu\u00dfe des Ben Nevis erreichen, mit mehr als 914,4m der h\u00f6chste Berg des Vereinigten K\u00f6nigreiches.<\/p>\n<div class=\"snippet\"> <a class=\"featured-item\" href=\" https:\/\/www.urlaubcornwall.de\/ferienhaeuser\/schottland.php\"> <span class=\"image-holder\" style=\"background-image: url(' https:\/\/www.urlaubcornwall.de\/blog\/wp-content\/uploads\/2019\/01\/urlaub-schottland-highlands-1.jpg ');\"><\/span> <span class=\"featured-content\"> \n<h2 class=\"featured-title\">Bei uns finden Sie Ferienh\u00e4user in Schottland zum Verlieben!<\/h2>\n<p class=\"featured-body\">Untenstehend finden Sie eine Auswahl an Ferienh\u00e4usern in Schottland. Hier finden Sie pers\u00f6nlich inspizierte Cottages entlang der schottischen K\u00fcste, in den schottischen Highlands und auf den Inseln&#8230;..<\/p>\n<\/span> <span class=\"featured-link-holder\"> <span class=\"featured-extra-info\"> \n<p>F\u00fcr Paare, Familien &#038; Gruppen<\/p>\n<\/span> \n<p class=\"featured-link\">DETAILS<\/p>\n<\/span> <\/a><\/div>\n<div class=\"snippet\"> <a class=\"featured-item\" href=\" https:\/\/www.urlaubcornwall.de\/blog\/rundreisen-schottland\/\"> <span class=\"image-holder\" style=\"background-image: url(' https:\/\/www.urlaubcornwall.de\/blog\/wp-content\/uploads\/2019\/01\/urlaub-schottland-highlands.jpg ');\"><\/span> <span class=\"featured-content\"> \n<h2 class=\"featured-title\">Rundreise durch Schottland: mit dem Auto bereisen <\/h2>\n<p class=\"featured-body\">Urlaub in Schottland haben etwas f\u00fcr jeden Geschmack zu bieten \u2013 herrliche Sonnenunterg\u00e4nge \u00fcber magischen Inseln, wundersch\u00f6ne und dramatische K\u00fcstenstriche, tiefe, verborgene T\u00e4ler und eine unglaubliche Landschaft&#8230;<\/p>\n<\/span> <span class=\"featured-link-holder\"> <span class=\"featured-extra-info\"> \n<p>Ready Made Touren<\/p>\n<\/span> \n<p class=\"featured-link\">DETAILS<\/p>\n<\/span> <\/a><\/div>\n<p><a href=\"https:\/\/www.urlaubcornwall.de\/blog\/5-malerische-autofahrten-durch-schottland-probieren-sie-sie-aus\/\">5 malerische Autofahrten durch Schottland \u2013 probieren Sie sie aus.<\/a><\/p>\n","protected":false},"excerpt":{"rendered":"<p>Entdecken Sie Schottland auf dieser 225km langen Fahrt auf der A82 von Glasgow nach Fort William in den Highlands. Nachdem Sie Glasgow hinter sich gelassen haben, werden Sie bald am Loch Lomond ankommen; die A82 f\u00fchrt entlang des Loch Lomond von Balloch, durch die D\u00f6rfer Luss und Tarbert hinauf nach Ardlui und den Gipfel des [&hellip;]<\/p>\n","protected":false},"author":1,"featured_media":0,"parent":0,"menu_order":0,"comment_status":"closed","ping_status":"closed","template":"single-four.php","meta":[],"acf":[],"yoast_head":"<!-- This site is optimized with the Yoast SEO plugin v19.4 - https:\/\/yoast.com\/wordpress\/plugins\/seo\/ -->\n<title>Von Glasgow nach Fort William - Urlaub &amp; Reisen<\/title>\n<meta name=\"robots\" content=\"index, follow, max-snippet:-1, max-image-preview:large, max-video-preview:-1\" \/>\n<link rel=\"canonical\" href=\"https:\/\/www.urlaubcornwall.de\/blog\/von-glasgow-nach-fort-william\/\" \/>\n<meta property=\"og:locale\" content=\"en_US\" \/>\n<meta property=\"og:type\" content=\"article\" \/>\n<meta property=\"og:title\" content=\"Von Glasgow nach Fort William - Urlaub &amp; Reisen\" \/>\n<meta property=\"og:description\" content=\"Entdecken Sie Schottland auf dieser 225km langen Fahrt auf der A82 von Glasgow nach Fort William in den Highlands. Nachdem Sie Glasgow hinter sich gelassen haben, werden Sie bald am Loch Lomond ankommen; die A82 f\u00fchrt entlang des Loch Lomond von Balloch, durch die D\u00f6rfer Luss und Tarbert hinauf nach Ardlui und den Gipfel des [&hellip;]\" \/>\n<meta property=\"og:url\" content=\"https:\/\/www.urlaubcornwall.de\/blog\/von-glasgow-nach-fort-william\/\" \/>\n<meta property=\"og:site_name\" content=\"Urlaub &amp; Reisen\" \/>\n<meta property=\"article:modified_time\" content=\"2024-04-15T14:50:37+00:00\" \/>\n<meta property=\"og:image\" content=\"https:\/\/www.urlaubcornwall.de\/blog\/wp-content\/uploads\/2016\/01\/malerische-Autofahrten-durch-Schottland.jpg\" \/>\n<meta name=\"twitter:card\" content=\"summary\" \/>\n<meta name=\"twitter:label1\" content=\"Est. reading time\" \/>\n\t<meta name=\"twitter:data1\" content=\"2 minutes\" \/>\n<script type=\"application\/ld+json\" class=\"yoast-schema-graph\">{\"@context\":\"https:\/\/schema.org\",\"@graph\":[{\"@type\":\"WebSite\",\"@id\":\"https:\/\/www.urlaubcornwall.de\/blog\/#website\",\"url\":\"https:\/\/www.urlaubcornwall.de\/blog\/\",\"name\":\"Urlaub &amp; Reisen\",\"description\":\"Urlaub, Reisen, Cornwall und S\u00fcdengland: eine perfekte Kombination\",\"potentialAction\":[{\"@type\":\"SearchAction\",\"target\":{\"@type\":\"EntryPoint\",\"urlTemplate\":\"https:\/\/www.urlaubcornwall.de\/blog\/?s={search_term_string}\"},\"query-input\":\"required name=search_term_string\"}],\"inLanguage\":\"en-US\"},{\"@type\":\"WebPage\",\"@id\":\"https:\/\/www.urlaubcornwall.de\/blog\/von-glasgow-nach-fort-william\/\",\"url\":\"https:\/\/www.urlaubcornwall.de\/blog\/von-glasgow-nach-fort-william\/\",\"name\":\"Von Glasgow nach Fort William - Urlaub &amp; Reisen\",\"isPartOf\":{\"@id\":\"https:\/\/www.urlaubcornwall.de\/blog\/#website\"},\"datePublished\":\"2020-12-13T13:39:54+00:00\",\"dateModified\":\"2024-04-15T14:50:37+00:00\",\"breadcrumb\":{\"@id\":\"https:\/\/www.urlaubcornwall.de\/blog\/von-glasgow-nach-fort-william\/#breadcrumb\"},\"inLanguage\":\"en-US\",\"potentialAction\":[{\"@type\":\"ReadAction\",\"target\":[\"https:\/\/www.urlaubcornwall.de\/blog\/von-glasgow-nach-fort-william\/\"]}]},{\"@type\":\"BreadcrumbList\",\"@id\":\"https:\/\/www.urlaubcornwall.de\/blog\/von-glasgow-nach-fort-william\/#breadcrumb\",\"itemListElement\":[{\"@type\":\"ListItem\",\"position\":1,\"name\":\"Home\",\"item\":\"https:\/\/www.urlaubcornwall.de\/blog\/\"},{\"@type\":\"ListItem\",\"position\":2,\"name\":\"Von Glasgow nach Fort William\"}]}]}<\/script>\n<!-- \/ Yoast SEO plugin. -->","yoast_head_json":{"title":"Von Glasgow nach Fort William - Urlaub &amp; Reisen","robots":{"index":"index","follow":"follow","max-snippet":"max-snippet:-1","max-image-preview":"max-image-preview:large","max-video-preview":"max-video-preview:-1"},"canonical":"https:\/\/www.urlaubcornwall.de\/blog\/von-glasgow-nach-fort-william\/","og_locale":"en_US","og_type":"article","og_title":"Von Glasgow nach Fort William - Urlaub &amp; Reisen","og_description":"Entdecken Sie Schottland auf dieser 225km langen Fahrt auf der A82 von Glasgow nach Fort William in den Highlands. Nachdem Sie Glasgow hinter sich gelassen haben, werden Sie bald am Loch Lomond ankommen; die A82 f\u00fchrt entlang des Loch Lomond von Balloch, durch die D\u00f6rfer Luss und Tarbert hinauf nach Ardlui und den Gipfel des [&hellip;]","og_url":"https:\/\/www.urlaubcornwall.de\/blog\/von-glasgow-nach-fort-william\/","og_site_name":"Urlaub &amp; Reisen","article_modified_time":"2024-04-15T14:50:37+00:00","og_image":[{"url":"https:\/\/www.urlaubcornwall.de\/blog\/wp-content\/uploads\/2016\/01\/malerische-Autofahrten-durch-Schottland.jpg"}],"twitter_card":"summary","twitter_misc":{"Est. reading time":"2 minutes"},"schema":{"@context":"https:\/\/schema.org","@graph":[{"@type":"WebSite","@id":"https:\/\/www.urlaubcornwall.de\/blog\/#website","url":"https:\/\/www.urlaubcornwall.de\/blog\/","name":"Urlaub &amp; Reisen","description":"Urlaub, Reisen, Cornwall und S\u00fcdengland: eine perfekte Kombination","potentialAction":[{"@type":"SearchAction","target":{"@type":"EntryPoint","urlTemplate":"https:\/\/www.urlaubcornwall.de\/blog\/?s={search_term_string}"},"query-input":"required name=search_term_string"}],"inLanguage":"en-US"},{"@type":"WebPage","@id":"https:\/\/www.urlaubcornwall.de\/blog\/von-glasgow-nach-fort-william\/","url":"https:\/\/www.urlaubcornwall.de\/blog\/von-glasgow-nach-fort-william\/","name":"Von Glasgow nach Fort William - Urlaub &amp; Reisen","isPartOf":{"@id":"https:\/\/www.urlaubcornwall.de\/blog\/#website"},"datePublished":"2020-12-13T13:39:54+00:00","dateModified":"2024-04-15T14:50:37+00:00","breadcrumb":{"@id":"https:\/\/www.urlaubcornwall.de\/blog\/von-glasgow-nach-fort-william\/#breadcrumb"},"inLanguage":"en-US","potentialAction":[{"@type":"ReadAction","target":["https:\/\/www.urlaubcornwall.de\/blog\/von-glasgow-nach-fort-william\/"]}]},{"@type":"BreadcrumbList","@id":"https:\/\/www.urlaubcornwall.de\/blog\/von-glasgow-nach-fort-william\/#breadcrumb","itemListElement":[{"@type":"ListItem","position":1,"name":"Home","item":"https:\/\/www.urlaubcornwall.de\/blog\/"},{"@type":"ListItem","position":2,"name":"Von Glasgow nach Fort William"}]}]}},"_links":{"self":[{"href":"https:\/\/www.urlaubcornwall.de\/blog\/wp-json\/wp\/v2\/pages\/41303"}],"collection":[{"href":"https:\/\/www.urlaubcornwall.de\/blog\/wp-json\/wp\/v2\/pages"}],"about":[{"href":"https:\/\/www.urlaubcornwall.de\/blog\/wp-json\/wp\/v2\/types\/page"}],"author":[{"embeddable":true,"href":"https:\/\/www.urlaubcornwall.de\/blog\/wp-json\/wp\/v2\/users\/1"}],"replies":[{"embeddable":true,"href":"https:\/\/www.urlaubcornwall.de\/blog\/wp-json\/wp\/v2\/comments?post=41303"}],"version-history":[{"count":3,"href":"https:\/\/www.urlaubcornwall.de\/blog\/wp-json\/wp\/v2\/pages\/41303\/revisions"}],"predecessor-version":[{"id":49625,"href":"https:\/\/www.urlaubcornwall.de\/blog\/wp-json\/wp\/v2\/pages\/41303\/revisions\/49625"}],"wp:attachment":[{"href":"https:\/\/www.urlaubcornwall.de\/blog\/wp-json\/wp\/v2\/media?parent=41303"}],"curies":[{"name":"wp","href":"https:\/\/api.w.org\/{rel}","templated":true}]}}