{"id":41300,"date":"2020-12-11T10:17:59","date_gmt":"2020-12-11T10:17:59","guid":{"rendered":"https:\/\/www.urlaubcornwall.de\/blog\/?page_id=41300"},"modified":"2024-04-29T15:32:59","modified_gmt":"2024-04-29T15:32:59","slug":"autoreisen-schottland-traumhafte-vielfalt","status":"publish","type":"page","link":"https:\/\/www.urlaubcornwall.de\/blog\/autoreisen-schottland-traumhafte-vielfalt\/","title":{"rendered":"Autoreisen Schottland \u2013 traumhafte Vielfalt!"},"content":{"rendered":"<p><img loading=\"lazy\" class=\"aligncenter size-full wp-image-38895\" src=\"https:\/\/www.urlaubcornwall.de\/blog\/wp-content\/uploads\/2019\/10\/Eilean-Donan-Castle-Schottland.jpg\" alt=\"Eilean Donan Castle, Schottland\" width=\"749\" height=\"497\"\/><\/p>\n<p><strong>Zu unseren beliebten Autorundreisen in Schottland geh\u00f6ren:<\/strong><\/p>\n<p>Landschaftliche H\u00f6hepunkte | Legenden &#038; Mythen | Das Klassische Schottland | Schl\u00f6sser und romantische Herrenh\u00e4user<\/p>\n<p>Auch unsere Whisky- oder Familientour sind zwei unserer sehr zu empfehlenden <a href=\"https:\/\/www.urlaubcornwall.de\/reiseziel\/schottland.php\">Autorundreisen durch Schottland<\/a>. Unsere Schottland Autoreisen sind zwischen f\u00fcnf und einundzwanzig Tagen m\u00f6glich. Alle diese Touren werden Sie durch eine gute Mischung aus langj\u00e4hriger Tradition, reicher Kultur und attraktiven Ausflugszielen begeistern.<\/p>\n<div class=\"snippet\"> <a class=\"featured-item\" href=\" https:\/\/www.urlaubcornwall.de\/blog\/autoreise-schottland-landschaftliche-hoehepunkte\/\"> <span class=\"image-holder\" style=\"background-image: url(' https:\/\/www.urlaubcornwall.de\/blog\/wp-content\/uploads\/2019\/01\/rundreise-schottland-highlands.jpg');\"><\/span> <span class=\"featured-content\"> \n<h2 class=\"featured-title\">Autoreise Schottland: Landschaftliche H\u00f6hepunkte<\/h2>\n<p class=\"featured-body\">Verbringen Sie sieben abwechslungsreiche Tage w\u00e4hrend dieser Autoreise durch Schottland. Von Edinburgh aus fahren Sie in die Highlands, wo die raue Sch\u00f6nheit der Berge Sie in Staunen versetzen wird&#8230;.<\/p>\n<\/span> <span class=\"featured-link-holder\"> <span class=\"featured-extra-info\"> \n<p>ab \u20ac 405<\/p>\n<\/span> \n<p class=\"featured-link\">DETAILS<\/p>\n<\/span> <\/a><\/div>\n<div class=\"snippet\"> <a class=\"featured-item\" href=\" https:\/\/www.urlaubcornwall.de\/blog\/schottische-westkueste-und-inselwelt-selbstfahrer-rundreise-schottland\/\"> <span class=\"image-holder\" style=\"background-image: url(' https:\/\/www.urlaubcornwall.de\/blog\/wp-content\/uploads\/2019\/01\/Papageientaucher-orkney-urlaub.jpg');\"><\/span> <span class=\"featured-content\"> \n<h2 class=\"featured-title\">Schottische Westk\u00fcste und Inselwelt 8 Tage<\/h2>\n<p class=\"featured-body\">Genie\u00dfen Sie Schottland! Auf dieser acht Tage dauernden Selbstfahrer Rundreise Schottland erleben Sie die landschaftlich wundersch\u00f6ne Westk\u00fcste, die Highlands und die schottische Inselwelt&#8230;.<\/p>\n<\/span> <span class=\"featured-link-holder\"> <span class=\"featured-extra-info\"> \n<p>ab \u20ac 505<\/p>\n<\/span> \n<p class=\"featured-link\">DETAILS<\/p>\n<\/span> <\/a><\/div>\n<div class=\"snippet\"> <a class=\"featured-item\" href=\" https:\/\/www.urlaubcornwall.de\/blog\/familientour-schottland-mit-kindern-rundreise-schottland\/\"> <span class=\"image-holder\" style=\"background-image: url(' https:\/\/www.urlaubcornwall.de\/blog\/wp-content\/uploads\/2019\/01\/rundreise-schottland-mit-kindern.jpg');\"><\/span> <span class=\"featured-content\"> \n<h2 class=\"featured-title\">Familientour Schottland mit Kindern &#8211; 8 Tage<\/h2>\n<p class=\"featured-body\">Erleben Sie Schottland auf dieser achtt\u00e4gigen Familientour mit allen ber\u00fchmten H\u00f6hepunkten wie Edinburgh, die Highlands und nat\u00fcrlich Loch Ness. Diese Schottland mit Kindern Tour ist in zwei Unterkunftsvarianten buchbar&#8230;.<\/p>\n<\/span> <span class=\"featured-link-holder\"> <span class=\"featured-extra-info\"> \n<p>ab \u20ac 680<\/p>\n<\/span> \n<p class=\"featured-link\">DETAILS<\/p>\n<\/span> <\/a><\/div>\n<div class=\"snippet\"> <a class=\"featured-item\" href=\" https:\/\/www.urlaubcornwall.de\/blog\/schottland-rundreise-in-schlosshotels-schloesser-gaerten-und-legenden\/\"> <span class=\"image-holder\" style=\"background-image: url(' https:\/\/www.urlaubcornwall.de\/blog\/wp-content\/uploads\/2019\/01\/urlaub-schottland-highlands.jpg');\"><\/span> <span class=\"featured-content\"> \n<h2 class=\"featured-title\">Schottland Rundreise in Schlosshotels 8 Tage<\/h2>\n<p class=\"featured-body\">Sie suchen eine ganz besondere Reise? Wie w\u00e4re es dann mit einer Selbstfahrertour, bei der Sie in gehobenen Unterk\u00fcnften, teilweise auch in einem Schlosshotel \u00fcbernachten? Neben tollen Unterk\u00fcnften bietet Schottland&#8230;.<\/p>\n<\/span> <span class=\"featured-link-holder\"> <span class=\"featured-extra-info\"> \n<p>ab \u20ac 760<\/p>\n<\/span> \n<p class=\"featured-link\">DETAILS<\/p>\n<\/span> <\/a><\/div>\n<div class=\"snippet\"> <a class=\"featured-item\" href=\" https:\/\/www.urlaubcornwall.de\/blog\/whisky-tour-rundreise-schottland-8-tage\/\"> <span class=\"image-holder\" style=\"background-image: url(' https:\/\/www.urlaubcornwall.de\/blog\/wp-content\/uploads\/2019\/01\/malt-whisky-trail-schottland.jpg');\"><\/span> <span class=\"featured-content\"> \n<h2 class=\"featured-title\">Whisky Tour \u2013 Rundreise Schottland 8 Tage<\/h2>\n<p class=\"featured-body\">Haben Sie gewusst, dass es in Schottland f\u00fcnf Regionen gibt, die Whisky herstellen? Lowland, Islay, Campbeltown, Highland und Speyside! Diese Selbstfahrertour bietet Ihnen zahlreiche M\u00f6glichkeiten verschiedene Whisky Destillerien&#8230;.<\/p>\n<\/span> <span class=\"featured-link-holder\"> <span class=\"featured-extra-info\"> \n<p>ab \u20ac 479<\/p>\n<\/span> \n<p class=\"featured-link\">DETAILS<\/p>\n<\/span> <\/a><\/div>\n<div class=\"snippet\"> <a class=\"featured-item\" href=\"https:\/\/www.urlaubcornwall.de\/blog\/rundreise-grossbritannien-irland-rundreise-komplett-21-tage\/\"> <span class=\"image-holder\" style=\"background-image: url(' https:\/\/www.urlaubcornwall.de\/blog\/wp-content\/uploads\/2019\/01\/urlaub-schottland-highlands.jpg');\"><\/span> <span class=\"featured-content\"> \n<h2 class=\"featured-title\">Gro\u00dfbritannien &amp; Irland komplett &#8211; 21 Tage<\/h2>\n<p class=\"featured-body\">Sie k\u00f6nnen sich nicht zwischen den rauen, schottischen Highlands, den irischen K\u00fcstenstra\u00dfen mit \u00fcberw\u00e4ltigenden Klippen und den langen, englischen Sandstr\u00e4nden entscheiden? Dann ist unsere dreiw\u00f6chige Gro\u00dfbritannien Irland Rundreise f\u00fcr Selbstfahrer&#8230;<\/p>\n<\/span> <span class=\"featured-link-holder\"> <span class=\"featured-extra-info\"> \n<p>ab \u20ac 1605<\/p>\n<\/span> \n<p class=\"featured-link\">DETAILS<\/p>\n<\/span> <\/a><\/div>\n","protected":false},"excerpt":{"rendered":"<p>Zu unseren beliebten Autorundreisen in Schottland geh\u00f6ren: Landschaftliche H\u00f6hepunkte | Legenden &#038; Mythen | Das Klassische Schottland | Schl\u00f6sser und romantische Herrenh\u00e4user Auch unsere Whisky- oder Familientour sind zwei unserer sehr zu empfehlenden Autorundreisen durch Schottland. Unsere Schottland Autoreisen sind zwischen f\u00fcnf und einundzwanzig Tagen m\u00f6glich. Alle diese Touren werden Sie durch eine gute Mischung [&hellip;]<\/p>\n","protected":false},"author":1,"featured_media":0,"parent":0,"menu_order":0,"comment_status":"closed","ping_status":"closed","template":"single-four.php","meta":[],"acf":[],"yoast_head":"<!-- This site is optimized with the Yoast SEO plugin v19.4 - https:\/\/yoast.com\/wordpress\/plugins\/seo\/ -->\n<title>Autoreisen Schottland \u2013 traumhafte Vielfalt! - Urlaub &amp; Reisen<\/title>\n<meta name=\"robots\" content=\"index, follow, max-snippet:-1, max-image-preview:large, max-video-preview:-1\" \/>\n<link rel=\"canonical\" href=\"https:\/\/www.urlaubcornwall.de\/blog\/autoreisen-schottland-traumhafte-vielfalt\/\" \/>\n<meta property=\"og:locale\" content=\"en_US\" \/>\n<meta property=\"og:type\" content=\"article\" \/>\n<meta property=\"og:title\" content=\"Autoreisen Schottland \u2013 traumhafte Vielfalt! - Urlaub &amp; Reisen\" \/>\n<meta property=\"og:description\" content=\"Zu unseren beliebten Autorundreisen in Schottland geh\u00f6ren: Landschaftliche H\u00f6hepunkte | Legenden &#038; Mythen | Das Klassische Schottland | Schl\u00f6sser und romantische Herrenh\u00e4user Auch unsere Whisky- oder Familientour sind zwei unserer sehr zu empfehlenden Autorundreisen durch Schottland. Unsere Schottland Autoreisen sind zwischen f\u00fcnf und einundzwanzig Tagen m\u00f6glich. Alle diese Touren werden Sie durch eine gute Mischung [&hellip;]\" \/>\n<meta property=\"og:url\" content=\"https:\/\/www.urlaubcornwall.de\/blog\/autoreisen-schottland-traumhafte-vielfalt\/\" \/>\n<meta property=\"og:site_name\" content=\"Urlaub &amp; Reisen\" \/>\n<meta property=\"article:modified_time\" content=\"2024-04-29T15:32:59+00:00\" \/>\n<meta property=\"og:image\" content=\"https:\/\/www.urlaubcornwall.de\/blog\/wp-content\/uploads\/2019\/10\/Eilean-Donan-Castle-Schottland.jpg\" \/>\n<meta name=\"twitter:card\" content=\"summary\" \/>\n<meta name=\"twitter:label1\" content=\"Est. reading time\" \/>\n\t<meta name=\"twitter:data1\" content=\"2 minutes\" \/>\n<script type=\"application\/ld+json\" class=\"yoast-schema-graph\">{\"@context\":\"https:\/\/schema.org\",\"@graph\":[{\"@type\":\"WebSite\",\"@id\":\"https:\/\/www.urlaubcornwall.de\/blog\/#website\",\"url\":\"https:\/\/www.urlaubcornwall.de\/blog\/\",\"name\":\"Urlaub &amp; Reisen\",\"description\":\"Urlaub, Reisen, Cornwall und S\u00fcdengland: eine perfekte Kombination\",\"potentialAction\":[{\"@type\":\"SearchAction\",\"target\":{\"@type\":\"EntryPoint\",\"urlTemplate\":\"https:\/\/www.urlaubcornwall.de\/blog\/?s={search_term_string}\"},\"query-input\":\"required name=search_term_string\"}],\"inLanguage\":\"en-US\"},{\"@type\":\"WebPage\",\"@id\":\"https:\/\/www.urlaubcornwall.de\/blog\/autoreisen-schottland-traumhafte-vielfalt\/\",\"url\":\"https:\/\/www.urlaubcornwall.de\/blog\/autoreisen-schottland-traumhafte-vielfalt\/\",\"name\":\"Autoreisen Schottland \u2013 traumhafte Vielfalt! - Urlaub &amp; Reisen\",\"isPartOf\":{\"@id\":\"https:\/\/www.urlaubcornwall.de\/blog\/#website\"},\"datePublished\":\"2020-12-11T10:17:59+00:00\",\"dateModified\":\"2024-04-29T15:32:59+00:00\",\"breadcrumb\":{\"@id\":\"https:\/\/www.urlaubcornwall.de\/blog\/autoreisen-schottland-traumhafte-vielfalt\/#breadcrumb\"},\"inLanguage\":\"en-US\",\"potentialAction\":[{\"@type\":\"ReadAction\",\"target\":[\"https:\/\/www.urlaubcornwall.de\/blog\/autoreisen-schottland-traumhafte-vielfalt\/\"]}]},{\"@type\":\"BreadcrumbList\",\"@id\":\"https:\/\/www.urlaubcornwall.de\/blog\/autoreisen-schottland-traumhafte-vielfalt\/#breadcrumb\",\"itemListElement\":[{\"@type\":\"ListItem\",\"position\":1,\"name\":\"Home\",\"item\":\"https:\/\/www.urlaubcornwall.de\/blog\/\"},{\"@type\":\"ListItem\",\"position\":2,\"name\":\"Autoreisen Schottland \u2013 traumhafte Vielfalt!\"}]}]}<\/script>\n<!-- \/ Yoast SEO plugin. -->","yoast_head_json":{"title":"Autoreisen Schottland \u2013 traumhafte Vielfalt! - Urlaub &amp; Reisen","robots":{"index":"index","follow":"follow","max-snippet":"max-snippet:-1","max-image-preview":"max-image-preview:large","max-video-preview":"max-video-preview:-1"},"canonical":"https:\/\/www.urlaubcornwall.de\/blog\/autoreisen-schottland-traumhafte-vielfalt\/","og_locale":"en_US","og_type":"article","og_title":"Autoreisen Schottland \u2013 traumhafte Vielfalt! - Urlaub &amp; Reisen","og_description":"Zu unseren beliebten Autorundreisen in Schottland geh\u00f6ren: Landschaftliche H\u00f6hepunkte | Legenden &#038; Mythen | Das Klassische Schottland | Schl\u00f6sser und romantische Herrenh\u00e4user Auch unsere Whisky- oder Familientour sind zwei unserer sehr zu empfehlenden Autorundreisen durch Schottland. Unsere Schottland Autoreisen sind zwischen f\u00fcnf und einundzwanzig Tagen m\u00f6glich. Alle diese Touren werden Sie durch eine gute Mischung [&hellip;]","og_url":"https:\/\/www.urlaubcornwall.de\/blog\/autoreisen-schottland-traumhafte-vielfalt\/","og_site_name":"Urlaub &amp; Reisen","article_modified_time":"2024-04-29T15:32:59+00:00","og_image":[{"url":"https:\/\/www.urlaubcornwall.de\/blog\/wp-content\/uploads\/2019\/10\/Eilean-Donan-Castle-Schottland.jpg"}],"twitter_card":"summary","twitter_misc":{"Est. reading time":"2 minutes"},"schema":{"@context":"https:\/\/schema.org","@graph":[{"@type":"WebSite","@id":"https:\/\/www.urlaubcornwall.de\/blog\/#website","url":"https:\/\/www.urlaubcornwall.de\/blog\/","name":"Urlaub &amp; Reisen","description":"Urlaub, Reisen, Cornwall und S\u00fcdengland: eine perfekte Kombination","potentialAction":[{"@type":"SearchAction","target":{"@type":"EntryPoint","urlTemplate":"https:\/\/www.urlaubcornwall.de\/blog\/?s={search_term_string}"},"query-input":"required name=search_term_string"}],"inLanguage":"en-US"},{"@type":"WebPage","@id":"https:\/\/www.urlaubcornwall.de\/blog\/autoreisen-schottland-traumhafte-vielfalt\/","url":"https:\/\/www.urlaubcornwall.de\/blog\/autoreisen-schottland-traumhafte-vielfalt\/","name":"Autoreisen Schottland \u2013 traumhafte Vielfalt! - Urlaub &amp; Reisen","isPartOf":{"@id":"https:\/\/www.urlaubcornwall.de\/blog\/#website"},"datePublished":"2020-12-11T10:17:59+00:00","dateModified":"2024-04-29T15:32:59+00:00","breadcrumb":{"@id":"https:\/\/www.urlaubcornwall.de\/blog\/autoreisen-schottland-traumhafte-vielfalt\/#breadcrumb"},"inLanguage":"en-US","potentialAction":[{"@type":"ReadAction","target":["https:\/\/www.urlaubcornwall.de\/blog\/autoreisen-schottland-traumhafte-vielfalt\/"]}]},{"@type":"BreadcrumbList","@id":"https:\/\/www.urlaubcornwall.de\/blog\/autoreisen-schottland-traumhafte-vielfalt\/#breadcrumb","itemListElement":[{"@type":"ListItem","position":1,"name":"Home","item":"https:\/\/www.urlaubcornwall.de\/blog\/"},{"@type":"ListItem","position":2,"name":"Autoreisen Schottland \u2013 traumhafte Vielfalt!"}]}]}},"_links":{"self":[{"href":"https:\/\/www.urlaubcornwall.de\/blog\/wp-json\/wp\/v2\/pages\/41300"}],"collection":[{"href":"https:\/\/www.urlaubcornwall.de\/blog\/wp-json\/wp\/v2\/pages"}],"about":[{"href":"https:\/\/www.urlaubcornwall.de\/blog\/wp-json\/wp\/v2\/types\/page"}],"author":[{"embeddable":true,"href":"https:\/\/www.urlaubcornwall.de\/blog\/wp-json\/wp\/v2\/users\/1"}],"replies":[{"embeddable":true,"href":"https:\/\/www.urlaubcornwall.de\/blog\/wp-json\/wp\/v2\/comments?post=41300"}],"version-history":[{"count":3,"href":"https:\/\/www.urlaubcornwall.de\/blog\/wp-json\/wp\/v2\/pages\/41300\/revisions"}],"predecessor-version":[{"id":49903,"href":"https:\/\/www.urlaubcornwall.de\/blog\/wp-json\/wp\/v2\/pages\/41300\/revisions\/49903"}],"wp:attachment":[{"href":"https:\/\/www.urlaubcornwall.de\/blog\/wp-json\/wp\/v2\/media?parent=41300"}],"curies":[{"name":"wp","href":"https:\/\/api.w.org\/{rel}","templated":true}]}}