{"id":41296,"date":"2020-12-11T10:14:28","date_gmt":"2020-12-11T10:14:28","guid":{"rendered":"https:\/\/www.urlaubcornwall.de\/blog\/?page_id=41296"},"modified":"2024-05-31T07:46:40","modified_gmt":"2024-05-31T07:46:40","slug":"alte-staedte-erkunden-auf-der-autorundreise-schottland","status":"publish","type":"page","link":"https:\/\/www.urlaubcornwall.de\/blog\/alte-staedte-erkunden-auf-der-autorundreise-schottland\/","title":{"rendered":"Alte St\u00e4dte erkunden auf der Autorundreise Schottland"},"content":{"rendered":"<p><img loading=\"lazy\" class=\"aligncenter size-full wp-image-38895\" src=\"https:\/\/www.urlaubcornwall.de\/blog\/wp-content\/uploads\/2019\/10\/Eilean-Donan-Castle-Schottland.jpg\" alt=\"Eilean Donan Castle, Schottland\" width=\"746\" height=\"497\" srcset=\"https:\/\/www.urlaubcornwall.de\/blog\/wp-content\/uploads\/2019\/10\/Eilean-Donan-Castle-Schottland.jpg 746w, https:\/\/www.urlaubcornwall.de\/blog\/wp-content\/uploads\/2019\/10\/Eilean-Donan-Castle-Schottland-300x200.jpg 300w\" sizes=\"(max-width: 746px) 100vw, 746px\" \/><\/p>\n<p>Jede Schottland Autoreise beinhaltet die beeindruckenden schottischen St\u00e4dte <a href=\"https:\/\/www.urlaubcornwall.de\/blog\/reisetipps-fuer-edinburgh-unsere-top-10-sie-sie-sehen-und-erleben-sollten\/\">Edinburgh<\/a>, <a href=\"https:\/\/www.urlaubcornwall.de\/blog\/urlaub-in-glasgow-sehenswuerdigkeiten-geschichte-und-unterkunft\/\">Glasgow<\/a>, <a href=\"https:\/\/www.urlaubcornwall.de\/blog\/urlaub-in-aberdeen-die-granit-stadt-norden-schottlands\/\">Aberdeen<\/a> oder <a href=\"https:\/\/www.urlaubcornwall.de\/blog\/urlaub-in-inverness-sehenswuerdigkeiten-geschichte-und-unterkunft\/\">Inverness<\/a>. Inverness ist die einzige Stadt in den schottischen Highlands und wird w\u00e4hrend Ihrer <a href=\"https:\/\/www.urlaubcornwall.de\/reiseziel\/schottland.php\">Schottland Autorundreise<\/a> Ausgangspunkt zahlreicher Ausfl\u00fcge sein. Je nach der von Ihnen gew\u00e4hlten Schottland Autoreise werden Sie auch zum Tal Glen Coe gelangen, welches als Tor zu den schottischen Highlands gilt und bereits oft Kulisse erfolgreicher Kinofilmproduktionen war. Wenn Sie Ihre Autorundreise durch Schottland durch etwas Aktives aufwerten m\u00f6chten, sind Sie hier im ganz Europa bekannten Wandergebiet goldrichtig.<\/p>\n<div class=\"snippet\"> <a class=\"featured-item\" href=\" https:\/\/www.urlaubcornwall.de\/blog\/autoreise-schottland-landschaftliche-hoehepunkte\/\"> <span class=\"image-holder\" style=\"background-image: url(' https:\/\/www.urlaubcornwall.de\/blog\/wp-content\/uploads\/2019\/01\/rundreise-schottland-highlands.jpg');\"><\/span> <span class=\"featured-content\"> \n<h2 class=\"featured-title\">Autoreise Schottland: Landschaftliche H\u00f6hepunkte<\/h2>\n<p class=\"featured-body\">Verbringen Sie sieben abwechslungsreiche Tage w\u00e4hrend dieser Autoreise durch Schottland. Von Edinburgh aus fahren Sie in die Highlands, wo die raue Sch\u00f6nheit der Berge Sie in Staunen versetzen wird&#8230;.<\/p>\n<\/span> <span class=\"featured-link-holder\"> <span class=\"featured-extra-info\"> \n<p>ab \u20ac 405<\/p>\n<\/span> \n<p class=\"featured-link\">DETAILS<\/p>\n<\/span> <\/a><\/div>\n<div class=\"snippet\"> <a class=\"featured-item\" href=\" https:\/\/www.urlaubcornwall.de\/blog\/schottische-westkueste-und-inselwelt-selbstfahrer-rundreise-schottland\/\"> <span class=\"image-holder\" style=\"background-image: url(' https:\/\/www.urlaubcornwall.de\/blog\/wp-content\/uploads\/2019\/01\/Papageientaucher-orkney-urlaub.jpg');\"><\/span> <span class=\"featured-content\"> \n<h2 class=\"featured-title\">Schottische Westk\u00fcste und Inselwelt 8 Tage<\/h2>\n<p class=\"featured-body\">Genie\u00dfen Sie Schottland! Auf dieser acht Tage dauernden Selbstfahrer Rundreise Schottland erleben Sie die landschaftlich wundersch\u00f6ne Westk\u00fcste, die Highlands und die schottische Inselwelt&#8230;.<\/p>\n<\/span> <span class=\"featured-link-holder\"> <span class=\"featured-extra-info\"> \n<p>ab \u20ac 505<\/p>\n<\/span> \n<p class=\"featured-link\">DETAILS<\/p>\n<\/span> <\/a><\/div>\n<div class=\"snippet\"> <a class=\"featured-item\" href=\" https:\/\/www.urlaubcornwall.de\/blog\/familientour-schottland-mit-kindern-rundreise-schottland\/\"> <span class=\"image-holder\" style=\"background-image: url(' https:\/\/www.urlaubcornwall.de\/blog\/wp-content\/uploads\/2019\/01\/rundreise-schottland-mit-kindern.jpg');\"><\/span> <span class=\"featured-content\"> \n<h2 class=\"featured-title\">Familientour Schottland mit Kindern &#8211; 8 Tage<\/h2>\n<p class=\"featured-body\">Erleben Sie Schottland auf dieser achtt\u00e4gigen Familientour mit allen ber\u00fchmten H\u00f6hepunkten wie Edinburgh, die Highlands und nat\u00fcrlich Loch Ness. Diese Schottland mit Kindern Tour ist in zwei Unterkunftsvarianten buchbar&#8230;.<\/p>\n<\/span> <span class=\"featured-link-holder\"> <span class=\"featured-extra-info\"> \n<p>ab \u20ac 680<\/p>\n<\/span> \n<p class=\"featured-link\">DETAILS<\/p>\n<\/span> <\/a><\/div>\n<div class=\"snippet\"> <a class=\"featured-item\" href=\" https:\/\/www.urlaubcornwall.de\/blog\/whisky-tour-rundreise-schottland-8-tage\/\"> <span class=\"image-holder\" style=\"background-image: url(' https:\/\/www.urlaubcornwall.de\/blog\/wp-content\/uploads\/2024\/03\/whisky-schottland-1.jpg');\"><\/span> <span class=\"featured-content\"> \n<h2 class=\"featured-title\">Whisky Tour \u2013 Rundreise Schottland 8 Tage<\/h2>\n<p class=\"featured-body\">Haben Sie gewusst, dass es in Schottland f\u00fcnf Regionen gibt, die Whisky herstellen? Lowland, Islay, Campbeltown, Highland und Speyside! Diese Selbstfahrertour bietet Ihnen zahlreiche M\u00f6glichkeiten verschiedene Whisky Destillerien&#8230;.<\/p>\n<\/span> <span class=\"featured-link-holder\"> <span class=\"featured-extra-info\"> \n<p>ab \u20ac 479<\/p>\n<\/span> \n<p class=\"featured-link\">DETAILS<\/p>\n<\/span> <\/a><\/div>\n<div class=\"snippet\"> <a class=\"featured-item\" href=\"https:\/\/www.urlaubcornwall.de\/blog\/rundreise-grossbritannien-irland-rundreise-komplett-21-tage\/\"> <span class=\"image-holder\" style=\"background-image: url(' https:\/\/www.urlaubcornwall.de\/blog\/wp-content\/uploads\/2019\/01\/urlaub-schottland-highlands.jpg');\"><\/span> <span class=\"featured-content\"> \n<h2 class=\"featured-title\">Gro\u00dfbritannien &amp; Irland komplett &#8211; 21 Tage<\/h2>\n<p class=\"featured-body\">Sie k\u00f6nnen sich nicht zwischen den rauen, schottischen Highlands, den irischen K\u00fcstenstra\u00dfen mit \u00fcberw\u00e4ltigenden Klippen und den langen, englischen Sandstr\u00e4nden entscheiden? Dann ist unsere dreiw\u00f6chige Gro\u00dfbritannien Irland Rundreise f\u00fcr Selbstfahrer&#8230;<\/p>\n<\/span> <span class=\"featured-link-holder\"> <span class=\"featured-extra-info\"> \n<p>ab \u20ac 1605<\/p>\n<\/span> \n<p class=\"featured-link\">DETAILS<\/p>\n<\/span> <\/a><\/div>\n","protected":false},"excerpt":{"rendered":"<p>Jede Schottland Autoreise beinhaltet die beeindruckenden schottischen St\u00e4dte Edinburgh, Glasgow, Aberdeen oder Inverness. Inverness ist die einzige Stadt in den schottischen Highlands und wird w\u00e4hrend Ihrer Schottland Autorundreise Ausgangspunkt zahlreicher Ausfl\u00fcge sein. Je nach der von Ihnen gew\u00e4hlten Schottland Autoreise werden Sie auch zum Tal Glen Coe gelangen, welches als Tor zu den schottischen Highlands [&hellip;]<\/p>\n","protected":false},"author":1,"featured_media":0,"parent":0,"menu_order":0,"comment_status":"closed","ping_status":"closed","template":"single-four.php","meta":[],"acf":[],"yoast_head":"<!-- This site is optimized with the Yoast SEO plugin v19.4 - https:\/\/yoast.com\/wordpress\/plugins\/seo\/ -->\n<title>Alte St\u00e4dte erkunden auf der Autorundreise Schottland - Urlaub &amp; Reisen<\/title>\n<meta name=\"robots\" content=\"index, follow, max-snippet:-1, max-image-preview:large, max-video-preview:-1\" \/>\n<link rel=\"canonical\" href=\"https:\/\/www.urlaubcornwall.de\/blog\/alte-staedte-erkunden-auf-der-autorundreise-schottland\/\" \/>\n<meta property=\"og:locale\" content=\"en_US\" \/>\n<meta property=\"og:type\" content=\"article\" \/>\n<meta property=\"og:title\" content=\"Alte St\u00e4dte erkunden auf der Autorundreise Schottland - Urlaub &amp; Reisen\" \/>\n<meta property=\"og:description\" content=\"Jede Schottland Autoreise beinhaltet die beeindruckenden schottischen St\u00e4dte Edinburgh, Glasgow, Aberdeen oder Inverness. Inverness ist die einzige Stadt in den schottischen Highlands und wird w\u00e4hrend Ihrer Schottland Autorundreise Ausgangspunkt zahlreicher Ausfl\u00fcge sein. Je nach der von Ihnen gew\u00e4hlten Schottland Autoreise werden Sie auch zum Tal Glen Coe gelangen, welches als Tor zu den schottischen Highlands [&hellip;]\" \/>\n<meta property=\"og:url\" content=\"https:\/\/www.urlaubcornwall.de\/blog\/alte-staedte-erkunden-auf-der-autorundreise-schottland\/\" \/>\n<meta property=\"og:site_name\" content=\"Urlaub &amp; Reisen\" \/>\n<meta property=\"article:modified_time\" content=\"2024-05-31T07:46:40+00:00\" \/>\n<meta property=\"og:image\" content=\"https:\/\/www.urlaubcornwall.de\/blog\/wp-content\/uploads\/2019\/10\/Eilean-Donan-Castle-Schottland.jpg\" \/>\n<meta name=\"twitter:card\" content=\"summary\" \/>\n<meta name=\"twitter:label1\" content=\"Est. reading time\" \/>\n\t<meta name=\"twitter:data1\" content=\"2 minutes\" \/>\n<script type=\"application\/ld+json\" class=\"yoast-schema-graph\">{\"@context\":\"https:\/\/schema.org\",\"@graph\":[{\"@type\":\"WebSite\",\"@id\":\"https:\/\/www.urlaubcornwall.de\/blog\/#website\",\"url\":\"https:\/\/www.urlaubcornwall.de\/blog\/\",\"name\":\"Urlaub &amp; Reisen\",\"description\":\"Urlaub, Reisen, Cornwall und S\u00fcdengland: eine perfekte Kombination\",\"potentialAction\":[{\"@type\":\"SearchAction\",\"target\":{\"@type\":\"EntryPoint\",\"urlTemplate\":\"https:\/\/www.urlaubcornwall.de\/blog\/?s={search_term_string}\"},\"query-input\":\"required name=search_term_string\"}],\"inLanguage\":\"en-US\"},{\"@type\":\"WebPage\",\"@id\":\"https:\/\/www.urlaubcornwall.de\/blog\/alte-staedte-erkunden-auf-der-autorundreise-schottland\/\",\"url\":\"https:\/\/www.urlaubcornwall.de\/blog\/alte-staedte-erkunden-auf-der-autorundreise-schottland\/\",\"name\":\"Alte St\u00e4dte erkunden auf der Autorundreise Schottland - Urlaub &amp; Reisen\",\"isPartOf\":{\"@id\":\"https:\/\/www.urlaubcornwall.de\/blog\/#website\"},\"datePublished\":\"2020-12-11T10:14:28+00:00\",\"dateModified\":\"2024-05-31T07:46:40+00:00\",\"breadcrumb\":{\"@id\":\"https:\/\/www.urlaubcornwall.de\/blog\/alte-staedte-erkunden-auf-der-autorundreise-schottland\/#breadcrumb\"},\"inLanguage\":\"en-US\",\"potentialAction\":[{\"@type\":\"ReadAction\",\"target\":[\"https:\/\/www.urlaubcornwall.de\/blog\/alte-staedte-erkunden-auf-der-autorundreise-schottland\/\"]}]},{\"@type\":\"BreadcrumbList\",\"@id\":\"https:\/\/www.urlaubcornwall.de\/blog\/alte-staedte-erkunden-auf-der-autorundreise-schottland\/#breadcrumb\",\"itemListElement\":[{\"@type\":\"ListItem\",\"position\":1,\"name\":\"Home\",\"item\":\"https:\/\/www.urlaubcornwall.de\/blog\/\"},{\"@type\":\"ListItem\",\"position\":2,\"name\":\"Alte St\u00e4dte erkunden auf der Autorundreise Schottland\"}]}]}<\/script>\n<!-- \/ Yoast SEO plugin. -->","yoast_head_json":{"title":"Alte St\u00e4dte erkunden auf der Autorundreise Schottland - Urlaub &amp; Reisen","robots":{"index":"index","follow":"follow","max-snippet":"max-snippet:-1","max-image-preview":"max-image-preview:large","max-video-preview":"max-video-preview:-1"},"canonical":"https:\/\/www.urlaubcornwall.de\/blog\/alte-staedte-erkunden-auf-der-autorundreise-schottland\/","og_locale":"en_US","og_type":"article","og_title":"Alte St\u00e4dte erkunden auf der Autorundreise Schottland - Urlaub &amp; Reisen","og_description":"Jede Schottland Autoreise beinhaltet die beeindruckenden schottischen St\u00e4dte Edinburgh, Glasgow, Aberdeen oder Inverness. Inverness ist die einzige Stadt in den schottischen Highlands und wird w\u00e4hrend Ihrer Schottland Autorundreise Ausgangspunkt zahlreicher Ausfl\u00fcge sein. Je nach der von Ihnen gew\u00e4hlten Schottland Autoreise werden Sie auch zum Tal Glen Coe gelangen, welches als Tor zu den schottischen Highlands [&hellip;]","og_url":"https:\/\/www.urlaubcornwall.de\/blog\/alte-staedte-erkunden-auf-der-autorundreise-schottland\/","og_site_name":"Urlaub &amp; Reisen","article_modified_time":"2024-05-31T07:46:40+00:00","og_image":[{"url":"https:\/\/www.urlaubcornwall.de\/blog\/wp-content\/uploads\/2019\/10\/Eilean-Donan-Castle-Schottland.jpg"}],"twitter_card":"summary","twitter_misc":{"Est. reading time":"2 minutes"},"schema":{"@context":"https:\/\/schema.org","@graph":[{"@type":"WebSite","@id":"https:\/\/www.urlaubcornwall.de\/blog\/#website","url":"https:\/\/www.urlaubcornwall.de\/blog\/","name":"Urlaub &amp; Reisen","description":"Urlaub, Reisen, Cornwall und S\u00fcdengland: eine perfekte Kombination","potentialAction":[{"@type":"SearchAction","target":{"@type":"EntryPoint","urlTemplate":"https:\/\/www.urlaubcornwall.de\/blog\/?s={search_term_string}"},"query-input":"required name=search_term_string"}],"inLanguage":"en-US"},{"@type":"WebPage","@id":"https:\/\/www.urlaubcornwall.de\/blog\/alte-staedte-erkunden-auf-der-autorundreise-schottland\/","url":"https:\/\/www.urlaubcornwall.de\/blog\/alte-staedte-erkunden-auf-der-autorundreise-schottland\/","name":"Alte St\u00e4dte erkunden auf der Autorundreise Schottland - Urlaub &amp; Reisen","isPartOf":{"@id":"https:\/\/www.urlaubcornwall.de\/blog\/#website"},"datePublished":"2020-12-11T10:14:28+00:00","dateModified":"2024-05-31T07:46:40+00:00","breadcrumb":{"@id":"https:\/\/www.urlaubcornwall.de\/blog\/alte-staedte-erkunden-auf-der-autorundreise-schottland\/#breadcrumb"},"inLanguage":"en-US","potentialAction":[{"@type":"ReadAction","target":["https:\/\/www.urlaubcornwall.de\/blog\/alte-staedte-erkunden-auf-der-autorundreise-schottland\/"]}]},{"@type":"BreadcrumbList","@id":"https:\/\/www.urlaubcornwall.de\/blog\/alte-staedte-erkunden-auf-der-autorundreise-schottland\/#breadcrumb","itemListElement":[{"@type":"ListItem","position":1,"name":"Home","item":"https:\/\/www.urlaubcornwall.de\/blog\/"},{"@type":"ListItem","position":2,"name":"Alte St\u00e4dte erkunden auf der Autorundreise Schottland"}]}]}},"_links":{"self":[{"href":"https:\/\/www.urlaubcornwall.de\/blog\/wp-json\/wp\/v2\/pages\/41296"}],"collection":[{"href":"https:\/\/www.urlaubcornwall.de\/blog\/wp-json\/wp\/v2\/pages"}],"about":[{"href":"https:\/\/www.urlaubcornwall.de\/blog\/wp-json\/wp\/v2\/types\/page"}],"author":[{"embeddable":true,"href":"https:\/\/www.urlaubcornwall.de\/blog\/wp-json\/wp\/v2\/users\/1"}],"replies":[{"embeddable":true,"href":"https:\/\/www.urlaubcornwall.de\/blog\/wp-json\/wp\/v2\/comments?post=41296"}],"version-history":[{"count":4,"href":"https:\/\/www.urlaubcornwall.de\/blog\/wp-json\/wp\/v2\/pages\/41296\/revisions"}],"predecessor-version":[{"id":51204,"href":"https:\/\/www.urlaubcornwall.de\/blog\/wp-json\/wp\/v2\/pages\/41296\/revisions\/51204"}],"wp:attachment":[{"href":"https:\/\/www.urlaubcornwall.de\/blog\/wp-json\/wp\/v2\/media?parent=41296"}],"curies":[{"name":"wp","href":"https:\/\/api.w.org\/{rel}","templated":true}]}}