{"id":41231,"date":"2020-12-08T09:00:26","date_gmt":"2020-12-08T09:00:26","guid":{"rendered":"https:\/\/www.urlaubcornwall.de\/blog\/?page_id=41231"},"modified":"2025-10-20T11:05:09","modified_gmt":"2025-10-20T11:05:09","slug":"englandreise-auf-den-spuren-von-inspector-barnaby-5-tage","status":"publish","type":"page","link":"https:\/\/www.urlaubcornwall.de\/blog\/englandreise-auf-den-spuren-von-inspector-barnaby-5-tage\/","title":{"rendered":"Englandreise: Auf den Spuren von Inspector Barnaby \u2013 5 Tage"},"content":{"rendered":"<p><img loading=\"lazy\" class=\"aligncenter size-full wp-image-20368\" src=\"https:\/\/www.urlaubcornwall.de\/blog\/wp-content\/uploads\/2015\/10\/cotswolds-urlaub.jpg\" alt=\"Inspector Barnaby urlaub hotel\" width=\"749\" height=\"412\"\/><\/p>\n<p>Fans der beliebten britischen Krimiserie \u201eInspector Barnaby\u201c k\u00f6nnen bei unserer 5-t\u00e4gigen Reise &#8220;Auf den Spuren von Inspector Barnaby&#8221; in die einzigartige Welt des Inspektors eintauchen. Erkunden Sie die Original-Drehorte rund um die s\u00fcdenglischen Grafschaften <a href=\"https:\/\/www.urlaubcornwall.de\/ferienhaeuser-fewos\/eng\/oxfordshire\/oxfordshire.html\">Oxfordshire<\/a> und <a href=\"https:\/\/www.urlaubcornwall.de\/ferienhaeuser-fewos\/eng\/buckinghamshire\/buckinghamshire.html\">Buckinghamshire<\/a>, die mit ihren liebreizenden D\u00f6rfern, charmanten Landh\u00e4usern und urigen Pubs den wahren Charme der erfolgreichen Serie ausmachen.<\/p>\n<p style=\"text-align: center;\"><a class=\"tidycta\" href=\"http:\/\/www.urlaubcornwall.de\/anfrage.php?tourcode=ENGSELBST-11\">Anfrage \/ Buchung<\/a><\/p>\n<p><strong>1. Tag:<\/strong> London \u2013 Woodstock (ca. 100km)<\/p>\n<p>Nach Ihrer Ankunft in London nehmen Sie den Mietwagen entgegen und beginnen Ihre Autoreise \u201eAuf den Spuren von <a href=\"https:\/\/www.urlaubcornwall.de\/blog\/auf-den-spuren-von-inspector-barnaby-reisen-england\/\">Inspector Barnaby<\/a>\u201c. Je nach Flugzeiten k\u00f6nnen Sie auf dem Weg den Lieblingswohnsitz der Queen, Windsor Castle, besuchen. Das Windsor-Anwesen wird als \u201eenglisches Versailles\u201c bezeichnet und z\u00e4hlt zu den gr\u00f6\u00dften, durchgehend bewohnten Schl\u00f6ssern der Welt. Ihr weiterer Weg f\u00fchrt Sie durch die wundersch\u00f6nen H\u00fcgel der Chilteren Hills zu ihrer Unterkunft f\u00fcr die n\u00e4chsten vier N\u00e4chte. 4 \u00dcbernachtungen im 4* Macdonald Bear Hotel (Bild links)<\/p>\n<p><strong>2. Tag:<\/strong> Wallingford \u2013  Warborough \u2013 Dorchester (ca. 50km)<\/p>\n<p>Ihre Spurensuche beginnt in Wallingford, der wohl bekanntesten Kulisse der Serie. Viele Fans von Inspector Barnaby werden die Marktgemeinde gleich als Causton, den Heimatort von Inspector Barnaby, identifizieren. Hier k\u00f6nnen Sie, wie die Hauptfigur Barnaby in zahlreichen Folgen, an der Themse einen Spaziergang unternehmen und den ganzen Charme der englischen Gemeinde auf sich wirken lassen. Von Wallingford geht es weiter nach Warborough, wo Inspector Barnaby und Sergeant Tory im Pub \u201eThe Six Bells\u201c \u00fcber verschiedene F\u00e4lle  diskutieren. Das historische Dorf Dorchester-on-Thames dient ebenfalls ein Drehort. Mit seinen bezaubernden Steincottages, engen Gassen und wundersch\u00f6nen Kirchen ist es eine perfekte Filmkulisse (\u201eFluch \u00fcber Windyard\u201c und \u201eTod im Liebesnest\u201c). \u00dcbernachtung wie am Vortag.<\/p>\n<p><strong>3. Tag:<\/strong> Oxford (ca. 15km)<\/p>\n<p>Verbringen Sie den heutigen Tag in der Stadt Oxford, die \u201eStadt der tr\u00e4umenden Turmspitzen\u201c. Mit einer der \u00e4ltesten und renommiertesten Universit\u00e4ten weltweit ist die Stadt Oxford als eine Stadt des Geistes und des Wissens bekannt. Die malerischen und beeindruckenden Colleges sind auf jeden Fall einen Besuch wert, so wie auch der botanische Garten mit mehr als 8000 verschieden Pflanzenarten. Im Museum of Art and Archeology kann man sowohl die fr\u00fchgeschichtliche als auch die moderne Architektur bewundern. Eine traumhafte Aussicht \u00fcber die eindrucksvolle Sykline der Stadt bietet der Carfax Tower. \u00dcbernachtung wie am Vortag.<\/p>\n<p><strong>4. Tag:<\/strong> Henley-on-Thames \u2013 Stonor (ca. 120km)<\/p>\n<p>Nach dem Fr\u00fchst\u00fcck geht es, Inspector Barnaby weiter auf der Spur, nach Buckinhamshire in die kleine Marktstadt Henley-on-Thomas. Ber\u00fchmt ist die Stadt vor allem als Austragungsort f\u00fcr die k\u00f6nigliche Regatta, doch den eingefleischten Barnaby-Fans m\u00fcsste die Umgebung au\u00dferdem aus der Folge \u201eNass und tot\u201c bekannt vorkommen. Nach dem Besuch im Henley-Rowling-Muesum, wo Sie alles Wichtige \u00fcber die Themse erfahren, k\u00f6nnen Sie bei einer Bootsfahrt auf der Themse die Seele baumeln lassen. Etwa 30 Kilometer nord\u00f6stlich befindet sich Stonor. Das Stonor House ist ein atemberaubendes Herrenhaus, das nicht nur mehrmals als Schauplatz f\u00fcr \u201eInspector Barnaby\u201c-Folgen fungierte, sondern auch die Regisseure von James Bond als Drehort \u00fcberzeugte. \u00dcbernachtung wie am Vortag.<\/p>\n<p><strong>5. Tag:<\/strong> Woodstock \u2013 London<\/p>\n<p>Das n\u00e4chste Ziel ist Denham, dort sto\u00dfen Sie auf die St. Mary the Virgin Church. Die normannische Kirche liegt etwas oberhalb des Dorfes und dient als Kulisse f\u00fcr die Hochzeit von Barnabys Tochter Cully in der Folge \u201eGanz in Rot\u201c. Sp\u00e4ter Fahrt zur\u00fcck nach London und individuelle Heimreise. Sollten Sie an einem Verl\u00e4ngerungsprogramm interessiert sein, teilen Sie uns einfach Ihre W\u00fcnsche mit. Man k\u00f6nnte diese Kurzreise gut mit anderen Selbstfahrertouren kombinieren. Ende der Leistungen von Thoba Reisen.<\/p>\n<p><strong>Eingeschlossene Leistungen:<\/strong><\/p>\n<p>    4 \u00dcbernachtungen im 4* Macdonald Bear Hotel im Standardzimmer (Executive-Zimmer gegen Aufpreis)<\/p>\n<p>    T\u00e4gliches Fr\u00fchst\u00fcck<\/p>\n<p>    1 Reisef\u00fchrer &#8220;Inspector Barnaby: Die Drehorte der Serie&#8221;<\/p>\n<p><strong>Nicht eingeschlossene Leistungen:<\/strong><\/p>\n<p>    Fl\u00fcge (bieten wir Ihnen gerne passend dazu an)<\/p>\n<p>    Mietwagen (bieten wir Ihnen gerne passend an)<\/p>\n<p>    Trinkgelder, Benzin, Eintritte<\/p>\n<p>    Pers\u00f6nliche Ausgaben aller Art<\/p>\n<p>t\u00e4glich m\u00f6glich!<\/p>\n<p><strong>Preise 2026 (saisonabh\u00e4ngig)<\/strong><\/p>\n<p>ab \u20ac 575,&#8211; pro Person im Doppelzimmer  | ab \u20ac 1.080,&#8211; pro Person im Einzelzimmer<\/p>\n<p style=\"text-align: center;\"><a class=\"tidycta\" href=\"http:\/\/www.urlaubcornwall.de\/anfrage.php?tourcode=ENGSELBST-11\">Anfrage \/ Buchung<\/a><\/p>\n","protected":false},"excerpt":{"rendered":"<p>Fans der beliebten britischen Krimiserie \u201eInspector Barnaby\u201c k\u00f6nnen bei unserer 5-t\u00e4gigen Reise &#8220;Auf den Spuren von Inspector Barnaby&#8221; in die einzigartige Welt des Inspektors eintauchen. Erkunden Sie die Original-Drehorte rund um die s\u00fcdenglischen Grafschaften Oxfordshire und Buckinghamshire, die mit ihren liebreizenden D\u00f6rfern, charmanten Landh\u00e4usern und urigen Pubs den wahren Charme der erfolgreichen Serie ausmachen. Anfrage [&hellip;]<\/p>\n","protected":false},"author":1,"featured_media":0,"parent":0,"menu_order":0,"comment_status":"closed","ping_status":"closed","template":"single-four.php","meta":[],"acf":[],"yoast_head":"<!-- This site is optimized with the Yoast SEO plugin v19.4 - https:\/\/yoast.com\/wordpress\/plugins\/seo\/ -->\n<title>Englandreise: Auf den Spuren von Inspector Barnaby \u2013 5 Tage - Urlaub &amp; Reisen<\/title>\n<meta name=\"robots\" content=\"index, follow, max-snippet:-1, max-image-preview:large, max-video-preview:-1\" \/>\n<link rel=\"canonical\" href=\"https:\/\/www.urlaubcornwall.de\/blog\/englandreise-auf-den-spuren-von-inspector-barnaby-5-tage\/\" \/>\n<meta property=\"og:locale\" content=\"en_US\" \/>\n<meta property=\"og:type\" content=\"article\" \/>\n<meta property=\"og:title\" content=\"Englandreise: Auf den Spuren von Inspector Barnaby \u2013 5 Tage - Urlaub &amp; Reisen\" \/>\n<meta property=\"og:description\" content=\"Fans der beliebten britischen Krimiserie \u201eInspector Barnaby\u201c k\u00f6nnen bei unserer 5-t\u00e4gigen Reise &#8220;Auf den Spuren von Inspector Barnaby&#8221; in die einzigartige Welt des Inspektors eintauchen. Erkunden Sie die Original-Drehorte rund um die s\u00fcdenglischen Grafschaften Oxfordshire und Buckinghamshire, die mit ihren liebreizenden D\u00f6rfern, charmanten Landh\u00e4usern und urigen Pubs den wahren Charme der erfolgreichen Serie ausmachen. Anfrage [&hellip;]\" \/>\n<meta property=\"og:url\" content=\"https:\/\/www.urlaubcornwall.de\/blog\/englandreise-auf-den-spuren-von-inspector-barnaby-5-tage\/\" \/>\n<meta property=\"og:site_name\" content=\"Urlaub &amp; Reisen\" \/>\n<meta property=\"article:modified_time\" content=\"2025-10-20T11:05:09+00:00\" \/>\n<meta property=\"og:image\" content=\"https:\/\/www.urlaubcornwall.de\/blog\/wp-content\/uploads\/2015\/10\/cotswolds-urlaub.jpg\" \/>\n<meta name=\"twitter:card\" content=\"summary\" \/>\n<meta name=\"twitter:label1\" content=\"Est. reading time\" \/>\n\t<meta name=\"twitter:data1\" content=\"4 minutes\" \/>\n<script type=\"application\/ld+json\" class=\"yoast-schema-graph\">{\"@context\":\"https:\/\/schema.org\",\"@graph\":[{\"@type\":\"WebSite\",\"@id\":\"https:\/\/www.urlaubcornwall.de\/blog\/#website\",\"url\":\"https:\/\/www.urlaubcornwall.de\/blog\/\",\"name\":\"Urlaub &amp; Reisen\",\"description\":\"Urlaub, Reisen, Cornwall und S\u00fcdengland: eine perfekte Kombination\",\"potentialAction\":[{\"@type\":\"SearchAction\",\"target\":{\"@type\":\"EntryPoint\",\"urlTemplate\":\"https:\/\/www.urlaubcornwall.de\/blog\/?s={search_term_string}\"},\"query-input\":\"required name=search_term_string\"}],\"inLanguage\":\"en-US\"},{\"@type\":\"WebPage\",\"@id\":\"https:\/\/www.urlaubcornwall.de\/blog\/englandreise-auf-den-spuren-von-inspector-barnaby-5-tage\/\",\"url\":\"https:\/\/www.urlaubcornwall.de\/blog\/englandreise-auf-den-spuren-von-inspector-barnaby-5-tage\/\",\"name\":\"Englandreise: Auf den Spuren von Inspector Barnaby \u2013 5 Tage - Urlaub &amp; Reisen\",\"isPartOf\":{\"@id\":\"https:\/\/www.urlaubcornwall.de\/blog\/#website\"},\"datePublished\":\"2020-12-08T09:00:26+00:00\",\"dateModified\":\"2025-10-20T11:05:09+00:00\",\"breadcrumb\":{\"@id\":\"https:\/\/www.urlaubcornwall.de\/blog\/englandreise-auf-den-spuren-von-inspector-barnaby-5-tage\/#breadcrumb\"},\"inLanguage\":\"en-US\",\"potentialAction\":[{\"@type\":\"ReadAction\",\"target\":[\"https:\/\/www.urlaubcornwall.de\/blog\/englandreise-auf-den-spuren-von-inspector-barnaby-5-tage\/\"]}]},{\"@type\":\"BreadcrumbList\",\"@id\":\"https:\/\/www.urlaubcornwall.de\/blog\/englandreise-auf-den-spuren-von-inspector-barnaby-5-tage\/#breadcrumb\",\"itemListElement\":[{\"@type\":\"ListItem\",\"position\":1,\"name\":\"Home\",\"item\":\"https:\/\/www.urlaubcornwall.de\/blog\/\"},{\"@type\":\"ListItem\",\"position\":2,\"name\":\"Englandreise: Auf den Spuren von Inspector Barnaby \u2013 5 Tage\"}]}]}<\/script>\n<!-- \/ Yoast SEO plugin. -->","yoast_head_json":{"title":"Englandreise: Auf den Spuren von Inspector Barnaby \u2013 5 Tage - Urlaub &amp; Reisen","robots":{"index":"index","follow":"follow","max-snippet":"max-snippet:-1","max-image-preview":"max-image-preview:large","max-video-preview":"max-video-preview:-1"},"canonical":"https:\/\/www.urlaubcornwall.de\/blog\/englandreise-auf-den-spuren-von-inspector-barnaby-5-tage\/","og_locale":"en_US","og_type":"article","og_title":"Englandreise: Auf den Spuren von Inspector Barnaby \u2013 5 Tage - Urlaub &amp; Reisen","og_description":"Fans der beliebten britischen Krimiserie \u201eInspector Barnaby\u201c k\u00f6nnen bei unserer 5-t\u00e4gigen Reise &#8220;Auf den Spuren von Inspector Barnaby&#8221; in die einzigartige Welt des Inspektors eintauchen. Erkunden Sie die Original-Drehorte rund um die s\u00fcdenglischen Grafschaften Oxfordshire und Buckinghamshire, die mit ihren liebreizenden D\u00f6rfern, charmanten Landh\u00e4usern und urigen Pubs den wahren Charme der erfolgreichen Serie ausmachen. Anfrage [&hellip;]","og_url":"https:\/\/www.urlaubcornwall.de\/blog\/englandreise-auf-den-spuren-von-inspector-barnaby-5-tage\/","og_site_name":"Urlaub &amp; Reisen","article_modified_time":"2025-10-20T11:05:09+00:00","og_image":[{"url":"https:\/\/www.urlaubcornwall.de\/blog\/wp-content\/uploads\/2015\/10\/cotswolds-urlaub.jpg"}],"twitter_card":"summary","twitter_misc":{"Est. reading time":"4 minutes"},"schema":{"@context":"https:\/\/schema.org","@graph":[{"@type":"WebSite","@id":"https:\/\/www.urlaubcornwall.de\/blog\/#website","url":"https:\/\/www.urlaubcornwall.de\/blog\/","name":"Urlaub &amp; Reisen","description":"Urlaub, Reisen, Cornwall und S\u00fcdengland: eine perfekte Kombination","potentialAction":[{"@type":"SearchAction","target":{"@type":"EntryPoint","urlTemplate":"https:\/\/www.urlaubcornwall.de\/blog\/?s={search_term_string}"},"query-input":"required name=search_term_string"}],"inLanguage":"en-US"},{"@type":"WebPage","@id":"https:\/\/www.urlaubcornwall.de\/blog\/englandreise-auf-den-spuren-von-inspector-barnaby-5-tage\/","url":"https:\/\/www.urlaubcornwall.de\/blog\/englandreise-auf-den-spuren-von-inspector-barnaby-5-tage\/","name":"Englandreise: Auf den Spuren von Inspector Barnaby \u2013 5 Tage - Urlaub &amp; Reisen","isPartOf":{"@id":"https:\/\/www.urlaubcornwall.de\/blog\/#website"},"datePublished":"2020-12-08T09:00:26+00:00","dateModified":"2025-10-20T11:05:09+00:00","breadcrumb":{"@id":"https:\/\/www.urlaubcornwall.de\/blog\/englandreise-auf-den-spuren-von-inspector-barnaby-5-tage\/#breadcrumb"},"inLanguage":"en-US","potentialAction":[{"@type":"ReadAction","target":["https:\/\/www.urlaubcornwall.de\/blog\/englandreise-auf-den-spuren-von-inspector-barnaby-5-tage\/"]}]},{"@type":"BreadcrumbList","@id":"https:\/\/www.urlaubcornwall.de\/blog\/englandreise-auf-den-spuren-von-inspector-barnaby-5-tage\/#breadcrumb","itemListElement":[{"@type":"ListItem","position":1,"name":"Home","item":"https:\/\/www.urlaubcornwall.de\/blog\/"},{"@type":"ListItem","position":2,"name":"Englandreise: Auf den Spuren von Inspector Barnaby \u2013 5 Tage"}]}]}},"_links":{"self":[{"href":"https:\/\/www.urlaubcornwall.de\/blog\/wp-json\/wp\/v2\/pages\/41231"}],"collection":[{"href":"https:\/\/www.urlaubcornwall.de\/blog\/wp-json\/wp\/v2\/pages"}],"about":[{"href":"https:\/\/www.urlaubcornwall.de\/blog\/wp-json\/wp\/v2\/types\/page"}],"author":[{"embeddable":true,"href":"https:\/\/www.urlaubcornwall.de\/blog\/wp-json\/wp\/v2\/users\/1"}],"replies":[{"embeddable":true,"href":"https:\/\/www.urlaubcornwall.de\/blog\/wp-json\/wp\/v2\/comments?post=41231"}],"version-history":[{"count":8,"href":"https:\/\/www.urlaubcornwall.de\/blog\/wp-json\/wp\/v2\/pages\/41231\/revisions"}],"predecessor-version":[{"id":51896,"href":"https:\/\/www.urlaubcornwall.de\/blog\/wp-json\/wp\/v2\/pages\/41231\/revisions\/51896"}],"wp:attachment":[{"href":"https:\/\/www.urlaubcornwall.de\/blog\/wp-json\/wp\/v2\/media?parent=41231"}],"curies":[{"name":"wp","href":"https:\/\/api.w.org\/{rel}","templated":true}]}}