{"id":41212,"date":"2020-11-30T10:02:19","date_gmt":"2020-11-30T10:02:19","guid":{"rendered":"https:\/\/www.urlaubcornwall.de\/blog\/?page_id=41212"},"modified":"2024-02-27T17:10:40","modified_gmt":"2024-02-27T17:10:40","slug":"5-bilder-die-sie-sich-in-suedengland-verlieben-lassen-werden","status":"publish","type":"page","link":"https:\/\/www.urlaubcornwall.de\/blog\/5-bilder-die-sie-sich-in-suedengland-verlieben-lassen-werden\/","title":{"rendered":"5 Bilder, die Sie sich in S\u00fcdengland verlieben lassen werden!"},"content":{"rendered":"<p><strong>Die sch\u00f6nsten Aussichtspunkte in S\u00fcdengland <\/strong> &#8211; In <a href=\"https:\/\/www.urlaubcornwall.de\/ferienhaeuser\/suedengland.php\">S\u00fcdengland<\/a> spielen die Grafschaften <a href=\"https:\/\/www.urlaubcornwall.de\/reiseziel\/hampshire.php\">Hampshire<\/a>, <a href=\"https:\/\/www.urlaubcornwall.de\/reiseziel\/kent.php\">Kent<\/a>, <a href=\"https:\/\/www.urlaubcornwall.de\/ferienhaeuser-fewos\/eng\/dorset\/dorset.html\">Dorset<\/a>, <a href=\"https:\/\/www.urlaubcornwall.de\/ferienhaeuser\/sussex.php\">Sussex<\/a> und <a href=\"https:\/\/www.urlaubcornwall.de\/ferienhaeuser-fewos\/eng\/wiltshire\/wiltshire.html\">Wiltshire<\/a> seit gut \u00fcber 4000Jahre, seit es besetzt wurde vom pr\u00e4historischen Mann, eine zentrale Rolle in der Geschichte Englands. Die Landschaft hier ist \u00fcberwiegend Tiefland mit sanften Kreidedowns als h\u00f6chsten Gipfeln.<\/p>\n<p>Sussex ist bekannt f\u00fcr seine historische K\u00fcste, die wundersch\u00f6nen South Downs und sie umgebende Landschaft, sowie seine vielf\u00e4ltigen St\u00e4dte und Ortschaften. Die K\u00fcste von Sussex beinhaltet hervorragenden Blick, wie zu den Seven Sisters hin und klassische Urlaubsorte am Meer wie <a href=\"https:\/\/www.urlaubcornwall.de\/ferienhaeuser-fewos\/eng\/sussex\/eastbourne.html\">Eastbourne<\/a>, Worthing und <a href=\"https:\/\/www.urlaubcornwall.de\/ferienhaeuser-fewos\/eng\/sussex\/brighton.html\">Brighton<\/a>.<\/p>\n<p><img loading=\"lazy\" class=\"aligncenter size-full wp-image-41215\" src=\"https:\/\/www.urlaubcornwall.de\/blog\/wp-content\/uploads\/2020\/11\/leeds_schloss_kent.jpg\" alt=\"leeds_schloss_kent\" width=\"748\" height=\"497\" srcset=\"https:\/\/www.urlaubcornwall.de\/blog\/wp-content\/uploads\/2020\/11\/leeds_schloss_kent.jpg 748w, https:\/\/www.urlaubcornwall.de\/blog\/wp-content\/uploads\/2020\/11\/leeds_schloss_kent-300x199.jpg 300w\" sizes=\"(max-width: 748px) 100vw, 748px\" \/><\/p>\n<p>Schloss Leeds in <a href=\"https:\/\/www.urlaubcornwall.de\/reiseziel\/kent.php\">Kent<\/a>, gerade einmal \u00f6stlich von Maidstone an der M20 gelegen, befindet sich eine ganze Welt und mehrere Jahrhunderte entfernt vom Dr\u00f6hnen der Autobahn. Beschrieben als das \u201ew<a href=\"https:\/\/www.urlaubcornwall.de\/blog\/gaerten-schloesser-burgen-und-herrenhaeuser-in-kent\/\">undervollste Schloss der Welt<\/a>\u201c war es \u00fcber drei Jahrhunderte hinweg k\u00f6niglicher Palast. Es steht auf zwei Inseln innerhalb eines Sees, der umgeben ist von 200 Hektar ruhiger G\u00e4rten und Landschaftsparks. Es ist der perfekte Ort f\u00fcr einen Familientagesausflug.<\/p>\n<p><img loading=\"lazy\" class=\"aligncenter size-full wp-image-31854\" src=\"https:\/\/www.urlaubcornwall.de\/blog\/wp-content\/uploads\/2018\/01\/strandurlaub-isle-of-wight-mit-kindern.jpg\" alt=\"urlaub Isle of Wight\" width=\"746\" height=\"497\" srcset=\"https:\/\/www.urlaubcornwall.de\/blog\/wp-content\/uploads\/2018\/01\/strandurlaub-isle-of-wight-mit-kindern.jpg 746w, https:\/\/www.urlaubcornwall.de\/blog\/wp-content\/uploads\/2018\/01\/strandurlaub-isle-of-wight-mit-kindern-300x200.jpg 300w\" sizes=\"(max-width: 746px) 100vw, 746px\" \/><\/p>\n<p>Als eine der gr\u00f6\u00dften St\u00e4dte von West Wight, verf\u00fcgt <a href=\"https:\/\/www.urlaubcornwall.de\/ferienhaeuser-fewos\/eng\/isle-of-wight\/freshwater-bay-am-meer.html\">Freshwater<\/a> \u00fcber so gut wie alles, was Sie w\u00e4hrend eines <a href=\"https:\/\/www.urlaubcornwall.de\/reiseziel\/isle-of-wight.php\">Urlaubs auf der Isle of Wight<\/a> brauchen k\u00f6nnten. Es gibt jede Menge Speiselokale in und um die Stadt herum, sowie eine gute Auswahl an Gesch\u00e4ften, die es zu erkunden gilt. <\/p>\n<p><img loading=\"lazy\" class=\"aligncenter size-full wp-image-41220\" src=\"https:\/\/www.urlaubcornwall.de\/blog\/wp-content\/uploads\/2020\/11\/bosham_hafen_sussex.jpg\" alt=\"bosham_hafen_sussex\" width=\"748\" height=\"499\" srcset=\"https:\/\/www.urlaubcornwall.de\/blog\/wp-content\/uploads\/2020\/11\/bosham_hafen_sussex.jpg 748w, https:\/\/www.urlaubcornwall.de\/blog\/wp-content\/uploads\/2020\/11\/bosham_hafen_sussex-300x200.jpg 300w\" sizes=\"(max-width: 748px) 100vw, 748px\" \/><\/p>\n<p>Bosham (ausgesprochen Bossem) in Sussex ist einer der <a href=\"https:\/\/www.urlaubcornwall.de\/reiseziel\/suedkueste-england.php\">Sch\u00f6nheitsfleckchen der S\u00fcdk\u00fcste<\/a>. Es befindet sich auf seiner eigenen kleinen Halbinsel mit Blick \u00fcber eine unber\u00fchrte Flusslandschaft von Schilf, Wasser, Schlammb\u00e4nken und kleinen Booten. Der beste Blick auf Bosham und einer der meist fotografierten Szenen Englands bietet sich von der S\u00fcdseite der Bucht aus entlang der Old Bosham Road.<\/p>\n<p><img loading=\"lazy\" class=\"aligncenter size-full wp-image-41214\" src=\"https:\/\/www.urlaubcornwall.de\/blog\/wp-content\/uploads\/2020\/11\/jurasss-kueste-1.jpg\" alt=\"jurassic kueste dorset\" width=\"749\" height=\"526\"\/><\/p>\n<p>Die <a href=\"https:\/\/www.urlaubcornwall.de\/reiseziel\/dorset.php\">Grafschaft Dorset<\/a> begeistert mit ihrer Sch\u00f6nheit, ihren Kontrasten und der atemberaubenden Landschaft. Dorset liegt im S\u00fcden Englands am Meer und seine K\u00fcstenlinie erstreckt sich \u00fcber 140 km von Lyme Regis im Westen bis nach Christchurch im Osten. Freuen Sie sich hier auf die feinsten Sandstr\u00e4nde der britischen Inseln.<\/p>\n<p><strong><a href=\"https:\/\/www.urlaubcornwall.de\/blog\/5-bilder-die-sie-sich-in-cornwall-verlieben-lassen-werden\/\">Die sch\u00f6nsten Aussichtspunkte in Cornwall<\/a><\/strong><\/p>\n","protected":false},"excerpt":{"rendered":"<p>Die sch\u00f6nsten Aussichtspunkte in S\u00fcdengland &#8211; In S\u00fcdengland spielen die Grafschaften Hampshire, Kent, Dorset, Sussex und Wiltshire seit gut \u00fcber 4000Jahre, seit es besetzt wurde vom pr\u00e4historischen Mann, eine zentrale Rolle in der Geschichte Englands. Die Landschaft hier ist \u00fcberwiegend Tiefland mit sanften Kreidedowns als h\u00f6chsten Gipfeln. Sussex ist bekannt f\u00fcr seine historische K\u00fcste, die [&hellip;]<\/p>\n","protected":false},"author":1,"featured_media":0,"parent":0,"menu_order":0,"comment_status":"closed","ping_status":"closed","template":"single-four.php","meta":[],"acf":[],"yoast_head":"<!-- This site is optimized with the Yoast SEO plugin v19.4 - https:\/\/yoast.com\/wordpress\/plugins\/seo\/ -->\n<title>5 Bilder, die Sie sich in S\u00fcdengland verlieben lassen werden! - Urlaub &amp; Reisen<\/title>\n<meta name=\"robots\" content=\"index, follow, max-snippet:-1, max-image-preview:large, max-video-preview:-1\" \/>\n<link rel=\"canonical\" href=\"https:\/\/www.urlaubcornwall.de\/blog\/5-bilder-die-sie-sich-in-suedengland-verlieben-lassen-werden\/\" \/>\n<meta property=\"og:locale\" content=\"en_US\" \/>\n<meta property=\"og:type\" content=\"article\" \/>\n<meta property=\"og:title\" content=\"5 Bilder, die Sie sich in S\u00fcdengland verlieben lassen werden! - Urlaub &amp; Reisen\" \/>\n<meta property=\"og:description\" content=\"Die sch\u00f6nsten Aussichtspunkte in S\u00fcdengland &#8211; In S\u00fcdengland spielen die Grafschaften Hampshire, Kent, Dorset, Sussex und Wiltshire seit gut \u00fcber 4000Jahre, seit es besetzt wurde vom pr\u00e4historischen Mann, eine zentrale Rolle in der Geschichte Englands. Die Landschaft hier ist \u00fcberwiegend Tiefland mit sanften Kreidedowns als h\u00f6chsten Gipfeln. Sussex ist bekannt f\u00fcr seine historische K\u00fcste, die [&hellip;]\" \/>\n<meta property=\"og:url\" content=\"https:\/\/www.urlaubcornwall.de\/blog\/5-bilder-die-sie-sich-in-suedengland-verlieben-lassen-werden\/\" \/>\n<meta property=\"og:site_name\" content=\"Urlaub &amp; Reisen\" \/>\n<meta property=\"article:modified_time\" content=\"2024-02-27T17:10:40+00:00\" \/>\n<meta property=\"og:image\" content=\"https:\/\/www.urlaubcornwall.de\/blog\/wp-content\/uploads\/2020\/11\/leeds_schloss_kent.jpg\" \/>\n<meta name=\"twitter:card\" content=\"summary\" \/>\n<meta name=\"twitter:label1\" content=\"Est. reading time\" \/>\n\t<meta name=\"twitter:data1\" content=\"3 minutes\" \/>\n<script type=\"application\/ld+json\" class=\"yoast-schema-graph\">{\"@context\":\"https:\/\/schema.org\",\"@graph\":[{\"@type\":\"WebSite\",\"@id\":\"https:\/\/www.urlaubcornwall.de\/blog\/#website\",\"url\":\"https:\/\/www.urlaubcornwall.de\/blog\/\",\"name\":\"Urlaub &amp; Reisen\",\"description\":\"Urlaub, Reisen, Cornwall und S\u00fcdengland: eine perfekte Kombination\",\"potentialAction\":[{\"@type\":\"SearchAction\",\"target\":{\"@type\":\"EntryPoint\",\"urlTemplate\":\"https:\/\/www.urlaubcornwall.de\/blog\/?s={search_term_string}\"},\"query-input\":\"required name=search_term_string\"}],\"inLanguage\":\"en-US\"},{\"@type\":\"WebPage\",\"@id\":\"https:\/\/www.urlaubcornwall.de\/blog\/5-bilder-die-sie-sich-in-suedengland-verlieben-lassen-werden\/\",\"url\":\"https:\/\/www.urlaubcornwall.de\/blog\/5-bilder-die-sie-sich-in-suedengland-verlieben-lassen-werden\/\",\"name\":\"5 Bilder, die Sie sich in S\u00fcdengland verlieben lassen werden! - Urlaub &amp; Reisen\",\"isPartOf\":{\"@id\":\"https:\/\/www.urlaubcornwall.de\/blog\/#website\"},\"datePublished\":\"2020-11-30T10:02:19+00:00\",\"dateModified\":\"2024-02-27T17:10:40+00:00\",\"breadcrumb\":{\"@id\":\"https:\/\/www.urlaubcornwall.de\/blog\/5-bilder-die-sie-sich-in-suedengland-verlieben-lassen-werden\/#breadcrumb\"},\"inLanguage\":\"en-US\",\"potentialAction\":[{\"@type\":\"ReadAction\",\"target\":[\"https:\/\/www.urlaubcornwall.de\/blog\/5-bilder-die-sie-sich-in-suedengland-verlieben-lassen-werden\/\"]}]},{\"@type\":\"BreadcrumbList\",\"@id\":\"https:\/\/www.urlaubcornwall.de\/blog\/5-bilder-die-sie-sich-in-suedengland-verlieben-lassen-werden\/#breadcrumb\",\"itemListElement\":[{\"@type\":\"ListItem\",\"position\":1,\"name\":\"Home\",\"item\":\"https:\/\/www.urlaubcornwall.de\/blog\/\"},{\"@type\":\"ListItem\",\"position\":2,\"name\":\"5 Bilder, die Sie sich in S\u00fcdengland verlieben lassen werden!\"}]}]}<\/script>\n<!-- \/ Yoast SEO plugin. -->","yoast_head_json":{"title":"5 Bilder, die Sie sich in S\u00fcdengland verlieben lassen werden! - Urlaub &amp; Reisen","robots":{"index":"index","follow":"follow","max-snippet":"max-snippet:-1","max-image-preview":"max-image-preview:large","max-video-preview":"max-video-preview:-1"},"canonical":"https:\/\/www.urlaubcornwall.de\/blog\/5-bilder-die-sie-sich-in-suedengland-verlieben-lassen-werden\/","og_locale":"en_US","og_type":"article","og_title":"5 Bilder, die Sie sich in S\u00fcdengland verlieben lassen werden! - Urlaub &amp; Reisen","og_description":"Die sch\u00f6nsten Aussichtspunkte in S\u00fcdengland &#8211; In S\u00fcdengland spielen die Grafschaften Hampshire, Kent, Dorset, Sussex und Wiltshire seit gut \u00fcber 4000Jahre, seit es besetzt wurde vom pr\u00e4historischen Mann, eine zentrale Rolle in der Geschichte Englands. Die Landschaft hier ist \u00fcberwiegend Tiefland mit sanften Kreidedowns als h\u00f6chsten Gipfeln. Sussex ist bekannt f\u00fcr seine historische K\u00fcste, die [&hellip;]","og_url":"https:\/\/www.urlaubcornwall.de\/blog\/5-bilder-die-sie-sich-in-suedengland-verlieben-lassen-werden\/","og_site_name":"Urlaub &amp; Reisen","article_modified_time":"2024-02-27T17:10:40+00:00","og_image":[{"url":"https:\/\/www.urlaubcornwall.de\/blog\/wp-content\/uploads\/2020\/11\/leeds_schloss_kent.jpg"}],"twitter_card":"summary","twitter_misc":{"Est. reading time":"3 minutes"},"schema":{"@context":"https:\/\/schema.org","@graph":[{"@type":"WebSite","@id":"https:\/\/www.urlaubcornwall.de\/blog\/#website","url":"https:\/\/www.urlaubcornwall.de\/blog\/","name":"Urlaub &amp; Reisen","description":"Urlaub, Reisen, Cornwall und S\u00fcdengland: eine perfekte Kombination","potentialAction":[{"@type":"SearchAction","target":{"@type":"EntryPoint","urlTemplate":"https:\/\/www.urlaubcornwall.de\/blog\/?s={search_term_string}"},"query-input":"required name=search_term_string"}],"inLanguage":"en-US"},{"@type":"WebPage","@id":"https:\/\/www.urlaubcornwall.de\/blog\/5-bilder-die-sie-sich-in-suedengland-verlieben-lassen-werden\/","url":"https:\/\/www.urlaubcornwall.de\/blog\/5-bilder-die-sie-sich-in-suedengland-verlieben-lassen-werden\/","name":"5 Bilder, die Sie sich in S\u00fcdengland verlieben lassen werden! - Urlaub &amp; Reisen","isPartOf":{"@id":"https:\/\/www.urlaubcornwall.de\/blog\/#website"},"datePublished":"2020-11-30T10:02:19+00:00","dateModified":"2024-02-27T17:10:40+00:00","breadcrumb":{"@id":"https:\/\/www.urlaubcornwall.de\/blog\/5-bilder-die-sie-sich-in-suedengland-verlieben-lassen-werden\/#breadcrumb"},"inLanguage":"en-US","potentialAction":[{"@type":"ReadAction","target":["https:\/\/www.urlaubcornwall.de\/blog\/5-bilder-die-sie-sich-in-suedengland-verlieben-lassen-werden\/"]}]},{"@type":"BreadcrumbList","@id":"https:\/\/www.urlaubcornwall.de\/blog\/5-bilder-die-sie-sich-in-suedengland-verlieben-lassen-werden\/#breadcrumb","itemListElement":[{"@type":"ListItem","position":1,"name":"Home","item":"https:\/\/www.urlaubcornwall.de\/blog\/"},{"@type":"ListItem","position":2,"name":"5 Bilder, die Sie sich in S\u00fcdengland verlieben lassen werden!"}]}]}},"_links":{"self":[{"href":"https:\/\/www.urlaubcornwall.de\/blog\/wp-json\/wp\/v2\/pages\/41212"}],"collection":[{"href":"https:\/\/www.urlaubcornwall.de\/blog\/wp-json\/wp\/v2\/pages"}],"about":[{"href":"https:\/\/www.urlaubcornwall.de\/blog\/wp-json\/wp\/v2\/types\/page"}],"author":[{"embeddable":true,"href":"https:\/\/www.urlaubcornwall.de\/blog\/wp-json\/wp\/v2\/users\/1"}],"replies":[{"embeddable":true,"href":"https:\/\/www.urlaubcornwall.de\/blog\/wp-json\/wp\/v2\/comments?post=41212"}],"version-history":[{"count":5,"href":"https:\/\/www.urlaubcornwall.de\/blog\/wp-json\/wp\/v2\/pages\/41212\/revisions"}],"predecessor-version":[{"id":47643,"href":"https:\/\/www.urlaubcornwall.de\/blog\/wp-json\/wp\/v2\/pages\/41212\/revisions\/47643"}],"wp:attachment":[{"href":"https:\/\/www.urlaubcornwall.de\/blog\/wp-json\/wp\/v2\/media?parent=41212"}],"curies":[{"name":"wp","href":"https:\/\/api.w.org\/{rel}","templated":true}]}}