{"id":41208,"date":"2020-11-27T10:49:50","date_gmt":"2020-11-27T10:49:50","guid":{"rendered":"https:\/\/www.urlaubcornwall.de\/blog\/?page_id=41208"},"modified":"2024-05-31T07:47:35","modified_gmt":"2024-05-31T07:47:35","slug":"whitesands-strand-in-pembrokeshire","status":"publish","type":"page","link":"https:\/\/www.urlaubcornwall.de\/blog\/whitesands-strand-in-pembrokeshire\/","title":{"rendered":"Whitesands Strand in Pembrokeshire"},"content":{"rendered":"<p>Der imposante H\u00fcgel Carn Llidi bietet Blick \u00fcber einen der <a href=\"https:\/\/www.urlaubcornwall.de\/ferienhaeuser-fewos\/wal\/wales-am-meer.html\">besten Str\u00e4nde<\/a> im S\u00fcden von <a href=\"https:\/\/www.urlaubcornwall.de\/reiseziel\/wales.php\">Wales<\/a>. Mit feinem goldenen Sand, der sich ungef\u00e4hr \u00fcber eine Meile erstreckt, ist der Whitsands Strand au\u00dferordentlich beliebt bei den Surfern des Landes. Wenn die Bedingungen g\u00fcnstig sind, ist der Strand oft vollgepackt mit Surfern, Body Boardern und anderen Liebhabern des Wassersports, die um die besten Wellen wetteifern.<\/p>\n<p>Wir haben eine Auswahl an <a href=\"https:\/\/www.urlaubcornwall.de\/ferienhaeuser\/wales.php\">Ferienh\u00e4usern in Wales<\/a>, so dass Sie kommen und diese wundersch\u00f6nen Str\u00e4nde selbst entdecken k\u00f6nnen.<\/p>\n<div class=\"snippet\"> <a class=\"featured-item\" href=\" https:\/\/www.urlaubcornwall.de\/ferienhaeuser\/wales.php\"> <span class=\"image-holder\" style=\"background-image: url(' https:\/\/www.urlaubcornwall.de\/blog\/wp-content\/uploads\/2018\/12\/busreisen-wales-england.jpg');\"><\/span> <span class=\"featured-content\"> \n<h2 class=\"featured-title\">Bei uns finden Sie Ferienh\u00e4user in Wales zum Verlieben!<\/h2>\n<p class=\"featured-body\">Untenstehend finden Sie eine Auswahl an Selbstversorger-Ferienh\u00e4usern in Wales. Hier finden Sie handverlesene, pers\u00f6nlich inspizierte Cottages entlang der walisischen K\u00fcste&#8230;..<\/p>\n<\/span> <span class=\"featured-link-holder\"> <span class=\"featured-extra-info\"> \n<p>F\u00fcr Paare, Familien &#038; Gruppen<\/p>\n<\/span> \n<p class=\"featured-link\">DETAILS<\/p>\n<\/span> <\/a><\/div>\n<p><a href=\"https:\/\/www.urlaubcornwall.de\/blog\/5-grossartige-straende-wales\/\">Top 5 Sch\u00f6nsten Str\u00e4nde in Wales<\/a><\/p>\n","protected":false},"excerpt":{"rendered":"<p>Der imposante H\u00fcgel Carn Llidi bietet Blick \u00fcber einen der besten Str\u00e4nde im S\u00fcden von Wales. Mit feinem goldenen Sand, der sich ungef\u00e4hr \u00fcber eine Meile erstreckt, ist der Whitsands Strand au\u00dferordentlich beliebt bei den Surfern des Landes. Wenn die Bedingungen g\u00fcnstig sind, ist der Strand oft vollgepackt mit Surfern, Body Boardern und anderen Liebhabern [&hellip;]<\/p>\n","protected":false},"author":1,"featured_media":0,"parent":0,"menu_order":0,"comment_status":"closed","ping_status":"closed","template":"single-four.php","meta":[],"acf":[],"yoast_head":"<!-- This site is optimized with the Yoast SEO plugin v19.4 - https:\/\/yoast.com\/wordpress\/plugins\/seo\/ -->\n<title>Whitesands Strand in Pembrokeshire - Urlaub &amp; Reisen<\/title>\n<meta name=\"robots\" content=\"index, follow, max-snippet:-1, max-image-preview:large, max-video-preview:-1\" \/>\n<link rel=\"canonical\" href=\"https:\/\/www.urlaubcornwall.de\/blog\/whitesands-strand-in-pembrokeshire\/\" \/>\n<meta property=\"og:locale\" content=\"en_US\" \/>\n<meta property=\"og:type\" content=\"article\" \/>\n<meta property=\"og:title\" content=\"Whitesands Strand in Pembrokeshire - Urlaub &amp; Reisen\" \/>\n<meta property=\"og:description\" content=\"Der imposante H\u00fcgel Carn Llidi bietet Blick \u00fcber einen der besten Str\u00e4nde im S\u00fcden von Wales. Mit feinem goldenen Sand, der sich ungef\u00e4hr \u00fcber eine Meile erstreckt, ist der Whitsands Strand au\u00dferordentlich beliebt bei den Surfern des Landes. Wenn die Bedingungen g\u00fcnstig sind, ist der Strand oft vollgepackt mit Surfern, Body Boardern und anderen Liebhabern [&hellip;]\" \/>\n<meta property=\"og:url\" content=\"https:\/\/www.urlaubcornwall.de\/blog\/whitesands-strand-in-pembrokeshire\/\" \/>\n<meta property=\"og:site_name\" content=\"Urlaub &amp; Reisen\" \/>\n<meta property=\"article:modified_time\" content=\"2024-05-31T07:47:35+00:00\" \/>\n<meta name=\"twitter:card\" content=\"summary\" \/>\n<meta name=\"twitter:label1\" content=\"Est. reading time\" \/>\n\t<meta name=\"twitter:data1\" content=\"1 minute\" \/>\n<script type=\"application\/ld+json\" class=\"yoast-schema-graph\">{\"@context\":\"https:\/\/schema.org\",\"@graph\":[{\"@type\":\"WebSite\",\"@id\":\"https:\/\/www.urlaubcornwall.de\/blog\/#website\",\"url\":\"https:\/\/www.urlaubcornwall.de\/blog\/\",\"name\":\"Urlaub &amp; Reisen\",\"description\":\"Urlaub, Reisen, Cornwall und S\u00fcdengland: eine perfekte Kombination\",\"potentialAction\":[{\"@type\":\"SearchAction\",\"target\":{\"@type\":\"EntryPoint\",\"urlTemplate\":\"https:\/\/www.urlaubcornwall.de\/blog\/?s={search_term_string}\"},\"query-input\":\"required name=search_term_string\"}],\"inLanguage\":\"en-US\"},{\"@type\":\"WebPage\",\"@id\":\"https:\/\/www.urlaubcornwall.de\/blog\/whitesands-strand-in-pembrokeshire\/\",\"url\":\"https:\/\/www.urlaubcornwall.de\/blog\/whitesands-strand-in-pembrokeshire\/\",\"name\":\"Whitesands Strand in Pembrokeshire - Urlaub &amp; Reisen\",\"isPartOf\":{\"@id\":\"https:\/\/www.urlaubcornwall.de\/blog\/#website\"},\"datePublished\":\"2020-11-27T10:49:50+00:00\",\"dateModified\":\"2024-05-31T07:47:35+00:00\",\"breadcrumb\":{\"@id\":\"https:\/\/www.urlaubcornwall.de\/blog\/whitesands-strand-in-pembrokeshire\/#breadcrumb\"},\"inLanguage\":\"en-US\",\"potentialAction\":[{\"@type\":\"ReadAction\",\"target\":[\"https:\/\/www.urlaubcornwall.de\/blog\/whitesands-strand-in-pembrokeshire\/\"]}]},{\"@type\":\"BreadcrumbList\",\"@id\":\"https:\/\/www.urlaubcornwall.de\/blog\/whitesands-strand-in-pembrokeshire\/#breadcrumb\",\"itemListElement\":[{\"@type\":\"ListItem\",\"position\":1,\"name\":\"Home\",\"item\":\"https:\/\/www.urlaubcornwall.de\/blog\/\"},{\"@type\":\"ListItem\",\"position\":2,\"name\":\"Whitesands Strand in Pembrokeshire\"}]}]}<\/script>\n<!-- \/ Yoast SEO plugin. -->","yoast_head_json":{"title":"Whitesands Strand in Pembrokeshire - Urlaub &amp; Reisen","robots":{"index":"index","follow":"follow","max-snippet":"max-snippet:-1","max-image-preview":"max-image-preview:large","max-video-preview":"max-video-preview:-1"},"canonical":"https:\/\/www.urlaubcornwall.de\/blog\/whitesands-strand-in-pembrokeshire\/","og_locale":"en_US","og_type":"article","og_title":"Whitesands Strand in Pembrokeshire - Urlaub &amp; Reisen","og_description":"Der imposante H\u00fcgel Carn Llidi bietet Blick \u00fcber einen der besten Str\u00e4nde im S\u00fcden von Wales. Mit feinem goldenen Sand, der sich ungef\u00e4hr \u00fcber eine Meile erstreckt, ist der Whitsands Strand au\u00dferordentlich beliebt bei den Surfern des Landes. Wenn die Bedingungen g\u00fcnstig sind, ist der Strand oft vollgepackt mit Surfern, Body Boardern und anderen Liebhabern [&hellip;]","og_url":"https:\/\/www.urlaubcornwall.de\/blog\/whitesands-strand-in-pembrokeshire\/","og_site_name":"Urlaub &amp; Reisen","article_modified_time":"2024-05-31T07:47:35+00:00","twitter_card":"summary","twitter_misc":{"Est. reading time":"1 minute"},"schema":{"@context":"https:\/\/schema.org","@graph":[{"@type":"WebSite","@id":"https:\/\/www.urlaubcornwall.de\/blog\/#website","url":"https:\/\/www.urlaubcornwall.de\/blog\/","name":"Urlaub &amp; Reisen","description":"Urlaub, Reisen, Cornwall und S\u00fcdengland: eine perfekte Kombination","potentialAction":[{"@type":"SearchAction","target":{"@type":"EntryPoint","urlTemplate":"https:\/\/www.urlaubcornwall.de\/blog\/?s={search_term_string}"},"query-input":"required name=search_term_string"}],"inLanguage":"en-US"},{"@type":"WebPage","@id":"https:\/\/www.urlaubcornwall.de\/blog\/whitesands-strand-in-pembrokeshire\/","url":"https:\/\/www.urlaubcornwall.de\/blog\/whitesands-strand-in-pembrokeshire\/","name":"Whitesands Strand in Pembrokeshire - Urlaub &amp; Reisen","isPartOf":{"@id":"https:\/\/www.urlaubcornwall.de\/blog\/#website"},"datePublished":"2020-11-27T10:49:50+00:00","dateModified":"2024-05-31T07:47:35+00:00","breadcrumb":{"@id":"https:\/\/www.urlaubcornwall.de\/blog\/whitesands-strand-in-pembrokeshire\/#breadcrumb"},"inLanguage":"en-US","potentialAction":[{"@type":"ReadAction","target":["https:\/\/www.urlaubcornwall.de\/blog\/whitesands-strand-in-pembrokeshire\/"]}]},{"@type":"BreadcrumbList","@id":"https:\/\/www.urlaubcornwall.de\/blog\/whitesands-strand-in-pembrokeshire\/#breadcrumb","itemListElement":[{"@type":"ListItem","position":1,"name":"Home","item":"https:\/\/www.urlaubcornwall.de\/blog\/"},{"@type":"ListItem","position":2,"name":"Whitesands Strand in Pembrokeshire"}]}]}},"_links":{"self":[{"href":"https:\/\/www.urlaubcornwall.de\/blog\/wp-json\/wp\/v2\/pages\/41208"}],"collection":[{"href":"https:\/\/www.urlaubcornwall.de\/blog\/wp-json\/wp\/v2\/pages"}],"about":[{"href":"https:\/\/www.urlaubcornwall.de\/blog\/wp-json\/wp\/v2\/types\/page"}],"author":[{"embeddable":true,"href":"https:\/\/www.urlaubcornwall.de\/blog\/wp-json\/wp\/v2\/users\/1"}],"replies":[{"embeddable":true,"href":"https:\/\/www.urlaubcornwall.de\/blog\/wp-json\/wp\/v2\/comments?post=41208"}],"version-history":[{"count":2,"href":"https:\/\/www.urlaubcornwall.de\/blog\/wp-json\/wp\/v2\/pages\/41208\/revisions"}],"predecessor-version":[{"id":51205,"href":"https:\/\/www.urlaubcornwall.de\/blog\/wp-json\/wp\/v2\/pages\/41208\/revisions\/51205"}],"wp:attachment":[{"href":"https:\/\/www.urlaubcornwall.de\/blog\/wp-json\/wp\/v2\/media?parent=41208"}],"curies":[{"name":"wp","href":"https:\/\/api.w.org\/{rel}","templated":true}]}}