{"id":41191,"date":"2020-11-09T14:03:46","date_gmt":"2020-11-09T14:03:46","guid":{"rendered":"https:\/\/www.urlaubcornwall.de\/blog\/?page_id=41191"},"modified":"2024-04-15T15:35:55","modified_gmt":"2024-04-15T15:35:55","slug":"buchen-sie-voller-vertrauen-ihr-ferienhaus-nach-coronavirus","status":"publish","type":"page","link":"https:\/\/www.urlaubcornwall.de\/blog\/buchen-sie-voller-vertrauen-ihr-ferienhaus-nach-coronavirus\/","title":{"rendered":"Buchen Sie voller Vertrauen Ihr Ferienhaus nach Coronavirus"},"content":{"rendered":"<p><img loading=\"lazy\" class=\"aligncenter size-full wp-image-38137\" src=\"https:\/\/www.urlaubcornwall.de\/blog\/wp-content\/uploads\/2019\/04\/Charmante-D\u00f6rfer-cornwall.jpg\" alt=\"Charmante Ferienhaus cornwall\" width=\"749\" height=\"498\"\/><\/p>\n<p><strong>J\u00fcngstes Update Coronavirus\/Covid 19<\/strong> &#8211; Vom 11. Februar 2022 ist es nicht mehr n\u00f6tig, sich bei Ankunft im UK einem Coronavirustest zu unterziehen, sofern Besucher vollst\u00e4ndig geimpft sind. Reisende werden ins Land kommen k\u00f6nnen, ohne vor oder nach der Reise einen Test durchf\u00fchren zu m\u00fcssen.<\/p>\n<p>Was geschieht mit Ihrem Urlaub, wenn Quarant\u00e4ne oder Reisebeschr\u00e4nkungen in Kraft treten bez\u00fcglich der Einreise von Deutschland ins UK?<\/p>\n<p><strong>Ferienh\u00e4user Coronavirus K\u00fcndigungsgarantie &#8211; Eine Garantie f\u00fcr eine kostenfreie Stornierung<\/strong><\/p>\n<p>Ihre Buchung geschieht direkt mit <a href=\"https:\/\/www.urlaubcornwall.de\/ferienhaeuser.php\">unsere Ferienhauspartner in Gro\u00dfbritannien<\/a>, anstatt \u00fcber UrlaubCornwall. Sie garantieren, dass, falls die Unterkunft aufgrund von Einschr\u00e4nkungen, die von der Regierung veranlasst wurden, nicht erh\u00e4ltlich sein sollte Sie Anrecht haben auf einen Transfer oder eine R\u00fcckerstattung. Seien Sie also versichert, sie passen sich s\u00e4mtlichen Ver\u00e4nderungen an, die von der UK Regierung ausgehen, und werden sich mit Ihnen in Verbindung setzen und helfen, falls Ihr Urlaub betroffen ist.<\/p>\n<p style=\"text-align: center;\"><a class=\"tidycta\" href=\"https:\/\/www.urlaubcornwall.de\/ferienhaeuser.php\">Suche Ferienh\u00e4user<\/a><\/p>\n<p>Selbstversorgerunterkunft ist eine flexible Alternative f\u00fcr Familien und Paare, die ihren Urlaub in Gro\u00dfbritannien verbringen m\u00f6chten.<\/p>\n<p><strong>1)<\/strong> Angebot an Ferienunterk\u00fcnften in Partnerschaft mit preisgekr\u00f6nten Cottage Vermietungsfirmen. <\/p>\n<p><strong>2)<\/strong> Engagierte Geb\u00e4udemanager sorgen daf\u00fcr, dass s\u00e4mtliche Ferienh\u00e4user den h\u00f6chsten Standards entsprechen. <\/p>\n<p><strong>3)<\/strong> Eine breite Vielfalt an hoch qualitativen Unterk\u00fcnften in ganz Gro\u00dfbritannien. <\/p>\n<p><strong>4)<\/strong> S\u00e4mtliche Buchungen werden sicher und zuverl\u00e4ssig von unseren Partnern abgewickelt.<\/p>\n<p><a href=\"https:\/\/www.urlaubcornwall.de\/\">UrlaubCornwall.de<\/a> hat eine einzigartige Sammlung pers\u00f6nlich inspizierter Ferienh\u00e4user und Ferienwohnungen in <a href=\"https:\/\/www.urlaubcornwall.de\/ferienhaeuser\/cornwall.php\">Cornwall<\/a>, <a href=\"https:\/\/www.urlaubcornwall.de\/ferienhaeuser\/suedengland.php\">S\u00fcdengland<\/a> und nun auch im gesamten Gro\u00dfbritannien. Jedes Geb\u00e4ude muss anspruchsvollen Standards entsprechen, so dass Ihre Urlaubsunterkunft Ihre Erwartungen \u00fcbertrifft. <\/p>\n<div class=\"snippet\"> <a class=\"featured-item\" href=\"https:\/\/www.urlaubcornwall.de\/ferienhaeuser\/suedengland.php\"> <span class=\"image-holder\" style=\"background-image: url('https:\/\/www.urlaubcornwall.de\/blog\/wp-content\/uploads\/2018\/12\/ferienhaus-cornwall-mit-hund.jpg');\"><\/span> <span class=\"featured-content\"> \n<h2 class=\"featured-title\">Ferienh\u00e4user in England zum Verlieben!<\/h2>\n<p class=\"featured-body\">Dank seiner langen Geschichte, der reizvollen Landschaften und seinen vielen Attraktionen ist S\u00fcdengland ein wahres Mekka f\u00fcr Urlauber. F\u00fcr Familien und Paare ist die Reise durch Kent, den Garten Englands, die Sussex Downs&#8230;.<\/p><\/span> <span class=\"featured-link-holder\"> <span class=\"featured-extra-info\"> \n<p>F\u00fcr Paare, Familien &#038; Gruppen<\/p>\n<\/span> \n<p class=\"featured-link\">DETAILS<\/p>\n<\/span> <\/a><\/div>\n<div class=\"snippet\"> <a class=\"featured-item\" href=\"https:\/\/www.urlaubcornwall.de\/ferienhaeuser\/cornwall.php\"> <span class=\"image-holder\" style=\"background-image: url('https:\/\/www.urlaubcornwall.de\/blog\/wp-content\/uploads\/2018\/12\/familienurlaub-corwnall-snippet.jpg');\"><\/span> <span class=\"featured-content\"> \n<h2 class=\"featured-title\">Ferienh\u00e4user in Cornwall am Meer<\/h2>\n<p class=\"featured-body\">Cornwall besitzt mehr K\u00fcstenlinien als jede andere Grafschaft und bietet einige der besten Str\u00e4nde, K\u00fcstenwanderwege und Klippenlandschaften, die man \u00fcberhaupt finden kann&#8230; <\/p><\/span> <span class=\"featured-link-holder\"> <span class=\"featured-extra-info\"> \n<p>F\u00fcr Paare, Familien &#038; Gruppen<\/p>\n<\/span> \n<p class=\"featured-link\">DETAILS<\/p>\n<\/span> <\/a><\/div>\n<div class=\"snippet\"> <a class=\"featured-item\" href=\" https:\/\/www.urlaubcornwall.de\/ferienhaeuser\/schottland.php\"> <span class=\"image-holder\" style=\"background-image: url(' https:\/\/www.urlaubcornwall.de\/blog\/wp-content\/uploads\/2019\/01\/urlaub-schottland-highlands.jpg ');\"><\/span> <span class=\"featured-content\"> \n<h2 class=\"featured-title\">Bei uns finden Sie Ferienh\u00e4user in Schottland zum Verlieben!<\/h2>\n<p class=\"featured-body\">Untenstehend finden Sie eine Auswahl an Ferienh\u00e4usern in Schottland. Hier finden Sie pers\u00f6nlich inspizierte Cottages entlang der schottischen K\u00fcste, in den schottischen Highlands und auf den Inseln&#8230;..<\/p>\n<\/span> <span class=\"featured-link-holder\"> <span class=\"featured-extra-info\"> \n<p>F\u00fcr Paare, Familien &#038; Gruppen<\/p>\n<\/span> \n<p class=\"featured-link\">DETAILS<\/p>\n<\/span> <\/a><\/div>\n<div class=\"snippet\"> <a class=\"featured-item\" href=\" https:\/\/www.urlaubcornwall.de\/ferienhaeuser\/wales.php\"> <span class=\"image-holder\" style=\"background-image: url(' https:\/\/www.urlaubcornwall.de\/blog\/wp-content\/uploads\/2018\/12\/busreisen-wales-england.jpg');\"><\/span> <span class=\"featured-content\"> \n<h2 class=\"featured-title\">Bei uns finden Sie Ferienh\u00e4user in Wales zum Verlieben!<\/h2>\n<p class=\"featured-body\">Untenstehend finden Sie eine Auswahl an Selbstversorger-Ferienh\u00e4usern in Wales. Hier finden Sie handverlesene, pers\u00f6nlich inspizierte Cottages entlang der walisischen K\u00fcste&#8230;..<\/p>\n<\/span> <span class=\"featured-link-holder\"> <span class=\"featured-extra-info\"> \n<p>F\u00fcr Paare, Familien &#038; Gruppen<\/p>\n<\/span> \n<p class=\"featured-link\">DETAILS<\/p>\n<\/span> <\/a><\/div>\n<div class=\"snippet\"> <a class=\"featured-item\" href=\"https:\/\/www.urlaubcornwall.de\/ferienhaeuser\/cotswolds.php\"> <span class=\"image-holder\" style=\"background-image: url(' https:\/\/www.urlaubcornwall.de\/blog\/wp-content\/uploads\/2019\/02\/ferienhaus-urlaub-cotswolds.jpg ');\"><\/span> <span class=\"featured-content\"> \n<h2 class=\"featured-title\">Ferienh\u00e4user in den Cotswolds<\/h2>\n<p class=\"featured-body\">Es gibt wohl kaum einen besseren Ort f\u00fcr entspannenden Urlaub als ein Cotswolds Cottage. Untenstehend finden Sie eine Auswahl an Ferienwohnungen in den Cotswolds. Wenn Sie bereits wissen, wo in den Cotswolds&#8230; <\/p><\/span> <span class=\"featured-link-holder\"> <span class=\"featured-extra-info\"> \n<p>F\u00fcr Paare, Familien &#038; Gruppen<\/p>\n<\/span> \n<p class=\"featured-link\">DETAILS<\/p>\n<\/span> <\/a><\/div>\n<div class=\"snippet\"> <a class=\"featured-item\" href=\" https:\/\/www.urlaubcornwall.de\/ferienhaeuser-fewos\/eng\/lake-district\/lake-district.html\"> <span class=\"image-holder\" style=\"background-image: url(' https:\/\/www.urlaubcornwall.de\/blog\/wp-content\/uploads\/2019\/01\/urlaub-lake-distrikt.jpg');\"><\/span> <span class=\"featured-content\"> \n<h2 class=\"featured-title\">Ferienh\u00e4user im Lake Distrikt zum Verlieben!<\/h2>\n<p class=\"featured-body\">Enge Stra\u00dfen, hoch aufragende Berge, herabst\u00fcrzende Wasserf\u00e4lle und Seen jeglichen Umfangs und jeglicher Form schaffen eine Landschaft&#8230;..<\/p>\n<\/span> <span class=\"featured-link-holder\"> <span class=\"featured-extra-info\"> \n<p>F\u00fcr Paare, Familien &#038; Gruppen<\/p>\n<\/span> \n<p class=\"featured-link\">DETAILS<\/p>\n<\/span> <\/a><\/div>\n","protected":false},"excerpt":{"rendered":"<p>J\u00fcngstes Update Coronavirus\/Covid 19 &#8211; Vom 11. Februar 2022 ist es nicht mehr n\u00f6tig, sich bei Ankunft im UK einem Coronavirustest zu unterziehen, sofern Besucher vollst\u00e4ndig geimpft sind. Reisende werden ins Land kommen k\u00f6nnen, ohne vor oder nach der Reise einen Test durchf\u00fchren zu m\u00fcssen. Was geschieht mit Ihrem Urlaub, wenn Quarant\u00e4ne oder Reisebeschr\u00e4nkungen in [&hellip;]<\/p>\n","protected":false},"author":1,"featured_media":0,"parent":0,"menu_order":0,"comment_status":"closed","ping_status":"closed","template":"single-four.php","meta":[],"acf":[],"yoast_head":"<!-- This site is optimized with the Yoast SEO plugin v19.4 - https:\/\/yoast.com\/wordpress\/plugins\/seo\/ -->\n<title>Buchen Sie voller Vertrauen Ihr Ferienhaus nach Coronavirus - Urlaub &amp; Reisen<\/title>\n<meta name=\"description\" content=\"Was geschieht mit Ihrem Urlaub, wenn Quarant\u00e4ne oder Reisebeschr\u00e4nkungen in Kraft treten bez\u00fcglich der Einreise von Deutschland ins UK?\" \/>\n<meta name=\"robots\" content=\"index, follow, max-snippet:-1, max-image-preview:large, max-video-preview:-1\" \/>\n<link rel=\"canonical\" href=\"https:\/\/www.urlaubcornwall.de\/blog\/buchen-sie-voller-vertrauen-ihr-ferienhaus-nach-coronavirus\/\" \/>\n<meta property=\"og:locale\" content=\"en_US\" \/>\n<meta property=\"og:type\" content=\"article\" \/>\n<meta property=\"og:title\" content=\"Buchen Sie voller Vertrauen Ihr Ferienhaus nach Coronavirus - Urlaub &amp; Reisen\" \/>\n<meta property=\"og:description\" content=\"Was geschieht mit Ihrem Urlaub, wenn Quarant\u00e4ne oder Reisebeschr\u00e4nkungen in Kraft treten bez\u00fcglich der Einreise von Deutschland ins UK?\" \/>\n<meta property=\"og:url\" content=\"https:\/\/www.urlaubcornwall.de\/blog\/buchen-sie-voller-vertrauen-ihr-ferienhaus-nach-coronavirus\/\" \/>\n<meta property=\"og:site_name\" content=\"Urlaub &amp; Reisen\" \/>\n<meta property=\"article:modified_time\" content=\"2024-04-15T15:35:55+00:00\" \/>\n<meta name=\"twitter:card\" content=\"summary\" \/>\n<meta name=\"twitter:label1\" content=\"Est. reading time\" \/>\n\t<meta name=\"twitter:data1\" content=\"3 minutes\" \/>\n<script type=\"application\/ld+json\" class=\"yoast-schema-graph\">{\"@context\":\"https:\/\/schema.org\",\"@graph\":[{\"@type\":\"WebSite\",\"@id\":\"https:\/\/www.urlaubcornwall.de\/blog\/#website\",\"url\":\"https:\/\/www.urlaubcornwall.de\/blog\/\",\"name\":\"Urlaub &amp; Reisen\",\"description\":\"Urlaub, Reisen, Cornwall und S\u00fcdengland: eine perfekte Kombination\",\"potentialAction\":[{\"@type\":\"SearchAction\",\"target\":{\"@type\":\"EntryPoint\",\"urlTemplate\":\"https:\/\/www.urlaubcornwall.de\/blog\/?s={search_term_string}\"},\"query-input\":\"required name=search_term_string\"}],\"inLanguage\":\"en-US\"},{\"@type\":\"WebPage\",\"@id\":\"https:\/\/www.urlaubcornwall.de\/blog\/buchen-sie-voller-vertrauen-ihr-ferienhaus-nach-coronavirus\/\",\"url\":\"https:\/\/www.urlaubcornwall.de\/blog\/buchen-sie-voller-vertrauen-ihr-ferienhaus-nach-coronavirus\/\",\"name\":\"Buchen Sie voller Vertrauen Ihr Ferienhaus nach Coronavirus - Urlaub &amp; Reisen\",\"isPartOf\":{\"@id\":\"https:\/\/www.urlaubcornwall.de\/blog\/#website\"},\"datePublished\":\"2020-11-09T14:03:46+00:00\",\"dateModified\":\"2024-04-15T15:35:55+00:00\",\"description\":\"Was geschieht mit Ihrem Urlaub, wenn Quarant\u00e4ne oder Reisebeschr\u00e4nkungen in Kraft treten bez\u00fcglich der Einreise von Deutschland ins UK?\",\"breadcrumb\":{\"@id\":\"https:\/\/www.urlaubcornwall.de\/blog\/buchen-sie-voller-vertrauen-ihr-ferienhaus-nach-coronavirus\/#breadcrumb\"},\"inLanguage\":\"en-US\",\"potentialAction\":[{\"@type\":\"ReadAction\",\"target\":[\"https:\/\/www.urlaubcornwall.de\/blog\/buchen-sie-voller-vertrauen-ihr-ferienhaus-nach-coronavirus\/\"]}]},{\"@type\":\"BreadcrumbList\",\"@id\":\"https:\/\/www.urlaubcornwall.de\/blog\/buchen-sie-voller-vertrauen-ihr-ferienhaus-nach-coronavirus\/#breadcrumb\",\"itemListElement\":[{\"@type\":\"ListItem\",\"position\":1,\"name\":\"Home\",\"item\":\"https:\/\/www.urlaubcornwall.de\/blog\/\"},{\"@type\":\"ListItem\",\"position\":2,\"name\":\"Buchen Sie voller Vertrauen Ihr Ferienhaus nach Coronavirus\"}]}]}<\/script>\n<!-- \/ Yoast SEO plugin. -->","yoast_head_json":{"title":"Buchen Sie voller Vertrauen Ihr Ferienhaus nach Coronavirus - Urlaub &amp; Reisen","description":"Was geschieht mit Ihrem Urlaub, wenn Quarant\u00e4ne oder Reisebeschr\u00e4nkungen in Kraft treten bez\u00fcglich der Einreise von Deutschland ins UK?","robots":{"index":"index","follow":"follow","max-snippet":"max-snippet:-1","max-image-preview":"max-image-preview:large","max-video-preview":"max-video-preview:-1"},"canonical":"https:\/\/www.urlaubcornwall.de\/blog\/buchen-sie-voller-vertrauen-ihr-ferienhaus-nach-coronavirus\/","og_locale":"en_US","og_type":"article","og_title":"Buchen Sie voller Vertrauen Ihr Ferienhaus nach Coronavirus - Urlaub &amp; Reisen","og_description":"Was geschieht mit Ihrem Urlaub, wenn Quarant\u00e4ne oder Reisebeschr\u00e4nkungen in Kraft treten bez\u00fcglich der Einreise von Deutschland ins UK?","og_url":"https:\/\/www.urlaubcornwall.de\/blog\/buchen-sie-voller-vertrauen-ihr-ferienhaus-nach-coronavirus\/","og_site_name":"Urlaub &amp; Reisen","article_modified_time":"2024-04-15T15:35:55+00:00","twitter_card":"summary","twitter_misc":{"Est. reading time":"3 minutes"},"schema":{"@context":"https:\/\/schema.org","@graph":[{"@type":"WebSite","@id":"https:\/\/www.urlaubcornwall.de\/blog\/#website","url":"https:\/\/www.urlaubcornwall.de\/blog\/","name":"Urlaub &amp; Reisen","description":"Urlaub, Reisen, Cornwall und S\u00fcdengland: eine perfekte Kombination","potentialAction":[{"@type":"SearchAction","target":{"@type":"EntryPoint","urlTemplate":"https:\/\/www.urlaubcornwall.de\/blog\/?s={search_term_string}"},"query-input":"required name=search_term_string"}],"inLanguage":"en-US"},{"@type":"WebPage","@id":"https:\/\/www.urlaubcornwall.de\/blog\/buchen-sie-voller-vertrauen-ihr-ferienhaus-nach-coronavirus\/","url":"https:\/\/www.urlaubcornwall.de\/blog\/buchen-sie-voller-vertrauen-ihr-ferienhaus-nach-coronavirus\/","name":"Buchen Sie voller Vertrauen Ihr Ferienhaus nach Coronavirus - Urlaub &amp; Reisen","isPartOf":{"@id":"https:\/\/www.urlaubcornwall.de\/blog\/#website"},"datePublished":"2020-11-09T14:03:46+00:00","dateModified":"2024-04-15T15:35:55+00:00","description":"Was geschieht mit Ihrem Urlaub, wenn Quarant\u00e4ne oder Reisebeschr\u00e4nkungen in Kraft treten bez\u00fcglich der Einreise von Deutschland ins UK?","breadcrumb":{"@id":"https:\/\/www.urlaubcornwall.de\/blog\/buchen-sie-voller-vertrauen-ihr-ferienhaus-nach-coronavirus\/#breadcrumb"},"inLanguage":"en-US","potentialAction":[{"@type":"ReadAction","target":["https:\/\/www.urlaubcornwall.de\/blog\/buchen-sie-voller-vertrauen-ihr-ferienhaus-nach-coronavirus\/"]}]},{"@type":"BreadcrumbList","@id":"https:\/\/www.urlaubcornwall.de\/blog\/buchen-sie-voller-vertrauen-ihr-ferienhaus-nach-coronavirus\/#breadcrumb","itemListElement":[{"@type":"ListItem","position":1,"name":"Home","item":"https:\/\/www.urlaubcornwall.de\/blog\/"},{"@type":"ListItem","position":2,"name":"Buchen Sie voller Vertrauen Ihr Ferienhaus nach Coronavirus"}]}]}},"_links":{"self":[{"href":"https:\/\/www.urlaubcornwall.de\/blog\/wp-json\/wp\/v2\/pages\/41191"}],"collection":[{"href":"https:\/\/www.urlaubcornwall.de\/blog\/wp-json\/wp\/v2\/pages"}],"about":[{"href":"https:\/\/www.urlaubcornwall.de\/blog\/wp-json\/wp\/v2\/types\/page"}],"author":[{"embeddable":true,"href":"https:\/\/www.urlaubcornwall.de\/blog\/wp-json\/wp\/v2\/users\/1"}],"replies":[{"embeddable":true,"href":"https:\/\/www.urlaubcornwall.de\/blog\/wp-json\/wp\/v2\/comments?post=41191"}],"version-history":[{"count":19,"href":"https:\/\/www.urlaubcornwall.de\/blog\/wp-json\/wp\/v2\/pages\/41191\/revisions"}],"predecessor-version":[{"id":49697,"href":"https:\/\/www.urlaubcornwall.de\/blog\/wp-json\/wp\/v2\/pages\/41191\/revisions\/49697"}],"wp:attachment":[{"href":"https:\/\/www.urlaubcornwall.de\/blog\/wp-json\/wp\/v2\/media?parent=41191"}],"curies":[{"name":"wp","href":"https:\/\/api.w.org\/{rel}","templated":true}]}}