{"id":41184,"date":"2020-11-09T12:15:04","date_gmt":"2020-11-09T12:15:04","guid":{"rendered":"https:\/\/www.urlaubcornwall.de\/blog\/?page_id=41184"},"modified":"2024-05-29T09:47:46","modified_gmt":"2024-05-29T09:47:46","slug":"hawkshead-in-lake-district-cumbria","status":"publish","type":"page","link":"https:\/\/www.urlaubcornwall.de\/blog\/hawkshead-in-lake-district-cumbria\/","title":{"rendered":"Hawkshead in Lake District, Urlaub in Cumbria"},"content":{"rendered":"<p><a href=\"https:\/\/www.urlaubcornwall.de\/blog\/wp-content\/uploads\/2024\/03\/lake-district.jpg\"><img loading=\"lazy\" src=\"https:\/\/www.urlaubcornwall.de\/blog\/wp-content\/uploads\/2024\/03\/lake-district.jpg\" alt=\"lake district\" width=\"750\" height=\"422\" class=\"alignnone size-full wp-image-47806\" srcset=\"https:\/\/www.urlaubcornwall.de\/blog\/wp-content\/uploads\/2024\/03\/lake-district.jpg 750w, https:\/\/www.urlaubcornwall.de\/blog\/wp-content\/uploads\/2024\/03\/lake-district-300x169.jpg 300w\" sizes=\"(max-width: 750px) 100vw, 750px\" \/><\/a><\/p>\n<p>Das <a href=\"https:\/\/www.urlaubcornwall.de\/ferienhaeuser-fewos\/eng\/lake-district\/hawkshead.html\">h\u00fcbsche Dorf Hawkshead<\/a> liegt im herrlichen Tal Esthwaite im <a href=\"https:\/\/www.urlaubcornwall.de\/reiseziel\/lake-district-nationalpark.php\">Herzen des Lake District<\/a>. Tief verankert in seiner Geschichte und seinem Erbe und in Verbindung gebracht mit William Wordsworth und Beatrix Potter, vermittelt dieses Dorf mit seinen Pflasterstra\u00dfen und gewei\u00dfelten Cottages ein magisches Gef\u00fchl.<\/p>\n<div class=\"snippet\"> <a class=\"featured-item\" href=\" https:\/\/www.urlaubcornwall.de\/ferienhaeuser-fewos\/eng\/lake-district\/lake-district.html\"> <span class=\"image-holder\" style=\"background-image: url(' https:\/\/www.urlaubcornwall.de\/blog\/wp-content\/uploads\/2019\/01\/urlaub-lake-distrikt.jpg');\"><\/span> <span class=\"featured-content\"> \n<h2 class=\"featured-title\">Ferienh\u00e4user im Lake Distrikt zum Verlieben!<\/h2>\n<p class=\"featured-body\">Enge Stra\u00dfen, hoch aufragende Berge, herabst\u00fcrzende Wasserf\u00e4lle und Seen jeglichen Umfangs und jeglicher Form schaffen eine Landschaft&#8230;..<\/p>\n<\/span> <span class=\"featured-link-holder\"> <span class=\"featured-extra-info\"> \n<p>F\u00fcr Paare, Familien &#038; Gruppen<\/p>\n<\/span> \n<p class=\"featured-link\">DETAILS<\/p>\n<\/span> <\/a><\/div>\n","protected":false},"excerpt":{"rendered":"<p>Das h\u00fcbsche Dorf Hawkshead liegt im herrlichen Tal Esthwaite im Herzen des Lake District. Tief verankert in seiner Geschichte und seinem Erbe und in Verbindung gebracht mit William Wordsworth und Beatrix Potter, vermittelt dieses Dorf mit seinen Pflasterstra\u00dfen und gewei\u00dfelten Cottages ein magisches Gef\u00fchl. Ferienh\u00e4user im Lake Distrikt zum Verlieben! Enge Stra\u00dfen, hoch aufragende Berge, [&hellip;]<\/p>\n","protected":false},"author":1,"featured_media":0,"parent":0,"menu_order":0,"comment_status":"closed","ping_status":"closed","template":"single-four.php","meta":[],"acf":[],"yoast_head":"<!-- This site is optimized with the Yoast SEO plugin v19.4 - https:\/\/yoast.com\/wordpress\/plugins\/seo\/ -->\n<title>Hawkshead in Lake District, Urlaub in Cumbria - Urlaub &amp; Reisen<\/title>\n<meta name=\"robots\" content=\"index, follow, max-snippet:-1, max-image-preview:large, max-video-preview:-1\" \/>\n<link rel=\"canonical\" href=\"https:\/\/www.urlaubcornwall.de\/blog\/hawkshead-in-lake-district-cumbria\/\" \/>\n<meta property=\"og:locale\" content=\"en_US\" \/>\n<meta property=\"og:type\" content=\"article\" \/>\n<meta property=\"og:title\" content=\"Hawkshead in Lake District, Urlaub in Cumbria - Urlaub &amp; Reisen\" \/>\n<meta property=\"og:description\" content=\"Das h\u00fcbsche Dorf Hawkshead liegt im herrlichen Tal Esthwaite im Herzen des Lake District. Tief verankert in seiner Geschichte und seinem Erbe und in Verbindung gebracht mit William Wordsworth und Beatrix Potter, vermittelt dieses Dorf mit seinen Pflasterstra\u00dfen und gewei\u00dfelten Cottages ein magisches Gef\u00fchl. Ferienh\u00e4user im Lake Distrikt zum Verlieben! Enge Stra\u00dfen, hoch aufragende Berge, [&hellip;]\" \/>\n<meta property=\"og:url\" content=\"https:\/\/www.urlaubcornwall.de\/blog\/hawkshead-in-lake-district-cumbria\/\" \/>\n<meta property=\"og:site_name\" content=\"Urlaub &amp; Reisen\" \/>\n<meta property=\"article:modified_time\" content=\"2024-05-29T09:47:46+00:00\" \/>\n<meta property=\"og:image\" content=\"https:\/\/www.urlaubcornwall.de\/blog\/wp-content\/uploads\/2024\/03\/lake-district.jpg\" \/>\n<meta name=\"twitter:card\" content=\"summary\" \/>\n<meta name=\"twitter:label1\" content=\"Est. reading time\" \/>\n\t<meta name=\"twitter:data1\" content=\"1 minute\" \/>\n<script type=\"application\/ld+json\" class=\"yoast-schema-graph\">{\"@context\":\"https:\/\/schema.org\",\"@graph\":[{\"@type\":\"WebSite\",\"@id\":\"https:\/\/www.urlaubcornwall.de\/blog\/#website\",\"url\":\"https:\/\/www.urlaubcornwall.de\/blog\/\",\"name\":\"Urlaub &amp; Reisen\",\"description\":\"Urlaub, Reisen, Cornwall und S\u00fcdengland: eine perfekte Kombination\",\"potentialAction\":[{\"@type\":\"SearchAction\",\"target\":{\"@type\":\"EntryPoint\",\"urlTemplate\":\"https:\/\/www.urlaubcornwall.de\/blog\/?s={search_term_string}\"},\"query-input\":\"required name=search_term_string\"}],\"inLanguage\":\"en-US\"},{\"@type\":\"WebPage\",\"@id\":\"https:\/\/www.urlaubcornwall.de\/blog\/hawkshead-in-lake-district-cumbria\/\",\"url\":\"https:\/\/www.urlaubcornwall.de\/blog\/hawkshead-in-lake-district-cumbria\/\",\"name\":\"Hawkshead in Lake District, Urlaub in Cumbria - Urlaub &amp; Reisen\",\"isPartOf\":{\"@id\":\"https:\/\/www.urlaubcornwall.de\/blog\/#website\"},\"datePublished\":\"2020-11-09T12:15:04+00:00\",\"dateModified\":\"2024-05-29T09:47:46+00:00\",\"breadcrumb\":{\"@id\":\"https:\/\/www.urlaubcornwall.de\/blog\/hawkshead-in-lake-district-cumbria\/#breadcrumb\"},\"inLanguage\":\"en-US\",\"potentialAction\":[{\"@type\":\"ReadAction\",\"target\":[\"https:\/\/www.urlaubcornwall.de\/blog\/hawkshead-in-lake-district-cumbria\/\"]}]},{\"@type\":\"BreadcrumbList\",\"@id\":\"https:\/\/www.urlaubcornwall.de\/blog\/hawkshead-in-lake-district-cumbria\/#breadcrumb\",\"itemListElement\":[{\"@type\":\"ListItem\",\"position\":1,\"name\":\"Home\",\"item\":\"https:\/\/www.urlaubcornwall.de\/blog\/\"},{\"@type\":\"ListItem\",\"position\":2,\"name\":\"Hawkshead in Lake District, Urlaub in Cumbria\"}]}]}<\/script>\n<!-- \/ Yoast SEO plugin. -->","yoast_head_json":{"title":"Hawkshead in Lake District, Urlaub in Cumbria - Urlaub &amp; Reisen","robots":{"index":"index","follow":"follow","max-snippet":"max-snippet:-1","max-image-preview":"max-image-preview:large","max-video-preview":"max-video-preview:-1"},"canonical":"https:\/\/www.urlaubcornwall.de\/blog\/hawkshead-in-lake-district-cumbria\/","og_locale":"en_US","og_type":"article","og_title":"Hawkshead in Lake District, Urlaub in Cumbria - Urlaub &amp; Reisen","og_description":"Das h\u00fcbsche Dorf Hawkshead liegt im herrlichen Tal Esthwaite im Herzen des Lake District. Tief verankert in seiner Geschichte und seinem Erbe und in Verbindung gebracht mit William Wordsworth und Beatrix Potter, vermittelt dieses Dorf mit seinen Pflasterstra\u00dfen und gewei\u00dfelten Cottages ein magisches Gef\u00fchl. Ferienh\u00e4user im Lake Distrikt zum Verlieben! Enge Stra\u00dfen, hoch aufragende Berge, [&hellip;]","og_url":"https:\/\/www.urlaubcornwall.de\/blog\/hawkshead-in-lake-district-cumbria\/","og_site_name":"Urlaub &amp; Reisen","article_modified_time":"2024-05-29T09:47:46+00:00","og_image":[{"url":"https:\/\/www.urlaubcornwall.de\/blog\/wp-content\/uploads\/2024\/03\/lake-district.jpg"}],"twitter_card":"summary","twitter_misc":{"Est. reading time":"1 minute"},"schema":{"@context":"https:\/\/schema.org","@graph":[{"@type":"WebSite","@id":"https:\/\/www.urlaubcornwall.de\/blog\/#website","url":"https:\/\/www.urlaubcornwall.de\/blog\/","name":"Urlaub &amp; Reisen","description":"Urlaub, Reisen, Cornwall und S\u00fcdengland: eine perfekte Kombination","potentialAction":[{"@type":"SearchAction","target":{"@type":"EntryPoint","urlTemplate":"https:\/\/www.urlaubcornwall.de\/blog\/?s={search_term_string}"},"query-input":"required name=search_term_string"}],"inLanguage":"en-US"},{"@type":"WebPage","@id":"https:\/\/www.urlaubcornwall.de\/blog\/hawkshead-in-lake-district-cumbria\/","url":"https:\/\/www.urlaubcornwall.de\/blog\/hawkshead-in-lake-district-cumbria\/","name":"Hawkshead in Lake District, Urlaub in Cumbria - Urlaub &amp; Reisen","isPartOf":{"@id":"https:\/\/www.urlaubcornwall.de\/blog\/#website"},"datePublished":"2020-11-09T12:15:04+00:00","dateModified":"2024-05-29T09:47:46+00:00","breadcrumb":{"@id":"https:\/\/www.urlaubcornwall.de\/blog\/hawkshead-in-lake-district-cumbria\/#breadcrumb"},"inLanguage":"en-US","potentialAction":[{"@type":"ReadAction","target":["https:\/\/www.urlaubcornwall.de\/blog\/hawkshead-in-lake-district-cumbria\/"]}]},{"@type":"BreadcrumbList","@id":"https:\/\/www.urlaubcornwall.de\/blog\/hawkshead-in-lake-district-cumbria\/#breadcrumb","itemListElement":[{"@type":"ListItem","position":1,"name":"Home","item":"https:\/\/www.urlaubcornwall.de\/blog\/"},{"@type":"ListItem","position":2,"name":"Hawkshead in Lake District, Urlaub in Cumbria"}]}]}},"_links":{"self":[{"href":"https:\/\/www.urlaubcornwall.de\/blog\/wp-json\/wp\/v2\/pages\/41184"}],"collection":[{"href":"https:\/\/www.urlaubcornwall.de\/blog\/wp-json\/wp\/v2\/pages"}],"about":[{"href":"https:\/\/www.urlaubcornwall.de\/blog\/wp-json\/wp\/v2\/types\/page"}],"author":[{"embeddable":true,"href":"https:\/\/www.urlaubcornwall.de\/blog\/wp-json\/wp\/v2\/users\/1"}],"replies":[{"embeddable":true,"href":"https:\/\/www.urlaubcornwall.de\/blog\/wp-json\/wp\/v2\/comments?post=41184"}],"version-history":[{"count":3,"href":"https:\/\/www.urlaubcornwall.de\/blog\/wp-json\/wp\/v2\/pages\/41184\/revisions"}],"predecessor-version":[{"id":50562,"href":"https:\/\/www.urlaubcornwall.de\/blog\/wp-json\/wp\/v2\/pages\/41184\/revisions\/50562"}],"wp:attachment":[{"href":"https:\/\/www.urlaubcornwall.de\/blog\/wp-json\/wp\/v2\/media?parent=41184"}],"curies":[{"name":"wp","href":"https:\/\/api.w.org\/{rel}","templated":true}]}}