{"id":41178,"date":"2020-11-09T11:57:16","date_gmt":"2020-11-09T11:57:16","guid":{"rendered":"https:\/\/www.urlaubcornwall.de\/blog\/?page_id=41178"},"modified":"2024-04-15T15:34:29","modified_gmt":"2024-04-15T15:34:29","slug":"besuchen-sie-alfriston-in-sussex","status":"publish","type":"page","link":"https:\/\/www.urlaubcornwall.de\/blog\/besuchen-sie-alfriston-in-sussex\/","title":{"rendered":"Besuchen Sie Alfriston in Sussex"},"content":{"rendered":"<p><img loading=\"lazy\" class=\"aligncenter size-full wp-image-33939\" src=\"https:\/\/www.urlaubcornwall.de\/blog\/wp-content\/uploads\/2018\/06\/Alfrriston-clergy-house.jpg\" alt=\"Alfriston sussex urlaub\" width=\"749\" height=\"431\"\/><\/p>\n<p>Alfriston, Ost-Sussex &#8211; Das h\u00fcbsche <a href=\"https:\/\/www.urlaubcornwall.de\/ferienhaeuser-fewos\/eng\/sussex\/alfriston.html\">Dorf Alfriston<\/a> liegt im Tal des Flusses Cuckmere, umgeben von <a href=\"http:\/\/www.urlaubcornwall.de\/reiseziel\/sussex.php\">den South Downs. <\/a>Eines der ersten Geb\u00e4ude, die vom National Trust \u00fcbernommen wurden, kann hier gefunden werden; das Clergy House (Klerushaus), ein reetgedecktes Fachwerkhaus des 14. Jahrhunderts befindet sich in idyllischer Lage mit Blick \u00fcber den Fluss Cuckmere.<\/p>\n<div class=\"snippet\"> <a class=\"featured-item\" href=\"https:\/\/www.urlaubcornwall.de\/ferienhaeuser\/suedengland.php\"> <span class=\"image-holder\" style=\"background-image: url('https:\/\/www.urlaubcornwall.de\/blog\/wp-content\/uploads\/2018\/12\/ferienhaus-cornwall-mit-hund.jpg');\"><\/span> <span class=\"featured-content\"> \n<h2 class=\"featured-title\">Ferienh\u00e4user in England zum Verlieben!<\/h2>\n<p class=\"featured-body\">Dank seiner langen Geschichte, der reizvollen Landschaften und seinen vielen Attraktionen ist S\u00fcdengland ein wahres Mekka f\u00fcr Urlauber. F\u00fcr Familien und Paare ist die Reise durch Kent, den Garten Englands, die Sussex Downs, die uralten Grafschaften von Hampshire und Dorset&#8230;.<\/p><\/span> <span class=\"featured-link-holder\"> <span class=\"featured-extra-info\"> \n<p>F\u00fcr Paare, Familien &#038; Gruppen<\/p>\n<\/span> \n<p class=\"featured-link\">DETAILS<\/p>\n<\/span> <\/a><\/div>\n","protected":false},"excerpt":{"rendered":"<p>Alfriston, Ost-Sussex &#8211; Das h\u00fcbsche Dorf Alfriston liegt im Tal des Flusses Cuckmere, umgeben von den South Downs. Eines der ersten Geb\u00e4ude, die vom National Trust \u00fcbernommen wurden, kann hier gefunden werden; das Clergy House (Klerushaus), ein reetgedecktes Fachwerkhaus des 14. Jahrhunderts befindet sich in idyllischer Lage mit Blick \u00fcber den Fluss Cuckmere. Ferienh\u00e4user in [&hellip;]<\/p>\n","protected":false},"author":1,"featured_media":0,"parent":0,"menu_order":0,"comment_status":"closed","ping_status":"closed","template":"single-four.php","meta":[],"acf":[],"yoast_head":"<!-- This site is optimized with the Yoast SEO plugin v19.4 - https:\/\/yoast.com\/wordpress\/plugins\/seo\/ -->\n<title>Besuchen Sie Alfriston in Sussex - Urlaub &amp; Reisen<\/title>\n<meta name=\"robots\" content=\"index, follow, max-snippet:-1, max-image-preview:large, max-video-preview:-1\" \/>\n<link rel=\"canonical\" href=\"https:\/\/www.urlaubcornwall.de\/blog\/besuchen-sie-alfriston-in-sussex\/\" \/>\n<meta property=\"og:locale\" content=\"en_US\" \/>\n<meta property=\"og:type\" content=\"article\" \/>\n<meta property=\"og:title\" content=\"Besuchen Sie Alfriston in Sussex - Urlaub &amp; Reisen\" \/>\n<meta property=\"og:description\" content=\"Alfriston, Ost-Sussex &#8211; Das h\u00fcbsche Dorf Alfriston liegt im Tal des Flusses Cuckmere, umgeben von den South Downs. Eines der ersten Geb\u00e4ude, die vom National Trust \u00fcbernommen wurden, kann hier gefunden werden; das Clergy House (Klerushaus), ein reetgedecktes Fachwerkhaus des 14. Jahrhunderts befindet sich in idyllischer Lage mit Blick \u00fcber den Fluss Cuckmere. Ferienh\u00e4user in [&hellip;]\" \/>\n<meta property=\"og:url\" content=\"https:\/\/www.urlaubcornwall.de\/blog\/besuchen-sie-alfriston-in-sussex\/\" \/>\n<meta property=\"og:site_name\" content=\"Urlaub &amp; Reisen\" \/>\n<meta property=\"article:modified_time\" content=\"2024-04-15T15:34:29+00:00\" \/>\n<meta property=\"og:image\" content=\"https:\/\/www.urlaubcornwall.de\/blog\/wp-content\/uploads\/2018\/06\/Alfrriston-clergy-house.jpg\" \/>\n<meta name=\"twitter:card\" content=\"summary\" \/>\n<meta name=\"twitter:label1\" content=\"Est. reading time\" \/>\n\t<meta name=\"twitter:data1\" content=\"1 minute\" \/>\n<script type=\"application\/ld+json\" class=\"yoast-schema-graph\">{\"@context\":\"https:\/\/schema.org\",\"@graph\":[{\"@type\":\"WebSite\",\"@id\":\"https:\/\/www.urlaubcornwall.de\/blog\/#website\",\"url\":\"https:\/\/www.urlaubcornwall.de\/blog\/\",\"name\":\"Urlaub &amp; Reisen\",\"description\":\"Urlaub, Reisen, Cornwall und S\u00fcdengland: eine perfekte Kombination\",\"potentialAction\":[{\"@type\":\"SearchAction\",\"target\":{\"@type\":\"EntryPoint\",\"urlTemplate\":\"https:\/\/www.urlaubcornwall.de\/blog\/?s={search_term_string}\"},\"query-input\":\"required name=search_term_string\"}],\"inLanguage\":\"en-US\"},{\"@type\":\"WebPage\",\"@id\":\"https:\/\/www.urlaubcornwall.de\/blog\/besuchen-sie-alfriston-in-sussex\/\",\"url\":\"https:\/\/www.urlaubcornwall.de\/blog\/besuchen-sie-alfriston-in-sussex\/\",\"name\":\"Besuchen Sie Alfriston in Sussex - Urlaub &amp; Reisen\",\"isPartOf\":{\"@id\":\"https:\/\/www.urlaubcornwall.de\/blog\/#website\"},\"datePublished\":\"2020-11-09T11:57:16+00:00\",\"dateModified\":\"2024-04-15T15:34:29+00:00\",\"breadcrumb\":{\"@id\":\"https:\/\/www.urlaubcornwall.de\/blog\/besuchen-sie-alfriston-in-sussex\/#breadcrumb\"},\"inLanguage\":\"en-US\",\"potentialAction\":[{\"@type\":\"ReadAction\",\"target\":[\"https:\/\/www.urlaubcornwall.de\/blog\/besuchen-sie-alfriston-in-sussex\/\"]}]},{\"@type\":\"BreadcrumbList\",\"@id\":\"https:\/\/www.urlaubcornwall.de\/blog\/besuchen-sie-alfriston-in-sussex\/#breadcrumb\",\"itemListElement\":[{\"@type\":\"ListItem\",\"position\":1,\"name\":\"Home\",\"item\":\"https:\/\/www.urlaubcornwall.de\/blog\/\"},{\"@type\":\"ListItem\",\"position\":2,\"name\":\"Besuchen Sie Alfriston in Sussex\"}]}]}<\/script>\n<!-- \/ Yoast SEO plugin. -->","yoast_head_json":{"title":"Besuchen Sie Alfriston in Sussex - Urlaub &amp; Reisen","robots":{"index":"index","follow":"follow","max-snippet":"max-snippet:-1","max-image-preview":"max-image-preview:large","max-video-preview":"max-video-preview:-1"},"canonical":"https:\/\/www.urlaubcornwall.de\/blog\/besuchen-sie-alfriston-in-sussex\/","og_locale":"en_US","og_type":"article","og_title":"Besuchen Sie Alfriston in Sussex - Urlaub &amp; Reisen","og_description":"Alfriston, Ost-Sussex &#8211; Das h\u00fcbsche Dorf Alfriston liegt im Tal des Flusses Cuckmere, umgeben von den South Downs. Eines der ersten Geb\u00e4ude, die vom National Trust \u00fcbernommen wurden, kann hier gefunden werden; das Clergy House (Klerushaus), ein reetgedecktes Fachwerkhaus des 14. Jahrhunderts befindet sich in idyllischer Lage mit Blick \u00fcber den Fluss Cuckmere. Ferienh\u00e4user in [&hellip;]","og_url":"https:\/\/www.urlaubcornwall.de\/blog\/besuchen-sie-alfriston-in-sussex\/","og_site_name":"Urlaub &amp; Reisen","article_modified_time":"2024-04-15T15:34:29+00:00","og_image":[{"url":"https:\/\/www.urlaubcornwall.de\/blog\/wp-content\/uploads\/2018\/06\/Alfrriston-clergy-house.jpg"}],"twitter_card":"summary","twitter_misc":{"Est. reading time":"1 minute"},"schema":{"@context":"https:\/\/schema.org","@graph":[{"@type":"WebSite","@id":"https:\/\/www.urlaubcornwall.de\/blog\/#website","url":"https:\/\/www.urlaubcornwall.de\/blog\/","name":"Urlaub &amp; Reisen","description":"Urlaub, Reisen, Cornwall und S\u00fcdengland: eine perfekte Kombination","potentialAction":[{"@type":"SearchAction","target":{"@type":"EntryPoint","urlTemplate":"https:\/\/www.urlaubcornwall.de\/blog\/?s={search_term_string}"},"query-input":"required name=search_term_string"}],"inLanguage":"en-US"},{"@type":"WebPage","@id":"https:\/\/www.urlaubcornwall.de\/blog\/besuchen-sie-alfriston-in-sussex\/","url":"https:\/\/www.urlaubcornwall.de\/blog\/besuchen-sie-alfriston-in-sussex\/","name":"Besuchen Sie Alfriston in Sussex - Urlaub &amp; Reisen","isPartOf":{"@id":"https:\/\/www.urlaubcornwall.de\/blog\/#website"},"datePublished":"2020-11-09T11:57:16+00:00","dateModified":"2024-04-15T15:34:29+00:00","breadcrumb":{"@id":"https:\/\/www.urlaubcornwall.de\/blog\/besuchen-sie-alfriston-in-sussex\/#breadcrumb"},"inLanguage":"en-US","potentialAction":[{"@type":"ReadAction","target":["https:\/\/www.urlaubcornwall.de\/blog\/besuchen-sie-alfriston-in-sussex\/"]}]},{"@type":"BreadcrumbList","@id":"https:\/\/www.urlaubcornwall.de\/blog\/besuchen-sie-alfriston-in-sussex\/#breadcrumb","itemListElement":[{"@type":"ListItem","position":1,"name":"Home","item":"https:\/\/www.urlaubcornwall.de\/blog\/"},{"@type":"ListItem","position":2,"name":"Besuchen Sie Alfriston in Sussex"}]}]}},"_links":{"self":[{"href":"https:\/\/www.urlaubcornwall.de\/blog\/wp-json\/wp\/v2\/pages\/41178"}],"collection":[{"href":"https:\/\/www.urlaubcornwall.de\/blog\/wp-json\/wp\/v2\/pages"}],"about":[{"href":"https:\/\/www.urlaubcornwall.de\/blog\/wp-json\/wp\/v2\/types\/page"}],"author":[{"embeddable":true,"href":"https:\/\/www.urlaubcornwall.de\/blog\/wp-json\/wp\/v2\/users\/1"}],"replies":[{"embeddable":true,"href":"https:\/\/www.urlaubcornwall.de\/blog\/wp-json\/wp\/v2\/comments?post=41178"}],"version-history":[{"count":3,"href":"https:\/\/www.urlaubcornwall.de\/blog\/wp-json\/wp\/v2\/pages\/41178\/revisions"}],"predecessor-version":[{"id":49691,"href":"https:\/\/www.urlaubcornwall.de\/blog\/wp-json\/wp\/v2\/pages\/41178\/revisions\/49691"}],"wp:attachment":[{"href":"https:\/\/www.urlaubcornwall.de\/blog\/wp-json\/wp\/v2\/media?parent=41178"}],"curies":[{"name":"wp","href":"https:\/\/api.w.org\/{rel}","templated":true}]}}