{"id":41176,"date":"2020-11-09T11:51:47","date_gmt":"2020-11-09T11:51:47","guid":{"rendered":"https:\/\/www.urlaubcornwall.de\/blog\/?page_id=41176"},"modified":"2024-05-31T07:13:24","modified_gmt":"2024-05-31T07:13:24","slug":"church-cove-gunwalloe","status":"publish","type":"page","link":"https:\/\/www.urlaubcornwall.de\/blog\/church-cove-gunwalloe\/","title":{"rendered":"Church Cove Gunwalloe"},"content":{"rendered":"<p><img loading=\"lazy\" class=\"aligncenter size-full wp-image-51190\" src=\"https:\/\/www.urlaubcornwall.de\/blog\/wp-content\/uploads\/2024\/05\/church_cove.jpg\" alt=\"church_cove\" width=\"750\" height=\"526\" srcset=\"https:\/\/www.urlaubcornwall.de\/blog\/wp-content\/uploads\/2024\/05\/church_cove.jpg 750w, https:\/\/www.urlaubcornwall.de\/blog\/wp-content\/uploads\/2024\/05\/church_cove-300x210.jpg 300w\" sizes=\"(max-width: 750px) 100vw, 750px\" \/><\/p>\n<p><strong><a href=\"https:\/\/www.urlaubcornwall.de\/ferienhaeuser-fewos\/gunwalloe-am-meer.html\">Gunwalloe, Helston<\/a> <\/strong> &#8211; Church Cove Gunwalloe auf der Lizard Halbinsel ist eine attraktive, nach S\u00fcdwesten hin ausgerichtete sandige Bucht mit der winzigen Kirche des St Wynwallow. Der Strand befindet sich in einem daf\u00fcr ausgezeichneten Gebiet hervorragender Natursch\u00f6nheit. Das wird Ihnen sofort klar, wenn Sie den Strand besuchen. Sie erkennen ihn vielleicht aus der <a href=\"https:\/\/www.urlaubcornwall.de\/blog\/auf-den-spuren-von-poldark-cornwall-das-muessen-sie-dazu-wissen\/\">Poldarkserie<\/a>, da die n\u00e4chtlichen Schiffswracksszenen hier gefilmt wurden.<\/p>\n<p>10 der besten <a href=\"https:\/\/www.urlaubcornwall.de\/blog\/10-der-besten-strandspaziergaenge-in-cornwall\/\">Strandspazierg\u00e4nge in Cornwall <\/a><\/p>\n<div class=\"snippet\"> <a class=\"featured-item\" href=\"https:\/\/www.urlaubcornwall.de\/ferienhaeuser\/cornwall.php\"> <span class=\"image-holder\" style=\"background-image: url('https:\/\/www.urlaubcornwall.de\/blog\/wp-content\/uploads\/2018\/12\/familienurlaub-corwnall-snippet.jpg');\"><\/span> <span class=\"featured-content\"> \n<h2 class=\"featured-title\">Ferienh\u00e4user in Cornwall am Meer<\/h2>\n<p class=\"featured-body\">Cornwall besitzt mehr K\u00fcstenlinien als jede andere Grafschaft und bietet einige der besten Str\u00e4nde, K\u00fcstenwanderwege und Klippenlandschaften, die man \u00fcberhaupt finden kann&#8230; <\/p><\/span> <span class=\"featured-link-holder\"> <span class=\"featured-extra-info\"> \n<p>F\u00fcr Paare, Familien &#038; Gruppen<\/p>\n<\/span> \n<p class=\"featured-link\">DETAILS<\/p>\n<\/span> <\/a><\/div>\n","protected":false},"excerpt":{"rendered":"<p>Gunwalloe, Helston &#8211; Church Cove Gunwalloe auf der Lizard Halbinsel ist eine attraktive, nach S\u00fcdwesten hin ausgerichtete sandige Bucht mit der winzigen Kirche des St Wynwallow. Der Strand befindet sich in einem daf\u00fcr ausgezeichneten Gebiet hervorragender Natursch\u00f6nheit. Das wird Ihnen sofort klar, wenn Sie den Strand besuchen. Sie erkennen ihn vielleicht aus der Poldarkserie, da [&hellip;]<\/p>\n","protected":false},"author":1,"featured_media":0,"parent":0,"menu_order":0,"comment_status":"closed","ping_status":"closed","template":"single-four.php","meta":[],"acf":[],"yoast_head":"<!-- This site is optimized with the Yoast SEO plugin v19.4 - https:\/\/yoast.com\/wordpress\/plugins\/seo\/ -->\n<title>Church Cove Gunwalloe - Urlaub &amp; Reisen<\/title>\n<meta name=\"robots\" content=\"index, follow, max-snippet:-1, max-image-preview:large, max-video-preview:-1\" \/>\n<link rel=\"canonical\" href=\"https:\/\/www.urlaubcornwall.de\/blog\/church-cove-gunwalloe\/\" \/>\n<meta property=\"og:locale\" content=\"en_US\" \/>\n<meta property=\"og:type\" content=\"article\" \/>\n<meta property=\"og:title\" content=\"Church Cove Gunwalloe - Urlaub &amp; Reisen\" \/>\n<meta property=\"og:description\" content=\"Gunwalloe, Helston &#8211; Church Cove Gunwalloe auf der Lizard Halbinsel ist eine attraktive, nach S\u00fcdwesten hin ausgerichtete sandige Bucht mit der winzigen Kirche des St Wynwallow. Der Strand befindet sich in einem daf\u00fcr ausgezeichneten Gebiet hervorragender Natursch\u00f6nheit. Das wird Ihnen sofort klar, wenn Sie den Strand besuchen. Sie erkennen ihn vielleicht aus der Poldarkserie, da [&hellip;]\" \/>\n<meta property=\"og:url\" content=\"https:\/\/www.urlaubcornwall.de\/blog\/church-cove-gunwalloe\/\" \/>\n<meta property=\"og:site_name\" content=\"Urlaub &amp; Reisen\" \/>\n<meta property=\"article:modified_time\" content=\"2024-05-31T07:13:24+00:00\" \/>\n<meta property=\"og:image\" content=\"https:\/\/www.urlaubcornwall.de\/blog\/wp-content\/uploads\/2024\/05\/church_cove.jpg\" \/>\n<meta name=\"twitter:card\" content=\"summary\" \/>\n<meta name=\"twitter:label1\" content=\"Est. reading time\" \/>\n\t<meta name=\"twitter:data1\" content=\"1 minute\" \/>\n<script type=\"application\/ld+json\" class=\"yoast-schema-graph\">{\"@context\":\"https:\/\/schema.org\",\"@graph\":[{\"@type\":\"WebSite\",\"@id\":\"https:\/\/www.urlaubcornwall.de\/blog\/#website\",\"url\":\"https:\/\/www.urlaubcornwall.de\/blog\/\",\"name\":\"Urlaub &amp; Reisen\",\"description\":\"Urlaub, Reisen, Cornwall und S\u00fcdengland: eine perfekte Kombination\",\"potentialAction\":[{\"@type\":\"SearchAction\",\"target\":{\"@type\":\"EntryPoint\",\"urlTemplate\":\"https:\/\/www.urlaubcornwall.de\/blog\/?s={search_term_string}\"},\"query-input\":\"required name=search_term_string\"}],\"inLanguage\":\"en-US\"},{\"@type\":\"WebPage\",\"@id\":\"https:\/\/www.urlaubcornwall.de\/blog\/church-cove-gunwalloe\/\",\"url\":\"https:\/\/www.urlaubcornwall.de\/blog\/church-cove-gunwalloe\/\",\"name\":\"Church Cove Gunwalloe - Urlaub &amp; Reisen\",\"isPartOf\":{\"@id\":\"https:\/\/www.urlaubcornwall.de\/blog\/#website\"},\"datePublished\":\"2020-11-09T11:51:47+00:00\",\"dateModified\":\"2024-05-31T07:13:24+00:00\",\"breadcrumb\":{\"@id\":\"https:\/\/www.urlaubcornwall.de\/blog\/church-cove-gunwalloe\/#breadcrumb\"},\"inLanguage\":\"en-US\",\"potentialAction\":[{\"@type\":\"ReadAction\",\"target\":[\"https:\/\/www.urlaubcornwall.de\/blog\/church-cove-gunwalloe\/\"]}]},{\"@type\":\"BreadcrumbList\",\"@id\":\"https:\/\/www.urlaubcornwall.de\/blog\/church-cove-gunwalloe\/#breadcrumb\",\"itemListElement\":[{\"@type\":\"ListItem\",\"position\":1,\"name\":\"Home\",\"item\":\"https:\/\/www.urlaubcornwall.de\/blog\/\"},{\"@type\":\"ListItem\",\"position\":2,\"name\":\"Church Cove Gunwalloe\"}]}]}<\/script>\n<!-- \/ Yoast SEO plugin. -->","yoast_head_json":{"title":"Church Cove Gunwalloe - Urlaub &amp; Reisen","robots":{"index":"index","follow":"follow","max-snippet":"max-snippet:-1","max-image-preview":"max-image-preview:large","max-video-preview":"max-video-preview:-1"},"canonical":"https:\/\/www.urlaubcornwall.de\/blog\/church-cove-gunwalloe\/","og_locale":"en_US","og_type":"article","og_title":"Church Cove Gunwalloe - Urlaub &amp; Reisen","og_description":"Gunwalloe, Helston &#8211; Church Cove Gunwalloe auf der Lizard Halbinsel ist eine attraktive, nach S\u00fcdwesten hin ausgerichtete sandige Bucht mit der winzigen Kirche des St Wynwallow. Der Strand befindet sich in einem daf\u00fcr ausgezeichneten Gebiet hervorragender Natursch\u00f6nheit. Das wird Ihnen sofort klar, wenn Sie den Strand besuchen. Sie erkennen ihn vielleicht aus der Poldarkserie, da [&hellip;]","og_url":"https:\/\/www.urlaubcornwall.de\/blog\/church-cove-gunwalloe\/","og_site_name":"Urlaub &amp; Reisen","article_modified_time":"2024-05-31T07:13:24+00:00","og_image":[{"url":"https:\/\/www.urlaubcornwall.de\/blog\/wp-content\/uploads\/2024\/05\/church_cove.jpg"}],"twitter_card":"summary","twitter_misc":{"Est. reading time":"1 minute"},"schema":{"@context":"https:\/\/schema.org","@graph":[{"@type":"WebSite","@id":"https:\/\/www.urlaubcornwall.de\/blog\/#website","url":"https:\/\/www.urlaubcornwall.de\/blog\/","name":"Urlaub &amp; Reisen","description":"Urlaub, Reisen, Cornwall und S\u00fcdengland: eine perfekte Kombination","potentialAction":[{"@type":"SearchAction","target":{"@type":"EntryPoint","urlTemplate":"https:\/\/www.urlaubcornwall.de\/blog\/?s={search_term_string}"},"query-input":"required name=search_term_string"}],"inLanguage":"en-US"},{"@type":"WebPage","@id":"https:\/\/www.urlaubcornwall.de\/blog\/church-cove-gunwalloe\/","url":"https:\/\/www.urlaubcornwall.de\/blog\/church-cove-gunwalloe\/","name":"Church Cove Gunwalloe - Urlaub &amp; Reisen","isPartOf":{"@id":"https:\/\/www.urlaubcornwall.de\/blog\/#website"},"datePublished":"2020-11-09T11:51:47+00:00","dateModified":"2024-05-31T07:13:24+00:00","breadcrumb":{"@id":"https:\/\/www.urlaubcornwall.de\/blog\/church-cove-gunwalloe\/#breadcrumb"},"inLanguage":"en-US","potentialAction":[{"@type":"ReadAction","target":["https:\/\/www.urlaubcornwall.de\/blog\/church-cove-gunwalloe\/"]}]},{"@type":"BreadcrumbList","@id":"https:\/\/www.urlaubcornwall.de\/blog\/church-cove-gunwalloe\/#breadcrumb","itemListElement":[{"@type":"ListItem","position":1,"name":"Home","item":"https:\/\/www.urlaubcornwall.de\/blog\/"},{"@type":"ListItem","position":2,"name":"Church Cove Gunwalloe"}]}]}},"_links":{"self":[{"href":"https:\/\/www.urlaubcornwall.de\/blog\/wp-json\/wp\/v2\/pages\/41176"}],"collection":[{"href":"https:\/\/www.urlaubcornwall.de\/blog\/wp-json\/wp\/v2\/pages"}],"about":[{"href":"https:\/\/www.urlaubcornwall.de\/blog\/wp-json\/wp\/v2\/types\/page"}],"author":[{"embeddable":true,"href":"https:\/\/www.urlaubcornwall.de\/blog\/wp-json\/wp\/v2\/users\/1"}],"replies":[{"embeddable":true,"href":"https:\/\/www.urlaubcornwall.de\/blog\/wp-json\/wp\/v2\/comments?post=41176"}],"version-history":[{"count":3,"href":"https:\/\/www.urlaubcornwall.de\/blog\/wp-json\/wp\/v2\/pages\/41176\/revisions"}],"predecessor-version":[{"id":51191,"href":"https:\/\/www.urlaubcornwall.de\/blog\/wp-json\/wp\/v2\/pages\/41176\/revisions\/51191"}],"wp:attachment":[{"href":"https:\/\/www.urlaubcornwall.de\/blog\/wp-json\/wp\/v2\/media?parent=41176"}],"curies":[{"name":"wp","href":"https:\/\/api.w.org\/{rel}","templated":true}]}}