{"id":41171,"date":"2020-11-09T10:15:10","date_gmt":"2020-11-09T10:15:10","guid":{"rendered":"https:\/\/www.urlaubcornwall.de\/blog\/?page_id=41171"},"modified":"2024-05-31T07:17:21","modified_gmt":"2024-05-31T07:17:21","slug":"prussia-cove-piskies-cove","status":"publish","type":"page","link":"https:\/\/www.urlaubcornwall.de\/blog\/prussia-cove-piskies-cove\/","title":{"rendered":"Prussia Cove &#038; Piskies Cove"},"content":{"rendered":"<p><a href=\"https:\/\/www.urlaubcornwall.de\/blog\/wp-content\/uploads\/2024\/05\/Prussia-Cove.jpg\"><img loading=\"lazy\" src=\"https:\/\/www.urlaubcornwall.de\/blog\/wp-content\/uploads\/2024\/05\/Prussia-Cove.jpg\" alt=\"Prussia-Cove\" width=\"750\" height=\"501\" class=\"alignnone size-full wp-image-51193\" srcset=\"https:\/\/www.urlaubcornwall.de\/blog\/wp-content\/uploads\/2024\/05\/Prussia-Cove.jpg 750w, https:\/\/www.urlaubcornwall.de\/blog\/wp-content\/uploads\/2024\/05\/Prussia-Cove-300x200.jpg 300w\" sizes=\"(max-width: 750px) 100vw, 750px\" \/><\/a><\/p>\n<p><strong>Prussia &amp; Piskies Buchten<\/strong> &#8211; Piskies Cove ist eine winzige einsame Bucht und geh\u00f6rt zu den drei Buchten der Prussia Cove Gruppe. Bei Flut gibt es keinen Strand, doch auch dann ist sie gut geeignet zum Schwimmen und Sonnenbaden auf den Felsen. Dies ist einer der Orte, an dem der ber\u00fchmte Schmuggler John Carter und seine Br\u00fcder ihre Schmuggelware an Land gebracht haben. Parken Sie Ihr Auto an der Prussia Cove und spazieren Sie dann entlang des Fu\u00dfpfades durch ein Gebiet, das reich ist an romantischen Geschichten der Schmuggler und Fischer, die hier lebten.<\/p>\n<p>6 von Cornwalls versteckt gelegenen <a href=\"https:\/\/www.urlaubcornwall.de\/blog\/6-von-cornwalls-versteckt-gelegenen-buchten-und-straenden\/\">Buchten und Str\u00e4nden<\/a> <\/p>\n<div class=\"snippet\"> <a class=\"featured-item\" href=\"https:\/\/www.urlaubcornwall.de\/ferienhaeuser\/cornwall.php\"> <span class=\"image-holder\" style=\"background-image: url('https:\/\/www.urlaubcornwall.de\/blog\/wp-content\/uploads\/2018\/12\/familienurlaub-corwnall-snippet.jpg');\"><\/span> <span class=\"featured-content\"> \n<h2 class=\"featured-title\">Ferienh\u00e4user in Cornwall am Meer<\/h2>\n<p class=\"featured-body\">Cornwall besitzt mehr K\u00fcstenlinien als jede andere Grafschaft und bietet einige der besten Str\u00e4nde, K\u00fcstenwanderwege und Klippenlandschaften, die man \u00fcberhaupt finden kann&#8230; <\/p><\/span> <span class=\"featured-link-holder\"> <span class=\"featured-extra-info\"> \n<p>F\u00fcr Paare, Familien &#038; Gruppen<\/p>\n<\/span> \n<p class=\"featured-link\">DETAILS<\/p>\n<\/span> <\/a><\/div>\n","protected":false},"excerpt":{"rendered":"<p>Prussia &amp; Piskies Buchten &#8211; Piskies Cove ist eine winzige einsame Bucht und geh\u00f6rt zu den drei Buchten der Prussia Cove Gruppe. Bei Flut gibt es keinen Strand, doch auch dann ist sie gut geeignet zum Schwimmen und Sonnenbaden auf den Felsen. Dies ist einer der Orte, an dem der ber\u00fchmte Schmuggler John Carter und [&hellip;]<\/p>\n","protected":false},"author":1,"featured_media":0,"parent":0,"menu_order":0,"comment_status":"closed","ping_status":"closed","template":"single-four.php","meta":[],"acf":[],"yoast_head":"<!-- This site is optimized with the Yoast SEO plugin v19.4 - https:\/\/yoast.com\/wordpress\/plugins\/seo\/ -->\n<title>Prussia Cove &amp; Piskies Cove - Urlaub &amp; Reisen<\/title>\n<meta name=\"robots\" content=\"index, follow, max-snippet:-1, max-image-preview:large, max-video-preview:-1\" \/>\n<link rel=\"canonical\" href=\"https:\/\/www.urlaubcornwall.de\/blog\/prussia-cove-piskies-cove\/\" \/>\n<meta property=\"og:locale\" content=\"en_US\" \/>\n<meta property=\"og:type\" content=\"article\" \/>\n<meta property=\"og:title\" content=\"Prussia Cove &amp; Piskies Cove - Urlaub &amp; Reisen\" \/>\n<meta property=\"og:description\" content=\"Prussia &amp; Piskies Buchten &#8211; Piskies Cove ist eine winzige einsame Bucht und geh\u00f6rt zu den drei Buchten der Prussia Cove Gruppe. Bei Flut gibt es keinen Strand, doch auch dann ist sie gut geeignet zum Schwimmen und Sonnenbaden auf den Felsen. Dies ist einer der Orte, an dem der ber\u00fchmte Schmuggler John Carter und [&hellip;]\" \/>\n<meta property=\"og:url\" content=\"https:\/\/www.urlaubcornwall.de\/blog\/prussia-cove-piskies-cove\/\" \/>\n<meta property=\"og:site_name\" content=\"Urlaub &amp; Reisen\" \/>\n<meta property=\"article:modified_time\" content=\"2024-05-31T07:17:21+00:00\" \/>\n<meta property=\"og:image\" content=\"https:\/\/www.urlaubcornwall.de\/blog\/wp-content\/uploads\/2024\/05\/Prussia-Cove.jpg\" \/>\n<meta name=\"twitter:card\" content=\"summary\" \/>\n<meta name=\"twitter:label1\" content=\"Est. reading time\" \/>\n\t<meta name=\"twitter:data1\" content=\"1 minute\" \/>\n<script type=\"application\/ld+json\" class=\"yoast-schema-graph\">{\"@context\":\"https:\/\/schema.org\",\"@graph\":[{\"@type\":\"WebSite\",\"@id\":\"https:\/\/www.urlaubcornwall.de\/blog\/#website\",\"url\":\"https:\/\/www.urlaubcornwall.de\/blog\/\",\"name\":\"Urlaub &amp; Reisen\",\"description\":\"Urlaub, Reisen, Cornwall und S\u00fcdengland: eine perfekte Kombination\",\"potentialAction\":[{\"@type\":\"SearchAction\",\"target\":{\"@type\":\"EntryPoint\",\"urlTemplate\":\"https:\/\/www.urlaubcornwall.de\/blog\/?s={search_term_string}\"},\"query-input\":\"required name=search_term_string\"}],\"inLanguage\":\"en-US\"},{\"@type\":\"WebPage\",\"@id\":\"https:\/\/www.urlaubcornwall.de\/blog\/prussia-cove-piskies-cove\/\",\"url\":\"https:\/\/www.urlaubcornwall.de\/blog\/prussia-cove-piskies-cove\/\",\"name\":\"Prussia Cove & Piskies Cove - Urlaub &amp; Reisen\",\"isPartOf\":{\"@id\":\"https:\/\/www.urlaubcornwall.de\/blog\/#website\"},\"datePublished\":\"2020-11-09T10:15:10+00:00\",\"dateModified\":\"2024-05-31T07:17:21+00:00\",\"breadcrumb\":{\"@id\":\"https:\/\/www.urlaubcornwall.de\/blog\/prussia-cove-piskies-cove\/#breadcrumb\"},\"inLanguage\":\"en-US\",\"potentialAction\":[{\"@type\":\"ReadAction\",\"target\":[\"https:\/\/www.urlaubcornwall.de\/blog\/prussia-cove-piskies-cove\/\"]}]},{\"@type\":\"BreadcrumbList\",\"@id\":\"https:\/\/www.urlaubcornwall.de\/blog\/prussia-cove-piskies-cove\/#breadcrumb\",\"itemListElement\":[{\"@type\":\"ListItem\",\"position\":1,\"name\":\"Home\",\"item\":\"https:\/\/www.urlaubcornwall.de\/blog\/\"},{\"@type\":\"ListItem\",\"position\":2,\"name\":\"Prussia Cove &#038; Piskies Cove\"}]}]}<\/script>\n<!-- \/ Yoast SEO plugin. -->","yoast_head_json":{"title":"Prussia Cove & Piskies Cove - Urlaub &amp; Reisen","robots":{"index":"index","follow":"follow","max-snippet":"max-snippet:-1","max-image-preview":"max-image-preview:large","max-video-preview":"max-video-preview:-1"},"canonical":"https:\/\/www.urlaubcornwall.de\/blog\/prussia-cove-piskies-cove\/","og_locale":"en_US","og_type":"article","og_title":"Prussia Cove & Piskies Cove - Urlaub &amp; Reisen","og_description":"Prussia &amp; Piskies Buchten &#8211; Piskies Cove ist eine winzige einsame Bucht und geh\u00f6rt zu den drei Buchten der Prussia Cove Gruppe. Bei Flut gibt es keinen Strand, doch auch dann ist sie gut geeignet zum Schwimmen und Sonnenbaden auf den Felsen. Dies ist einer der Orte, an dem der ber\u00fchmte Schmuggler John Carter und [&hellip;]","og_url":"https:\/\/www.urlaubcornwall.de\/blog\/prussia-cove-piskies-cove\/","og_site_name":"Urlaub &amp; Reisen","article_modified_time":"2024-05-31T07:17:21+00:00","og_image":[{"url":"https:\/\/www.urlaubcornwall.de\/blog\/wp-content\/uploads\/2024\/05\/Prussia-Cove.jpg"}],"twitter_card":"summary","twitter_misc":{"Est. reading time":"1 minute"},"schema":{"@context":"https:\/\/schema.org","@graph":[{"@type":"WebSite","@id":"https:\/\/www.urlaubcornwall.de\/blog\/#website","url":"https:\/\/www.urlaubcornwall.de\/blog\/","name":"Urlaub &amp; Reisen","description":"Urlaub, Reisen, Cornwall und S\u00fcdengland: eine perfekte Kombination","potentialAction":[{"@type":"SearchAction","target":{"@type":"EntryPoint","urlTemplate":"https:\/\/www.urlaubcornwall.de\/blog\/?s={search_term_string}"},"query-input":"required name=search_term_string"}],"inLanguage":"en-US"},{"@type":"WebPage","@id":"https:\/\/www.urlaubcornwall.de\/blog\/prussia-cove-piskies-cove\/","url":"https:\/\/www.urlaubcornwall.de\/blog\/prussia-cove-piskies-cove\/","name":"Prussia Cove & Piskies Cove - Urlaub &amp; Reisen","isPartOf":{"@id":"https:\/\/www.urlaubcornwall.de\/blog\/#website"},"datePublished":"2020-11-09T10:15:10+00:00","dateModified":"2024-05-31T07:17:21+00:00","breadcrumb":{"@id":"https:\/\/www.urlaubcornwall.de\/blog\/prussia-cove-piskies-cove\/#breadcrumb"},"inLanguage":"en-US","potentialAction":[{"@type":"ReadAction","target":["https:\/\/www.urlaubcornwall.de\/blog\/prussia-cove-piskies-cove\/"]}]},{"@type":"BreadcrumbList","@id":"https:\/\/www.urlaubcornwall.de\/blog\/prussia-cove-piskies-cove\/#breadcrumb","itemListElement":[{"@type":"ListItem","position":1,"name":"Home","item":"https:\/\/www.urlaubcornwall.de\/blog\/"},{"@type":"ListItem","position":2,"name":"Prussia Cove &#038; Piskies Cove"}]}]}},"_links":{"self":[{"href":"https:\/\/www.urlaubcornwall.de\/blog\/wp-json\/wp\/v2\/pages\/41171"}],"collection":[{"href":"https:\/\/www.urlaubcornwall.de\/blog\/wp-json\/wp\/v2\/pages"}],"about":[{"href":"https:\/\/www.urlaubcornwall.de\/blog\/wp-json\/wp\/v2\/types\/page"}],"author":[{"embeddable":true,"href":"https:\/\/www.urlaubcornwall.de\/blog\/wp-json\/wp\/v2\/users\/1"}],"replies":[{"embeddable":true,"href":"https:\/\/www.urlaubcornwall.de\/blog\/wp-json\/wp\/v2\/comments?post=41171"}],"version-history":[{"count":3,"href":"https:\/\/www.urlaubcornwall.de\/blog\/wp-json\/wp\/v2\/pages\/41171\/revisions"}],"predecessor-version":[{"id":51194,"href":"https:\/\/www.urlaubcornwall.de\/blog\/wp-json\/wp\/v2\/pages\/41171\/revisions\/51194"}],"wp:attachment":[{"href":"https:\/\/www.urlaubcornwall.de\/blog\/wp-json\/wp\/v2\/media?parent=41171"}],"curies":[{"name":"wp","href":"https:\/\/api.w.org\/{rel}","templated":true}]}}