{"id":41169,"date":"2020-11-09T10:10:15","date_gmt":"2020-11-09T10:10:15","guid":{"rendered":"https:\/\/www.urlaubcornwall.de\/blog\/?page_id=41169"},"modified":"2024-05-31T07:18:13","modified_gmt":"2024-05-31T07:18:13","slug":"strangles-strand-nord-cornwall","status":"publish","type":"page","link":"https:\/\/www.urlaubcornwall.de\/blog\/strangles-strand-nord-cornwall\/","title":{"rendered":"Strangles Strand &#8211; Nord Cornwall"},"content":{"rendered":"<p><strong>Strangles Beach<\/strong> &#8211; Strangles Beach ist ein langer, nach Westen hin gelegener Sandstrand bei Crackington Haven nahe <a href=\"https:\/\/www.urlaubcornwall.de\/ferienhaeuser-fewos\/boscastle.html\">Bos astle<\/a>. Es f\u00fchrt ein recht steiler Weg hinunter zum Strand, so dass es selbst in der Hochsaison ein ruhiger Strand ist. Strangles Beach befindet sich in einem Gebiet <a href=\"https:\/\/www.urlaubcornwall.de\/ferienhaeuser-fewos\/cornwall-am-meer.html\">dramatischer K\u00fcste<\/a> mit hohen Klippen, Landspitzen und versteckten bewaldeten T\u00e4lern. High Cliff ist mit mehr als 200 Metern die h\u00f6chste Klippe Cornwalls. Der Strand eignet sich gro\u00dfartig, um Robben zu beobachten und die Felsenpools zu erkunden. Ein Teil des Strandes wird h\u00e4ufig von FKK-Anh\u00e4ngern genutzt.<\/p>\n<p>6 von Cornwalls versteckt gelegenen <a href=\"https:\/\/www.urlaubcornwall.de\/blog\/6-von-cornwalls-versteckt-gelegenen-buchten-und-straenden\/\">Buchten und Str\u00e4nden<\/a> <\/p>\n<div class=\"snippet\"> <a class=\"featured-item\" href=\"https:\/\/www.urlaubcornwall.de\/ferienhaeuser\/cornwall.php\"> <span class=\"image-holder\" style=\"background-image: url('https:\/\/www.urlaubcornwall.de\/blog\/wp-content\/uploads\/2018\/12\/familienurlaub-corwnall-snippet.jpg');\"><\/span> <span class=\"featured-content\"> \n<h2 class=\"featured-title\">Ferienh\u00e4user in Cornwall am Meer<\/h2>\n<p class=\"featured-body\">Cornwall besitzt mehr K\u00fcstenlinien als jede andere Grafschaft und bietet einige der besten Str\u00e4nde, K\u00fcstenwanderwege und Klippenlandschaften, die man \u00fcberhaupt finden kann&#8230; <\/p><\/span> <span class=\"featured-link-holder\"> <span class=\"featured-extra-info\"> \n<p>F\u00fcr Paare, Familien &#038; Gruppen<\/p>\n<\/span> \n<p class=\"featured-link\">DETAILS<\/p>\n<\/span> <\/a><\/div>\n","protected":false},"excerpt":{"rendered":"<p>Strangles Beach &#8211; Strangles Beach ist ein langer, nach Westen hin gelegener Sandstrand bei Crackington Haven nahe Bos astle. Es f\u00fchrt ein recht steiler Weg hinunter zum Strand, so dass es selbst in der Hochsaison ein ruhiger Strand ist. Strangles Beach befindet sich in einem Gebiet dramatischer K\u00fcste mit hohen Klippen, Landspitzen und versteckten bewaldeten [&hellip;]<\/p>\n","protected":false},"author":1,"featured_media":0,"parent":0,"menu_order":0,"comment_status":"closed","ping_status":"closed","template":"single-four.php","meta":[],"acf":[],"yoast_head":"<!-- This site is optimized with the Yoast SEO plugin v19.4 - https:\/\/yoast.com\/wordpress\/plugins\/seo\/ -->\n<title>Strangles Strand - Nord Cornwall - Urlaub &amp; Reisen<\/title>\n<meta name=\"robots\" content=\"index, follow, max-snippet:-1, max-image-preview:large, max-video-preview:-1\" \/>\n<link rel=\"canonical\" href=\"https:\/\/www.urlaubcornwall.de\/blog\/strangles-strand-nord-cornwall\/\" \/>\n<meta property=\"og:locale\" content=\"en_US\" \/>\n<meta property=\"og:type\" content=\"article\" \/>\n<meta property=\"og:title\" content=\"Strangles Strand - Nord Cornwall - Urlaub &amp; Reisen\" \/>\n<meta property=\"og:description\" content=\"Strangles Beach &#8211; Strangles Beach ist ein langer, nach Westen hin gelegener Sandstrand bei Crackington Haven nahe Bos astle. Es f\u00fchrt ein recht steiler Weg hinunter zum Strand, so dass es selbst in der Hochsaison ein ruhiger Strand ist. Strangles Beach befindet sich in einem Gebiet dramatischer K\u00fcste mit hohen Klippen, Landspitzen und versteckten bewaldeten [&hellip;]\" \/>\n<meta property=\"og:url\" content=\"https:\/\/www.urlaubcornwall.de\/blog\/strangles-strand-nord-cornwall\/\" \/>\n<meta property=\"og:site_name\" content=\"Urlaub &amp; Reisen\" \/>\n<meta property=\"article:modified_time\" content=\"2024-05-31T07:18:13+00:00\" \/>\n<meta name=\"twitter:card\" content=\"summary\" \/>\n<meta name=\"twitter:label1\" content=\"Est. reading time\" \/>\n\t<meta name=\"twitter:data1\" content=\"1 minute\" \/>\n<script type=\"application\/ld+json\" class=\"yoast-schema-graph\">{\"@context\":\"https:\/\/schema.org\",\"@graph\":[{\"@type\":\"WebSite\",\"@id\":\"https:\/\/www.urlaubcornwall.de\/blog\/#website\",\"url\":\"https:\/\/www.urlaubcornwall.de\/blog\/\",\"name\":\"Urlaub &amp; Reisen\",\"description\":\"Urlaub, Reisen, Cornwall und S\u00fcdengland: eine perfekte Kombination\",\"potentialAction\":[{\"@type\":\"SearchAction\",\"target\":{\"@type\":\"EntryPoint\",\"urlTemplate\":\"https:\/\/www.urlaubcornwall.de\/blog\/?s={search_term_string}\"},\"query-input\":\"required name=search_term_string\"}],\"inLanguage\":\"en-US\"},{\"@type\":\"WebPage\",\"@id\":\"https:\/\/www.urlaubcornwall.de\/blog\/strangles-strand-nord-cornwall\/\",\"url\":\"https:\/\/www.urlaubcornwall.de\/blog\/strangles-strand-nord-cornwall\/\",\"name\":\"Strangles Strand - Nord Cornwall - Urlaub &amp; Reisen\",\"isPartOf\":{\"@id\":\"https:\/\/www.urlaubcornwall.de\/blog\/#website\"},\"datePublished\":\"2020-11-09T10:10:15+00:00\",\"dateModified\":\"2024-05-31T07:18:13+00:00\",\"breadcrumb\":{\"@id\":\"https:\/\/www.urlaubcornwall.de\/blog\/strangles-strand-nord-cornwall\/#breadcrumb\"},\"inLanguage\":\"en-US\",\"potentialAction\":[{\"@type\":\"ReadAction\",\"target\":[\"https:\/\/www.urlaubcornwall.de\/blog\/strangles-strand-nord-cornwall\/\"]}]},{\"@type\":\"BreadcrumbList\",\"@id\":\"https:\/\/www.urlaubcornwall.de\/blog\/strangles-strand-nord-cornwall\/#breadcrumb\",\"itemListElement\":[{\"@type\":\"ListItem\",\"position\":1,\"name\":\"Home\",\"item\":\"https:\/\/www.urlaubcornwall.de\/blog\/\"},{\"@type\":\"ListItem\",\"position\":2,\"name\":\"Strangles Strand &#8211; Nord Cornwall\"}]}]}<\/script>\n<!-- \/ Yoast SEO plugin. -->","yoast_head_json":{"title":"Strangles Strand - Nord Cornwall - Urlaub &amp; Reisen","robots":{"index":"index","follow":"follow","max-snippet":"max-snippet:-1","max-image-preview":"max-image-preview:large","max-video-preview":"max-video-preview:-1"},"canonical":"https:\/\/www.urlaubcornwall.de\/blog\/strangles-strand-nord-cornwall\/","og_locale":"en_US","og_type":"article","og_title":"Strangles Strand - Nord Cornwall - Urlaub &amp; Reisen","og_description":"Strangles Beach &#8211; Strangles Beach ist ein langer, nach Westen hin gelegener Sandstrand bei Crackington Haven nahe Bos astle. Es f\u00fchrt ein recht steiler Weg hinunter zum Strand, so dass es selbst in der Hochsaison ein ruhiger Strand ist. Strangles Beach befindet sich in einem Gebiet dramatischer K\u00fcste mit hohen Klippen, Landspitzen und versteckten bewaldeten [&hellip;]","og_url":"https:\/\/www.urlaubcornwall.de\/blog\/strangles-strand-nord-cornwall\/","og_site_name":"Urlaub &amp; Reisen","article_modified_time":"2024-05-31T07:18:13+00:00","twitter_card":"summary","twitter_misc":{"Est. reading time":"1 minute"},"schema":{"@context":"https:\/\/schema.org","@graph":[{"@type":"WebSite","@id":"https:\/\/www.urlaubcornwall.de\/blog\/#website","url":"https:\/\/www.urlaubcornwall.de\/blog\/","name":"Urlaub &amp; Reisen","description":"Urlaub, Reisen, Cornwall und S\u00fcdengland: eine perfekte Kombination","potentialAction":[{"@type":"SearchAction","target":{"@type":"EntryPoint","urlTemplate":"https:\/\/www.urlaubcornwall.de\/blog\/?s={search_term_string}"},"query-input":"required name=search_term_string"}],"inLanguage":"en-US"},{"@type":"WebPage","@id":"https:\/\/www.urlaubcornwall.de\/blog\/strangles-strand-nord-cornwall\/","url":"https:\/\/www.urlaubcornwall.de\/blog\/strangles-strand-nord-cornwall\/","name":"Strangles Strand - Nord Cornwall - Urlaub &amp; Reisen","isPartOf":{"@id":"https:\/\/www.urlaubcornwall.de\/blog\/#website"},"datePublished":"2020-11-09T10:10:15+00:00","dateModified":"2024-05-31T07:18:13+00:00","breadcrumb":{"@id":"https:\/\/www.urlaubcornwall.de\/blog\/strangles-strand-nord-cornwall\/#breadcrumb"},"inLanguage":"en-US","potentialAction":[{"@type":"ReadAction","target":["https:\/\/www.urlaubcornwall.de\/blog\/strangles-strand-nord-cornwall\/"]}]},{"@type":"BreadcrumbList","@id":"https:\/\/www.urlaubcornwall.de\/blog\/strangles-strand-nord-cornwall\/#breadcrumb","itemListElement":[{"@type":"ListItem","position":1,"name":"Home","item":"https:\/\/www.urlaubcornwall.de\/blog\/"},{"@type":"ListItem","position":2,"name":"Strangles Strand &#8211; Nord Cornwall"}]}]}},"_links":{"self":[{"href":"https:\/\/www.urlaubcornwall.de\/blog\/wp-json\/wp\/v2\/pages\/41169"}],"collection":[{"href":"https:\/\/www.urlaubcornwall.de\/blog\/wp-json\/wp\/v2\/pages"}],"about":[{"href":"https:\/\/www.urlaubcornwall.de\/blog\/wp-json\/wp\/v2\/types\/page"}],"author":[{"embeddable":true,"href":"https:\/\/www.urlaubcornwall.de\/blog\/wp-json\/wp\/v2\/users\/1"}],"replies":[{"embeddable":true,"href":"https:\/\/www.urlaubcornwall.de\/blog\/wp-json\/wp\/v2\/comments?post=41169"}],"version-history":[{"count":2,"href":"https:\/\/www.urlaubcornwall.de\/blog\/wp-json\/wp\/v2\/pages\/41169\/revisions"}],"predecessor-version":[{"id":51195,"href":"https:\/\/www.urlaubcornwall.de\/blog\/wp-json\/wp\/v2\/pages\/41169\/revisions\/51195"}],"wp:attachment":[{"href":"https:\/\/www.urlaubcornwall.de\/blog\/wp-json\/wp\/v2\/media?parent=41169"}],"curies":[{"name":"wp","href":"https:\/\/api.w.org\/{rel}","templated":true}]}}