{"id":41165,"date":"2020-11-09T10:00:55","date_gmt":"2020-11-09T10:00:55","guid":{"rendered":"https:\/\/www.urlaubcornwall.de\/blog\/?page_id=41165"},"modified":"2020-11-09T10:00:55","modified_gmt":"2020-11-09T10:00:55","slug":"lantic-bucht-suedkueste-cornwalls","status":"publish","type":"page","link":"https:\/\/www.urlaubcornwall.de\/blog\/lantic-bucht-suedkueste-cornwalls\/","title":{"rendered":"Lantic Bucht &#8211; S\u00fcdk\u00fcste Cornwalls"},"content":{"rendered":"<p><img loading=\"lazy\" class=\"aligncenter size-full wp-image-23957\" src=\"https:\/\/www.urlaubcornwall.de\/blog\/wp-content\/uploads\/2016\/05\/lantic-bay.jpg\" alt=\"lantic-bay\" height=\"421\" width=\"748\"\/><\/p>\n<p><strong>Lantic Bay<\/strong> &#8211; Lantic Bay ist ein versteckt gelegenes Juwel eines Strandes; wundersch\u00f6n hufeisenf\u00f6rmig, eine windgesch\u00fctzte Bucht mit wei\u00dfen Sandstr\u00e4nden und kristallblauem Wasser. Parken Sie Ihr Auto in <a href=\"https:\/\/www.urlaubcornwall.de\/ferienhaeuser-fewos\/polruan.html\">Polruan<\/a> bei <a href=\"https:\/\/www.urlaubcornwall.de\/ferienhaeuser-fewos\/fowey.html\">Fowey<\/a> und folgen Sie dann dem gut ausgeschilderten Fu\u00dfweg. Sie brauchen ungef\u00e4hr 20 Minuten, und wenn Sie \u00fcber den H\u00fcgel spaziert sind, wird sich die Bucht vor Ihnen auftun. Es ist eine wahrhaft malerische Lage und ein herrlicher Ort, um den Sonnenuntergang zu sehen.<\/p>\n<p>6 von Cornwalls versteckt gelegenen <a href=\"https:\/\/www.urlaubcornwall.de\/blog\/6-von-cornwalls-versteckt-gelegenen-buchten-und-straenden\/\">Buchten und Str\u00e4nden<\/a> <\/p>\n<div class=\"snippet\"> <a class=\"featured-item\" href=\"https:\/\/www.urlaubcornwall.de\/ferienhaeuser\/cornwall.php\"> <span class=\"image-holder\" style=\"background-image: url('https:\/\/www.urlaubcornwall.de\/blog\/wp-content\/uploads\/2018\/12\/familienurlaub-corwnall-snippet.jpg');\"><\/span> <span class=\"featured-content\"> \n<h2 class=\"featured-title\">Ferienh\u00e4user in Cornwall am Meer<\/h2>\n<p class=\"featured-body\">Cornwall besitzt mehr K\u00fcstenlinien als jede andere Grafschaft und bietet einige der besten Str\u00e4nde, K\u00fcstenwanderwege und Klippenlandschaften, die man \u00fcberhaupt finden kann&#8230; <\/p><\/span> <span class=\"featured-link-holder\"> <span class=\"featured-extra-info\"> \n<p>F\u00fcr Paare, Familien &#038; Gruppen<\/p>\n<\/span> \n<p class=\"featured-link\">DETAILS<\/p>\n<\/span> <\/a><\/div>\n","protected":false},"excerpt":{"rendered":"<p>Lantic Bay &#8211; Lantic Bay ist ein versteckt gelegenes Juwel eines Strandes; wundersch\u00f6n hufeisenf\u00f6rmig, eine windgesch\u00fctzte Bucht mit wei\u00dfen Sandstr\u00e4nden und kristallblauem Wasser. Parken Sie Ihr Auto in Polruan bei Fowey und folgen Sie dann dem gut ausgeschilderten Fu\u00dfweg. Sie brauchen ungef\u00e4hr 20 Minuten, und wenn Sie \u00fcber den H\u00fcgel spaziert sind, wird sich die [&hellip;]<\/p>\n","protected":false},"author":1,"featured_media":0,"parent":0,"menu_order":0,"comment_status":"closed","ping_status":"closed","template":"single-four.php","meta":[],"acf":[],"yoast_head":"<!-- This site is optimized with the Yoast SEO plugin v19.4 - https:\/\/yoast.com\/wordpress\/plugins\/seo\/ -->\n<title>Lantic Bucht - S\u00fcdk\u00fcste Cornwalls - Urlaub &amp; Reisen<\/title>\n<meta name=\"robots\" content=\"index, follow, max-snippet:-1, max-image-preview:large, max-video-preview:-1\" \/>\n<link rel=\"canonical\" href=\"https:\/\/www.urlaubcornwall.de\/blog\/lantic-bucht-suedkueste-cornwalls\/\" \/>\n<meta property=\"og:locale\" content=\"en_US\" \/>\n<meta property=\"og:type\" content=\"article\" \/>\n<meta property=\"og:title\" content=\"Lantic Bucht - S\u00fcdk\u00fcste Cornwalls - Urlaub &amp; Reisen\" \/>\n<meta property=\"og:description\" content=\"Lantic Bay &#8211; Lantic Bay ist ein versteckt gelegenes Juwel eines Strandes; wundersch\u00f6n hufeisenf\u00f6rmig, eine windgesch\u00fctzte Bucht mit wei\u00dfen Sandstr\u00e4nden und kristallblauem Wasser. Parken Sie Ihr Auto in Polruan bei Fowey und folgen Sie dann dem gut ausgeschilderten Fu\u00dfweg. Sie brauchen ungef\u00e4hr 20 Minuten, und wenn Sie \u00fcber den H\u00fcgel spaziert sind, wird sich die [&hellip;]\" \/>\n<meta property=\"og:url\" content=\"https:\/\/www.urlaubcornwall.de\/blog\/lantic-bucht-suedkueste-cornwalls\/\" \/>\n<meta property=\"og:site_name\" content=\"Urlaub &amp; Reisen\" \/>\n<meta property=\"og:image\" content=\"https:\/\/www.urlaubcornwall.de\/blog\/wp-content\/uploads\/2016\/05\/lantic-bay.jpg\" \/>\n<meta name=\"twitter:card\" content=\"summary\" \/>\n<meta name=\"twitter:label1\" content=\"Est. reading time\" \/>\n\t<meta name=\"twitter:data1\" content=\"1 minute\" \/>\n<script type=\"application\/ld+json\" class=\"yoast-schema-graph\">{\"@context\":\"https:\/\/schema.org\",\"@graph\":[{\"@type\":\"WebSite\",\"@id\":\"https:\/\/www.urlaubcornwall.de\/blog\/#website\",\"url\":\"https:\/\/www.urlaubcornwall.de\/blog\/\",\"name\":\"Urlaub &amp; Reisen\",\"description\":\"Urlaub, Reisen, Cornwall und S\u00fcdengland: eine perfekte Kombination\",\"potentialAction\":[{\"@type\":\"SearchAction\",\"target\":{\"@type\":\"EntryPoint\",\"urlTemplate\":\"https:\/\/www.urlaubcornwall.de\/blog\/?s={search_term_string}\"},\"query-input\":\"required name=search_term_string\"}],\"inLanguage\":\"en-US\"},{\"@type\":\"WebPage\",\"@id\":\"https:\/\/www.urlaubcornwall.de\/blog\/lantic-bucht-suedkueste-cornwalls\/\",\"url\":\"https:\/\/www.urlaubcornwall.de\/blog\/lantic-bucht-suedkueste-cornwalls\/\",\"name\":\"Lantic Bucht - S\u00fcdk\u00fcste Cornwalls - Urlaub &amp; Reisen\",\"isPartOf\":{\"@id\":\"https:\/\/www.urlaubcornwall.de\/blog\/#website\"},\"datePublished\":\"2020-11-09T10:00:55+00:00\",\"dateModified\":\"2020-11-09T10:00:55+00:00\",\"breadcrumb\":{\"@id\":\"https:\/\/www.urlaubcornwall.de\/blog\/lantic-bucht-suedkueste-cornwalls\/#breadcrumb\"},\"inLanguage\":\"en-US\",\"potentialAction\":[{\"@type\":\"ReadAction\",\"target\":[\"https:\/\/www.urlaubcornwall.de\/blog\/lantic-bucht-suedkueste-cornwalls\/\"]}]},{\"@type\":\"BreadcrumbList\",\"@id\":\"https:\/\/www.urlaubcornwall.de\/blog\/lantic-bucht-suedkueste-cornwalls\/#breadcrumb\",\"itemListElement\":[{\"@type\":\"ListItem\",\"position\":1,\"name\":\"Home\",\"item\":\"https:\/\/www.urlaubcornwall.de\/blog\/\"},{\"@type\":\"ListItem\",\"position\":2,\"name\":\"Lantic Bucht &#8211; S\u00fcdk\u00fcste Cornwalls\"}]}]}<\/script>\n<!-- \/ Yoast SEO plugin. -->","yoast_head_json":{"title":"Lantic Bucht - S\u00fcdk\u00fcste Cornwalls - Urlaub &amp; Reisen","robots":{"index":"index","follow":"follow","max-snippet":"max-snippet:-1","max-image-preview":"max-image-preview:large","max-video-preview":"max-video-preview:-1"},"canonical":"https:\/\/www.urlaubcornwall.de\/blog\/lantic-bucht-suedkueste-cornwalls\/","og_locale":"en_US","og_type":"article","og_title":"Lantic Bucht - S\u00fcdk\u00fcste Cornwalls - Urlaub &amp; Reisen","og_description":"Lantic Bay &#8211; Lantic Bay ist ein versteckt gelegenes Juwel eines Strandes; wundersch\u00f6n hufeisenf\u00f6rmig, eine windgesch\u00fctzte Bucht mit wei\u00dfen Sandstr\u00e4nden und kristallblauem Wasser. Parken Sie Ihr Auto in Polruan bei Fowey und folgen Sie dann dem gut ausgeschilderten Fu\u00dfweg. Sie brauchen ungef\u00e4hr 20 Minuten, und wenn Sie \u00fcber den H\u00fcgel spaziert sind, wird sich die [&hellip;]","og_url":"https:\/\/www.urlaubcornwall.de\/blog\/lantic-bucht-suedkueste-cornwalls\/","og_site_name":"Urlaub &amp; Reisen","og_image":[{"url":"https:\/\/www.urlaubcornwall.de\/blog\/wp-content\/uploads\/2016\/05\/lantic-bay.jpg"}],"twitter_card":"summary","twitter_misc":{"Est. reading time":"1 minute"},"schema":{"@context":"https:\/\/schema.org","@graph":[{"@type":"WebSite","@id":"https:\/\/www.urlaubcornwall.de\/blog\/#website","url":"https:\/\/www.urlaubcornwall.de\/blog\/","name":"Urlaub &amp; Reisen","description":"Urlaub, Reisen, Cornwall und S\u00fcdengland: eine perfekte Kombination","potentialAction":[{"@type":"SearchAction","target":{"@type":"EntryPoint","urlTemplate":"https:\/\/www.urlaubcornwall.de\/blog\/?s={search_term_string}"},"query-input":"required name=search_term_string"}],"inLanguage":"en-US"},{"@type":"WebPage","@id":"https:\/\/www.urlaubcornwall.de\/blog\/lantic-bucht-suedkueste-cornwalls\/","url":"https:\/\/www.urlaubcornwall.de\/blog\/lantic-bucht-suedkueste-cornwalls\/","name":"Lantic Bucht - S\u00fcdk\u00fcste Cornwalls - Urlaub &amp; Reisen","isPartOf":{"@id":"https:\/\/www.urlaubcornwall.de\/blog\/#website"},"datePublished":"2020-11-09T10:00:55+00:00","dateModified":"2020-11-09T10:00:55+00:00","breadcrumb":{"@id":"https:\/\/www.urlaubcornwall.de\/blog\/lantic-bucht-suedkueste-cornwalls\/#breadcrumb"},"inLanguage":"en-US","potentialAction":[{"@type":"ReadAction","target":["https:\/\/www.urlaubcornwall.de\/blog\/lantic-bucht-suedkueste-cornwalls\/"]}]},{"@type":"BreadcrumbList","@id":"https:\/\/www.urlaubcornwall.de\/blog\/lantic-bucht-suedkueste-cornwalls\/#breadcrumb","itemListElement":[{"@type":"ListItem","position":1,"name":"Home","item":"https:\/\/www.urlaubcornwall.de\/blog\/"},{"@type":"ListItem","position":2,"name":"Lantic Bucht &#8211; S\u00fcdk\u00fcste Cornwalls"}]}]}},"_links":{"self":[{"href":"https:\/\/www.urlaubcornwall.de\/blog\/wp-json\/wp\/v2\/pages\/41165"}],"collection":[{"href":"https:\/\/www.urlaubcornwall.de\/blog\/wp-json\/wp\/v2\/pages"}],"about":[{"href":"https:\/\/www.urlaubcornwall.de\/blog\/wp-json\/wp\/v2\/types\/page"}],"author":[{"embeddable":true,"href":"https:\/\/www.urlaubcornwall.de\/blog\/wp-json\/wp\/v2\/users\/1"}],"replies":[{"embeddable":true,"href":"https:\/\/www.urlaubcornwall.de\/blog\/wp-json\/wp\/v2\/comments?post=41165"}],"version-history":[{"count":1,"href":"https:\/\/www.urlaubcornwall.de\/blog\/wp-json\/wp\/v2\/pages\/41165\/revisions"}],"predecessor-version":[{"id":41166,"href":"https:\/\/www.urlaubcornwall.de\/blog\/wp-json\/wp\/v2\/pages\/41165\/revisions\/41166"}],"wp:attachment":[{"href":"https:\/\/www.urlaubcornwall.de\/blog\/wp-json\/wp\/v2\/media?parent=41165"}],"curies":[{"name":"wp","href":"https:\/\/api.w.org\/{rel}","templated":true}]}}