{"id":41161,"date":"2020-11-09T09:55:58","date_gmt":"2020-11-09T09:55:58","guid":{"rendered":"https:\/\/www.urlaubcornwall.de\/blog\/?page_id=41161"},"modified":"2024-03-27T10:16:31","modified_gmt":"2024-03-27T10:16:31","slug":"lamorna-cove-in-der-naehe-lands-end","status":"publish","type":"page","link":"https:\/\/www.urlaubcornwall.de\/blog\/lamorna-cove-in-der-naehe-lands-end\/","title":{"rendered":"Lamorna Cove in der N\u00e4he Land&#8217;s End"},"content":{"rendered":"<p><img loading=\"lazy\" class=\"aligncenter size-full wp-image-48474\" src=\"https:\/\/www.urlaubcornwall.de\/blog\/wp-content\/uploads\/2024\/03\/lamorna_cove_urlaub.jpg\" alt=\"lamorna_cove_urlaub\" width=\"750\" height=\"380\" srcset=\"https:\/\/www.urlaubcornwall.de\/blog\/wp-content\/uploads\/2024\/03\/lamorna_cove_urlaub.jpg 750w, https:\/\/www.urlaubcornwall.de\/blog\/wp-content\/uploads\/2024\/03\/lamorna_cove_urlaub-300x152.jpg 300w\" sizes=\"(max-width: 750px) 100vw, 750px\" \/><\/p>\n<p><strong>Lamorna Cove<\/strong> &#8211; Die Natursch\u00f6nheit war es, die die <a href=\"https:\/\/www.urlaubcornwall.de\/ferienhaeuser-fewos\/lamorna-cove.html\">Lamorna Cove<\/a> so beliebt sein lie\u00df bei den K\u00fcnstlern, die hier im fr\u00fchen 20. Jahrhundert lebten. Die Bucht befindet sich am Ende eines satten Tales mit einem Bach, der bis zum Meer hinunter l\u00e4uft. Auf dem Weg hinunter zur Bucht befindet sich der Wink Inn, eine klassische cornische Kneipe; \u2018wink\u2019, das Zwinkern, bezieht sich darauf, dass der niedere Adel und die Ortspfarrer oft ein Auge zugedr\u00fcckt haben, was die Schmugglerei betrifft.<\/p>\n<p>6 von Cornwalls versteckt gelegenen <a href=\"https:\/\/www.urlaubcornwall.de\/blog\/6-von-cornwalls-versteckt-gelegenen-buchten-und-straenden\/\">Buchten und Str\u00e4nden<\/a> <\/p>\n<div class=\"snippet\"> <a class=\"featured-item\" href=\"https:\/\/www.urlaubcornwall.de\/ferienhaeuser\/cornwall.php\"> <span class=\"image-holder\" style=\"background-image: url('https:\/\/www.urlaubcornwall.de\/blog\/wp-content\/uploads\/2018\/12\/familienurlaub-corwnall-snippet.jpg');\"><\/span> <span class=\"featured-content\"> \n<h2 class=\"featured-title\">Ferienh\u00e4user in Cornwall am Meer<\/h2>\n<p class=\"featured-body\">Cornwall besitzt mehr K\u00fcstenlinien als jede andere Grafschaft und bietet einige der besten Str\u00e4nde, K\u00fcstenwanderwege und Klippenlandschaften, die man \u00fcberhaupt finden kann&#8230; <\/p><\/span> <span class=\"featured-link-holder\"> <span class=\"featured-extra-info\"> \n<p>F\u00fcr Paare, Familien &#038; Gruppen<\/p>\n<\/span> \n<p class=\"featured-link\">DETAILS<\/p>\n<\/span> <\/a><\/div>\n","protected":false},"excerpt":{"rendered":"<p>Lamorna Cove &#8211; Die Natursch\u00f6nheit war es, die die Lamorna Cove so beliebt sein lie\u00df bei den K\u00fcnstlern, die hier im fr\u00fchen 20. Jahrhundert lebten. Die Bucht befindet sich am Ende eines satten Tales mit einem Bach, der bis zum Meer hinunter l\u00e4uft. Auf dem Weg hinunter zur Bucht befindet sich der Wink Inn, eine [&hellip;]<\/p>\n","protected":false},"author":1,"featured_media":0,"parent":0,"menu_order":0,"comment_status":"closed","ping_status":"closed","template":"single-four.php","meta":[],"acf":[],"yoast_head":"<!-- This site is optimized with the Yoast SEO plugin v19.4 - https:\/\/yoast.com\/wordpress\/plugins\/seo\/ -->\n<title>Lamorna Cove in der N\u00e4he Land&#039;s End - Urlaub &amp; Reisen<\/title>\n<meta name=\"robots\" content=\"index, follow, max-snippet:-1, max-image-preview:large, max-video-preview:-1\" \/>\n<link rel=\"canonical\" href=\"https:\/\/www.urlaubcornwall.de\/blog\/lamorna-cove-in-der-naehe-lands-end\/\" \/>\n<meta property=\"og:locale\" content=\"en_US\" \/>\n<meta property=\"og:type\" content=\"article\" \/>\n<meta property=\"og:title\" content=\"Lamorna Cove in der N\u00e4he Land&#039;s End - Urlaub &amp; Reisen\" \/>\n<meta property=\"og:description\" content=\"Lamorna Cove &#8211; Die Natursch\u00f6nheit war es, die die Lamorna Cove so beliebt sein lie\u00df bei den K\u00fcnstlern, die hier im fr\u00fchen 20. Jahrhundert lebten. Die Bucht befindet sich am Ende eines satten Tales mit einem Bach, der bis zum Meer hinunter l\u00e4uft. Auf dem Weg hinunter zur Bucht befindet sich der Wink Inn, eine [&hellip;]\" \/>\n<meta property=\"og:url\" content=\"https:\/\/www.urlaubcornwall.de\/blog\/lamorna-cove-in-der-naehe-lands-end\/\" \/>\n<meta property=\"og:site_name\" content=\"Urlaub &amp; Reisen\" \/>\n<meta property=\"article:modified_time\" content=\"2024-03-27T10:16:31+00:00\" \/>\n<meta property=\"og:image\" content=\"https:\/\/www.urlaubcornwall.de\/blog\/wp-content\/uploads\/2024\/03\/lamorna_cove_urlaub.jpg\" \/>\n<meta name=\"twitter:card\" content=\"summary\" \/>\n<meta name=\"twitter:label1\" content=\"Est. reading time\" \/>\n\t<meta name=\"twitter:data1\" content=\"1 minute\" \/>\n<script type=\"application\/ld+json\" class=\"yoast-schema-graph\">{\"@context\":\"https:\/\/schema.org\",\"@graph\":[{\"@type\":\"WebSite\",\"@id\":\"https:\/\/www.urlaubcornwall.de\/blog\/#website\",\"url\":\"https:\/\/www.urlaubcornwall.de\/blog\/\",\"name\":\"Urlaub &amp; Reisen\",\"description\":\"Urlaub, Reisen, Cornwall und S\u00fcdengland: eine perfekte Kombination\",\"potentialAction\":[{\"@type\":\"SearchAction\",\"target\":{\"@type\":\"EntryPoint\",\"urlTemplate\":\"https:\/\/www.urlaubcornwall.de\/blog\/?s={search_term_string}\"},\"query-input\":\"required name=search_term_string\"}],\"inLanguage\":\"en-US\"},{\"@type\":\"WebPage\",\"@id\":\"https:\/\/www.urlaubcornwall.de\/blog\/lamorna-cove-in-der-naehe-lands-end\/\",\"url\":\"https:\/\/www.urlaubcornwall.de\/blog\/lamorna-cove-in-der-naehe-lands-end\/\",\"name\":\"Lamorna Cove in der N\u00e4he Land's End - Urlaub &amp; Reisen\",\"isPartOf\":{\"@id\":\"https:\/\/www.urlaubcornwall.de\/blog\/#website\"},\"datePublished\":\"2020-11-09T09:55:58+00:00\",\"dateModified\":\"2024-03-27T10:16:31+00:00\",\"breadcrumb\":{\"@id\":\"https:\/\/www.urlaubcornwall.de\/blog\/lamorna-cove-in-der-naehe-lands-end\/#breadcrumb\"},\"inLanguage\":\"en-US\",\"potentialAction\":[{\"@type\":\"ReadAction\",\"target\":[\"https:\/\/www.urlaubcornwall.de\/blog\/lamorna-cove-in-der-naehe-lands-end\/\"]}]},{\"@type\":\"BreadcrumbList\",\"@id\":\"https:\/\/www.urlaubcornwall.de\/blog\/lamorna-cove-in-der-naehe-lands-end\/#breadcrumb\",\"itemListElement\":[{\"@type\":\"ListItem\",\"position\":1,\"name\":\"Home\",\"item\":\"https:\/\/www.urlaubcornwall.de\/blog\/\"},{\"@type\":\"ListItem\",\"position\":2,\"name\":\"Lamorna Cove in der N\u00e4he Land&#8217;s End\"}]}]}<\/script>\n<!-- \/ Yoast SEO plugin. -->","yoast_head_json":{"title":"Lamorna Cove in der N\u00e4he Land's End - Urlaub &amp; Reisen","robots":{"index":"index","follow":"follow","max-snippet":"max-snippet:-1","max-image-preview":"max-image-preview:large","max-video-preview":"max-video-preview:-1"},"canonical":"https:\/\/www.urlaubcornwall.de\/blog\/lamorna-cove-in-der-naehe-lands-end\/","og_locale":"en_US","og_type":"article","og_title":"Lamorna Cove in der N\u00e4he Land's End - Urlaub &amp; Reisen","og_description":"Lamorna Cove &#8211; Die Natursch\u00f6nheit war es, die die Lamorna Cove so beliebt sein lie\u00df bei den K\u00fcnstlern, die hier im fr\u00fchen 20. Jahrhundert lebten. Die Bucht befindet sich am Ende eines satten Tales mit einem Bach, der bis zum Meer hinunter l\u00e4uft. Auf dem Weg hinunter zur Bucht befindet sich der Wink Inn, eine [&hellip;]","og_url":"https:\/\/www.urlaubcornwall.de\/blog\/lamorna-cove-in-der-naehe-lands-end\/","og_site_name":"Urlaub &amp; Reisen","article_modified_time":"2024-03-27T10:16:31+00:00","og_image":[{"url":"https:\/\/www.urlaubcornwall.de\/blog\/wp-content\/uploads\/2024\/03\/lamorna_cove_urlaub.jpg"}],"twitter_card":"summary","twitter_misc":{"Est. reading time":"1 minute"},"schema":{"@context":"https:\/\/schema.org","@graph":[{"@type":"WebSite","@id":"https:\/\/www.urlaubcornwall.de\/blog\/#website","url":"https:\/\/www.urlaubcornwall.de\/blog\/","name":"Urlaub &amp; Reisen","description":"Urlaub, Reisen, Cornwall und S\u00fcdengland: eine perfekte Kombination","potentialAction":[{"@type":"SearchAction","target":{"@type":"EntryPoint","urlTemplate":"https:\/\/www.urlaubcornwall.de\/blog\/?s={search_term_string}"},"query-input":"required name=search_term_string"}],"inLanguage":"en-US"},{"@type":"WebPage","@id":"https:\/\/www.urlaubcornwall.de\/blog\/lamorna-cove-in-der-naehe-lands-end\/","url":"https:\/\/www.urlaubcornwall.de\/blog\/lamorna-cove-in-der-naehe-lands-end\/","name":"Lamorna Cove in der N\u00e4he Land's End - Urlaub &amp; Reisen","isPartOf":{"@id":"https:\/\/www.urlaubcornwall.de\/blog\/#website"},"datePublished":"2020-11-09T09:55:58+00:00","dateModified":"2024-03-27T10:16:31+00:00","breadcrumb":{"@id":"https:\/\/www.urlaubcornwall.de\/blog\/lamorna-cove-in-der-naehe-lands-end\/#breadcrumb"},"inLanguage":"en-US","potentialAction":[{"@type":"ReadAction","target":["https:\/\/www.urlaubcornwall.de\/blog\/lamorna-cove-in-der-naehe-lands-end\/"]}]},{"@type":"BreadcrumbList","@id":"https:\/\/www.urlaubcornwall.de\/blog\/lamorna-cove-in-der-naehe-lands-end\/#breadcrumb","itemListElement":[{"@type":"ListItem","position":1,"name":"Home","item":"https:\/\/www.urlaubcornwall.de\/blog\/"},{"@type":"ListItem","position":2,"name":"Lamorna Cove in der N\u00e4he Land&#8217;s End"}]}]}},"_links":{"self":[{"href":"https:\/\/www.urlaubcornwall.de\/blog\/wp-json\/wp\/v2\/pages\/41161"}],"collection":[{"href":"https:\/\/www.urlaubcornwall.de\/blog\/wp-json\/wp\/v2\/pages"}],"about":[{"href":"https:\/\/www.urlaubcornwall.de\/blog\/wp-json\/wp\/v2\/types\/page"}],"author":[{"embeddable":true,"href":"https:\/\/www.urlaubcornwall.de\/blog\/wp-json\/wp\/v2\/users\/1"}],"replies":[{"embeddable":true,"href":"https:\/\/www.urlaubcornwall.de\/blog\/wp-json\/wp\/v2\/comments?post=41161"}],"version-history":[{"count":4,"href":"https:\/\/www.urlaubcornwall.de\/blog\/wp-json\/wp\/v2\/pages\/41161\/revisions"}],"predecessor-version":[{"id":48475,"href":"https:\/\/www.urlaubcornwall.de\/blog\/wp-json\/wp\/v2\/pages\/41161\/revisions\/48475"}],"wp:attachment":[{"href":"https:\/\/www.urlaubcornwall.de\/blog\/wp-json\/wp\/v2\/media?parent=41161"}],"curies":[{"name":"wp","href":"https:\/\/api.w.org\/{rel}","templated":true}]}}