{"id":41156,"date":"2020-11-09T09:30:21","date_gmt":"2020-11-09T09:30:21","guid":{"rendered":"https:\/\/www.urlaubcornwall.de\/blog\/?page_id=41156"},"modified":"2024-05-31T07:35:36","modified_gmt":"2024-05-31T07:35:36","slug":"mount-edgcumbe-haus-garten","status":"publish","type":"page","link":"https:\/\/www.urlaubcornwall.de\/blog\/mount-edgcumbe-haus-garten\/","title":{"rendered":"Mount Edgcumbe Haus &#038; Garten"},"content":{"rendered":"<p><a href=\"http:\/\/www.mountedgcumbe.gov.uk\" rel=\"nofollow\">Mount Edgcumbe Estate<\/a> mit Blick \u00fcber den Fluss Tamar stellt einen herrlichen hundefreundlichen Ausflugstag dar. Der Park ist das ganze Jahr \u00fcber t\u00e4glich der \u00d6ffentlichkeit zug\u00e4nglich. Hunde k\u00f6nnen an den grasbewachsenen Uferb\u00e4nken, die zum Fluss hin abfallen, frei herumrennen, m\u00fcssen jedoch in den formellen G\u00e4rten und im Wildpark angeleint sein.<\/p>\n<div class=\"snippet\"> <a class=\"featured-item\" href=\"https:\/\/www.urlaubcornwall.de\/ferienhaeuser\/cornwall.php\"> <span class=\"image-holder\" style=\"background-image: url('https:\/\/www.urlaubcornwall.de\/blog\/wp-content\/uploads\/2018\/12\/familienurlaub-corwnall-snippet.jpg');\"><\/span> <span class=\"featured-content\"> \n<h2 class=\"featured-title\">Ferienh\u00e4user in Cornwall am Meer<\/h2>\n<p class=\"featured-body\">Cornwall besitzt mehr K\u00fcstenlinien als jede andere Grafschaft und bietet einige der besten Str\u00e4nde, K\u00fcstenwanderwege und Klippenlandschaften, die man \u00fcberhaupt finden kann&#8230; <\/p><\/span> <span class=\"featured-link-holder\"> <span class=\"featured-extra-info\"> \n<p>F\u00fcr Paare, Familien &#038; Gruppen<\/p>\n<\/span> \n<p class=\"featured-link\">DETAILS<\/p>\n<\/span> <\/a><\/div>\n","protected":false},"excerpt":{"rendered":"<p>Mount Edgcumbe Estate mit Blick \u00fcber den Fluss Tamar stellt einen herrlichen hundefreundlichen Ausflugstag dar. Der Park ist das ganze Jahr \u00fcber t\u00e4glich der \u00d6ffentlichkeit zug\u00e4nglich. Hunde k\u00f6nnen an den grasbewachsenen Uferb\u00e4nken, die zum Fluss hin abfallen, frei herumrennen, m\u00fcssen jedoch in den formellen G\u00e4rten und im Wildpark angeleint sein. Ferienh\u00e4user in Cornwall am Meer [&hellip;]<\/p>\n","protected":false},"author":1,"featured_media":0,"parent":0,"menu_order":0,"comment_status":"closed","ping_status":"closed","template":"single-four.php","meta":[],"acf":[],"yoast_head":"<!-- This site is optimized with the Yoast SEO plugin v19.4 - https:\/\/yoast.com\/wordpress\/plugins\/seo\/ -->\n<title>Mount Edgcumbe Haus &amp; Garten - Urlaub &amp; Reisen<\/title>\n<meta name=\"robots\" content=\"index, follow, max-snippet:-1, max-image-preview:large, max-video-preview:-1\" \/>\n<link rel=\"canonical\" href=\"https:\/\/www.urlaubcornwall.de\/blog\/mount-edgcumbe-haus-garten\/\" \/>\n<meta property=\"og:locale\" content=\"en_US\" \/>\n<meta property=\"og:type\" content=\"article\" \/>\n<meta property=\"og:title\" content=\"Mount Edgcumbe Haus &amp; Garten - Urlaub &amp; Reisen\" \/>\n<meta property=\"og:description\" content=\"Mount Edgcumbe Estate mit Blick \u00fcber den Fluss Tamar stellt einen herrlichen hundefreundlichen Ausflugstag dar. Der Park ist das ganze Jahr \u00fcber t\u00e4glich der \u00d6ffentlichkeit zug\u00e4nglich. Hunde k\u00f6nnen an den grasbewachsenen Uferb\u00e4nken, die zum Fluss hin abfallen, frei herumrennen, m\u00fcssen jedoch in den formellen G\u00e4rten und im Wildpark angeleint sein. Ferienh\u00e4user in Cornwall am Meer [&hellip;]\" \/>\n<meta property=\"og:url\" content=\"https:\/\/www.urlaubcornwall.de\/blog\/mount-edgcumbe-haus-garten\/\" \/>\n<meta property=\"og:site_name\" content=\"Urlaub &amp; Reisen\" \/>\n<meta property=\"article:modified_time\" content=\"2024-05-31T07:35:36+00:00\" \/>\n<meta name=\"twitter:card\" content=\"summary\" \/>\n<meta name=\"twitter:label1\" content=\"Est. reading time\" \/>\n\t<meta name=\"twitter:data1\" content=\"1 minute\" \/>\n<script type=\"application\/ld+json\" class=\"yoast-schema-graph\">{\"@context\":\"https:\/\/schema.org\",\"@graph\":[{\"@type\":\"WebSite\",\"@id\":\"https:\/\/www.urlaubcornwall.de\/blog\/#website\",\"url\":\"https:\/\/www.urlaubcornwall.de\/blog\/\",\"name\":\"Urlaub &amp; Reisen\",\"description\":\"Urlaub, Reisen, Cornwall und S\u00fcdengland: eine perfekte Kombination\",\"potentialAction\":[{\"@type\":\"SearchAction\",\"target\":{\"@type\":\"EntryPoint\",\"urlTemplate\":\"https:\/\/www.urlaubcornwall.de\/blog\/?s={search_term_string}\"},\"query-input\":\"required name=search_term_string\"}],\"inLanguage\":\"en-US\"},{\"@type\":\"WebPage\",\"@id\":\"https:\/\/www.urlaubcornwall.de\/blog\/mount-edgcumbe-haus-garten\/\",\"url\":\"https:\/\/www.urlaubcornwall.de\/blog\/mount-edgcumbe-haus-garten\/\",\"name\":\"Mount Edgcumbe Haus & Garten - Urlaub &amp; Reisen\",\"isPartOf\":{\"@id\":\"https:\/\/www.urlaubcornwall.de\/blog\/#website\"},\"datePublished\":\"2020-11-09T09:30:21+00:00\",\"dateModified\":\"2024-05-31T07:35:36+00:00\",\"breadcrumb\":{\"@id\":\"https:\/\/www.urlaubcornwall.de\/blog\/mount-edgcumbe-haus-garten\/#breadcrumb\"},\"inLanguage\":\"en-US\",\"potentialAction\":[{\"@type\":\"ReadAction\",\"target\":[\"https:\/\/www.urlaubcornwall.de\/blog\/mount-edgcumbe-haus-garten\/\"]}]},{\"@type\":\"BreadcrumbList\",\"@id\":\"https:\/\/www.urlaubcornwall.de\/blog\/mount-edgcumbe-haus-garten\/#breadcrumb\",\"itemListElement\":[{\"@type\":\"ListItem\",\"position\":1,\"name\":\"Home\",\"item\":\"https:\/\/www.urlaubcornwall.de\/blog\/\"},{\"@type\":\"ListItem\",\"position\":2,\"name\":\"Mount Edgcumbe Haus &#038; Garten\"}]}]}<\/script>\n<!-- \/ Yoast SEO plugin. -->","yoast_head_json":{"title":"Mount Edgcumbe Haus & Garten - Urlaub &amp; Reisen","robots":{"index":"index","follow":"follow","max-snippet":"max-snippet:-1","max-image-preview":"max-image-preview:large","max-video-preview":"max-video-preview:-1"},"canonical":"https:\/\/www.urlaubcornwall.de\/blog\/mount-edgcumbe-haus-garten\/","og_locale":"en_US","og_type":"article","og_title":"Mount Edgcumbe Haus & Garten - Urlaub &amp; Reisen","og_description":"Mount Edgcumbe Estate mit Blick \u00fcber den Fluss Tamar stellt einen herrlichen hundefreundlichen Ausflugstag dar. Der Park ist das ganze Jahr \u00fcber t\u00e4glich der \u00d6ffentlichkeit zug\u00e4nglich. Hunde k\u00f6nnen an den grasbewachsenen Uferb\u00e4nken, die zum Fluss hin abfallen, frei herumrennen, m\u00fcssen jedoch in den formellen G\u00e4rten und im Wildpark angeleint sein. Ferienh\u00e4user in Cornwall am Meer [&hellip;]","og_url":"https:\/\/www.urlaubcornwall.de\/blog\/mount-edgcumbe-haus-garten\/","og_site_name":"Urlaub &amp; Reisen","article_modified_time":"2024-05-31T07:35:36+00:00","twitter_card":"summary","twitter_misc":{"Est. reading time":"1 minute"},"schema":{"@context":"https:\/\/schema.org","@graph":[{"@type":"WebSite","@id":"https:\/\/www.urlaubcornwall.de\/blog\/#website","url":"https:\/\/www.urlaubcornwall.de\/blog\/","name":"Urlaub &amp; Reisen","description":"Urlaub, Reisen, Cornwall und S\u00fcdengland: eine perfekte Kombination","potentialAction":[{"@type":"SearchAction","target":{"@type":"EntryPoint","urlTemplate":"https:\/\/www.urlaubcornwall.de\/blog\/?s={search_term_string}"},"query-input":"required name=search_term_string"}],"inLanguage":"en-US"},{"@type":"WebPage","@id":"https:\/\/www.urlaubcornwall.de\/blog\/mount-edgcumbe-haus-garten\/","url":"https:\/\/www.urlaubcornwall.de\/blog\/mount-edgcumbe-haus-garten\/","name":"Mount Edgcumbe Haus & Garten - Urlaub &amp; Reisen","isPartOf":{"@id":"https:\/\/www.urlaubcornwall.de\/blog\/#website"},"datePublished":"2020-11-09T09:30:21+00:00","dateModified":"2024-05-31T07:35:36+00:00","breadcrumb":{"@id":"https:\/\/www.urlaubcornwall.de\/blog\/mount-edgcumbe-haus-garten\/#breadcrumb"},"inLanguage":"en-US","potentialAction":[{"@type":"ReadAction","target":["https:\/\/www.urlaubcornwall.de\/blog\/mount-edgcumbe-haus-garten\/"]}]},{"@type":"BreadcrumbList","@id":"https:\/\/www.urlaubcornwall.de\/blog\/mount-edgcumbe-haus-garten\/#breadcrumb","itemListElement":[{"@type":"ListItem","position":1,"name":"Home","item":"https:\/\/www.urlaubcornwall.de\/blog\/"},{"@type":"ListItem","position":2,"name":"Mount Edgcumbe Haus &#038; Garten"}]}]}},"_links":{"self":[{"href":"https:\/\/www.urlaubcornwall.de\/blog\/wp-json\/wp\/v2\/pages\/41156"}],"collection":[{"href":"https:\/\/www.urlaubcornwall.de\/blog\/wp-json\/wp\/v2\/pages"}],"about":[{"href":"https:\/\/www.urlaubcornwall.de\/blog\/wp-json\/wp\/v2\/types\/page"}],"author":[{"embeddable":true,"href":"https:\/\/www.urlaubcornwall.de\/blog\/wp-json\/wp\/v2\/users\/1"}],"replies":[{"embeddable":true,"href":"https:\/\/www.urlaubcornwall.de\/blog\/wp-json\/wp\/v2\/comments?post=41156"}],"version-history":[{"count":2,"href":"https:\/\/www.urlaubcornwall.de\/blog\/wp-json\/wp\/v2\/pages\/41156\/revisions"}],"predecessor-version":[{"id":51196,"href":"https:\/\/www.urlaubcornwall.de\/blog\/wp-json\/wp\/v2\/pages\/41156\/revisions\/51196"}],"wp:attachment":[{"href":"https:\/\/www.urlaubcornwall.de\/blog\/wp-json\/wp\/v2\/media?parent=41156"}],"curies":[{"name":"wp","href":"https:\/\/api.w.org\/{rel}","templated":true}]}}