{"id":41150,"date":"2020-11-09T09:20:14","date_gmt":"2020-11-09T09:20:14","guid":{"rendered":"https:\/\/www.urlaubcornwall.de\/blog\/?page_id=41150"},"modified":"2020-11-09T09:20:14","modified_gmt":"2020-11-09T09:20:14","slug":"pencarrow-haus-und-garten","status":"publish","type":"page","link":"https:\/\/www.urlaubcornwall.de\/blog\/pencarrow-haus-und-garten\/","title":{"rendered":"Pencarrow Haus und Garten"},"content":{"rendered":"<p><img loading=\"lazy\" class=\"aligncenter size-full wp-image-24028\" src=\"https:\/\/www.urlaubcornwall.de\/blog\/wp-content\/uploads\/2016\/05\/pencarrow-1.jpg\" alt=\"pencarrow\" width=\"749\" height=\"401\"\/><\/p>\n<p><a href=\"http:\/\/www.pencarrow.co.uk\" rel=\"nofollow\">Pencarrow Haus und Garten<\/a> ist ein georgianisches Haus am Rande des Bodmin Moors mit denkmalgesch\u00fctztem Garten. Mit mehr als 20 ha alten <a href=\"https:\/\/www.urlaubcornwall.de\/gartenreise.php\">Waldgebiets und formellen G\u00e4rten<\/a> zu erkunden, gibt es eine Menge zu sehen und zu tun. Hunde sind im Garten willkommen, m\u00fcssen jedoch in den Gebieten nahe des Hauses und Caf\u00e9s, wo es H\u00fchner und Pfauen gibt, angeleint bleiben. Hunde sind nicht gestattet im Haus oder Caf\u00e9, doch gibt es eine Au\u00dfensitzm\u00f6glichkeit und einen Picknickplatz, wo sie willkommen sind. Pencarrow Haus und Garten ist von M\u00e4rz bis Ende Oktober ge\u00f6ffnet.<\/p>\n<div class=\"snippet\"> <a class=\"featured-item\" href=\"https:\/\/www.urlaubcornwall.de\/ferienhaeuser\/cornwall.php\"> <span class=\"image-holder\" style=\"background-image: url('https:\/\/www.urlaubcornwall.de\/blog\/wp-content\/uploads\/2018\/12\/familienurlaub-corwnall-snippet.jpg');\"><\/span> <span class=\"featured-content\"> \n<h2 class=\"featured-title\">Ferienh\u00e4user in Cornwall am Meer<\/h2>\n<p class=\"featured-body\">Cornwall besitzt mehr K\u00fcstenlinien als jede andere Grafschaft und bietet einige der besten Str\u00e4nde, K\u00fcstenwanderwege und Klippenlandschaften, die man \u00fcberhaupt finden kann&#8230; <\/p><\/span> <span class=\"featured-link-holder\"> <span class=\"featured-extra-info\"> \n<p>F\u00fcr Paare, Familien &#038; Gruppen<\/p>\n<\/span> \n<p class=\"featured-link\">DETAILS<\/p>\n<\/span> <\/a><\/div>\n","protected":false},"excerpt":{"rendered":"<p>Pencarrow Haus und Garten ist ein georgianisches Haus am Rande des Bodmin Moors mit denkmalgesch\u00fctztem Garten. Mit mehr als 20 ha alten Waldgebiets und formellen G\u00e4rten zu erkunden, gibt es eine Menge zu sehen und zu tun. Hunde sind im Garten willkommen, m\u00fcssen jedoch in den Gebieten nahe des Hauses und Caf\u00e9s, wo es H\u00fchner [&hellip;]<\/p>\n","protected":false},"author":1,"featured_media":0,"parent":0,"menu_order":0,"comment_status":"closed","ping_status":"closed","template":"single-four.php","meta":[],"acf":[],"yoast_head":"<!-- This site is optimized with the Yoast SEO plugin v19.4 - https:\/\/yoast.com\/wordpress\/plugins\/seo\/ -->\n<title>Pencarrow Haus und Garten - Urlaub &amp; Reisen<\/title>\n<meta name=\"robots\" content=\"index, follow, max-snippet:-1, max-image-preview:large, max-video-preview:-1\" \/>\n<link rel=\"canonical\" href=\"https:\/\/www.urlaubcornwall.de\/blog\/pencarrow-haus-und-garten\/\" \/>\n<meta property=\"og:locale\" content=\"en_US\" \/>\n<meta property=\"og:type\" content=\"article\" \/>\n<meta property=\"og:title\" content=\"Pencarrow Haus und Garten - Urlaub &amp; Reisen\" \/>\n<meta property=\"og:description\" content=\"Pencarrow Haus und Garten ist ein georgianisches Haus am Rande des Bodmin Moors mit denkmalgesch\u00fctztem Garten. Mit mehr als 20 ha alten Waldgebiets und formellen G\u00e4rten zu erkunden, gibt es eine Menge zu sehen und zu tun. Hunde sind im Garten willkommen, m\u00fcssen jedoch in den Gebieten nahe des Hauses und Caf\u00e9s, wo es H\u00fchner [&hellip;]\" \/>\n<meta property=\"og:url\" content=\"https:\/\/www.urlaubcornwall.de\/blog\/pencarrow-haus-und-garten\/\" \/>\n<meta property=\"og:site_name\" content=\"Urlaub &amp; Reisen\" \/>\n<meta property=\"og:image\" content=\"https:\/\/www.urlaubcornwall.de\/blog\/wp-content\/uploads\/2016\/05\/pencarrow-1.jpg\" \/>\n<meta name=\"twitter:card\" content=\"summary\" \/>\n<meta name=\"twitter:label1\" content=\"Est. reading time\" \/>\n\t<meta name=\"twitter:data1\" content=\"1 minute\" \/>\n<script type=\"application\/ld+json\" class=\"yoast-schema-graph\">{\"@context\":\"https:\/\/schema.org\",\"@graph\":[{\"@type\":\"WebSite\",\"@id\":\"https:\/\/www.urlaubcornwall.de\/blog\/#website\",\"url\":\"https:\/\/www.urlaubcornwall.de\/blog\/\",\"name\":\"Urlaub &amp; Reisen\",\"description\":\"Urlaub, Reisen, Cornwall und S\u00fcdengland: eine perfekte Kombination\",\"potentialAction\":[{\"@type\":\"SearchAction\",\"target\":{\"@type\":\"EntryPoint\",\"urlTemplate\":\"https:\/\/www.urlaubcornwall.de\/blog\/?s={search_term_string}\"},\"query-input\":\"required name=search_term_string\"}],\"inLanguage\":\"en-US\"},{\"@type\":\"WebPage\",\"@id\":\"https:\/\/www.urlaubcornwall.de\/blog\/pencarrow-haus-und-garten\/\",\"url\":\"https:\/\/www.urlaubcornwall.de\/blog\/pencarrow-haus-und-garten\/\",\"name\":\"Pencarrow Haus und Garten - Urlaub &amp; Reisen\",\"isPartOf\":{\"@id\":\"https:\/\/www.urlaubcornwall.de\/blog\/#website\"},\"datePublished\":\"2020-11-09T09:20:14+00:00\",\"dateModified\":\"2020-11-09T09:20:14+00:00\",\"breadcrumb\":{\"@id\":\"https:\/\/www.urlaubcornwall.de\/blog\/pencarrow-haus-und-garten\/#breadcrumb\"},\"inLanguage\":\"en-US\",\"potentialAction\":[{\"@type\":\"ReadAction\",\"target\":[\"https:\/\/www.urlaubcornwall.de\/blog\/pencarrow-haus-und-garten\/\"]}]},{\"@type\":\"BreadcrumbList\",\"@id\":\"https:\/\/www.urlaubcornwall.de\/blog\/pencarrow-haus-und-garten\/#breadcrumb\",\"itemListElement\":[{\"@type\":\"ListItem\",\"position\":1,\"name\":\"Home\",\"item\":\"https:\/\/www.urlaubcornwall.de\/blog\/\"},{\"@type\":\"ListItem\",\"position\":2,\"name\":\"Pencarrow Haus und Garten\"}]}]}<\/script>\n<!-- \/ Yoast SEO plugin. -->","yoast_head_json":{"title":"Pencarrow Haus und Garten - Urlaub &amp; Reisen","robots":{"index":"index","follow":"follow","max-snippet":"max-snippet:-1","max-image-preview":"max-image-preview:large","max-video-preview":"max-video-preview:-1"},"canonical":"https:\/\/www.urlaubcornwall.de\/blog\/pencarrow-haus-und-garten\/","og_locale":"en_US","og_type":"article","og_title":"Pencarrow Haus und Garten - Urlaub &amp; Reisen","og_description":"Pencarrow Haus und Garten ist ein georgianisches Haus am Rande des Bodmin Moors mit denkmalgesch\u00fctztem Garten. Mit mehr als 20 ha alten Waldgebiets und formellen G\u00e4rten zu erkunden, gibt es eine Menge zu sehen und zu tun. Hunde sind im Garten willkommen, m\u00fcssen jedoch in den Gebieten nahe des Hauses und Caf\u00e9s, wo es H\u00fchner [&hellip;]","og_url":"https:\/\/www.urlaubcornwall.de\/blog\/pencarrow-haus-und-garten\/","og_site_name":"Urlaub &amp; Reisen","og_image":[{"url":"https:\/\/www.urlaubcornwall.de\/blog\/wp-content\/uploads\/2016\/05\/pencarrow-1.jpg"}],"twitter_card":"summary","twitter_misc":{"Est. reading time":"1 minute"},"schema":{"@context":"https:\/\/schema.org","@graph":[{"@type":"WebSite","@id":"https:\/\/www.urlaubcornwall.de\/blog\/#website","url":"https:\/\/www.urlaubcornwall.de\/blog\/","name":"Urlaub &amp; Reisen","description":"Urlaub, Reisen, Cornwall und S\u00fcdengland: eine perfekte Kombination","potentialAction":[{"@type":"SearchAction","target":{"@type":"EntryPoint","urlTemplate":"https:\/\/www.urlaubcornwall.de\/blog\/?s={search_term_string}"},"query-input":"required name=search_term_string"}],"inLanguage":"en-US"},{"@type":"WebPage","@id":"https:\/\/www.urlaubcornwall.de\/blog\/pencarrow-haus-und-garten\/","url":"https:\/\/www.urlaubcornwall.de\/blog\/pencarrow-haus-und-garten\/","name":"Pencarrow Haus und Garten - Urlaub &amp; Reisen","isPartOf":{"@id":"https:\/\/www.urlaubcornwall.de\/blog\/#website"},"datePublished":"2020-11-09T09:20:14+00:00","dateModified":"2020-11-09T09:20:14+00:00","breadcrumb":{"@id":"https:\/\/www.urlaubcornwall.de\/blog\/pencarrow-haus-und-garten\/#breadcrumb"},"inLanguage":"en-US","potentialAction":[{"@type":"ReadAction","target":["https:\/\/www.urlaubcornwall.de\/blog\/pencarrow-haus-und-garten\/"]}]},{"@type":"BreadcrumbList","@id":"https:\/\/www.urlaubcornwall.de\/blog\/pencarrow-haus-und-garten\/#breadcrumb","itemListElement":[{"@type":"ListItem","position":1,"name":"Home","item":"https:\/\/www.urlaubcornwall.de\/blog\/"},{"@type":"ListItem","position":2,"name":"Pencarrow Haus und Garten"}]}]}},"_links":{"self":[{"href":"https:\/\/www.urlaubcornwall.de\/blog\/wp-json\/wp\/v2\/pages\/41150"}],"collection":[{"href":"https:\/\/www.urlaubcornwall.de\/blog\/wp-json\/wp\/v2\/pages"}],"about":[{"href":"https:\/\/www.urlaubcornwall.de\/blog\/wp-json\/wp\/v2\/types\/page"}],"author":[{"embeddable":true,"href":"https:\/\/www.urlaubcornwall.de\/blog\/wp-json\/wp\/v2\/users\/1"}],"replies":[{"embeddable":true,"href":"https:\/\/www.urlaubcornwall.de\/blog\/wp-json\/wp\/v2\/comments?post=41150"}],"version-history":[{"count":1,"href":"https:\/\/www.urlaubcornwall.de\/blog\/wp-json\/wp\/v2\/pages\/41150\/revisions"}],"predecessor-version":[{"id":41151,"href":"https:\/\/www.urlaubcornwall.de\/blog\/wp-json\/wp\/v2\/pages\/41150\/revisions\/41151"}],"wp:attachment":[{"href":"https:\/\/www.urlaubcornwall.de\/blog\/wp-json\/wp\/v2\/media?parent=41150"}],"curies":[{"name":"wp","href":"https:\/\/api.w.org\/{rel}","templated":true}]}}