{"id":41145,"date":"2020-11-09T09:12:18","date_gmt":"2020-11-09T09:12:18","guid":{"rendered":"https:\/\/www.urlaubcornwall.de\/blog\/?page_id=41145"},"modified":"2024-05-31T07:39:55","modified_gmt":"2024-05-31T07:39:55","slug":"museumsbahn-bodmin-wenford-railway-in-bodmin","status":"publish","type":"page","link":"https:\/\/www.urlaubcornwall.de\/blog\/museumsbahn-bodmin-wenford-railway-in-bodmin\/","title":{"rendered":"Museumsbahn Bodmin &#038; Wenford Railway in Bodmin"},"content":{"rendered":"<p><img loading=\"lazy\" class=\"aligncenter size-full wp-image48162\" src=\"https:\/\/www.urlaubcornwall.de\/blog\/wp-content\/uploads\/2024\/03\/Bodmin-Wenford-Railway.jpg\" alt=\"Bodmin-Wenford-Railway\" width=\"750\" height=\"500\"\/><\/p>\n<p>Die <a href=\"http:\/\/www.bodminrailway.co.uk\" rel=\"nofollow\">Bodmin und Wenford Bahn<\/a> ist Cornwalls Premier Dampfeisenbahn. F\u00fcr einen besonderen Ausflugstag mit Ihrem Hund machen Sie eine Fahrt mit dieser wundersch\u00f6nen alten Dampfeisenbahn durch die cornische Landschaft, einschlie\u00dflich des Glynn Valley und des Camel Valley. Hunde an kurzen Leinen sind an Bord willkommen, jedoch nicht gestattet im Speisewagen. Ein Ticket f\u00fcr einen Hund kostet \u00a31. Die Bahn ist das ganze Jahr \u00fcber in Betrieb.<\/p>\n<div class=\"snippet\"> <a class=\"featured-item\" href=\"https:\/\/www.urlaubcornwall.de\/ferienhaeuser\/suedengland.php\"> <span class=\"image-holder\" style=\"background-image: url('<img class=\"aligncenter size-full wp-image-49843\" src=\"\");\"><\/span> <span class=\"featured-content\"> \n<h2 class=\"featured-title\">Ferienh\u00e4user in S\u00fcdengland<\/h2>\n<p class=\"featured-body\">Bei uns finden Sie Ferienh\u00e4user zum Verlieben &#8211; so einfach ist das! Dank seiner langen Geschichte, der reizvollen Landschaften und seinen vielen Attraktionen ist S\u00fcdengland ein wahres Mekka f\u00fcr Urlauber&#8230;..<\/p><\/span> <span class=\"featured-link-holder\"> <span class=\"featured-extra-info\"> \n<p>Pers\u00f6nlich inspizierter Ferienh\u00e4user<\/p>\n<\/span> \n<p class=\"featured-link\">DETAILS<\/p>\n<\/span> <\/a><\/div>\n","protected":false},"excerpt":{"rendered":"<p>Die Bodmin und Wenford Bahn ist Cornwalls Premier Dampfeisenbahn. F\u00fcr einen besonderen Ausflugstag mit Ihrem Hund machen Sie eine Fahrt mit dieser wundersch\u00f6nen alten Dampfeisenbahn durch die cornische Landschaft, einschlie\u00dflich des Glynn Valley und des Camel Valley. Hunde an kurzen Leinen sind an Bord willkommen, jedoch nicht gestattet im Speisewagen. Ein Ticket f\u00fcr einen Hund [&hellip;]<\/p>\n","protected":false},"author":1,"featured_media":0,"parent":0,"menu_order":0,"comment_status":"closed","ping_status":"closed","template":"single-four.php","meta":[],"acf":[],"yoast_head":"<!-- This site is optimized with the Yoast SEO plugin v19.4 - https:\/\/yoast.com\/wordpress\/plugins\/seo\/ -->\n<title>Museumsbahn Bodmin &amp; Wenford Railway in Bodmin - Urlaub &amp; Reisen<\/title>\n<meta name=\"robots\" content=\"index, follow, max-snippet:-1, max-image-preview:large, max-video-preview:-1\" \/>\n<link rel=\"canonical\" href=\"https:\/\/www.urlaubcornwall.de\/blog\/museumsbahn-bodmin-wenford-railway-in-bodmin\/\" \/>\n<meta property=\"og:locale\" content=\"en_US\" \/>\n<meta property=\"og:type\" content=\"article\" \/>\n<meta property=\"og:title\" content=\"Museumsbahn Bodmin &amp; Wenford Railway in Bodmin - Urlaub &amp; Reisen\" \/>\n<meta property=\"og:description\" content=\"Die Bodmin und Wenford Bahn ist Cornwalls Premier Dampfeisenbahn. F\u00fcr einen besonderen Ausflugstag mit Ihrem Hund machen Sie eine Fahrt mit dieser wundersch\u00f6nen alten Dampfeisenbahn durch die cornische Landschaft, einschlie\u00dflich des Glynn Valley und des Camel Valley. Hunde an kurzen Leinen sind an Bord willkommen, jedoch nicht gestattet im Speisewagen. Ein Ticket f\u00fcr einen Hund [&hellip;]\" \/>\n<meta property=\"og:url\" content=\"https:\/\/www.urlaubcornwall.de\/blog\/museumsbahn-bodmin-wenford-railway-in-bodmin\/\" \/>\n<meta property=\"og:site_name\" content=\"Urlaub &amp; Reisen\" \/>\n<meta property=\"article:modified_time\" content=\"2024-05-31T07:39:55+00:00\" \/>\n<meta property=\"og:image\" content=\"https:\/\/www.urlaubcornwall.de\/blog\/wp-content\/uploads\/2024\/03\/Bodmin-Wenford-Railway.jpg\" \/>\n<meta name=\"twitter:card\" content=\"summary\" \/>\n<meta name=\"twitter:label1\" content=\"Est. reading time\" \/>\n\t<meta name=\"twitter:data1\" content=\"1 minute\" \/>\n<script type=\"application\/ld+json\" class=\"yoast-schema-graph\">{\"@context\":\"https:\/\/schema.org\",\"@graph\":[{\"@type\":\"WebSite\",\"@id\":\"https:\/\/www.urlaubcornwall.de\/blog\/#website\",\"url\":\"https:\/\/www.urlaubcornwall.de\/blog\/\",\"name\":\"Urlaub &amp; Reisen\",\"description\":\"Urlaub, Reisen, Cornwall und S\u00fcdengland: eine perfekte Kombination\",\"potentialAction\":[{\"@type\":\"SearchAction\",\"target\":{\"@type\":\"EntryPoint\",\"urlTemplate\":\"https:\/\/www.urlaubcornwall.de\/blog\/?s={search_term_string}\"},\"query-input\":\"required name=search_term_string\"}],\"inLanguage\":\"en-US\"},{\"@type\":\"WebPage\",\"@id\":\"https:\/\/www.urlaubcornwall.de\/blog\/museumsbahn-bodmin-wenford-railway-in-bodmin\/\",\"url\":\"https:\/\/www.urlaubcornwall.de\/blog\/museumsbahn-bodmin-wenford-railway-in-bodmin\/\",\"name\":\"Museumsbahn Bodmin & Wenford Railway in Bodmin - Urlaub &amp; Reisen\",\"isPartOf\":{\"@id\":\"https:\/\/www.urlaubcornwall.de\/blog\/#website\"},\"datePublished\":\"2020-11-09T09:12:18+00:00\",\"dateModified\":\"2024-05-31T07:39:55+00:00\",\"breadcrumb\":{\"@id\":\"https:\/\/www.urlaubcornwall.de\/blog\/museumsbahn-bodmin-wenford-railway-in-bodmin\/#breadcrumb\"},\"inLanguage\":\"en-US\",\"potentialAction\":[{\"@type\":\"ReadAction\",\"target\":[\"https:\/\/www.urlaubcornwall.de\/blog\/museumsbahn-bodmin-wenford-railway-in-bodmin\/\"]}]},{\"@type\":\"BreadcrumbList\",\"@id\":\"https:\/\/www.urlaubcornwall.de\/blog\/museumsbahn-bodmin-wenford-railway-in-bodmin\/#breadcrumb\",\"itemListElement\":[{\"@type\":\"ListItem\",\"position\":1,\"name\":\"Home\",\"item\":\"https:\/\/www.urlaubcornwall.de\/blog\/\"},{\"@type\":\"ListItem\",\"position\":2,\"name\":\"Museumsbahn Bodmin &#038; Wenford Railway in Bodmin\"}]}]}<\/script>\n<!-- \/ Yoast SEO plugin. -->","yoast_head_json":{"title":"Museumsbahn Bodmin & Wenford Railway in Bodmin - Urlaub &amp; Reisen","robots":{"index":"index","follow":"follow","max-snippet":"max-snippet:-1","max-image-preview":"max-image-preview:large","max-video-preview":"max-video-preview:-1"},"canonical":"https:\/\/www.urlaubcornwall.de\/blog\/museumsbahn-bodmin-wenford-railway-in-bodmin\/","og_locale":"en_US","og_type":"article","og_title":"Museumsbahn Bodmin & Wenford Railway in Bodmin - Urlaub &amp; Reisen","og_description":"Die Bodmin und Wenford Bahn ist Cornwalls Premier Dampfeisenbahn. F\u00fcr einen besonderen Ausflugstag mit Ihrem Hund machen Sie eine Fahrt mit dieser wundersch\u00f6nen alten Dampfeisenbahn durch die cornische Landschaft, einschlie\u00dflich des Glynn Valley und des Camel Valley. Hunde an kurzen Leinen sind an Bord willkommen, jedoch nicht gestattet im Speisewagen. Ein Ticket f\u00fcr einen Hund [&hellip;]","og_url":"https:\/\/www.urlaubcornwall.de\/blog\/museumsbahn-bodmin-wenford-railway-in-bodmin\/","og_site_name":"Urlaub &amp; Reisen","article_modified_time":"2024-05-31T07:39:55+00:00","og_image":[{"url":"https:\/\/www.urlaubcornwall.de\/blog\/wp-content\/uploads\/2024\/03\/Bodmin-Wenford-Railway.jpg"}],"twitter_card":"summary","twitter_misc":{"Est. reading time":"1 minute"},"schema":{"@context":"https:\/\/schema.org","@graph":[{"@type":"WebSite","@id":"https:\/\/www.urlaubcornwall.de\/blog\/#website","url":"https:\/\/www.urlaubcornwall.de\/blog\/","name":"Urlaub &amp; Reisen","description":"Urlaub, Reisen, Cornwall und S\u00fcdengland: eine perfekte Kombination","potentialAction":[{"@type":"SearchAction","target":{"@type":"EntryPoint","urlTemplate":"https:\/\/www.urlaubcornwall.de\/blog\/?s={search_term_string}"},"query-input":"required name=search_term_string"}],"inLanguage":"en-US"},{"@type":"WebPage","@id":"https:\/\/www.urlaubcornwall.de\/blog\/museumsbahn-bodmin-wenford-railway-in-bodmin\/","url":"https:\/\/www.urlaubcornwall.de\/blog\/museumsbahn-bodmin-wenford-railway-in-bodmin\/","name":"Museumsbahn Bodmin & Wenford Railway in Bodmin - Urlaub &amp; Reisen","isPartOf":{"@id":"https:\/\/www.urlaubcornwall.de\/blog\/#website"},"datePublished":"2020-11-09T09:12:18+00:00","dateModified":"2024-05-31T07:39:55+00:00","breadcrumb":{"@id":"https:\/\/www.urlaubcornwall.de\/blog\/museumsbahn-bodmin-wenford-railway-in-bodmin\/#breadcrumb"},"inLanguage":"en-US","potentialAction":[{"@type":"ReadAction","target":["https:\/\/www.urlaubcornwall.de\/blog\/museumsbahn-bodmin-wenford-railway-in-bodmin\/"]}]},{"@type":"BreadcrumbList","@id":"https:\/\/www.urlaubcornwall.de\/blog\/museumsbahn-bodmin-wenford-railway-in-bodmin\/#breadcrumb","itemListElement":[{"@type":"ListItem","position":1,"name":"Home","item":"https:\/\/www.urlaubcornwall.de\/blog\/"},{"@type":"ListItem","position":2,"name":"Museumsbahn Bodmin &#038; Wenford Railway in Bodmin"}]}]}},"_links":{"self":[{"href":"https:\/\/www.urlaubcornwall.de\/blog\/wp-json\/wp\/v2\/pages\/41145"}],"collection":[{"href":"https:\/\/www.urlaubcornwall.de\/blog\/wp-json\/wp\/v2\/pages"}],"about":[{"href":"https:\/\/www.urlaubcornwall.de\/blog\/wp-json\/wp\/v2\/types\/page"}],"author":[{"embeddable":true,"href":"https:\/\/www.urlaubcornwall.de\/blog\/wp-json\/wp\/v2\/users\/1"}],"replies":[{"embeddable":true,"href":"https:\/\/www.urlaubcornwall.de\/blog\/wp-json\/wp\/v2\/comments?post=41145"}],"version-history":[{"count":5,"href":"https:\/\/www.urlaubcornwall.de\/blog\/wp-json\/wp\/v2\/pages\/41145\/revisions"}],"predecessor-version":[{"id":51197,"href":"https:\/\/www.urlaubcornwall.de\/blog\/wp-json\/wp\/v2\/pages\/41145\/revisions\/51197"}],"wp:attachment":[{"href":"https:\/\/www.urlaubcornwall.de\/blog\/wp-json\/wp\/v2\/media?parent=41145"}],"curies":[{"name":"wp","href":"https:\/\/api.w.org\/{rel}","templated":true}]}}