{"id":41142,"date":"2020-11-09T08:56:38","date_gmt":"2020-11-09T08:56:38","guid":{"rendered":"https:\/\/www.urlaubcornwall.de\/blog\/?page_id=41142"},"modified":"2024-03-11T15:42:16","modified_gmt":"2024-03-11T15:42:16","slug":"seehund-auffangsstation-in-cornwall","status":"publish","type":"page","link":"https:\/\/www.urlaubcornwall.de\/blog\/seehund-auffangsstation-in-cornwall\/","title":{"rendered":"Seehund Auffangstation in Cornwall"},"content":{"rendered":"<p><img loading=\"lazy\" class=\"aligncenter size-full wp-image-41143\" src=\"https:\/\/www.urlaubcornwall.de\/blog\/wp-content\/uploads\/2020\/11\/cornish-seal-sanctuary.jpg\" alt=\"cornish-seal-sanctuary\" width=\"750\" height=\"403\" srcset=\"https:\/\/www.urlaubcornwall.de\/blog\/wp-content\/uploads\/2020\/11\/cornish-seal-sanctuary.jpg 750w, https:\/\/www.urlaubcornwall.de\/blog\/wp-content\/uploads\/2020\/11\/cornish-seal-sanctuary-300x161.jpg 300w\" sizes=\"(max-width: 750px) 100vw, 750px\" \/><br \/>\nimage cerdit cornish seal santuary<\/p>\n<p>Die cornische <a href=\"http:\/\/www.visitsealife.com\/\" rel=\"nofollow\">Seehunde Rettungsstation<\/a> in <a href=\"https:\/\/www.urlaubcornwall.de\/ferienhaeuser-fewos\/gweek.html\">Gweek<\/a> ist bekannt aufgrund ihrer ausgezeichneten Arbeit, verletzte Seehunde zu retten und zu rehabilitieren, bevor sie in die Freiheit zur\u00fcckgelassen werden. Es gibt hier auch Seel\u00f6wen, Pinguine und Otter, sowie wundersch\u00f6ne Spazierwege entlang des Flusses. Angeleinte Hunde sind \u00fcberall willkommen, au\u00dfer im Safaribus, dem Seehundekrankenhaus und Caf\u00e9, (es gibt jedoch Sitzm\u00f6glichkeit im Freien). Es gibt zahlreiche Wassergef\u00e4\u00dfe und Hundeleckerlies an der Rezeption. Die Seehunderettungsstation ist t\u00e4glich, au\u00dfer am Weihnachtstag, ge\u00f6ffnet.<\/p>\n<div class=\"snippet\"> <a class=\"featured-item\" href=\"https:\/\/www.urlaubcornwall.de\/ferienhaeuser\/cornwall.php\"> <span class=\"image-holder\" style=\"background-image: url('https:\/\/www.urlaubcornwall.de\/blog\/wp-content\/uploads\/2018\/12\/familienurlaub-corwnall-snippet.jpg');\"><\/span> <span class=\"featured-content\"> \n<h2 class=\"featured-title\">Ferienh\u00e4user in Cornwall am Meer<\/h2>\n<p class=\"featured-body\">Cornwall besitzt mehr K\u00fcstenlinien als jede andere Grafschaft und bietet einige der besten Str\u00e4nde, K\u00fcstenwanderwege und Klippenlandschaften, die man \u00fcberhaupt finden kann&#8230; <\/p><\/span> <span class=\"featured-link-holder\"> <span class=\"featured-extra-info\"> \n<p>F\u00fcr Paare, Familien &#038; Gruppen<\/p>\n<\/span> \n<p class=\"featured-link\">DETAILS<\/p>\n<\/span> <\/a><\/div>\n","protected":false},"excerpt":{"rendered":"<p>image cerdit cornish seal santuary Die cornische Seehunde Rettungsstation in Gweek ist bekannt aufgrund ihrer ausgezeichneten Arbeit, verletzte Seehunde zu retten und zu rehabilitieren, bevor sie in die Freiheit zur\u00fcckgelassen werden. Es gibt hier auch Seel\u00f6wen, Pinguine und Otter, sowie wundersch\u00f6ne Spazierwege entlang des Flusses. Angeleinte Hunde sind \u00fcberall willkommen, au\u00dfer im Safaribus, dem Seehundekrankenhaus [&hellip;]<\/p>\n","protected":false},"author":1,"featured_media":0,"parent":0,"menu_order":0,"comment_status":"closed","ping_status":"closed","template":"single-four.php","meta":[],"acf":[],"yoast_head":"<!-- This site is optimized with the Yoast SEO plugin v19.4 - https:\/\/yoast.com\/wordpress\/plugins\/seo\/ -->\n<title>Seehund Auffangstation in Cornwall - Urlaub &amp; Reisen<\/title>\n<meta name=\"robots\" content=\"index, follow, max-snippet:-1, max-image-preview:large, max-video-preview:-1\" \/>\n<link rel=\"canonical\" href=\"https:\/\/www.urlaubcornwall.de\/blog\/seehund-auffangsstation-in-cornwall\/\" \/>\n<meta property=\"og:locale\" content=\"en_US\" \/>\n<meta property=\"og:type\" content=\"article\" \/>\n<meta property=\"og:title\" content=\"Seehund Auffangstation in Cornwall - Urlaub &amp; Reisen\" \/>\n<meta property=\"og:description\" content=\"image cerdit cornish seal santuary Die cornische Seehunde Rettungsstation in Gweek ist bekannt aufgrund ihrer ausgezeichneten Arbeit, verletzte Seehunde zu retten und zu rehabilitieren, bevor sie in die Freiheit zur\u00fcckgelassen werden. Es gibt hier auch Seel\u00f6wen, Pinguine und Otter, sowie wundersch\u00f6ne Spazierwege entlang des Flusses. Angeleinte Hunde sind \u00fcberall willkommen, au\u00dfer im Safaribus, dem Seehundekrankenhaus [&hellip;]\" \/>\n<meta property=\"og:url\" content=\"https:\/\/www.urlaubcornwall.de\/blog\/seehund-auffangsstation-in-cornwall\/\" \/>\n<meta property=\"og:site_name\" content=\"Urlaub &amp; Reisen\" \/>\n<meta property=\"article:modified_time\" content=\"2024-03-11T15:42:16+00:00\" \/>\n<meta property=\"og:image\" content=\"https:\/\/www.urlaubcornwall.de\/blog\/wp-content\/uploads\/2020\/11\/cornish-seal-sanctuary.jpg\" \/>\n<meta name=\"twitter:card\" content=\"summary\" \/>\n<meta name=\"twitter:label1\" content=\"Est. reading time\" \/>\n\t<meta name=\"twitter:data1\" content=\"1 minute\" \/>\n<script type=\"application\/ld+json\" class=\"yoast-schema-graph\">{\"@context\":\"https:\/\/schema.org\",\"@graph\":[{\"@type\":\"WebSite\",\"@id\":\"https:\/\/www.urlaubcornwall.de\/blog\/#website\",\"url\":\"https:\/\/www.urlaubcornwall.de\/blog\/\",\"name\":\"Urlaub &amp; Reisen\",\"description\":\"Urlaub, Reisen, Cornwall und S\u00fcdengland: eine perfekte Kombination\",\"potentialAction\":[{\"@type\":\"SearchAction\",\"target\":{\"@type\":\"EntryPoint\",\"urlTemplate\":\"https:\/\/www.urlaubcornwall.de\/blog\/?s={search_term_string}\"},\"query-input\":\"required name=search_term_string\"}],\"inLanguage\":\"en-US\"},{\"@type\":\"WebPage\",\"@id\":\"https:\/\/www.urlaubcornwall.de\/blog\/seehund-auffangsstation-in-cornwall\/\",\"url\":\"https:\/\/www.urlaubcornwall.de\/blog\/seehund-auffangsstation-in-cornwall\/\",\"name\":\"Seehund Auffangstation in Cornwall - Urlaub &amp; Reisen\",\"isPartOf\":{\"@id\":\"https:\/\/www.urlaubcornwall.de\/blog\/#website\"},\"datePublished\":\"2020-11-09T08:56:38+00:00\",\"dateModified\":\"2024-03-11T15:42:16+00:00\",\"breadcrumb\":{\"@id\":\"https:\/\/www.urlaubcornwall.de\/blog\/seehund-auffangsstation-in-cornwall\/#breadcrumb\"},\"inLanguage\":\"en-US\",\"potentialAction\":[{\"@type\":\"ReadAction\",\"target\":[\"https:\/\/www.urlaubcornwall.de\/blog\/seehund-auffangsstation-in-cornwall\/\"]}]},{\"@type\":\"BreadcrumbList\",\"@id\":\"https:\/\/www.urlaubcornwall.de\/blog\/seehund-auffangsstation-in-cornwall\/#breadcrumb\",\"itemListElement\":[{\"@type\":\"ListItem\",\"position\":1,\"name\":\"Home\",\"item\":\"https:\/\/www.urlaubcornwall.de\/blog\/\"},{\"@type\":\"ListItem\",\"position\":2,\"name\":\"Seehund Auffangstation in Cornwall\"}]}]}<\/script>\n<!-- \/ Yoast SEO plugin. -->","yoast_head_json":{"title":"Seehund Auffangstation in Cornwall - Urlaub &amp; Reisen","robots":{"index":"index","follow":"follow","max-snippet":"max-snippet:-1","max-image-preview":"max-image-preview:large","max-video-preview":"max-video-preview:-1"},"canonical":"https:\/\/www.urlaubcornwall.de\/blog\/seehund-auffangsstation-in-cornwall\/","og_locale":"en_US","og_type":"article","og_title":"Seehund Auffangstation in Cornwall - Urlaub &amp; Reisen","og_description":"image cerdit cornish seal santuary Die cornische Seehunde Rettungsstation in Gweek ist bekannt aufgrund ihrer ausgezeichneten Arbeit, verletzte Seehunde zu retten und zu rehabilitieren, bevor sie in die Freiheit zur\u00fcckgelassen werden. Es gibt hier auch Seel\u00f6wen, Pinguine und Otter, sowie wundersch\u00f6ne Spazierwege entlang des Flusses. Angeleinte Hunde sind \u00fcberall willkommen, au\u00dfer im Safaribus, dem Seehundekrankenhaus [&hellip;]","og_url":"https:\/\/www.urlaubcornwall.de\/blog\/seehund-auffangsstation-in-cornwall\/","og_site_name":"Urlaub &amp; Reisen","article_modified_time":"2024-03-11T15:42:16+00:00","og_image":[{"url":"https:\/\/www.urlaubcornwall.de\/blog\/wp-content\/uploads\/2020\/11\/cornish-seal-sanctuary.jpg"}],"twitter_card":"summary","twitter_misc":{"Est. reading time":"1 minute"},"schema":{"@context":"https:\/\/schema.org","@graph":[{"@type":"WebSite","@id":"https:\/\/www.urlaubcornwall.de\/blog\/#website","url":"https:\/\/www.urlaubcornwall.de\/blog\/","name":"Urlaub &amp; Reisen","description":"Urlaub, Reisen, Cornwall und S\u00fcdengland: eine perfekte Kombination","potentialAction":[{"@type":"SearchAction","target":{"@type":"EntryPoint","urlTemplate":"https:\/\/www.urlaubcornwall.de\/blog\/?s={search_term_string}"},"query-input":"required name=search_term_string"}],"inLanguage":"en-US"},{"@type":"WebPage","@id":"https:\/\/www.urlaubcornwall.de\/blog\/seehund-auffangsstation-in-cornwall\/","url":"https:\/\/www.urlaubcornwall.de\/blog\/seehund-auffangsstation-in-cornwall\/","name":"Seehund Auffangstation in Cornwall - Urlaub &amp; Reisen","isPartOf":{"@id":"https:\/\/www.urlaubcornwall.de\/blog\/#website"},"datePublished":"2020-11-09T08:56:38+00:00","dateModified":"2024-03-11T15:42:16+00:00","breadcrumb":{"@id":"https:\/\/www.urlaubcornwall.de\/blog\/seehund-auffangsstation-in-cornwall\/#breadcrumb"},"inLanguage":"en-US","potentialAction":[{"@type":"ReadAction","target":["https:\/\/www.urlaubcornwall.de\/blog\/seehund-auffangsstation-in-cornwall\/"]}]},{"@type":"BreadcrumbList","@id":"https:\/\/www.urlaubcornwall.de\/blog\/seehund-auffangsstation-in-cornwall\/#breadcrumb","itemListElement":[{"@type":"ListItem","position":1,"name":"Home","item":"https:\/\/www.urlaubcornwall.de\/blog\/"},{"@type":"ListItem","position":2,"name":"Seehund Auffangstation in Cornwall"}]}]}},"_links":{"self":[{"href":"https:\/\/www.urlaubcornwall.de\/blog\/wp-json\/wp\/v2\/pages\/41142"}],"collection":[{"href":"https:\/\/www.urlaubcornwall.de\/blog\/wp-json\/wp\/v2\/pages"}],"about":[{"href":"https:\/\/www.urlaubcornwall.de\/blog\/wp-json\/wp\/v2\/types\/page"}],"author":[{"embeddable":true,"href":"https:\/\/www.urlaubcornwall.de\/blog\/wp-json\/wp\/v2\/users\/1"}],"replies":[{"embeddable":true,"href":"https:\/\/www.urlaubcornwall.de\/blog\/wp-json\/wp\/v2\/comments?post=41142"}],"version-history":[{"count":4,"href":"https:\/\/www.urlaubcornwall.de\/blog\/wp-json\/wp\/v2\/pages\/41142\/revisions"}],"predecessor-version":[{"id":48150,"href":"https:\/\/www.urlaubcornwall.de\/blog\/wp-json\/wp\/v2\/pages\/41142\/revisions\/48150"}],"wp:attachment":[{"href":"https:\/\/www.urlaubcornwall.de\/blog\/wp-json\/wp\/v2\/media?parent=41142"}],"curies":[{"name":"wp","href":"https:\/\/api.w.org\/{rel}","templated":true}]}}