{"id":41116,"date":"2020-11-06T11:14:28","date_gmt":"2020-11-06T11:14:28","guid":{"rendered":"https:\/\/www.urlaubcornwall.de\/blog\/?page_id=41116"},"modified":"2024-04-30T15:46:35","modified_gmt":"2024-04-30T15:46:35","slug":"urlaub-buxton-in-derbryshire","status":"publish","type":"page","link":"https:\/\/www.urlaubcornwall.de\/blog\/urlaub-buxton-in-derbryshire\/","title":{"rendered":"Urlaub Buxton in Derbyshire"},"content":{"rendered":"<p><a href=\"https:\/\/www.urlaubcornwall.de\/blog\/wp-content\/uploads\/2024\/03\/peak-distikt-nordengland.jpg\"><img loading=\"lazy\" src=\"https:\/\/www.urlaubcornwall.de\/blog\/wp-content\/uploads\/2024\/03\/peak-distikt-nordengland.jpg\" alt=\"peak-district-nordengland\" width=\"750\" height=\"422\" class=\"alignnone size-full wp-image-47849\" srcset=\"https:\/\/www.urlaubcornwall.de\/blog\/wp-content\/uploads\/2024\/03\/peak-distikt-nordengland.jpg 750w, https:\/\/www.urlaubcornwall.de\/blog\/wp-content\/uploads\/2024\/03\/peak-distikt-nordengland-300x169.jpg 300w\" sizes=\"(max-width: 750px) 100vw, 750px\" \/><\/a><\/p>\n<p><strong>von Buxton nach Macclesfield<\/strong> &#8211; Diese Route von weniger als 20km ist die bekannteste im Peak Distrikt, von <a href=\"https:\/\/www.urlaubcornwall.de\/ferienhaeuser-fewos\/eng\/derbyshire\/derbyshire.html\">Buxton in Derbyshire<\/a> bis nach Macclesfield in <a href=\"https:\/\/www.urlaubcornwall.de\/ferienhaeuser-fewos\/eng\/cheshire\/cheshire.html\">Cheshire<\/a> und ist auch bekannt als die Katzen-und Geigenroute, benannt nach der bekannten Kneipe. Folgen Sie der A53, dann der A54 und dann der A537. Die Stra\u00dfe hat einige scharfe Kurven auf dem Weg hinauf nach Goyt\u2019s Moss und der \u201eCat and Fiddle\u201c Kneipe auf einer H\u00f6he von 520 Metern. Die Stra\u00dfe f\u00fchrt dann kurvenreich hinunter nach Macclesfield.<\/p>\n<div class=\"snippet\"> <a class=\"featured-item\" href=\"https:\/\/www.urlaubcornwall.de\/ferienhaeuser-fewos\/eng\/derbyshire\/derbyshire.html\"> <span class=\"image-holder\" style=\"background-image: url(' https:\/\/www.urlaubcornwall.de\/blog\/wp-content\/uploads\/2024\/03\/ferienhaus-england-cornwall.jpg ');\"><\/span> <span class=\"featured-content\"> \n<h2 class=\"featured-title\">Ferienh\u00e4user in Gro\u00dfbritannien zum Verlieben!<\/h2>\n<p class=\"featured-body\">UrlaubCornwall.de hat eine einzigartige Sammlung pers\u00f6nlich inspizierter Ferienh\u00e4user und Ferienwohnungen in Derbyshire.<\/p><\/span> <span class=\"featured-link-holder\"> <span class=\"featured-extra-info\"> \n<p>F\u00fcr Paare, Familien &#038; Gruppen<\/p>\n<\/span> \n<p class=\"featured-link\">DETAILS<\/p>\n<\/span> <\/a><\/div>\n","protected":false},"excerpt":{"rendered":"<p>von Buxton nach Macclesfield &#8211; Diese Route von weniger als 20km ist die bekannteste im Peak Distrikt, von Buxton in Derbyshire bis nach Macclesfield in Cheshire und ist auch bekannt als die Katzen-und Geigenroute, benannt nach der bekannten Kneipe. Folgen Sie der A53, dann der A54 und dann der A537. Die Stra\u00dfe hat einige scharfe [&hellip;]<\/p>\n","protected":false},"author":1,"featured_media":0,"parent":0,"menu_order":0,"comment_status":"closed","ping_status":"closed","template":"single-four.php","meta":[],"acf":[],"yoast_head":"<!-- This site is optimized with the Yoast SEO plugin v19.4 - https:\/\/yoast.com\/wordpress\/plugins\/seo\/ -->\n<title>Urlaub Buxton in Derbyshire - Urlaub &amp; Reisen<\/title>\n<meta name=\"robots\" content=\"index, follow, max-snippet:-1, max-image-preview:large, max-video-preview:-1\" \/>\n<link rel=\"canonical\" href=\"https:\/\/www.urlaubcornwall.de\/blog\/urlaub-buxton-in-derbryshire\/\" \/>\n<meta property=\"og:locale\" content=\"en_US\" \/>\n<meta property=\"og:type\" content=\"article\" \/>\n<meta property=\"og:title\" content=\"Urlaub Buxton in Derbyshire - Urlaub &amp; Reisen\" \/>\n<meta property=\"og:description\" content=\"von Buxton nach Macclesfield &#8211; Diese Route von weniger als 20km ist die bekannteste im Peak Distrikt, von Buxton in Derbyshire bis nach Macclesfield in Cheshire und ist auch bekannt als die Katzen-und Geigenroute, benannt nach der bekannten Kneipe. Folgen Sie der A53, dann der A54 und dann der A537. Die Stra\u00dfe hat einige scharfe [&hellip;]\" \/>\n<meta property=\"og:url\" content=\"https:\/\/www.urlaubcornwall.de\/blog\/urlaub-buxton-in-derbryshire\/\" \/>\n<meta property=\"og:site_name\" content=\"Urlaub &amp; Reisen\" \/>\n<meta property=\"article:modified_time\" content=\"2024-04-30T15:46:35+00:00\" \/>\n<meta property=\"og:image\" content=\"https:\/\/www.urlaubcornwall.de\/blog\/wp-content\/uploads\/2024\/03\/peak-distikt-nordengland.jpg\" \/>\n<meta name=\"twitter:card\" content=\"summary\" \/>\n<meta name=\"twitter:label1\" content=\"Est. reading time\" \/>\n\t<meta name=\"twitter:data1\" content=\"1 minute\" \/>\n<script type=\"application\/ld+json\" class=\"yoast-schema-graph\">{\"@context\":\"https:\/\/schema.org\",\"@graph\":[{\"@type\":\"WebSite\",\"@id\":\"https:\/\/www.urlaubcornwall.de\/blog\/#website\",\"url\":\"https:\/\/www.urlaubcornwall.de\/blog\/\",\"name\":\"Urlaub &amp; Reisen\",\"description\":\"Urlaub, Reisen, Cornwall und S\u00fcdengland: eine perfekte Kombination\",\"potentialAction\":[{\"@type\":\"SearchAction\",\"target\":{\"@type\":\"EntryPoint\",\"urlTemplate\":\"https:\/\/www.urlaubcornwall.de\/blog\/?s={search_term_string}\"},\"query-input\":\"required name=search_term_string\"}],\"inLanguage\":\"en-US\"},{\"@type\":\"WebPage\",\"@id\":\"https:\/\/www.urlaubcornwall.de\/blog\/urlaub-buxton-in-derbryshire\/\",\"url\":\"https:\/\/www.urlaubcornwall.de\/blog\/urlaub-buxton-in-derbryshire\/\",\"name\":\"Urlaub Buxton in Derbyshire - Urlaub &amp; Reisen\",\"isPartOf\":{\"@id\":\"https:\/\/www.urlaubcornwall.de\/blog\/#website\"},\"datePublished\":\"2020-11-06T11:14:28+00:00\",\"dateModified\":\"2024-04-30T15:46:35+00:00\",\"breadcrumb\":{\"@id\":\"https:\/\/www.urlaubcornwall.de\/blog\/urlaub-buxton-in-derbryshire\/#breadcrumb\"},\"inLanguage\":\"en-US\",\"potentialAction\":[{\"@type\":\"ReadAction\",\"target\":[\"https:\/\/www.urlaubcornwall.de\/blog\/urlaub-buxton-in-derbryshire\/\"]}]},{\"@type\":\"BreadcrumbList\",\"@id\":\"https:\/\/www.urlaubcornwall.de\/blog\/urlaub-buxton-in-derbryshire\/#breadcrumb\",\"itemListElement\":[{\"@type\":\"ListItem\",\"position\":1,\"name\":\"Home\",\"item\":\"https:\/\/www.urlaubcornwall.de\/blog\/\"},{\"@type\":\"ListItem\",\"position\":2,\"name\":\"Urlaub Buxton in Derbyshire\"}]}]}<\/script>\n<!-- \/ Yoast SEO plugin. -->","yoast_head_json":{"title":"Urlaub Buxton in Derbyshire - Urlaub &amp; Reisen","robots":{"index":"index","follow":"follow","max-snippet":"max-snippet:-1","max-image-preview":"max-image-preview:large","max-video-preview":"max-video-preview:-1"},"canonical":"https:\/\/www.urlaubcornwall.de\/blog\/urlaub-buxton-in-derbryshire\/","og_locale":"en_US","og_type":"article","og_title":"Urlaub Buxton in Derbyshire - Urlaub &amp; Reisen","og_description":"von Buxton nach Macclesfield &#8211; Diese Route von weniger als 20km ist die bekannteste im Peak Distrikt, von Buxton in Derbyshire bis nach Macclesfield in Cheshire und ist auch bekannt als die Katzen-und Geigenroute, benannt nach der bekannten Kneipe. Folgen Sie der A53, dann der A54 und dann der A537. Die Stra\u00dfe hat einige scharfe [&hellip;]","og_url":"https:\/\/www.urlaubcornwall.de\/blog\/urlaub-buxton-in-derbryshire\/","og_site_name":"Urlaub &amp; Reisen","article_modified_time":"2024-04-30T15:46:35+00:00","og_image":[{"url":"https:\/\/www.urlaubcornwall.de\/blog\/wp-content\/uploads\/2024\/03\/peak-distikt-nordengland.jpg"}],"twitter_card":"summary","twitter_misc":{"Est. reading time":"1 minute"},"schema":{"@context":"https:\/\/schema.org","@graph":[{"@type":"WebSite","@id":"https:\/\/www.urlaubcornwall.de\/blog\/#website","url":"https:\/\/www.urlaubcornwall.de\/blog\/","name":"Urlaub &amp; Reisen","description":"Urlaub, Reisen, Cornwall und S\u00fcdengland: eine perfekte Kombination","potentialAction":[{"@type":"SearchAction","target":{"@type":"EntryPoint","urlTemplate":"https:\/\/www.urlaubcornwall.de\/blog\/?s={search_term_string}"},"query-input":"required name=search_term_string"}],"inLanguage":"en-US"},{"@type":"WebPage","@id":"https:\/\/www.urlaubcornwall.de\/blog\/urlaub-buxton-in-derbryshire\/","url":"https:\/\/www.urlaubcornwall.de\/blog\/urlaub-buxton-in-derbryshire\/","name":"Urlaub Buxton in Derbyshire - Urlaub &amp; Reisen","isPartOf":{"@id":"https:\/\/www.urlaubcornwall.de\/blog\/#website"},"datePublished":"2020-11-06T11:14:28+00:00","dateModified":"2024-04-30T15:46:35+00:00","breadcrumb":{"@id":"https:\/\/www.urlaubcornwall.de\/blog\/urlaub-buxton-in-derbryshire\/#breadcrumb"},"inLanguage":"en-US","potentialAction":[{"@type":"ReadAction","target":["https:\/\/www.urlaubcornwall.de\/blog\/urlaub-buxton-in-derbryshire\/"]}]},{"@type":"BreadcrumbList","@id":"https:\/\/www.urlaubcornwall.de\/blog\/urlaub-buxton-in-derbryshire\/#breadcrumb","itemListElement":[{"@type":"ListItem","position":1,"name":"Home","item":"https:\/\/www.urlaubcornwall.de\/blog\/"},{"@type":"ListItem","position":2,"name":"Urlaub Buxton in Derbyshire"}]}]}},"_links":{"self":[{"href":"https:\/\/www.urlaubcornwall.de\/blog\/wp-json\/wp\/v2\/pages\/41116"}],"collection":[{"href":"https:\/\/www.urlaubcornwall.de\/blog\/wp-json\/wp\/v2\/pages"}],"about":[{"href":"https:\/\/www.urlaubcornwall.de\/blog\/wp-json\/wp\/v2\/types\/page"}],"author":[{"embeddable":true,"href":"https:\/\/www.urlaubcornwall.de\/blog\/wp-json\/wp\/v2\/users\/1"}],"replies":[{"embeddable":true,"href":"https:\/\/www.urlaubcornwall.de\/blog\/wp-json\/wp\/v2\/comments?post=41116"}],"version-history":[{"count":5,"href":"https:\/\/www.urlaubcornwall.de\/blog\/wp-json\/wp\/v2\/pages\/41116\/revisions"}],"predecessor-version":[{"id":50006,"href":"https:\/\/www.urlaubcornwall.de\/blog\/wp-json\/wp\/v2\/pages\/41116\/revisions\/50006"}],"wp:attachment":[{"href":"https:\/\/www.urlaubcornwall.de\/blog\/wp-json\/wp\/v2\/media?parent=41116"}],"curies":[{"name":"wp","href":"https:\/\/api.w.org\/{rel}","templated":true}]}}