{"id":41114,"date":"2020-11-06T11:09:25","date_gmt":"2020-11-06T11:09:25","guid":{"rendered":"https:\/\/www.urlaubcornwall.de\/blog\/?page_id=41114"},"modified":"2024-04-30T15:46:47","modified_gmt":"2024-04-30T15:46:47","slug":"urlaub-alnwick-lindisfarne-in-northumberland","status":"publish","type":"page","link":"https:\/\/www.urlaubcornwall.de\/blog\/urlaub-alnwick-lindisfarne-in-northumberland\/","title":{"rendered":"Urlaub Alnwick &#038; Lindisfarne in Northumberland"},"content":{"rendered":"<p><img loading=\"lazy\" class=\"aligncenter size-full wp-image-22892\" src=\"https:\/\/www.urlaubcornwall.de\/blog\/wp-content\/uploads\/2024\/03\/Bamburgh.jpg\" alt=\"Bamburgh\" width=\"749\" height=\"388\"\/><\/p>\n<p><strong>von Alnwick nach Lindisfarne<\/strong> &#8211; Vom Schloss Alnwick zum Schloss Lindisfarne f\u00fchrt diese 56km lange Strecke entlang der atemberaubendsten K\u00fcstenstrecke. Schloss Alnwick, \u00fcber 700 Jahre lang das Zuhause der Herzoge von Northumberland spielte in <a href=\"https:\/\/www.urlaubcornwall.de\/blog\/auf-den-spuren-van-harry-potter-urlaub-in-grossbritannien\/\">Harry Potter<\/a> eine Rolle. Fahren Sie vorbei an unber\u00fchrten Fischerd\u00f6rfern wie <a href=\"https:\/\/www.urlaubcornwall.de\/ferienhaeuser-fewos\/eng\/northumberland\/craster.html\">Craster<\/a>, der Stadt der <a href=\"https:\/\/www.urlaubcornwall.de\/ferienhaeuser-fewos\/eng\/northumberland\/seahouses.html\">Seahouses<\/a>, von wo aus Sie Bootsfahrten zu den Farne Inseln unternehmen k\u00f6nnen; halten Sie an, um Schloss <a href=\"https:\/\/www.urlaubcornwall.de\/ferienhaeuser-fewos\/eng\/northumberland\/bamburgh.html\">Bamburgh<\/a> zu besuchen, eines von Gro\u00dfbritanniens eindrucksvollsten Schl\u00f6ssern; auf Felsen errichtet, die sich dramatisch vom flachen Sandstrand abheben. Lindisfarne ist auch bekannt als Heilige Insel, lediglich bei Ebbe erreichbar. Hier finden Sie dann Schloss Lindisfarne und die Abtei Lindisfarne.<\/p>\n<div class=\"snippet\"> <a class=\"featured-item\" href=\"https:\/\/www.urlaubcornwall.de\/ferienhaeuser-fewos\/eng\/northumberland\/northumberland.html\"> <span class=\"image-holder\" style=\"background-image: url(' https:\/\/www.urlaubcornwall.de\/blog\/wp-content\/uploads\/2024\/03\/ferienhaus-england-cornwall.jpg ');\"><\/span> <span class=\"featured-content\"> \n<h2 class=\"featured-title\">Ferienh\u00e4user in Gro\u00dfbritannien zum Verlieben!<\/h2>\n<p class=\"featured-body\">UrlaubCornwall.de hat eine einzigartige Sammlung pers\u00f6nlich inspizierter Ferienh\u00e4user und Ferienwohnungen in Northumberland.<\/p><\/span> <span class=\"featured-link-holder\"> <span class=\"featured-extra-info\"> \n<p>F\u00fcr Paare, Familien &#038; Gruppen<\/p>\n<\/span> \n<p class=\"featured-link\">DETAILS<\/p>\n<\/span> <\/a><\/div>\n","protected":false},"excerpt":{"rendered":"<p>von Alnwick nach Lindisfarne &#8211; Vom Schloss Alnwick zum Schloss Lindisfarne f\u00fchrt diese 56km lange Strecke entlang der atemberaubendsten K\u00fcstenstrecke. Schloss Alnwick, \u00fcber 700 Jahre lang das Zuhause der Herzoge von Northumberland spielte in Harry Potter eine Rolle. Fahren Sie vorbei an unber\u00fchrten Fischerd\u00f6rfern wie Craster, der Stadt der Seahouses, von wo aus Sie Bootsfahrten [&hellip;]<\/p>\n","protected":false},"author":1,"featured_media":0,"parent":0,"menu_order":0,"comment_status":"closed","ping_status":"closed","template":"single-four.php","meta":[],"acf":[],"yoast_head":"<!-- This site is optimized with the Yoast SEO plugin v19.4 - https:\/\/yoast.com\/wordpress\/plugins\/seo\/ -->\n<title>Urlaub Alnwick &amp; Lindisfarne in Northumberland - Urlaub &amp; Reisen<\/title>\n<meta name=\"robots\" content=\"index, follow, max-snippet:-1, max-image-preview:large, max-video-preview:-1\" \/>\n<link rel=\"canonical\" href=\"https:\/\/www.urlaubcornwall.de\/blog\/urlaub-alnwick-lindisfarne-in-northumberland\/\" \/>\n<meta property=\"og:locale\" content=\"en_US\" \/>\n<meta property=\"og:type\" content=\"article\" \/>\n<meta property=\"og:title\" content=\"Urlaub Alnwick &amp; Lindisfarne in Northumberland - Urlaub &amp; Reisen\" \/>\n<meta property=\"og:description\" content=\"von Alnwick nach Lindisfarne &#8211; Vom Schloss Alnwick zum Schloss Lindisfarne f\u00fchrt diese 56km lange Strecke entlang der atemberaubendsten K\u00fcstenstrecke. Schloss Alnwick, \u00fcber 700 Jahre lang das Zuhause der Herzoge von Northumberland spielte in Harry Potter eine Rolle. Fahren Sie vorbei an unber\u00fchrten Fischerd\u00f6rfern wie Craster, der Stadt der Seahouses, von wo aus Sie Bootsfahrten [&hellip;]\" \/>\n<meta property=\"og:url\" content=\"https:\/\/www.urlaubcornwall.de\/blog\/urlaub-alnwick-lindisfarne-in-northumberland\/\" \/>\n<meta property=\"og:site_name\" content=\"Urlaub &amp; Reisen\" \/>\n<meta property=\"article:modified_time\" content=\"2024-04-30T15:46:47+00:00\" \/>\n<meta property=\"og:image\" content=\"https:\/\/www.urlaubcornwall.de\/blog\/wp-content\/uploads\/2024\/03\/Bamburgh.jpg\" \/>\n<meta name=\"twitter:card\" content=\"summary\" \/>\n<meta name=\"twitter:label1\" content=\"Est. reading time\" \/>\n\t<meta name=\"twitter:data1\" content=\"1 minute\" \/>\n<script type=\"application\/ld+json\" class=\"yoast-schema-graph\">{\"@context\":\"https:\/\/schema.org\",\"@graph\":[{\"@type\":\"WebSite\",\"@id\":\"https:\/\/www.urlaubcornwall.de\/blog\/#website\",\"url\":\"https:\/\/www.urlaubcornwall.de\/blog\/\",\"name\":\"Urlaub &amp; Reisen\",\"description\":\"Urlaub, Reisen, Cornwall und S\u00fcdengland: eine perfekte Kombination\",\"potentialAction\":[{\"@type\":\"SearchAction\",\"target\":{\"@type\":\"EntryPoint\",\"urlTemplate\":\"https:\/\/www.urlaubcornwall.de\/blog\/?s={search_term_string}\"},\"query-input\":\"required name=search_term_string\"}],\"inLanguage\":\"en-US\"},{\"@type\":\"WebPage\",\"@id\":\"https:\/\/www.urlaubcornwall.de\/blog\/urlaub-alnwick-lindisfarne-in-northumberland\/\",\"url\":\"https:\/\/www.urlaubcornwall.de\/blog\/urlaub-alnwick-lindisfarne-in-northumberland\/\",\"name\":\"Urlaub Alnwick & Lindisfarne in Northumberland - Urlaub &amp; Reisen\",\"isPartOf\":{\"@id\":\"https:\/\/www.urlaubcornwall.de\/blog\/#website\"},\"datePublished\":\"2020-11-06T11:09:25+00:00\",\"dateModified\":\"2024-04-30T15:46:47+00:00\",\"breadcrumb\":{\"@id\":\"https:\/\/www.urlaubcornwall.de\/blog\/urlaub-alnwick-lindisfarne-in-northumberland\/#breadcrumb\"},\"inLanguage\":\"en-US\",\"potentialAction\":[{\"@type\":\"ReadAction\",\"target\":[\"https:\/\/www.urlaubcornwall.de\/blog\/urlaub-alnwick-lindisfarne-in-northumberland\/\"]}]},{\"@type\":\"BreadcrumbList\",\"@id\":\"https:\/\/www.urlaubcornwall.de\/blog\/urlaub-alnwick-lindisfarne-in-northumberland\/#breadcrumb\",\"itemListElement\":[{\"@type\":\"ListItem\",\"position\":1,\"name\":\"Home\",\"item\":\"https:\/\/www.urlaubcornwall.de\/blog\/\"},{\"@type\":\"ListItem\",\"position\":2,\"name\":\"Urlaub Alnwick &#038; Lindisfarne in Northumberland\"}]}]}<\/script>\n<!-- \/ Yoast SEO plugin. -->","yoast_head_json":{"title":"Urlaub Alnwick & Lindisfarne in Northumberland - Urlaub &amp; Reisen","robots":{"index":"index","follow":"follow","max-snippet":"max-snippet:-1","max-image-preview":"max-image-preview:large","max-video-preview":"max-video-preview:-1"},"canonical":"https:\/\/www.urlaubcornwall.de\/blog\/urlaub-alnwick-lindisfarne-in-northumberland\/","og_locale":"en_US","og_type":"article","og_title":"Urlaub Alnwick & Lindisfarne in Northumberland - Urlaub &amp; Reisen","og_description":"von Alnwick nach Lindisfarne &#8211; Vom Schloss Alnwick zum Schloss Lindisfarne f\u00fchrt diese 56km lange Strecke entlang der atemberaubendsten K\u00fcstenstrecke. Schloss Alnwick, \u00fcber 700 Jahre lang das Zuhause der Herzoge von Northumberland spielte in Harry Potter eine Rolle. Fahren Sie vorbei an unber\u00fchrten Fischerd\u00f6rfern wie Craster, der Stadt der Seahouses, von wo aus Sie Bootsfahrten [&hellip;]","og_url":"https:\/\/www.urlaubcornwall.de\/blog\/urlaub-alnwick-lindisfarne-in-northumberland\/","og_site_name":"Urlaub &amp; Reisen","article_modified_time":"2024-04-30T15:46:47+00:00","og_image":[{"url":"https:\/\/www.urlaubcornwall.de\/blog\/wp-content\/uploads\/2024\/03\/Bamburgh.jpg"}],"twitter_card":"summary","twitter_misc":{"Est. reading time":"1 minute"},"schema":{"@context":"https:\/\/schema.org","@graph":[{"@type":"WebSite","@id":"https:\/\/www.urlaubcornwall.de\/blog\/#website","url":"https:\/\/www.urlaubcornwall.de\/blog\/","name":"Urlaub &amp; Reisen","description":"Urlaub, Reisen, Cornwall und S\u00fcdengland: eine perfekte Kombination","potentialAction":[{"@type":"SearchAction","target":{"@type":"EntryPoint","urlTemplate":"https:\/\/www.urlaubcornwall.de\/blog\/?s={search_term_string}"},"query-input":"required name=search_term_string"}],"inLanguage":"en-US"},{"@type":"WebPage","@id":"https:\/\/www.urlaubcornwall.de\/blog\/urlaub-alnwick-lindisfarne-in-northumberland\/","url":"https:\/\/www.urlaubcornwall.de\/blog\/urlaub-alnwick-lindisfarne-in-northumberland\/","name":"Urlaub Alnwick & Lindisfarne in Northumberland - Urlaub &amp; Reisen","isPartOf":{"@id":"https:\/\/www.urlaubcornwall.de\/blog\/#website"},"datePublished":"2020-11-06T11:09:25+00:00","dateModified":"2024-04-30T15:46:47+00:00","breadcrumb":{"@id":"https:\/\/www.urlaubcornwall.de\/blog\/urlaub-alnwick-lindisfarne-in-northumberland\/#breadcrumb"},"inLanguage":"en-US","potentialAction":[{"@type":"ReadAction","target":["https:\/\/www.urlaubcornwall.de\/blog\/urlaub-alnwick-lindisfarne-in-northumberland\/"]}]},{"@type":"BreadcrumbList","@id":"https:\/\/www.urlaubcornwall.de\/blog\/urlaub-alnwick-lindisfarne-in-northumberland\/#breadcrumb","itemListElement":[{"@type":"ListItem","position":1,"name":"Home","item":"https:\/\/www.urlaubcornwall.de\/blog\/"},{"@type":"ListItem","position":2,"name":"Urlaub Alnwick &#038; Lindisfarne in Northumberland"}]}]}},"_links":{"self":[{"href":"https:\/\/www.urlaubcornwall.de\/blog\/wp-json\/wp\/v2\/pages\/41114"}],"collection":[{"href":"https:\/\/www.urlaubcornwall.de\/blog\/wp-json\/wp\/v2\/pages"}],"about":[{"href":"https:\/\/www.urlaubcornwall.de\/blog\/wp-json\/wp\/v2\/types\/page"}],"author":[{"embeddable":true,"href":"https:\/\/www.urlaubcornwall.de\/blog\/wp-json\/wp\/v2\/users\/1"}],"replies":[{"embeddable":true,"href":"https:\/\/www.urlaubcornwall.de\/blog\/wp-json\/wp\/v2\/comments?post=41114"}],"version-history":[{"count":3,"href":"https:\/\/www.urlaubcornwall.de\/blog\/wp-json\/wp\/v2\/pages\/41114\/revisions"}],"predecessor-version":[{"id":50007,"href":"https:\/\/www.urlaubcornwall.de\/blog\/wp-json\/wp\/v2\/pages\/41114\/revisions\/50007"}],"wp:attachment":[{"href":"https:\/\/www.urlaubcornwall.de\/blog\/wp-json\/wp\/v2\/media?parent=41114"}],"curies":[{"name":"wp","href":"https:\/\/api.w.org\/{rel}","templated":true}]}}