{"id":41112,"date":"2020-11-06T11:05:10","date_gmt":"2020-11-06T11:05:10","guid":{"rendered":"https:\/\/www.urlaubcornwall.de\/blog\/?page_id=41112"},"modified":"2024-04-30T15:47:01","modified_gmt":"2024-04-30T15:47:01","slug":"urlaub-wensleydale-swaledale-in-yorkshire","status":"publish","type":"page","link":"https:\/\/www.urlaubcornwall.de\/blog\/urlaub-wensleydale-swaledale-in-yorkshire\/","title":{"rendered":"Urlaub Wensleydale &#038; Swaledale in Yorkshire"},"content":{"rendered":"<p><img loading=\"lazy\" class=\"aligncenter size-full wp-image-22764\" src=\"https:\/\/www.urlaubcornwall.de\/blog\/wp-content\/uploads\/2016\/01\/reisen-england.jpg\" alt=\"Wensleydale &#038; Swaledale\" width=\"748\" height=\"360\"\/><\/p>\n<p>Von Wensleydale nach Swaledale in den <a href=\"https:\/\/www.urlaubcornwall.de\/ferienhaeuser-fewos\/eng\/yorkshire\/yorkshire.html\">Yorkshire Dales<\/a>\u2013 Diese Route zwischen den T\u00e4lern ist die spektakul\u00e4rste Englands. Bekannt als Buttertups Pass (Buttergef\u00e4\u00dfpass) ist diese Strecke nicht einmal 9km lang und bietet doch einen hochdramatischen Hintergrund. <\/p>\n<p>Beginnend im <a href=\"https:\/\/www.urlaubcornwall.de\/ferienhaeuser-fewos\/eng\/yorkshire\/thwaite.html\">Dorf Thwaite<\/a> geht es hinauf bis zu dem Punkt , wo sich ein offener Blick bietet, vorbei an \u201eButtergef\u00e4\u00dfen\u201c, tiefen Kalksteinschlagl\u00f6chern, von denen gesagt wird, dass die Bauern auf dem Weg zum Markt hier ihre Butter tieferlegten, um sie k\u00fchl zu halten. Die Route endet in <a href=\"https:\/\/www.urlaubcornwall.de\/ferienhaeuser-fewos\/eng\/yorkshire\/hawes.html\">Hawes<\/a>, einer der h\u00f6chst gelegenen Marktst\u00e4dte Englands, dem Zuhause des weltbekannten Wensleydale K\u00e4se und Hawdraw Force, Englands h\u00f6chstem Wasserfall, wo Robin Hood gefilmt wurde.<\/p>\n<div class=\"snippet\"> <a class=\"featured-item\" href=\"https:\/\/www.urlaubcornwall.de\/ferienhaeuser-fewos\/eng\/yorkshire\/yorkshire.html\"> <span class=\"image-holder\" style=\"background-image: url(' https:\/\/www.urlaubcornwall.de\/blog\/wp-content\/uploads\/2024\/03\/ferienhaus-england-cornwall.jpg ');\"><\/span> <span class=\"featured-content\"> \n<h2 class=\"featured-title\">Ferienh\u00e4user in Gro\u00dfbritannien zum Verlieben!<\/h2>\n<p class=\"featured-body\">UrlaubCornwall.de hat eine einzigartige Sammlung pers\u00f6nlich inspizierter Ferienh\u00e4user und Ferienwohnungen in Yorkshire. Die Landschaft der Yorkshire Dales kann wild und windig oder friedlich ruhig sein&#8230;<\/p><\/span> <span class=\"featured-link-holder\"> <span class=\"featured-extra-info\"> \n<p>F\u00fcr Paare, Familien &#038; Gruppen<\/p>\n<\/span> \n<p class=\"featured-link\">DETAILS<\/p>\n<\/span> <\/a><\/div>\n","protected":false},"excerpt":{"rendered":"<p>Von Wensleydale nach Swaledale in den Yorkshire Dales\u2013 Diese Route zwischen den T\u00e4lern ist die spektakul\u00e4rste Englands. Bekannt als Buttertups Pass (Buttergef\u00e4\u00dfpass) ist diese Strecke nicht einmal 9km lang und bietet doch einen hochdramatischen Hintergrund. Beginnend im Dorf Thwaite geht es hinauf bis zu dem Punkt , wo sich ein offener Blick bietet, vorbei an [&hellip;]<\/p>\n","protected":false},"author":1,"featured_media":0,"parent":0,"menu_order":0,"comment_status":"closed","ping_status":"closed","template":"single-four.php","meta":[],"acf":[],"yoast_head":"<!-- This site is optimized with the Yoast SEO plugin v19.4 - https:\/\/yoast.com\/wordpress\/plugins\/seo\/ -->\n<title>Urlaub Wensleydale &amp; Swaledale in Yorkshire - Urlaub &amp; Reisen<\/title>\n<meta name=\"robots\" content=\"index, follow, max-snippet:-1, max-image-preview:large, max-video-preview:-1\" \/>\n<link rel=\"canonical\" href=\"https:\/\/www.urlaubcornwall.de\/blog\/urlaub-wensleydale-swaledale-in-yorkshire\/\" \/>\n<meta property=\"og:locale\" content=\"en_US\" \/>\n<meta property=\"og:type\" content=\"article\" \/>\n<meta property=\"og:title\" content=\"Urlaub Wensleydale &amp; Swaledale in Yorkshire - Urlaub &amp; Reisen\" \/>\n<meta property=\"og:description\" content=\"Von Wensleydale nach Swaledale in den Yorkshire Dales\u2013 Diese Route zwischen den T\u00e4lern ist die spektakul\u00e4rste Englands. Bekannt als Buttertups Pass (Buttergef\u00e4\u00dfpass) ist diese Strecke nicht einmal 9km lang und bietet doch einen hochdramatischen Hintergrund. Beginnend im Dorf Thwaite geht es hinauf bis zu dem Punkt , wo sich ein offener Blick bietet, vorbei an [&hellip;]\" \/>\n<meta property=\"og:url\" content=\"https:\/\/www.urlaubcornwall.de\/blog\/urlaub-wensleydale-swaledale-in-yorkshire\/\" \/>\n<meta property=\"og:site_name\" content=\"Urlaub &amp; Reisen\" \/>\n<meta property=\"article:modified_time\" content=\"2024-04-30T15:47:01+00:00\" \/>\n<meta property=\"og:image\" content=\"https:\/\/www.urlaubcornwall.de\/blog\/wp-content\/uploads\/2016\/01\/reisen-england.jpg\" \/>\n<meta name=\"twitter:card\" content=\"summary\" \/>\n<meta name=\"twitter:label1\" content=\"Est. reading time\" \/>\n\t<meta name=\"twitter:data1\" content=\"1 minute\" \/>\n<script type=\"application\/ld+json\" class=\"yoast-schema-graph\">{\"@context\":\"https:\/\/schema.org\",\"@graph\":[{\"@type\":\"WebSite\",\"@id\":\"https:\/\/www.urlaubcornwall.de\/blog\/#website\",\"url\":\"https:\/\/www.urlaubcornwall.de\/blog\/\",\"name\":\"Urlaub &amp; Reisen\",\"description\":\"Urlaub, Reisen, Cornwall und S\u00fcdengland: eine perfekte Kombination\",\"potentialAction\":[{\"@type\":\"SearchAction\",\"target\":{\"@type\":\"EntryPoint\",\"urlTemplate\":\"https:\/\/www.urlaubcornwall.de\/blog\/?s={search_term_string}\"},\"query-input\":\"required name=search_term_string\"}],\"inLanguage\":\"en-US\"},{\"@type\":\"WebPage\",\"@id\":\"https:\/\/www.urlaubcornwall.de\/blog\/urlaub-wensleydale-swaledale-in-yorkshire\/\",\"url\":\"https:\/\/www.urlaubcornwall.de\/blog\/urlaub-wensleydale-swaledale-in-yorkshire\/\",\"name\":\"Urlaub Wensleydale & Swaledale in Yorkshire - Urlaub &amp; Reisen\",\"isPartOf\":{\"@id\":\"https:\/\/www.urlaubcornwall.de\/blog\/#website\"},\"datePublished\":\"2020-11-06T11:05:10+00:00\",\"dateModified\":\"2024-04-30T15:47:01+00:00\",\"breadcrumb\":{\"@id\":\"https:\/\/www.urlaubcornwall.de\/blog\/urlaub-wensleydale-swaledale-in-yorkshire\/#breadcrumb\"},\"inLanguage\":\"en-US\",\"potentialAction\":[{\"@type\":\"ReadAction\",\"target\":[\"https:\/\/www.urlaubcornwall.de\/blog\/urlaub-wensleydale-swaledale-in-yorkshire\/\"]}]},{\"@type\":\"BreadcrumbList\",\"@id\":\"https:\/\/www.urlaubcornwall.de\/blog\/urlaub-wensleydale-swaledale-in-yorkshire\/#breadcrumb\",\"itemListElement\":[{\"@type\":\"ListItem\",\"position\":1,\"name\":\"Home\",\"item\":\"https:\/\/www.urlaubcornwall.de\/blog\/\"},{\"@type\":\"ListItem\",\"position\":2,\"name\":\"Urlaub Wensleydale &#038; Swaledale in Yorkshire\"}]}]}<\/script>\n<!-- \/ Yoast SEO plugin. -->","yoast_head_json":{"title":"Urlaub Wensleydale & Swaledale in Yorkshire - Urlaub &amp; Reisen","robots":{"index":"index","follow":"follow","max-snippet":"max-snippet:-1","max-image-preview":"max-image-preview:large","max-video-preview":"max-video-preview:-1"},"canonical":"https:\/\/www.urlaubcornwall.de\/blog\/urlaub-wensleydale-swaledale-in-yorkshire\/","og_locale":"en_US","og_type":"article","og_title":"Urlaub Wensleydale & Swaledale in Yorkshire - Urlaub &amp; Reisen","og_description":"Von Wensleydale nach Swaledale in den Yorkshire Dales\u2013 Diese Route zwischen den T\u00e4lern ist die spektakul\u00e4rste Englands. Bekannt als Buttertups Pass (Buttergef\u00e4\u00dfpass) ist diese Strecke nicht einmal 9km lang und bietet doch einen hochdramatischen Hintergrund. Beginnend im Dorf Thwaite geht es hinauf bis zu dem Punkt , wo sich ein offener Blick bietet, vorbei an [&hellip;]","og_url":"https:\/\/www.urlaubcornwall.de\/blog\/urlaub-wensleydale-swaledale-in-yorkshire\/","og_site_name":"Urlaub &amp; Reisen","article_modified_time":"2024-04-30T15:47:01+00:00","og_image":[{"url":"https:\/\/www.urlaubcornwall.de\/blog\/wp-content\/uploads\/2016\/01\/reisen-england.jpg"}],"twitter_card":"summary","twitter_misc":{"Est. reading time":"1 minute"},"schema":{"@context":"https:\/\/schema.org","@graph":[{"@type":"WebSite","@id":"https:\/\/www.urlaubcornwall.de\/blog\/#website","url":"https:\/\/www.urlaubcornwall.de\/blog\/","name":"Urlaub &amp; Reisen","description":"Urlaub, Reisen, Cornwall und S\u00fcdengland: eine perfekte Kombination","potentialAction":[{"@type":"SearchAction","target":{"@type":"EntryPoint","urlTemplate":"https:\/\/www.urlaubcornwall.de\/blog\/?s={search_term_string}"},"query-input":"required name=search_term_string"}],"inLanguage":"en-US"},{"@type":"WebPage","@id":"https:\/\/www.urlaubcornwall.de\/blog\/urlaub-wensleydale-swaledale-in-yorkshire\/","url":"https:\/\/www.urlaubcornwall.de\/blog\/urlaub-wensleydale-swaledale-in-yorkshire\/","name":"Urlaub Wensleydale & Swaledale in Yorkshire - Urlaub &amp; Reisen","isPartOf":{"@id":"https:\/\/www.urlaubcornwall.de\/blog\/#website"},"datePublished":"2020-11-06T11:05:10+00:00","dateModified":"2024-04-30T15:47:01+00:00","breadcrumb":{"@id":"https:\/\/www.urlaubcornwall.de\/blog\/urlaub-wensleydale-swaledale-in-yorkshire\/#breadcrumb"},"inLanguage":"en-US","potentialAction":[{"@type":"ReadAction","target":["https:\/\/www.urlaubcornwall.de\/blog\/urlaub-wensleydale-swaledale-in-yorkshire\/"]}]},{"@type":"BreadcrumbList","@id":"https:\/\/www.urlaubcornwall.de\/blog\/urlaub-wensleydale-swaledale-in-yorkshire\/#breadcrumb","itemListElement":[{"@type":"ListItem","position":1,"name":"Home","item":"https:\/\/www.urlaubcornwall.de\/blog\/"},{"@type":"ListItem","position":2,"name":"Urlaub Wensleydale &#038; Swaledale in Yorkshire"}]}]}},"_links":{"self":[{"href":"https:\/\/www.urlaubcornwall.de\/blog\/wp-json\/wp\/v2\/pages\/41112"}],"collection":[{"href":"https:\/\/www.urlaubcornwall.de\/blog\/wp-json\/wp\/v2\/pages"}],"about":[{"href":"https:\/\/www.urlaubcornwall.de\/blog\/wp-json\/wp\/v2\/types\/page"}],"author":[{"embeddable":true,"href":"https:\/\/www.urlaubcornwall.de\/blog\/wp-json\/wp\/v2\/users\/1"}],"replies":[{"embeddable":true,"href":"https:\/\/www.urlaubcornwall.de\/blog\/wp-json\/wp\/v2\/comments?post=41112"}],"version-history":[{"count":4,"href":"https:\/\/www.urlaubcornwall.de\/blog\/wp-json\/wp\/v2\/pages\/41112\/revisions"}],"predecessor-version":[{"id":50008,"href":"https:\/\/www.urlaubcornwall.de\/blog\/wp-json\/wp\/v2\/pages\/41112\/revisions\/50008"}],"wp:attachment":[{"href":"https:\/\/www.urlaubcornwall.de\/blog\/wp-json\/wp\/v2\/media?parent=41112"}],"curies":[{"name":"wp","href":"https:\/\/api.w.org\/{rel}","templated":true}]}}