{"id":41108,"date":"2020-11-06T10:46:43","date_gmt":"2020-11-06T10:46:43","guid":{"rendered":"https:\/\/www.urlaubcornwall.de\/blog\/?page_id=41108"},"modified":"2024-05-31T07:40:59","modified_gmt":"2024-05-31T07:40:59","slug":"bournemouth-straende","status":"publish","type":"page","link":"https:\/\/www.urlaubcornwall.de\/blog\/bournemouth-straende\/","title":{"rendered":"Bournemouth Str\u00e4nde"},"content":{"rendered":"<p><a href=\"https:\/\/www.urlaubcornwall.de\/blog\/wp-content\/uploads\/2024\/05\/bournemouth-dorset.jpg\"><img loading=\"lazy\" src=\"https:\/\/www.urlaubcornwall.de\/blog\/wp-content\/uploads\/2024\/05\/bournemouth-dorset.jpg\" alt=\"bournemouth dorset\" width=\"750\" height=\"500\" class=\"alignnone size-full wp-image-50455\" srcset=\"https:\/\/www.urlaubcornwall.de\/blog\/wp-content\/uploads\/2024\/05\/bournemouth-dorset.jpg 750w, https:\/\/www.urlaubcornwall.de\/blog\/wp-content\/uploads\/2024\/05\/bournemouth-dorset-300x200.jpg 300w\" sizes=\"(max-width: 750px) 100vw, 750px\" \/><\/a><\/p>\n<p>Die <a href=\"https:\/\/www.urlaubcornwall.de\/ferienhaeuser-fewos\/eng\/hampshire\/bournemouth.html\">11km lange K\u00fcstenlinie von Alum Chine im Westen nach Hengistbury Head<\/a> hat im Laufe der Jahre sehr interessantes Treibgut und Strandgut von pr\u00e4historischen Baumst\u00e4mmen bis hin zu Bronze- und Silberm\u00fcnzen zum Vorschein gebracht. Viele interessante Meereskreaturen werden w\u00e4hrend der Herbst- und Winterst\u00fcrme an Land gesp\u00fclt, Entenmuscheln und Kolumbuskrabben, die beide an britischen Ufern sehr selten auffindbar sind. Schatzsucher begeben sich oft um die Basis des <a href=\"https:\/\/www.urlaubcornwall.de\/blog\/urlaub-bournemouth-unterkunft-sehenswuerdigkeiten-und-geschichte\/\">Bournemouth<\/a> Piers herum auf die Suche nach Juwelen und M\u00fcnzen, die viktorianische und edwardianische Urlauber verloren haben.<\/p>\n<div class=\"snippet\"> <a class=\"featured-item\" href=\"https:\/\/www.urlaubcornwall.de\/ferienhaeuser\/suedengland.php\"> <span class=\"image-holder\" style=\"background-image: url('https:\/\/www.urlaubcornwall.de\/blog\/wp-content\/uploads\/2018\/12\/ferienhaus-cornwall-mit-hund.jpg');\"><\/span> <span class=\"featured-content\"> \n<h2 class=\"featured-title\">Ferienh\u00e4user in S\u00fcdengland<\/h2>\n<p class=\"featured-body\">Bei uns finden Sie Ferienh\u00e4user zum Verlieben &#8211; so einfach ist das! Dank seiner langen Geschichte, der reizvollen Landschaften und seinen vielen Attraktionen ist S\u00fcdengland ein wahres Mekka f\u00fcr Urlauber&#8230;..<\/p><\/span> <span class=\"featured-link-holder\"> <span class=\"featured-extra-info\"> \n<p>Pers\u00f6nlich inspizierter Ferienh\u00e4user<\/p>\n<\/span> \n<p class=\"featured-link\">DETAILS<\/p>\n<\/span> <\/a><\/div>\n<p><a href=\"https:\/\/www.urlaubcornwall.de\/blog\/grossbritanniens-beste-winterstraende\/\">Gro\u00dfbritanniens beste Winterstr\u00e4nde<\/a><\/p>\n","protected":false},"excerpt":{"rendered":"<p>Die 11km lange K\u00fcstenlinie von Alum Chine im Westen nach Hengistbury Head hat im Laufe der Jahre sehr interessantes Treibgut und Strandgut von pr\u00e4historischen Baumst\u00e4mmen bis hin zu Bronze- und Silberm\u00fcnzen zum Vorschein gebracht. Viele interessante Meereskreaturen werden w\u00e4hrend der Herbst- und Winterst\u00fcrme an Land gesp\u00fclt, Entenmuscheln und Kolumbuskrabben, die beide an britischen Ufern sehr [&hellip;]<\/p>\n","protected":false},"author":1,"featured_media":0,"parent":0,"menu_order":0,"comment_status":"closed","ping_status":"closed","template":"single-four.php","meta":[],"acf":[],"yoast_head":"<!-- This site is optimized with the Yoast SEO plugin v19.4 - https:\/\/yoast.com\/wordpress\/plugins\/seo\/ -->\n<title>Bournemouth Str\u00e4nde - Urlaub &amp; Reisen<\/title>\n<meta name=\"robots\" content=\"index, follow, max-snippet:-1, max-image-preview:large, max-video-preview:-1\" \/>\n<link rel=\"canonical\" href=\"https:\/\/www.urlaubcornwall.de\/blog\/bournemouth-straende\/\" \/>\n<meta property=\"og:locale\" content=\"en_US\" \/>\n<meta property=\"og:type\" content=\"article\" \/>\n<meta property=\"og:title\" content=\"Bournemouth Str\u00e4nde - Urlaub &amp; Reisen\" \/>\n<meta property=\"og:description\" content=\"Die 11km lange K\u00fcstenlinie von Alum Chine im Westen nach Hengistbury Head hat im Laufe der Jahre sehr interessantes Treibgut und Strandgut von pr\u00e4historischen Baumst\u00e4mmen bis hin zu Bronze- und Silberm\u00fcnzen zum Vorschein gebracht. Viele interessante Meereskreaturen werden w\u00e4hrend der Herbst- und Winterst\u00fcrme an Land gesp\u00fclt, Entenmuscheln und Kolumbuskrabben, die beide an britischen Ufern sehr [&hellip;]\" \/>\n<meta property=\"og:url\" content=\"https:\/\/www.urlaubcornwall.de\/blog\/bournemouth-straende\/\" \/>\n<meta property=\"og:site_name\" content=\"Urlaub &amp; Reisen\" \/>\n<meta property=\"article:modified_time\" content=\"2024-05-31T07:40:59+00:00\" \/>\n<meta property=\"og:image\" content=\"https:\/\/www.urlaubcornwall.de\/blog\/wp-content\/uploads\/2024\/05\/bournemouth-dorset.jpg\" \/>\n<meta name=\"twitter:card\" content=\"summary\" \/>\n<meta name=\"twitter:label1\" content=\"Est. reading time\" \/>\n\t<meta name=\"twitter:data1\" content=\"1 minute\" \/>\n<script type=\"application\/ld+json\" class=\"yoast-schema-graph\">{\"@context\":\"https:\/\/schema.org\",\"@graph\":[{\"@type\":\"WebSite\",\"@id\":\"https:\/\/www.urlaubcornwall.de\/blog\/#website\",\"url\":\"https:\/\/www.urlaubcornwall.de\/blog\/\",\"name\":\"Urlaub &amp; Reisen\",\"description\":\"Urlaub, Reisen, Cornwall und S\u00fcdengland: eine perfekte Kombination\",\"potentialAction\":[{\"@type\":\"SearchAction\",\"target\":{\"@type\":\"EntryPoint\",\"urlTemplate\":\"https:\/\/www.urlaubcornwall.de\/blog\/?s={search_term_string}\"},\"query-input\":\"required name=search_term_string\"}],\"inLanguage\":\"en-US\"},{\"@type\":\"WebPage\",\"@id\":\"https:\/\/www.urlaubcornwall.de\/blog\/bournemouth-straende\/\",\"url\":\"https:\/\/www.urlaubcornwall.de\/blog\/bournemouth-straende\/\",\"name\":\"Bournemouth Str\u00e4nde - Urlaub &amp; Reisen\",\"isPartOf\":{\"@id\":\"https:\/\/www.urlaubcornwall.de\/blog\/#website\"},\"datePublished\":\"2020-11-06T10:46:43+00:00\",\"dateModified\":\"2024-05-31T07:40:59+00:00\",\"breadcrumb\":{\"@id\":\"https:\/\/www.urlaubcornwall.de\/blog\/bournemouth-straende\/#breadcrumb\"},\"inLanguage\":\"en-US\",\"potentialAction\":[{\"@type\":\"ReadAction\",\"target\":[\"https:\/\/www.urlaubcornwall.de\/blog\/bournemouth-straende\/\"]}]},{\"@type\":\"BreadcrumbList\",\"@id\":\"https:\/\/www.urlaubcornwall.de\/blog\/bournemouth-straende\/#breadcrumb\",\"itemListElement\":[{\"@type\":\"ListItem\",\"position\":1,\"name\":\"Home\",\"item\":\"https:\/\/www.urlaubcornwall.de\/blog\/\"},{\"@type\":\"ListItem\",\"position\":2,\"name\":\"Bournemouth Str\u00e4nde\"}]}]}<\/script>\n<!-- \/ Yoast SEO plugin. -->","yoast_head_json":{"title":"Bournemouth Str\u00e4nde - Urlaub &amp; Reisen","robots":{"index":"index","follow":"follow","max-snippet":"max-snippet:-1","max-image-preview":"max-image-preview:large","max-video-preview":"max-video-preview:-1"},"canonical":"https:\/\/www.urlaubcornwall.de\/blog\/bournemouth-straende\/","og_locale":"en_US","og_type":"article","og_title":"Bournemouth Str\u00e4nde - Urlaub &amp; Reisen","og_description":"Die 11km lange K\u00fcstenlinie von Alum Chine im Westen nach Hengistbury Head hat im Laufe der Jahre sehr interessantes Treibgut und Strandgut von pr\u00e4historischen Baumst\u00e4mmen bis hin zu Bronze- und Silberm\u00fcnzen zum Vorschein gebracht. Viele interessante Meereskreaturen werden w\u00e4hrend der Herbst- und Winterst\u00fcrme an Land gesp\u00fclt, Entenmuscheln und Kolumbuskrabben, die beide an britischen Ufern sehr [&hellip;]","og_url":"https:\/\/www.urlaubcornwall.de\/blog\/bournemouth-straende\/","og_site_name":"Urlaub &amp; Reisen","article_modified_time":"2024-05-31T07:40:59+00:00","og_image":[{"url":"https:\/\/www.urlaubcornwall.de\/blog\/wp-content\/uploads\/2024\/05\/bournemouth-dorset.jpg"}],"twitter_card":"summary","twitter_misc":{"Est. reading time":"1 minute"},"schema":{"@context":"https:\/\/schema.org","@graph":[{"@type":"WebSite","@id":"https:\/\/www.urlaubcornwall.de\/blog\/#website","url":"https:\/\/www.urlaubcornwall.de\/blog\/","name":"Urlaub &amp; Reisen","description":"Urlaub, Reisen, Cornwall und S\u00fcdengland: eine perfekte Kombination","potentialAction":[{"@type":"SearchAction","target":{"@type":"EntryPoint","urlTemplate":"https:\/\/www.urlaubcornwall.de\/blog\/?s={search_term_string}"},"query-input":"required name=search_term_string"}],"inLanguage":"en-US"},{"@type":"WebPage","@id":"https:\/\/www.urlaubcornwall.de\/blog\/bournemouth-straende\/","url":"https:\/\/www.urlaubcornwall.de\/blog\/bournemouth-straende\/","name":"Bournemouth Str\u00e4nde - Urlaub &amp; Reisen","isPartOf":{"@id":"https:\/\/www.urlaubcornwall.de\/blog\/#website"},"datePublished":"2020-11-06T10:46:43+00:00","dateModified":"2024-05-31T07:40:59+00:00","breadcrumb":{"@id":"https:\/\/www.urlaubcornwall.de\/blog\/bournemouth-straende\/#breadcrumb"},"inLanguage":"en-US","potentialAction":[{"@type":"ReadAction","target":["https:\/\/www.urlaubcornwall.de\/blog\/bournemouth-straende\/"]}]},{"@type":"BreadcrumbList","@id":"https:\/\/www.urlaubcornwall.de\/blog\/bournemouth-straende\/#breadcrumb","itemListElement":[{"@type":"ListItem","position":1,"name":"Home","item":"https:\/\/www.urlaubcornwall.de\/blog\/"},{"@type":"ListItem","position":2,"name":"Bournemouth Str\u00e4nde"}]}]}},"_links":{"self":[{"href":"https:\/\/www.urlaubcornwall.de\/blog\/wp-json\/wp\/v2\/pages\/41108"}],"collection":[{"href":"https:\/\/www.urlaubcornwall.de\/blog\/wp-json\/wp\/v2\/pages"}],"about":[{"href":"https:\/\/www.urlaubcornwall.de\/blog\/wp-json\/wp\/v2\/types\/page"}],"author":[{"embeddable":true,"href":"https:\/\/www.urlaubcornwall.de\/blog\/wp-json\/wp\/v2\/users\/1"}],"replies":[{"embeddable":true,"href":"https:\/\/www.urlaubcornwall.de\/blog\/wp-json\/wp\/v2\/comments?post=41108"}],"version-history":[{"count":4,"href":"https:\/\/www.urlaubcornwall.de\/blog\/wp-json\/wp\/v2\/pages\/41108\/revisions"}],"predecessor-version":[{"id":51198,"href":"https:\/\/www.urlaubcornwall.de\/blog\/wp-json\/wp\/v2\/pages\/41108\/revisions\/51198"}],"wp:attachment":[{"href":"https:\/\/www.urlaubcornwall.de\/blog\/wp-json\/wp\/v2\/media?parent=41108"}],"curies":[{"name":"wp","href":"https:\/\/api.w.org\/{rel}","templated":true}]}}