{"id":41091,"date":"2020-11-04T16:31:20","date_gmt":"2020-11-04T16:31:20","guid":{"rendered":"https:\/\/www.urlaubcornwall.de\/blog\/?page_id=41091"},"modified":"2024-05-30T16:05:19","modified_gmt":"2024-05-30T16:05:19","slug":"koenigliche-tunbridge-wells-in-kent","status":"publish","type":"page","link":"https:\/\/www.urlaubcornwall.de\/blog\/koenigliche-tunbridge-wells-in-kent\/","title":{"rendered":"K\u00f6nigliche Tunbridge Wells in Kent"},"content":{"rendered":"<p><strong>Royal Tunbridge Wells: <\/strong>Vor mehr als 400 Jahren stieg eine nat\u00fcrliche Quelle vom Grund empor. Diese wurde <a href=\"https:\/\/www.urlaubcornwall.de\/blog\/tunbridge-wells-der-weald-von-kent-unterkunft-sehenswuerdigkeiten-und-geschichte\/\">\u201eDie Tunbridge Quellen<\/a>\u201d genannt. Noch heute k\u00f6nnen Sie das einzigartige Heilwasser der Chalybeate Quelle in den h\u00fcbschen historischen Pantilen der K\u00f6niglichen Tunbridge Quellen probieren. Die Tunbridge Wells bilden den perfekten Zwischenstopp zwischen London und der K\u00fcste, ob Sie nun mit dem Auto, Fahrrad oder Zug unterwegs sind.<\/p>\n<div class=\"snippet\"> <a class=\"featured-item\" href=\"https:\/\/www.urlaubcornwall.de\/ferienhaeuser\/suedengland.php\"> <span class=\"image-holder\" style=\"background-image: url('https:\/\/www.urlaubcornwall.de\/blog\/wp-content\/uploads\/2018\/12\/ferienhaus-cornwall-mit-hund.jpg');\"><\/span> <span class=\"featured-content\"> \n<h2 class=\"featured-title\">Ferienh\u00e4user in Kent &#038; S\u00fcdengland<\/h2>\n<p class=\"featured-body\">Bei uns finden Sie Ferienh\u00e4user zum Verlieben &#8211; so einfach ist das! Dank seiner langen Geschichte, der reizvollen Landschaften und seinen vielen Attraktionen ist S\u00fcdengland ein wahres Mekka f\u00fcr Urlauber&#8230;..<\/p><\/span> <span class=\"featured-link-holder\"> <span class=\"featured-extra-info\"> \n<p>Pers\u00f6nlich inspizierter Ferienh\u00e4user<\/p>\n<\/span> \n<p class=\"featured-link\">DETAILS<\/p>\n<\/span> <\/a><\/div>\n<p><a href=\"https:\/\/www.urlaubcornwall.de\/blog\/top-10-reisetipps-kent-die-sie-sehen-und-erleben-sollten\/\">Top 10 Reisetipps Kent: die Sie sehen und erleben sollten<\/a><\/p>\n","protected":false},"excerpt":{"rendered":"<p>Royal Tunbridge Wells: Vor mehr als 400 Jahren stieg eine nat\u00fcrliche Quelle vom Grund empor. Diese wurde \u201eDie Tunbridge Quellen\u201d genannt. Noch heute k\u00f6nnen Sie das einzigartige Heilwasser der Chalybeate Quelle in den h\u00fcbschen historischen Pantilen der K\u00f6niglichen Tunbridge Quellen probieren. Die Tunbridge Wells bilden den perfekten Zwischenstopp zwischen London und der K\u00fcste, ob Sie [&hellip;]<\/p>\n","protected":false},"author":1,"featured_media":0,"parent":0,"menu_order":0,"comment_status":"closed","ping_status":"closed","template":"single-four.php","meta":[],"acf":[],"yoast_head":"<!-- This site is optimized with the Yoast SEO plugin v19.4 - https:\/\/yoast.com\/wordpress\/plugins\/seo\/ -->\n<title>K\u00f6nigliche Tunbridge Wells in Kent - Urlaub &amp; Reisen<\/title>\n<meta name=\"robots\" content=\"index, follow, max-snippet:-1, max-image-preview:large, max-video-preview:-1\" \/>\n<link rel=\"canonical\" href=\"https:\/\/www.urlaubcornwall.de\/blog\/koenigliche-tunbridge-wells-in-kent\/\" \/>\n<meta property=\"og:locale\" content=\"en_US\" \/>\n<meta property=\"og:type\" content=\"article\" \/>\n<meta property=\"og:title\" content=\"K\u00f6nigliche Tunbridge Wells in Kent - Urlaub &amp; Reisen\" \/>\n<meta property=\"og:description\" content=\"Royal Tunbridge Wells: Vor mehr als 400 Jahren stieg eine nat\u00fcrliche Quelle vom Grund empor. Diese wurde \u201eDie Tunbridge Quellen\u201d genannt. Noch heute k\u00f6nnen Sie das einzigartige Heilwasser der Chalybeate Quelle in den h\u00fcbschen historischen Pantilen der K\u00f6niglichen Tunbridge Quellen probieren. Die Tunbridge Wells bilden den perfekten Zwischenstopp zwischen London und der K\u00fcste, ob Sie [&hellip;]\" \/>\n<meta property=\"og:url\" content=\"https:\/\/www.urlaubcornwall.de\/blog\/koenigliche-tunbridge-wells-in-kent\/\" \/>\n<meta property=\"og:site_name\" content=\"Urlaub &amp; Reisen\" \/>\n<meta property=\"article:modified_time\" content=\"2024-05-30T16:05:19+00:00\" \/>\n<meta name=\"twitter:card\" content=\"summary\" \/>\n<meta name=\"twitter:label1\" content=\"Est. reading time\" \/>\n\t<meta name=\"twitter:data1\" content=\"1 minute\" \/>\n<script type=\"application\/ld+json\" class=\"yoast-schema-graph\">{\"@context\":\"https:\/\/schema.org\",\"@graph\":[{\"@type\":\"WebSite\",\"@id\":\"https:\/\/www.urlaubcornwall.de\/blog\/#website\",\"url\":\"https:\/\/www.urlaubcornwall.de\/blog\/\",\"name\":\"Urlaub &amp; Reisen\",\"description\":\"Urlaub, Reisen, Cornwall und S\u00fcdengland: eine perfekte Kombination\",\"potentialAction\":[{\"@type\":\"SearchAction\",\"target\":{\"@type\":\"EntryPoint\",\"urlTemplate\":\"https:\/\/www.urlaubcornwall.de\/blog\/?s={search_term_string}\"},\"query-input\":\"required name=search_term_string\"}],\"inLanguage\":\"en-US\"},{\"@type\":\"WebPage\",\"@id\":\"https:\/\/www.urlaubcornwall.de\/blog\/koenigliche-tunbridge-wells-in-kent\/\",\"url\":\"https:\/\/www.urlaubcornwall.de\/blog\/koenigliche-tunbridge-wells-in-kent\/\",\"name\":\"K\u00f6nigliche Tunbridge Wells in Kent - Urlaub &amp; Reisen\",\"isPartOf\":{\"@id\":\"https:\/\/www.urlaubcornwall.de\/blog\/#website\"},\"datePublished\":\"2020-11-04T16:31:20+00:00\",\"dateModified\":\"2024-05-30T16:05:19+00:00\",\"breadcrumb\":{\"@id\":\"https:\/\/www.urlaubcornwall.de\/blog\/koenigliche-tunbridge-wells-in-kent\/#breadcrumb\"},\"inLanguage\":\"en-US\",\"potentialAction\":[{\"@type\":\"ReadAction\",\"target\":[\"https:\/\/www.urlaubcornwall.de\/blog\/koenigliche-tunbridge-wells-in-kent\/\"]}]},{\"@type\":\"BreadcrumbList\",\"@id\":\"https:\/\/www.urlaubcornwall.de\/blog\/koenigliche-tunbridge-wells-in-kent\/#breadcrumb\",\"itemListElement\":[{\"@type\":\"ListItem\",\"position\":1,\"name\":\"Home\",\"item\":\"https:\/\/www.urlaubcornwall.de\/blog\/\"},{\"@type\":\"ListItem\",\"position\":2,\"name\":\"K\u00f6nigliche Tunbridge Wells in Kent\"}]}]}<\/script>\n<!-- \/ Yoast SEO plugin. -->","yoast_head_json":{"title":"K\u00f6nigliche Tunbridge Wells in Kent - Urlaub &amp; Reisen","robots":{"index":"index","follow":"follow","max-snippet":"max-snippet:-1","max-image-preview":"max-image-preview:large","max-video-preview":"max-video-preview:-1"},"canonical":"https:\/\/www.urlaubcornwall.de\/blog\/koenigliche-tunbridge-wells-in-kent\/","og_locale":"en_US","og_type":"article","og_title":"K\u00f6nigliche Tunbridge Wells in Kent - Urlaub &amp; Reisen","og_description":"Royal Tunbridge Wells: Vor mehr als 400 Jahren stieg eine nat\u00fcrliche Quelle vom Grund empor. Diese wurde \u201eDie Tunbridge Quellen\u201d genannt. Noch heute k\u00f6nnen Sie das einzigartige Heilwasser der Chalybeate Quelle in den h\u00fcbschen historischen Pantilen der K\u00f6niglichen Tunbridge Quellen probieren. Die Tunbridge Wells bilden den perfekten Zwischenstopp zwischen London und der K\u00fcste, ob Sie [&hellip;]","og_url":"https:\/\/www.urlaubcornwall.de\/blog\/koenigliche-tunbridge-wells-in-kent\/","og_site_name":"Urlaub &amp; Reisen","article_modified_time":"2024-05-30T16:05:19+00:00","twitter_card":"summary","twitter_misc":{"Est. reading time":"1 minute"},"schema":{"@context":"https:\/\/schema.org","@graph":[{"@type":"WebSite","@id":"https:\/\/www.urlaubcornwall.de\/blog\/#website","url":"https:\/\/www.urlaubcornwall.de\/blog\/","name":"Urlaub &amp; Reisen","description":"Urlaub, Reisen, Cornwall und S\u00fcdengland: eine perfekte Kombination","potentialAction":[{"@type":"SearchAction","target":{"@type":"EntryPoint","urlTemplate":"https:\/\/www.urlaubcornwall.de\/blog\/?s={search_term_string}"},"query-input":"required name=search_term_string"}],"inLanguage":"en-US"},{"@type":"WebPage","@id":"https:\/\/www.urlaubcornwall.de\/blog\/koenigliche-tunbridge-wells-in-kent\/","url":"https:\/\/www.urlaubcornwall.de\/blog\/koenigliche-tunbridge-wells-in-kent\/","name":"K\u00f6nigliche Tunbridge Wells in Kent - Urlaub &amp; Reisen","isPartOf":{"@id":"https:\/\/www.urlaubcornwall.de\/blog\/#website"},"datePublished":"2020-11-04T16:31:20+00:00","dateModified":"2024-05-30T16:05:19+00:00","breadcrumb":{"@id":"https:\/\/www.urlaubcornwall.de\/blog\/koenigliche-tunbridge-wells-in-kent\/#breadcrumb"},"inLanguage":"en-US","potentialAction":[{"@type":"ReadAction","target":["https:\/\/www.urlaubcornwall.de\/blog\/koenigliche-tunbridge-wells-in-kent\/"]}]},{"@type":"BreadcrumbList","@id":"https:\/\/www.urlaubcornwall.de\/blog\/koenigliche-tunbridge-wells-in-kent\/#breadcrumb","itemListElement":[{"@type":"ListItem","position":1,"name":"Home","item":"https:\/\/www.urlaubcornwall.de\/blog\/"},{"@type":"ListItem","position":2,"name":"K\u00f6nigliche Tunbridge Wells in Kent"}]}]}},"_links":{"self":[{"href":"https:\/\/www.urlaubcornwall.de\/blog\/wp-json\/wp\/v2\/pages\/41091"}],"collection":[{"href":"https:\/\/www.urlaubcornwall.de\/blog\/wp-json\/wp\/v2\/pages"}],"about":[{"href":"https:\/\/www.urlaubcornwall.de\/blog\/wp-json\/wp\/v2\/types\/page"}],"author":[{"embeddable":true,"href":"https:\/\/www.urlaubcornwall.de\/blog\/wp-json\/wp\/v2\/users\/1"}],"replies":[{"embeddable":true,"href":"https:\/\/www.urlaubcornwall.de\/blog\/wp-json\/wp\/v2\/comments?post=41091"}],"version-history":[{"count":3,"href":"https:\/\/www.urlaubcornwall.de\/blog\/wp-json\/wp\/v2\/pages\/41091\/revisions"}],"predecessor-version":[{"id":51184,"href":"https:\/\/www.urlaubcornwall.de\/blog\/wp-json\/wp\/v2\/pages\/41091\/revisions\/51184"}],"wp:attachment":[{"href":"https:\/\/www.urlaubcornwall.de\/blog\/wp-json\/wp\/v2\/media?parent=41091"}],"curies":[{"name":"wp","href":"https:\/\/api.w.org\/{rel}","templated":true}]}}