{"id":41086,"date":"2020-11-04T16:00:51","date_gmt":"2020-11-04T16:00:51","guid":{"rendered":"https:\/\/www.urlaubcornwall.de\/blog\/?page_id=41086"},"modified":"2024-03-01T11:34:42","modified_gmt":"2024-03-01T11:34:42","slug":"sissinghurst-schlossgarten-in-kent","status":"publish","type":"page","link":"https:\/\/www.urlaubcornwall.de\/blog\/sissinghurst-schlossgarten-in-kent\/","title":{"rendered":"Sissinghurst Schlossgarten in Kent"},"content":{"rendered":"<p><img loading=\"lazy\" class=\"aligncenter size-full wp-image-47751\" src=\"https:\/\/www.urlaubcornwall.de\/blog\/wp-content\/uploads\/2024\/03\/sisinghurst.jpg\" alt=\"sisinghurst\" width=\"750\" height=\"563\" srcset=\"https:\/\/www.urlaubcornwall.de\/blog\/wp-content\/uploads\/2024\/03\/sisinghurst.jpg 750w, https:\/\/www.urlaubcornwall.de\/blog\/wp-content\/uploads\/2024\/03\/sisinghurst-300x225.jpg 300w\" sizes=\"(max-width: 750px) 100vw, 750px\" \/><\/p>\n<p><strong>Sissinghurst Schlossgarten: <\/strong>Der <a href=\"https:\/\/www.urlaubcornwall.de\/blog\/gaerten-schloesser-burgen-und-herrenhaeuser-in-kent\/\">Sissinghurst Schlossgarten<\/a> ist im Besitz und wird instandgehalten vom National Trust. Er ist einer der ber\u00fchmtesten G\u00e4rten Englands und denkmalgesch\u00fctzt. Der Sissinghurst Schlossgarten wurde in den 1930ern von Vita Sackville-West geschaffen, einer Dichterin und Gartenschriftstellerin, sowie ihrem Ehemann Harold Nicolson, einem Autor und Diplomaten.<\/p>\n<div class=\"snippet\"> <a class=\"featured-item\" href=\"https:\/\/www.urlaubcornwall.de\/ferienhaeuser\/suedengland.php\"> <span class=\"image-holder\" style=\"background-image: url('https:\/\/www.urlaubcornwall.de\/blog\/wp-content\/uploads\/2018\/12\/ferienhaus-cornwall-mit-hund.jpg');\"><\/span> <span class=\"featured-content\"> \n<h2 class=\"featured-title\">Ferienh\u00e4user in Kent &#038; S\u00fcdengland<\/h2>\n<p class=\"featured-body\">Bei uns finden Sie Ferienh\u00e4user zum Verlieben &#8211; so einfach ist das! Dank seiner langen Geschichte, der reizvollen Landschaften und seinen vielen Attraktionen ist S\u00fcdengland ein wahres Mekka f\u00fcr Urlauber&#8230;..<\/p><\/span> <span class=\"featured-link-holder\"> <span class=\"featured-extra-info\"> \n<p>Pers\u00f6nlich inspizierter Ferienh\u00e4user<\/p>\n<\/span> \n<p class=\"featured-link\">DETAILS<\/p>\n<\/span> <\/a><\/div>\n<p><a href=\"https:\/\/www.urlaubcornwall.de\/blog\/top-10-reisetipps-kent-die-sie-sehen-und-erleben-sollten\/\">Top 10 Reisetipps Kent: die Sie sehen und erleben sollten<\/a><\/p>\n","protected":false},"excerpt":{"rendered":"<p>Sissinghurst Schlossgarten: Der Sissinghurst Schlossgarten ist im Besitz und wird instandgehalten vom National Trust. Er ist einer der ber\u00fchmtesten G\u00e4rten Englands und denkmalgesch\u00fctzt. Der Sissinghurst Schlossgarten wurde in den 1930ern von Vita Sackville-West geschaffen, einer Dichterin und Gartenschriftstellerin, sowie ihrem Ehemann Harold Nicolson, einem Autor und Diplomaten. Ferienh\u00e4user in Kent &#038; S\u00fcdengland Bei uns finden [&hellip;]<\/p>\n","protected":false},"author":1,"featured_media":0,"parent":0,"menu_order":0,"comment_status":"closed","ping_status":"closed","template":"single-four.php","meta":[],"acf":[],"yoast_head":"<!-- This site is optimized with the Yoast SEO plugin v19.4 - https:\/\/yoast.com\/wordpress\/plugins\/seo\/ -->\n<title>Sissinghurst Schlossgarten in Kent - Urlaub &amp; Reisen<\/title>\n<meta name=\"robots\" content=\"index, follow, max-snippet:-1, max-image-preview:large, max-video-preview:-1\" \/>\n<link rel=\"canonical\" href=\"https:\/\/www.urlaubcornwall.de\/blog\/sissinghurst-schlossgarten-in-kent\/\" \/>\n<meta property=\"og:locale\" content=\"en_US\" \/>\n<meta property=\"og:type\" content=\"article\" \/>\n<meta property=\"og:title\" content=\"Sissinghurst Schlossgarten in Kent - Urlaub &amp; Reisen\" \/>\n<meta property=\"og:description\" content=\"Sissinghurst Schlossgarten: Der Sissinghurst Schlossgarten ist im Besitz und wird instandgehalten vom National Trust. Er ist einer der ber\u00fchmtesten G\u00e4rten Englands und denkmalgesch\u00fctzt. Der Sissinghurst Schlossgarten wurde in den 1930ern von Vita Sackville-West geschaffen, einer Dichterin und Gartenschriftstellerin, sowie ihrem Ehemann Harold Nicolson, einem Autor und Diplomaten. Ferienh\u00e4user in Kent &#038; S\u00fcdengland Bei uns finden [&hellip;]\" \/>\n<meta property=\"og:url\" content=\"https:\/\/www.urlaubcornwall.de\/blog\/sissinghurst-schlossgarten-in-kent\/\" \/>\n<meta property=\"og:site_name\" content=\"Urlaub &amp; Reisen\" \/>\n<meta property=\"article:modified_time\" content=\"2024-03-01T11:34:42+00:00\" \/>\n<meta property=\"og:image\" content=\"https:\/\/www.urlaubcornwall.de\/blog\/wp-content\/uploads\/2024\/03\/sisinghurst.jpg\" \/>\n<meta name=\"twitter:card\" content=\"summary\" \/>\n<meta name=\"twitter:label1\" content=\"Est. reading time\" \/>\n\t<meta name=\"twitter:data1\" content=\"1 minute\" \/>\n<script type=\"application\/ld+json\" class=\"yoast-schema-graph\">{\"@context\":\"https:\/\/schema.org\",\"@graph\":[{\"@type\":\"WebSite\",\"@id\":\"https:\/\/www.urlaubcornwall.de\/blog\/#website\",\"url\":\"https:\/\/www.urlaubcornwall.de\/blog\/\",\"name\":\"Urlaub &amp; Reisen\",\"description\":\"Urlaub, Reisen, Cornwall und S\u00fcdengland: eine perfekte Kombination\",\"potentialAction\":[{\"@type\":\"SearchAction\",\"target\":{\"@type\":\"EntryPoint\",\"urlTemplate\":\"https:\/\/www.urlaubcornwall.de\/blog\/?s={search_term_string}\"},\"query-input\":\"required name=search_term_string\"}],\"inLanguage\":\"en-US\"},{\"@type\":\"WebPage\",\"@id\":\"https:\/\/www.urlaubcornwall.de\/blog\/sissinghurst-schlossgarten-in-kent\/\",\"url\":\"https:\/\/www.urlaubcornwall.de\/blog\/sissinghurst-schlossgarten-in-kent\/\",\"name\":\"Sissinghurst Schlossgarten in Kent - Urlaub &amp; Reisen\",\"isPartOf\":{\"@id\":\"https:\/\/www.urlaubcornwall.de\/blog\/#website\"},\"datePublished\":\"2020-11-04T16:00:51+00:00\",\"dateModified\":\"2024-03-01T11:34:42+00:00\",\"breadcrumb\":{\"@id\":\"https:\/\/www.urlaubcornwall.de\/blog\/sissinghurst-schlossgarten-in-kent\/#breadcrumb\"},\"inLanguage\":\"en-US\",\"potentialAction\":[{\"@type\":\"ReadAction\",\"target\":[\"https:\/\/www.urlaubcornwall.de\/blog\/sissinghurst-schlossgarten-in-kent\/\"]}]},{\"@type\":\"BreadcrumbList\",\"@id\":\"https:\/\/www.urlaubcornwall.de\/blog\/sissinghurst-schlossgarten-in-kent\/#breadcrumb\",\"itemListElement\":[{\"@type\":\"ListItem\",\"position\":1,\"name\":\"Home\",\"item\":\"https:\/\/www.urlaubcornwall.de\/blog\/\"},{\"@type\":\"ListItem\",\"position\":2,\"name\":\"Sissinghurst Schlossgarten in Kent\"}]}]}<\/script>\n<!-- \/ Yoast SEO plugin. -->","yoast_head_json":{"title":"Sissinghurst Schlossgarten in Kent - Urlaub &amp; Reisen","robots":{"index":"index","follow":"follow","max-snippet":"max-snippet:-1","max-image-preview":"max-image-preview:large","max-video-preview":"max-video-preview:-1"},"canonical":"https:\/\/www.urlaubcornwall.de\/blog\/sissinghurst-schlossgarten-in-kent\/","og_locale":"en_US","og_type":"article","og_title":"Sissinghurst Schlossgarten in Kent - Urlaub &amp; Reisen","og_description":"Sissinghurst Schlossgarten: Der Sissinghurst Schlossgarten ist im Besitz und wird instandgehalten vom National Trust. Er ist einer der ber\u00fchmtesten G\u00e4rten Englands und denkmalgesch\u00fctzt. Der Sissinghurst Schlossgarten wurde in den 1930ern von Vita Sackville-West geschaffen, einer Dichterin und Gartenschriftstellerin, sowie ihrem Ehemann Harold Nicolson, einem Autor und Diplomaten. Ferienh\u00e4user in Kent &#038; S\u00fcdengland Bei uns finden [&hellip;]","og_url":"https:\/\/www.urlaubcornwall.de\/blog\/sissinghurst-schlossgarten-in-kent\/","og_site_name":"Urlaub &amp; Reisen","article_modified_time":"2024-03-01T11:34:42+00:00","og_image":[{"url":"https:\/\/www.urlaubcornwall.de\/blog\/wp-content\/uploads\/2024\/03\/sisinghurst.jpg"}],"twitter_card":"summary","twitter_misc":{"Est. reading time":"1 minute"},"schema":{"@context":"https:\/\/schema.org","@graph":[{"@type":"WebSite","@id":"https:\/\/www.urlaubcornwall.de\/blog\/#website","url":"https:\/\/www.urlaubcornwall.de\/blog\/","name":"Urlaub &amp; Reisen","description":"Urlaub, Reisen, Cornwall und S\u00fcdengland: eine perfekte Kombination","potentialAction":[{"@type":"SearchAction","target":{"@type":"EntryPoint","urlTemplate":"https:\/\/www.urlaubcornwall.de\/blog\/?s={search_term_string}"},"query-input":"required name=search_term_string"}],"inLanguage":"en-US"},{"@type":"WebPage","@id":"https:\/\/www.urlaubcornwall.de\/blog\/sissinghurst-schlossgarten-in-kent\/","url":"https:\/\/www.urlaubcornwall.de\/blog\/sissinghurst-schlossgarten-in-kent\/","name":"Sissinghurst Schlossgarten in Kent - Urlaub &amp; Reisen","isPartOf":{"@id":"https:\/\/www.urlaubcornwall.de\/blog\/#website"},"datePublished":"2020-11-04T16:00:51+00:00","dateModified":"2024-03-01T11:34:42+00:00","breadcrumb":{"@id":"https:\/\/www.urlaubcornwall.de\/blog\/sissinghurst-schlossgarten-in-kent\/#breadcrumb"},"inLanguage":"en-US","potentialAction":[{"@type":"ReadAction","target":["https:\/\/www.urlaubcornwall.de\/blog\/sissinghurst-schlossgarten-in-kent\/"]}]},{"@type":"BreadcrumbList","@id":"https:\/\/www.urlaubcornwall.de\/blog\/sissinghurst-schlossgarten-in-kent\/#breadcrumb","itemListElement":[{"@type":"ListItem","position":1,"name":"Home","item":"https:\/\/www.urlaubcornwall.de\/blog\/"},{"@type":"ListItem","position":2,"name":"Sissinghurst Schlossgarten in Kent"}]}]}},"_links":{"self":[{"href":"https:\/\/www.urlaubcornwall.de\/blog\/wp-json\/wp\/v2\/pages\/41086"}],"collection":[{"href":"https:\/\/www.urlaubcornwall.de\/blog\/wp-json\/wp\/v2\/pages"}],"about":[{"href":"https:\/\/www.urlaubcornwall.de\/blog\/wp-json\/wp\/v2\/types\/page"}],"author":[{"embeddable":true,"href":"https:\/\/www.urlaubcornwall.de\/blog\/wp-json\/wp\/v2\/users\/1"}],"replies":[{"embeddable":true,"href":"https:\/\/www.urlaubcornwall.de\/blog\/wp-json\/wp\/v2\/comments?post=41086"}],"version-history":[{"count":3,"href":"https:\/\/www.urlaubcornwall.de\/blog\/wp-json\/wp\/v2\/pages\/41086\/revisions"}],"predecessor-version":[{"id":47753,"href":"https:\/\/www.urlaubcornwall.de\/blog\/wp-json\/wp\/v2\/pages\/41086\/revisions\/47753"}],"wp:attachment":[{"href":"https:\/\/www.urlaubcornwall.de\/blog\/wp-json\/wp\/v2\/media?parent=41086"}],"curies":[{"name":"wp","href":"https:\/\/api.w.org\/{rel}","templated":true}]}}