{"id":41078,"date":"2020-11-04T15:54:10","date_gmt":"2020-11-04T15:54:10","guid":{"rendered":"https:\/\/www.urlaubcornwall.de\/blog\/?page_id=41078"},"modified":"2024-04-12T10:26:25","modified_gmt":"2024-04-12T10:26:25","slug":"weisse-klippen-von-dover","status":"publish","type":"page","link":"https:\/\/www.urlaubcornwall.de\/blog\/weisse-klippen-von-dover\/","title":{"rendered":"Wei\u00dfe Klippen von Dover"},"content":{"rendered":"<p><img loading=\"lazy\" class=\"aligncenter size-full wp-image-47867\" src=\"https:\/\/www.urlaubcornwall.de\/blog\/wp-content\/uploads\/2024\/03\/dover.jpg\" alt=\"dover\" width=\"750\" height=\"500\" srcset=\"https:\/\/www.urlaubcornwall.de\/blog\/wp-content\/uploads\/2024\/03\/dover.jpg 750w, https:\/\/www.urlaubcornwall.de\/blog\/wp-content\/uploads\/2024\/03\/dover-300x200.jpg 300w\" sizes=\"(max-width: 750px) 100vw, 750px\" \/><\/p>\n<p><strong>Wei\u00dfe Klippen von Dover: <\/strong>Zweifelsohne sind die Wei\u00dfen Klippen <a href=\"https:\/\/www.urlaubcornwall.de\/blog\/dover-kent-unterkunft-sehenswuerdigkeiten-und-geschichte\/\">Dovers<\/a> eine von Britanniens spektakul\u00e4rsten Naturerscheinungen. Sie sind ein offizielles Wahrzeichen Britanniens und seit Generationen ein Symbol f\u00fcr Hoffnung. Sie k\u00f6nnen ihre Sch\u00f6nheit erleben und ihre besondere Anziehung erfahren, indem Sie einen der dramatischsten Klippenwege des Landes \u00fcberhaupt entlang spazieren.<\/p>\n<div class=\"snippet\"> <a class=\"featured-item\" href=\"https:\/\/www.urlaubcornwall.de\/ferienhaeuser\/suedengland.php\"> <span class=\"image-holder\" style=\"background-image: url('https:\/\/www.urlaubcornwall.de\/blog\/wp-content\/uploads\/2018\/12\/ferienhaus-cornwall-mit-hund.jpg');\"><\/span> <span class=\"featured-content\"> \n<h2 class=\"featured-title\">Ferienh\u00e4user in Kent &#038; S\u00fcdengland<\/h2>\n<p class=\"featured-body\">Bei uns finden Sie Ferienh\u00e4user zum Verlieben &#8211; so einfach ist das! Dank seiner langen Geschichte, der reizvollen Landschaften und seinen vielen Attraktionen ist S\u00fcdengland ein wahres Mekka f\u00fcr Urlauber&#8230;..<\/p><\/span> <span class=\"featured-link-holder\"> <span class=\"featured-extra-info\"> \n<p>Pers\u00f6nlich inspizierter Ferienh\u00e4user<\/p>\n<\/span> \n<p class=\"featured-link\">DETAILS<\/p>\n<\/span> <\/a><\/div>\n<p><a href=\"https:\/\/www.urlaubcornwall.de\/blog\/top-10-reisetipps-kent-die-sie-sehen-und-erleben-sollten\/\">Top 10 Reisetipps Kent: die Sie sehen und erleben sollten<\/a><\/p>\n","protected":false},"excerpt":{"rendered":"<p>Wei\u00dfe Klippen von Dover: Zweifelsohne sind die Wei\u00dfen Klippen Dovers eine von Britanniens spektakul\u00e4rsten Naturerscheinungen. Sie sind ein offizielles Wahrzeichen Britanniens und seit Generationen ein Symbol f\u00fcr Hoffnung. Sie k\u00f6nnen ihre Sch\u00f6nheit erleben und ihre besondere Anziehung erfahren, indem Sie einen der dramatischsten Klippenwege des Landes \u00fcberhaupt entlang spazieren. Ferienh\u00e4user in Kent &#038; S\u00fcdengland Bei [&hellip;]<\/p>\n","protected":false},"author":1,"featured_media":0,"parent":0,"menu_order":0,"comment_status":"closed","ping_status":"closed","template":"single-four.php","meta":[],"acf":[],"yoast_head":"<!-- This site is optimized with the Yoast SEO plugin v19.4 - https:\/\/yoast.com\/wordpress\/plugins\/seo\/ -->\n<title>Wei\u00dfe Klippen von Dover - Urlaub &amp; Reisen<\/title>\n<meta name=\"robots\" content=\"index, follow, max-snippet:-1, max-image-preview:large, max-video-preview:-1\" \/>\n<link rel=\"canonical\" href=\"https:\/\/www.urlaubcornwall.de\/blog\/weisse-klippen-von-dover\/\" \/>\n<meta property=\"og:locale\" content=\"en_US\" \/>\n<meta property=\"og:type\" content=\"article\" \/>\n<meta property=\"og:title\" content=\"Wei\u00dfe Klippen von Dover - Urlaub &amp; Reisen\" \/>\n<meta property=\"og:description\" content=\"Wei\u00dfe Klippen von Dover: Zweifelsohne sind die Wei\u00dfen Klippen Dovers eine von Britanniens spektakul\u00e4rsten Naturerscheinungen. Sie sind ein offizielles Wahrzeichen Britanniens und seit Generationen ein Symbol f\u00fcr Hoffnung. Sie k\u00f6nnen ihre Sch\u00f6nheit erleben und ihre besondere Anziehung erfahren, indem Sie einen der dramatischsten Klippenwege des Landes \u00fcberhaupt entlang spazieren. Ferienh\u00e4user in Kent &#038; S\u00fcdengland Bei [&hellip;]\" \/>\n<meta property=\"og:url\" content=\"https:\/\/www.urlaubcornwall.de\/blog\/weisse-klippen-von-dover\/\" \/>\n<meta property=\"og:site_name\" content=\"Urlaub &amp; Reisen\" \/>\n<meta property=\"article:modified_time\" content=\"2024-04-12T10:26:25+00:00\" \/>\n<meta property=\"og:image\" content=\"https:\/\/www.urlaubcornwall.de\/blog\/wp-content\/uploads\/2024\/03\/dover.jpg\" \/>\n<meta name=\"twitter:card\" content=\"summary\" \/>\n<meta name=\"twitter:label1\" content=\"Est. reading time\" \/>\n\t<meta name=\"twitter:data1\" content=\"1 minute\" \/>\n<script type=\"application\/ld+json\" class=\"yoast-schema-graph\">{\"@context\":\"https:\/\/schema.org\",\"@graph\":[{\"@type\":\"WebSite\",\"@id\":\"https:\/\/www.urlaubcornwall.de\/blog\/#website\",\"url\":\"https:\/\/www.urlaubcornwall.de\/blog\/\",\"name\":\"Urlaub &amp; Reisen\",\"description\":\"Urlaub, Reisen, Cornwall und S\u00fcdengland: eine perfekte Kombination\",\"potentialAction\":[{\"@type\":\"SearchAction\",\"target\":{\"@type\":\"EntryPoint\",\"urlTemplate\":\"https:\/\/www.urlaubcornwall.de\/blog\/?s={search_term_string}\"},\"query-input\":\"required name=search_term_string\"}],\"inLanguage\":\"en-US\"},{\"@type\":\"WebPage\",\"@id\":\"https:\/\/www.urlaubcornwall.de\/blog\/weisse-klippen-von-dover\/\",\"url\":\"https:\/\/www.urlaubcornwall.de\/blog\/weisse-klippen-von-dover\/\",\"name\":\"Wei\u00dfe Klippen von Dover - Urlaub &amp; Reisen\",\"isPartOf\":{\"@id\":\"https:\/\/www.urlaubcornwall.de\/blog\/#website\"},\"datePublished\":\"2020-11-04T15:54:10+00:00\",\"dateModified\":\"2024-04-12T10:26:25+00:00\",\"breadcrumb\":{\"@id\":\"https:\/\/www.urlaubcornwall.de\/blog\/weisse-klippen-von-dover\/#breadcrumb\"},\"inLanguage\":\"en-US\",\"potentialAction\":[{\"@type\":\"ReadAction\",\"target\":[\"https:\/\/www.urlaubcornwall.de\/blog\/weisse-klippen-von-dover\/\"]}]},{\"@type\":\"BreadcrumbList\",\"@id\":\"https:\/\/www.urlaubcornwall.de\/blog\/weisse-klippen-von-dover\/#breadcrumb\",\"itemListElement\":[{\"@type\":\"ListItem\",\"position\":1,\"name\":\"Home\",\"item\":\"https:\/\/www.urlaubcornwall.de\/blog\/\"},{\"@type\":\"ListItem\",\"position\":2,\"name\":\"Wei\u00dfe Klippen von Dover\"}]}]}<\/script>\n<!-- \/ Yoast SEO plugin. -->","yoast_head_json":{"title":"Wei\u00dfe Klippen von Dover - Urlaub &amp; Reisen","robots":{"index":"index","follow":"follow","max-snippet":"max-snippet:-1","max-image-preview":"max-image-preview:large","max-video-preview":"max-video-preview:-1"},"canonical":"https:\/\/www.urlaubcornwall.de\/blog\/weisse-klippen-von-dover\/","og_locale":"en_US","og_type":"article","og_title":"Wei\u00dfe Klippen von Dover - Urlaub &amp; Reisen","og_description":"Wei\u00dfe Klippen von Dover: Zweifelsohne sind die Wei\u00dfen Klippen Dovers eine von Britanniens spektakul\u00e4rsten Naturerscheinungen. Sie sind ein offizielles Wahrzeichen Britanniens und seit Generationen ein Symbol f\u00fcr Hoffnung. Sie k\u00f6nnen ihre Sch\u00f6nheit erleben und ihre besondere Anziehung erfahren, indem Sie einen der dramatischsten Klippenwege des Landes \u00fcberhaupt entlang spazieren. Ferienh\u00e4user in Kent &#038; S\u00fcdengland Bei [&hellip;]","og_url":"https:\/\/www.urlaubcornwall.de\/blog\/weisse-klippen-von-dover\/","og_site_name":"Urlaub &amp; Reisen","article_modified_time":"2024-04-12T10:26:25+00:00","og_image":[{"url":"https:\/\/www.urlaubcornwall.de\/blog\/wp-content\/uploads\/2024\/03\/dover.jpg"}],"twitter_card":"summary","twitter_misc":{"Est. reading time":"1 minute"},"schema":{"@context":"https:\/\/schema.org","@graph":[{"@type":"WebSite","@id":"https:\/\/www.urlaubcornwall.de\/blog\/#website","url":"https:\/\/www.urlaubcornwall.de\/blog\/","name":"Urlaub &amp; Reisen","description":"Urlaub, Reisen, Cornwall und S\u00fcdengland: eine perfekte Kombination","potentialAction":[{"@type":"SearchAction","target":{"@type":"EntryPoint","urlTemplate":"https:\/\/www.urlaubcornwall.de\/blog\/?s={search_term_string}"},"query-input":"required name=search_term_string"}],"inLanguage":"en-US"},{"@type":"WebPage","@id":"https:\/\/www.urlaubcornwall.de\/blog\/weisse-klippen-von-dover\/","url":"https:\/\/www.urlaubcornwall.de\/blog\/weisse-klippen-von-dover\/","name":"Wei\u00dfe Klippen von Dover - Urlaub &amp; Reisen","isPartOf":{"@id":"https:\/\/www.urlaubcornwall.de\/blog\/#website"},"datePublished":"2020-11-04T15:54:10+00:00","dateModified":"2024-04-12T10:26:25+00:00","breadcrumb":{"@id":"https:\/\/www.urlaubcornwall.de\/blog\/weisse-klippen-von-dover\/#breadcrumb"},"inLanguage":"en-US","potentialAction":[{"@type":"ReadAction","target":["https:\/\/www.urlaubcornwall.de\/blog\/weisse-klippen-von-dover\/"]}]},{"@type":"BreadcrumbList","@id":"https:\/\/www.urlaubcornwall.de\/blog\/weisse-klippen-von-dover\/#breadcrumb","itemListElement":[{"@type":"ListItem","position":1,"name":"Home","item":"https:\/\/www.urlaubcornwall.de\/blog\/"},{"@type":"ListItem","position":2,"name":"Wei\u00dfe Klippen von Dover"}]}]}},"_links":{"self":[{"href":"https:\/\/www.urlaubcornwall.de\/blog\/wp-json\/wp\/v2\/pages\/41078"}],"collection":[{"href":"https:\/\/www.urlaubcornwall.de\/blog\/wp-json\/wp\/v2\/pages"}],"about":[{"href":"https:\/\/www.urlaubcornwall.de\/blog\/wp-json\/wp\/v2\/types\/page"}],"author":[{"embeddable":true,"href":"https:\/\/www.urlaubcornwall.de\/blog\/wp-json\/wp\/v2\/users\/1"}],"replies":[{"embeddable":true,"href":"https:\/\/www.urlaubcornwall.de\/blog\/wp-json\/wp\/v2\/comments?post=41078"}],"version-history":[{"count":2,"href":"https:\/\/www.urlaubcornwall.de\/blog\/wp-json\/wp\/v2\/pages\/41078\/revisions"}],"predecessor-version":[{"id":49244,"href":"https:\/\/www.urlaubcornwall.de\/blog\/wp-json\/wp\/v2\/pages\/41078\/revisions\/49244"}],"wp:attachment":[{"href":"https:\/\/www.urlaubcornwall.de\/blog\/wp-json\/wp\/v2\/media?parent=41078"}],"curies":[{"name":"wp","href":"https:\/\/api.w.org\/{rel}","templated":true}]}}