{"id":41046,"date":"2020-10-30T11:04:45","date_gmt":"2020-10-30T11:04:45","guid":{"rendered":"https:\/\/www.urlaubcornwall.de\/blog\/?page_id=41046"},"modified":"2024-04-15T15:47:39","modified_gmt":"2024-04-15T15:47:39","slug":"dyrham-park-garten-haus-in-der-naehe-bath","status":"publish","type":"page","link":"https:\/\/www.urlaubcornwall.de\/blog\/dyrham-park-garten-haus-in-der-naehe-bath\/","title":{"rendered":"Dyrham Park, Garten &#038; Haus in der N\u00e4he Bath"},"content":{"rendered":"<p><img loading=\"lazy\" class=\"aligncenter size-full wp-image-41045\" src=\"https:\/\/www.urlaubcornwall.de\/blog\/wp-content\/uploads\/2020\/10\/dyrham-park.jpg\" alt=\"dyrham park\" width=\"750\" height=\"562\" srcset=\"https:\/\/www.urlaubcornwall.de\/blog\/wp-content\/uploads\/2020\/10\/dyrham-park.jpg 750w, https:\/\/www.urlaubcornwall.de\/blog\/wp-content\/uploads\/2020\/10\/dyrham-park-300x225.jpg 300w\" sizes=\"(max-width: 750px) 100vw, 750px\" \/><\/p>\n<p><a href=\"https:\/\/www.nationaltrust.org.uk\/dyrham-park\" rel=\"nofollow\"><strong>Dyrham Park, bei Bath:<\/strong><\/a> Dyrham Haus ist ein Haus des 17. Jahrhunderts innerhalb von 110 Hektar altem Parkgebiet gelegen mit wundervollem Blick \u00fcber die Landschaft. Neben dem alten Wildpark, der eine Herde von mehr als 200 wilden Damhirschen beherbergt, gibt es einen formellen Westgarten des 17. Jahrhunderts, der zu seiner urspr\u00fcnglichen Pracht wiederhergestellt und wundersch\u00f6n bepflanzt wird mit jahreszeitlich entsprechenden Pflanzen wie Rittersporn und Lupinen. Die G\u00e4rten und der Park sind das ganze Jahr \u00fcber ge\u00f6ffnet, es gibt gef\u00fchrte Touren durch <a href=\"https:\/\/www.urlaubcornwall.de\/gartenreise.php\">Park und Garten<\/a>, sowie Naturpfade f\u00fcr die gesamte Familie.<\/p>\n<p>Die sch\u00f6nsten <a href=\"https:\/\/www.urlaubcornwall.de\/blog\/gaerten-in-suedengland-die-sie-besuchen-muessen\/\">G\u00e4rten in S\u00fcdengland<\/a>, die Sie besuchen m\u00fcssen. <\/p>\n<div class=\"snippet\"> <a class=\"featured-item\" href=\"https:\/\/www.urlaubcornwall.de\/ferienhaeuser\/suedengland.php\"> <span class=\"image-holder\" style=\"background-image: url('https:\/\/www.urlaubcornwall.de\/blog\/wp-content\/uploads\/2018\/12\/ferienhaus-cornwall-mit-hund.jpg');\"><\/span> <span class=\"featured-content\"> \n<h2 class=\"featured-title\">Ferienh\u00e4user in S\u00fcdengland<\/h2>\n<p class=\"featured-body\">Bei uns finden Sie Ferienh\u00e4user zum Verlieben &#8211; so einfach ist das! Dank seiner langen Geschichte, der reizvollen Landschaften und seinen vielen Attraktionen ist S\u00fcdengland ein wahres Mekka f\u00fcr Urlauber&#8230;..<\/p><\/span> <span class=\"featured-link-holder\"> <span class=\"featured-extra-info\"> \n<p>Pers\u00f6nlich inspizierter Ferienh\u00e4user<\/p>\n<\/span> \n<p class=\"featured-link\">DETAILS<\/p>\n<\/span> <\/a><\/div>\n","protected":false},"excerpt":{"rendered":"<p>Dyrham Park, bei Bath: Dyrham Haus ist ein Haus des 17. Jahrhunderts innerhalb von 110 Hektar altem Parkgebiet gelegen mit wundervollem Blick \u00fcber die Landschaft. Neben dem alten Wildpark, der eine Herde von mehr als 200 wilden Damhirschen beherbergt, gibt es einen formellen Westgarten des 17. Jahrhunderts, der zu seiner urspr\u00fcnglichen Pracht wiederhergestellt und wundersch\u00f6n [&hellip;]<\/p>\n","protected":false},"author":1,"featured_media":0,"parent":0,"menu_order":0,"comment_status":"closed","ping_status":"closed","template":"single-four.php","meta":[],"acf":[],"yoast_head":"<!-- This site is optimized with the Yoast SEO plugin v19.4 - https:\/\/yoast.com\/wordpress\/plugins\/seo\/ -->\n<title>Dyrham Park, Garten &amp; Haus in der N\u00e4he Bath - Urlaub &amp; Reisen<\/title>\n<meta name=\"robots\" content=\"index, follow, max-snippet:-1, max-image-preview:large, max-video-preview:-1\" \/>\n<link rel=\"canonical\" href=\"https:\/\/www.urlaubcornwall.de\/blog\/dyrham-park-garten-haus-in-der-naehe-bath\/\" \/>\n<meta property=\"og:locale\" content=\"en_US\" \/>\n<meta property=\"og:type\" content=\"article\" \/>\n<meta property=\"og:title\" content=\"Dyrham Park, Garten &amp; Haus in der N\u00e4he Bath - Urlaub &amp; Reisen\" \/>\n<meta property=\"og:description\" content=\"Dyrham Park, bei Bath: Dyrham Haus ist ein Haus des 17. Jahrhunderts innerhalb von 110 Hektar altem Parkgebiet gelegen mit wundervollem Blick \u00fcber die Landschaft. Neben dem alten Wildpark, der eine Herde von mehr als 200 wilden Damhirschen beherbergt, gibt es einen formellen Westgarten des 17. Jahrhunderts, der zu seiner urspr\u00fcnglichen Pracht wiederhergestellt und wundersch\u00f6n [&hellip;]\" \/>\n<meta property=\"og:url\" content=\"https:\/\/www.urlaubcornwall.de\/blog\/dyrham-park-garten-haus-in-der-naehe-bath\/\" \/>\n<meta property=\"og:site_name\" content=\"Urlaub &amp; Reisen\" \/>\n<meta property=\"article:modified_time\" content=\"2024-04-15T15:47:39+00:00\" \/>\n<meta property=\"og:image\" content=\"https:\/\/www.urlaubcornwall.de\/blog\/wp-content\/uploads\/2020\/10\/dyrham-park.jpg\" \/>\n<meta name=\"twitter:card\" content=\"summary\" \/>\n<meta name=\"twitter:label1\" content=\"Est. reading time\" \/>\n\t<meta name=\"twitter:data1\" content=\"1 minute\" \/>\n<script type=\"application\/ld+json\" class=\"yoast-schema-graph\">{\"@context\":\"https:\/\/schema.org\",\"@graph\":[{\"@type\":\"WebSite\",\"@id\":\"https:\/\/www.urlaubcornwall.de\/blog\/#website\",\"url\":\"https:\/\/www.urlaubcornwall.de\/blog\/\",\"name\":\"Urlaub &amp; Reisen\",\"description\":\"Urlaub, Reisen, Cornwall und S\u00fcdengland: eine perfekte Kombination\",\"potentialAction\":[{\"@type\":\"SearchAction\",\"target\":{\"@type\":\"EntryPoint\",\"urlTemplate\":\"https:\/\/www.urlaubcornwall.de\/blog\/?s={search_term_string}\"},\"query-input\":\"required name=search_term_string\"}],\"inLanguage\":\"en-US\"},{\"@type\":\"WebPage\",\"@id\":\"https:\/\/www.urlaubcornwall.de\/blog\/dyrham-park-garten-haus-in-der-naehe-bath\/\",\"url\":\"https:\/\/www.urlaubcornwall.de\/blog\/dyrham-park-garten-haus-in-der-naehe-bath\/\",\"name\":\"Dyrham Park, Garten & Haus in der N\u00e4he Bath - Urlaub &amp; Reisen\",\"isPartOf\":{\"@id\":\"https:\/\/www.urlaubcornwall.de\/blog\/#website\"},\"datePublished\":\"2020-10-30T11:04:45+00:00\",\"dateModified\":\"2024-04-15T15:47:39+00:00\",\"breadcrumb\":{\"@id\":\"https:\/\/www.urlaubcornwall.de\/blog\/dyrham-park-garten-haus-in-der-naehe-bath\/#breadcrumb\"},\"inLanguage\":\"en-US\",\"potentialAction\":[{\"@type\":\"ReadAction\",\"target\":[\"https:\/\/www.urlaubcornwall.de\/blog\/dyrham-park-garten-haus-in-der-naehe-bath\/\"]}]},{\"@type\":\"BreadcrumbList\",\"@id\":\"https:\/\/www.urlaubcornwall.de\/blog\/dyrham-park-garten-haus-in-der-naehe-bath\/#breadcrumb\",\"itemListElement\":[{\"@type\":\"ListItem\",\"position\":1,\"name\":\"Home\",\"item\":\"https:\/\/www.urlaubcornwall.de\/blog\/\"},{\"@type\":\"ListItem\",\"position\":2,\"name\":\"Dyrham Park, Garten &#038; Haus in der N\u00e4he Bath\"}]}]}<\/script>\n<!-- \/ Yoast SEO plugin. -->","yoast_head_json":{"title":"Dyrham Park, Garten & Haus in der N\u00e4he Bath - Urlaub &amp; Reisen","robots":{"index":"index","follow":"follow","max-snippet":"max-snippet:-1","max-image-preview":"max-image-preview:large","max-video-preview":"max-video-preview:-1"},"canonical":"https:\/\/www.urlaubcornwall.de\/blog\/dyrham-park-garten-haus-in-der-naehe-bath\/","og_locale":"en_US","og_type":"article","og_title":"Dyrham Park, Garten & Haus in der N\u00e4he Bath - Urlaub &amp; Reisen","og_description":"Dyrham Park, bei Bath: Dyrham Haus ist ein Haus des 17. Jahrhunderts innerhalb von 110 Hektar altem Parkgebiet gelegen mit wundervollem Blick \u00fcber die Landschaft. Neben dem alten Wildpark, der eine Herde von mehr als 200 wilden Damhirschen beherbergt, gibt es einen formellen Westgarten des 17. Jahrhunderts, der zu seiner urspr\u00fcnglichen Pracht wiederhergestellt und wundersch\u00f6n [&hellip;]","og_url":"https:\/\/www.urlaubcornwall.de\/blog\/dyrham-park-garten-haus-in-der-naehe-bath\/","og_site_name":"Urlaub &amp; Reisen","article_modified_time":"2024-04-15T15:47:39+00:00","og_image":[{"url":"https:\/\/www.urlaubcornwall.de\/blog\/wp-content\/uploads\/2020\/10\/dyrham-park.jpg"}],"twitter_card":"summary","twitter_misc":{"Est. reading time":"1 minute"},"schema":{"@context":"https:\/\/schema.org","@graph":[{"@type":"WebSite","@id":"https:\/\/www.urlaubcornwall.de\/blog\/#website","url":"https:\/\/www.urlaubcornwall.de\/blog\/","name":"Urlaub &amp; Reisen","description":"Urlaub, Reisen, Cornwall und S\u00fcdengland: eine perfekte Kombination","potentialAction":[{"@type":"SearchAction","target":{"@type":"EntryPoint","urlTemplate":"https:\/\/www.urlaubcornwall.de\/blog\/?s={search_term_string}"},"query-input":"required name=search_term_string"}],"inLanguage":"en-US"},{"@type":"WebPage","@id":"https:\/\/www.urlaubcornwall.de\/blog\/dyrham-park-garten-haus-in-der-naehe-bath\/","url":"https:\/\/www.urlaubcornwall.de\/blog\/dyrham-park-garten-haus-in-der-naehe-bath\/","name":"Dyrham Park, Garten & Haus in der N\u00e4he Bath - Urlaub &amp; Reisen","isPartOf":{"@id":"https:\/\/www.urlaubcornwall.de\/blog\/#website"},"datePublished":"2020-10-30T11:04:45+00:00","dateModified":"2024-04-15T15:47:39+00:00","breadcrumb":{"@id":"https:\/\/www.urlaubcornwall.de\/blog\/dyrham-park-garten-haus-in-der-naehe-bath\/#breadcrumb"},"inLanguage":"en-US","potentialAction":[{"@type":"ReadAction","target":["https:\/\/www.urlaubcornwall.de\/blog\/dyrham-park-garten-haus-in-der-naehe-bath\/"]}]},{"@type":"BreadcrumbList","@id":"https:\/\/www.urlaubcornwall.de\/blog\/dyrham-park-garten-haus-in-der-naehe-bath\/#breadcrumb","itemListElement":[{"@type":"ListItem","position":1,"name":"Home","item":"https:\/\/www.urlaubcornwall.de\/blog\/"},{"@type":"ListItem","position":2,"name":"Dyrham Park, Garten &#038; Haus in der N\u00e4he Bath"}]}]}},"_links":{"self":[{"href":"https:\/\/www.urlaubcornwall.de\/blog\/wp-json\/wp\/v2\/pages\/41046"}],"collection":[{"href":"https:\/\/www.urlaubcornwall.de\/blog\/wp-json\/wp\/v2\/pages"}],"about":[{"href":"https:\/\/www.urlaubcornwall.de\/blog\/wp-json\/wp\/v2\/types\/page"}],"author":[{"embeddable":true,"href":"https:\/\/www.urlaubcornwall.de\/blog\/wp-json\/wp\/v2\/users\/1"}],"replies":[{"embeddable":true,"href":"https:\/\/www.urlaubcornwall.de\/blog\/wp-json\/wp\/v2\/comments?post=41046"}],"version-history":[{"count":4,"href":"https:\/\/www.urlaubcornwall.de\/blog\/wp-json\/wp\/v2\/pages\/41046\/revisions"}],"predecessor-version":[{"id":49740,"href":"https:\/\/www.urlaubcornwall.de\/blog\/wp-json\/wp\/v2\/pages\/41046\/revisions\/49740"}],"wp:attachment":[{"href":"https:\/\/www.urlaubcornwall.de\/blog\/wp-json\/wp\/v2\/media?parent=41046"}],"curies":[{"name":"wp","href":"https:\/\/api.w.org\/{rel}","templated":true}]}}