{"id":41038,"date":"2020-10-30T10:20:19","date_gmt":"2020-10-30T10:20:19","guid":{"rendered":"https:\/\/www.urlaubcornwall.de\/blog\/?page_id=41038"},"modified":"2024-05-31T06:58:42","modified_gmt":"2024-05-31T06:58:42","slug":"kingston-lacy-herrenhaus-und-garten-indorset","status":"publish","type":"page","link":"https:\/\/www.urlaubcornwall.de\/blog\/kingston-lacy-herrenhaus-und-garten-indorset\/","title":{"rendered":"Kingston Lacy Herrenhaus und Garten in Dorset"},"content":{"rendered":"<p><img loading=\"lazy\" class=\"aligncenter size-full wp-image-47859\" src=\"https:\/\/www.urlaubcornwall.de\/blog\/wp-content\/uploads\/2024\/03\/kingston-lacy.jpg\" alt=\"kingston lacy\" width=\"750\" height=\"563\" srcset=\"https:\/\/www.urlaubcornwall.de\/blog\/wp-content\/uploads\/2024\/03\/kingston-lacy.jpg 750w, https:\/\/www.urlaubcornwall.de\/blog\/wp-content\/uploads\/2024\/03\/kingston-lacy-300x225.jpg 300w\" sizes=\"(max-width: 750px) 100vw, 750px\" \/><\/p>\n<p><a href=\"https:\/\/www.nationaltrust.org.uk\/kingston-lacy\" rel=\"nofollow\"><strong>Kingston Lacy, Dorset:<\/strong><\/a> Eines von <a href=\"http:\/\/www.urlaubcornwall.de\/reiseziel\/dorset.php\">Dorsets<\/a> feinsten H\u00e4usern und G\u00e4rten ist Kingston Lacy bei <a href=\"https:\/\/www.urlaubcornwall.de\/ferienhaeuser-fewos\/eng\/dorset\/wimborne-minster.html\">Wimborne Minster<\/a>. Die formellen G\u00e4rten des 17. Jahrhunderts wurden sorgsam vom National Trust restauriert; es gibt 5 Hektar <a href=\"https:\/\/www.urlaubcornwall.de\/gartenreise.php\">formelle G\u00e4rten<\/a>, einschlie\u00dflich eines Japanischen Gartens mit einem authentischen japanischen Teehaus. Der restaurierte viktorianische Kr\u00e4utergarten mit seinen Gew\u00e4chsh\u00e4usern nahm zu viktorianischen Zeiten neben den Kew G\u00e4rten den zweiten Rang ein. Im Fr\u00fchling gibt es eine fantastische Schau an Schneegl\u00f6ckchen, Hyazinthen und Narzissen. Der 159 Hektar gro\u00dfe Park bietet wundervolle Spazierwege durch die Landschaft. G\u00e4rten und Park sind das ganze Jahr \u00fcber ge\u00f6ffnet.<\/p>\n<p>Die sch\u00f6nsten <a href=\"https:\/\/www.urlaubcornwall.de\/blog\/gaerten-in-suedengland-die-sie-besuchen-muessen\/\">G\u00e4rten in S\u00fcdengland<\/a>, die Sie besuchen m\u00fcssen. <\/p>\n<div class=\"snippet\"> <a class=\"featured-item\" href=\"https:\/\/www.urlaubcornwall.de\/ferienhaeuser\/suedengland.php\"> <span class=\"image-holder\" style=\"background-image: url('https:\/\/www.urlaubcornwall.de\/blog\/wp-content\/uploads\/2018\/12\/ferienhaus-cornwall-mit-hund.jpg');\"><\/span> <span class=\"featured-content\"> \n<h2 class=\"featured-title\">Ferienh\u00e4user in S\u00fcdengland<\/h2>\n<p class=\"featured-body\">Bei uns finden Sie Ferienh\u00e4user zum Verlieben &#8211; so einfach ist das! Dank seiner langen Geschichte, der reizvollen Landschaften und seinen vielen Attraktionen ist S\u00fcdengland ein wahres Mekka f\u00fcr Urlauber&#8230;..<\/p><\/span> <span class=\"featured-link-holder\"> <span class=\"featured-extra-info\"> \n<p>Pers\u00f6nlich inspizierter Ferienh\u00e4user<\/p>\n<\/span> \n<p class=\"featured-link\">DETAILS<\/p>\n<\/span> <\/a><\/div>\n","protected":false},"excerpt":{"rendered":"<p>Kingston Lacy, Dorset: Eines von Dorsets feinsten H\u00e4usern und G\u00e4rten ist Kingston Lacy bei Wimborne Minster. Die formellen G\u00e4rten des 17. Jahrhunderts wurden sorgsam vom National Trust restauriert; es gibt 5 Hektar formelle G\u00e4rten, einschlie\u00dflich eines Japanischen Gartens mit einem authentischen japanischen Teehaus. Der restaurierte viktorianische Kr\u00e4utergarten mit seinen Gew\u00e4chsh\u00e4usern nahm zu viktorianischen Zeiten neben [&hellip;]<\/p>\n","protected":false},"author":1,"featured_media":0,"parent":0,"menu_order":0,"comment_status":"closed","ping_status":"closed","template":"single-four.php","meta":[],"acf":[],"yoast_head":"<!-- This site is optimized with the Yoast SEO plugin v19.4 - https:\/\/yoast.com\/wordpress\/plugins\/seo\/ -->\n<title>Kingston Lacy Herrenhaus und Garten in Dorset - Urlaub &amp; Reisen<\/title>\n<meta name=\"robots\" content=\"index, follow, max-snippet:-1, max-image-preview:large, max-video-preview:-1\" \/>\n<link rel=\"canonical\" href=\"https:\/\/www.urlaubcornwall.de\/blog\/kingston-lacy-herrenhaus-und-garten-indorset\/\" \/>\n<meta property=\"og:locale\" content=\"en_US\" \/>\n<meta property=\"og:type\" content=\"article\" \/>\n<meta property=\"og:title\" content=\"Kingston Lacy Herrenhaus und Garten in Dorset - Urlaub &amp; Reisen\" \/>\n<meta property=\"og:description\" content=\"Kingston Lacy, Dorset: Eines von Dorsets feinsten H\u00e4usern und G\u00e4rten ist Kingston Lacy bei Wimborne Minster. Die formellen G\u00e4rten des 17. Jahrhunderts wurden sorgsam vom National Trust restauriert; es gibt 5 Hektar formelle G\u00e4rten, einschlie\u00dflich eines Japanischen Gartens mit einem authentischen japanischen Teehaus. Der restaurierte viktorianische Kr\u00e4utergarten mit seinen Gew\u00e4chsh\u00e4usern nahm zu viktorianischen Zeiten neben [&hellip;]\" \/>\n<meta property=\"og:url\" content=\"https:\/\/www.urlaubcornwall.de\/blog\/kingston-lacy-herrenhaus-und-garten-indorset\/\" \/>\n<meta property=\"og:site_name\" content=\"Urlaub &amp; Reisen\" \/>\n<meta property=\"article:modified_time\" content=\"2024-05-31T06:58:42+00:00\" \/>\n<meta property=\"og:image\" content=\"https:\/\/www.urlaubcornwall.de\/blog\/wp-content\/uploads\/2024\/03\/kingston-lacy.jpg\" \/>\n<meta name=\"twitter:card\" content=\"summary\" \/>\n<meta name=\"twitter:label1\" content=\"Est. reading time\" \/>\n\t<meta name=\"twitter:data1\" content=\"1 minute\" \/>\n<script type=\"application\/ld+json\" class=\"yoast-schema-graph\">{\"@context\":\"https:\/\/schema.org\",\"@graph\":[{\"@type\":\"WebSite\",\"@id\":\"https:\/\/www.urlaubcornwall.de\/blog\/#website\",\"url\":\"https:\/\/www.urlaubcornwall.de\/blog\/\",\"name\":\"Urlaub &amp; Reisen\",\"description\":\"Urlaub, Reisen, Cornwall und S\u00fcdengland: eine perfekte Kombination\",\"potentialAction\":[{\"@type\":\"SearchAction\",\"target\":{\"@type\":\"EntryPoint\",\"urlTemplate\":\"https:\/\/www.urlaubcornwall.de\/blog\/?s={search_term_string}\"},\"query-input\":\"required name=search_term_string\"}],\"inLanguage\":\"en-US\"},{\"@type\":\"WebPage\",\"@id\":\"https:\/\/www.urlaubcornwall.de\/blog\/kingston-lacy-herrenhaus-und-garten-indorset\/\",\"url\":\"https:\/\/www.urlaubcornwall.de\/blog\/kingston-lacy-herrenhaus-und-garten-indorset\/\",\"name\":\"Kingston Lacy Herrenhaus und Garten in Dorset - Urlaub &amp; Reisen\",\"isPartOf\":{\"@id\":\"https:\/\/www.urlaubcornwall.de\/blog\/#website\"},\"datePublished\":\"2020-10-30T10:20:19+00:00\",\"dateModified\":\"2024-05-31T06:58:42+00:00\",\"breadcrumb\":{\"@id\":\"https:\/\/www.urlaubcornwall.de\/blog\/kingston-lacy-herrenhaus-und-garten-indorset\/#breadcrumb\"},\"inLanguage\":\"en-US\",\"potentialAction\":[{\"@type\":\"ReadAction\",\"target\":[\"https:\/\/www.urlaubcornwall.de\/blog\/kingston-lacy-herrenhaus-und-garten-indorset\/\"]}]},{\"@type\":\"BreadcrumbList\",\"@id\":\"https:\/\/www.urlaubcornwall.de\/blog\/kingston-lacy-herrenhaus-und-garten-indorset\/#breadcrumb\",\"itemListElement\":[{\"@type\":\"ListItem\",\"position\":1,\"name\":\"Home\",\"item\":\"https:\/\/www.urlaubcornwall.de\/blog\/\"},{\"@type\":\"ListItem\",\"position\":2,\"name\":\"Kingston Lacy Herrenhaus und Garten in Dorset\"}]}]}<\/script>\n<!-- \/ Yoast SEO plugin. -->","yoast_head_json":{"title":"Kingston Lacy Herrenhaus und Garten in Dorset - Urlaub &amp; Reisen","robots":{"index":"index","follow":"follow","max-snippet":"max-snippet:-1","max-image-preview":"max-image-preview:large","max-video-preview":"max-video-preview:-1"},"canonical":"https:\/\/www.urlaubcornwall.de\/blog\/kingston-lacy-herrenhaus-und-garten-indorset\/","og_locale":"en_US","og_type":"article","og_title":"Kingston Lacy Herrenhaus und Garten in Dorset - Urlaub &amp; Reisen","og_description":"Kingston Lacy, Dorset: Eines von Dorsets feinsten H\u00e4usern und G\u00e4rten ist Kingston Lacy bei Wimborne Minster. Die formellen G\u00e4rten des 17. Jahrhunderts wurden sorgsam vom National Trust restauriert; es gibt 5 Hektar formelle G\u00e4rten, einschlie\u00dflich eines Japanischen Gartens mit einem authentischen japanischen Teehaus. Der restaurierte viktorianische Kr\u00e4utergarten mit seinen Gew\u00e4chsh\u00e4usern nahm zu viktorianischen Zeiten neben [&hellip;]","og_url":"https:\/\/www.urlaubcornwall.de\/blog\/kingston-lacy-herrenhaus-und-garten-indorset\/","og_site_name":"Urlaub &amp; Reisen","article_modified_time":"2024-05-31T06:58:42+00:00","og_image":[{"url":"https:\/\/www.urlaubcornwall.de\/blog\/wp-content\/uploads\/2024\/03\/kingston-lacy.jpg"}],"twitter_card":"summary","twitter_misc":{"Est. reading time":"1 minute"},"schema":{"@context":"https:\/\/schema.org","@graph":[{"@type":"WebSite","@id":"https:\/\/www.urlaubcornwall.de\/blog\/#website","url":"https:\/\/www.urlaubcornwall.de\/blog\/","name":"Urlaub &amp; Reisen","description":"Urlaub, Reisen, Cornwall und S\u00fcdengland: eine perfekte Kombination","potentialAction":[{"@type":"SearchAction","target":{"@type":"EntryPoint","urlTemplate":"https:\/\/www.urlaubcornwall.de\/blog\/?s={search_term_string}"},"query-input":"required name=search_term_string"}],"inLanguage":"en-US"},{"@type":"WebPage","@id":"https:\/\/www.urlaubcornwall.de\/blog\/kingston-lacy-herrenhaus-und-garten-indorset\/","url":"https:\/\/www.urlaubcornwall.de\/blog\/kingston-lacy-herrenhaus-und-garten-indorset\/","name":"Kingston Lacy Herrenhaus und Garten in Dorset - Urlaub &amp; Reisen","isPartOf":{"@id":"https:\/\/www.urlaubcornwall.de\/blog\/#website"},"datePublished":"2020-10-30T10:20:19+00:00","dateModified":"2024-05-31T06:58:42+00:00","breadcrumb":{"@id":"https:\/\/www.urlaubcornwall.de\/blog\/kingston-lacy-herrenhaus-und-garten-indorset\/#breadcrumb"},"inLanguage":"en-US","potentialAction":[{"@type":"ReadAction","target":["https:\/\/www.urlaubcornwall.de\/blog\/kingston-lacy-herrenhaus-und-garten-indorset\/"]}]},{"@type":"BreadcrumbList","@id":"https:\/\/www.urlaubcornwall.de\/blog\/kingston-lacy-herrenhaus-und-garten-indorset\/#breadcrumb","itemListElement":[{"@type":"ListItem","position":1,"name":"Home","item":"https:\/\/www.urlaubcornwall.de\/blog\/"},{"@type":"ListItem","position":2,"name":"Kingston Lacy Herrenhaus und Garten in Dorset"}]}]}},"_links":{"self":[{"href":"https:\/\/www.urlaubcornwall.de\/blog\/wp-json\/wp\/v2\/pages\/41038"}],"collection":[{"href":"https:\/\/www.urlaubcornwall.de\/blog\/wp-json\/wp\/v2\/pages"}],"about":[{"href":"https:\/\/www.urlaubcornwall.de\/blog\/wp-json\/wp\/v2\/types\/page"}],"author":[{"embeddable":true,"href":"https:\/\/www.urlaubcornwall.de\/blog\/wp-json\/wp\/v2\/users\/1"}],"replies":[{"embeddable":true,"href":"https:\/\/www.urlaubcornwall.de\/blog\/wp-json\/wp\/v2\/comments?post=41038"}],"version-history":[{"count":7,"href":"https:\/\/www.urlaubcornwall.de\/blog\/wp-json\/wp\/v2\/pages\/41038\/revisions"}],"predecessor-version":[{"id":51188,"href":"https:\/\/www.urlaubcornwall.de\/blog\/wp-json\/wp\/v2\/pages\/41038\/revisions\/51188"}],"wp:attachment":[{"href":"https:\/\/www.urlaubcornwall.de\/blog\/wp-json\/wp\/v2\/media?parent=41038"}],"curies":[{"name":"wp","href":"https:\/\/api.w.org\/{rel}","templated":true}]}}