{"id":41036,"date":"2020-10-30T10:17:33","date_gmt":"2020-10-30T10:17:33","guid":{"rendered":"https:\/\/www.urlaubcornwall.de\/blog\/?page_id=41036"},"modified":"2024-04-29T15:57:28","modified_gmt":"2024-04-29T15:57:28","slug":"penshurst-place-und-gaerten-in-kent","status":"publish","type":"page","link":"https:\/\/www.urlaubcornwall.de\/blog\/penshurst-place-und-gaerten-in-kent\/","title":{"rendered":"Penshurst Place und G\u00e4rten in Kent"},"content":{"rendered":"<p><img loading=\"lazy\" class=\"aligncenter size-full wp-image-24624\" src=\"https:\/\/www.urlaubcornwall.de\/blog\/wp-content\/uploads\/2016\/06\/penshurst-place-kent.jpg\" alt=\"penshurst place-Sehensw\u00fcrdigkeiten-kent\" width=\"749\" height=\"406\"\/><br \/>\ncredit penshurst place<\/p>\n<p><a href=\"https:\/\/www.penshurstplace.com\/\" rel=\"nofollow\"><strong>Penshurst Place und G\u00e4rten:<\/strong><\/a> Die historischen Mauerg\u00e4rten bilden das Juwel in der Krone von Penshurst Place in <a href=\"http:\/\/www.urlaubcornwall.de\/reiseziel\/kent.php\">Kent<\/a>. Mit Aufzeichnungen, die bis ins Jahr 1346 zur\u00fcckreichen, sind sie Musterbeispiel eines elisabethanischen Gartendesigns. Besucher werden 11 Ar an \u201eGartenr\u00e4umen\u201c vorfinden, die das ganze Jahr \u00fcber eine Vielfalt an Form, Bl\u00e4tterwerk und Bl\u00fcten bieten. Neben den 11 Ar <a href=\"https:\/\/www.urlaubcornwall.de\/gartenreise.php\">formeller G\u00e4rten<\/a> gibt es 48 Ar Parkanlage mit malerischen Spazierwegen, Waldpfaden, einem Abenteuerspielplatz und dem ber\u00fchmten Maisirrgarten im Sommer.<\/p>\n<p>Die sch\u00f6nsten <a href=\"https:\/\/www.urlaubcornwall.de\/blog\/gaerten-in-suedengland-die-sie-besuchen-muessen\/\">G\u00e4rten in S\u00fcdengland<\/a>, die Sie besuchen m\u00fcssen. <\/p>\n<div class=\"snippet\"> <a class=\"featured-item\" href=\"https:\/\/www.urlaubcornwall.de\/ferienhaeuser\/suedengland.php\"> <span class=\"image-holder\" style=\"background-image: url('https:\/\/www.urlaubcornwall.de\/blog\/wp-content\/uploads\/2024\/03\/ferienhaus-england-cornwall.jpg');\"><\/span> <span class=\"featured-content\"> \n<h2 class=\"featured-title\">Ferienh\u00e4user in S\u00fcdengland<\/h2>\n<p class=\"featured-body\">Bei uns finden Sie Ferienh\u00e4user zum Verlieben &#8211; so einfach ist das! Dank seiner langen Geschichte, der reizvollen Landschaften und seinen vielen Attraktionen ist S\u00fcdengland ein wahres Mekka f\u00fcr Urlauber&#8230;..<\/p><\/span> <span class=\"featured-link-holder\"> <span class=\"featured-extra-info\"> \n<p>Pers\u00f6nlich inspizierter Ferienh\u00e4user<\/p>\n<\/span> \n<p class=\"featured-link\">DETAILS<\/p>\n<\/span> <\/a><\/div>\n","protected":false},"excerpt":{"rendered":"<p>credit penshurst place Penshurst Place und G\u00e4rten: Die historischen Mauerg\u00e4rten bilden das Juwel in der Krone von Penshurst Place in Kent. Mit Aufzeichnungen, die bis ins Jahr 1346 zur\u00fcckreichen, sind sie Musterbeispiel eines elisabethanischen Gartendesigns. Besucher werden 11 Ar an \u201eGartenr\u00e4umen\u201c vorfinden, die das ganze Jahr \u00fcber eine Vielfalt an Form, Bl\u00e4tterwerk und Bl\u00fcten bieten. [&hellip;]<\/p>\n","protected":false},"author":1,"featured_media":0,"parent":0,"menu_order":0,"comment_status":"closed","ping_status":"closed","template":"single-four.php","meta":[],"acf":[],"yoast_head":"<!-- This site is optimized with the Yoast SEO plugin v19.4 - https:\/\/yoast.com\/wordpress\/plugins\/seo\/ -->\n<title>Penshurst Place und G\u00e4rten in Kent - Urlaub &amp; Reisen<\/title>\n<meta name=\"robots\" content=\"index, follow, max-snippet:-1, max-image-preview:large, max-video-preview:-1\" \/>\n<link rel=\"canonical\" href=\"https:\/\/www.urlaubcornwall.de\/blog\/penshurst-place-und-gaerten-in-kent\/\" \/>\n<meta property=\"og:locale\" content=\"en_US\" \/>\n<meta property=\"og:type\" content=\"article\" \/>\n<meta property=\"og:title\" content=\"Penshurst Place und G\u00e4rten in Kent - Urlaub &amp; Reisen\" \/>\n<meta property=\"og:description\" content=\"credit penshurst place Penshurst Place und G\u00e4rten: Die historischen Mauerg\u00e4rten bilden das Juwel in der Krone von Penshurst Place in Kent. Mit Aufzeichnungen, die bis ins Jahr 1346 zur\u00fcckreichen, sind sie Musterbeispiel eines elisabethanischen Gartendesigns. Besucher werden 11 Ar an \u201eGartenr\u00e4umen\u201c vorfinden, die das ganze Jahr \u00fcber eine Vielfalt an Form, Bl\u00e4tterwerk und Bl\u00fcten bieten. [&hellip;]\" \/>\n<meta property=\"og:url\" content=\"https:\/\/www.urlaubcornwall.de\/blog\/penshurst-place-und-gaerten-in-kent\/\" \/>\n<meta property=\"og:site_name\" content=\"Urlaub &amp; Reisen\" \/>\n<meta property=\"article:modified_time\" content=\"2024-04-29T15:57:28+00:00\" \/>\n<meta property=\"og:image\" content=\"https:\/\/www.urlaubcornwall.de\/blog\/wp-content\/uploads\/2016\/06\/penshurst-place-kent.jpg\" \/>\n<meta name=\"twitter:card\" content=\"summary\" \/>\n<meta name=\"twitter:label1\" content=\"Est. reading time\" \/>\n\t<meta name=\"twitter:data1\" content=\"1 minute\" \/>\n<script type=\"application\/ld+json\" class=\"yoast-schema-graph\">{\"@context\":\"https:\/\/schema.org\",\"@graph\":[{\"@type\":\"WebSite\",\"@id\":\"https:\/\/www.urlaubcornwall.de\/blog\/#website\",\"url\":\"https:\/\/www.urlaubcornwall.de\/blog\/\",\"name\":\"Urlaub &amp; Reisen\",\"description\":\"Urlaub, Reisen, Cornwall und S\u00fcdengland: eine perfekte Kombination\",\"potentialAction\":[{\"@type\":\"SearchAction\",\"target\":{\"@type\":\"EntryPoint\",\"urlTemplate\":\"https:\/\/www.urlaubcornwall.de\/blog\/?s={search_term_string}\"},\"query-input\":\"required name=search_term_string\"}],\"inLanguage\":\"en-US\"},{\"@type\":\"WebPage\",\"@id\":\"https:\/\/www.urlaubcornwall.de\/blog\/penshurst-place-und-gaerten-in-kent\/\",\"url\":\"https:\/\/www.urlaubcornwall.de\/blog\/penshurst-place-und-gaerten-in-kent\/\",\"name\":\"Penshurst Place und G\u00e4rten in Kent - Urlaub &amp; Reisen\",\"isPartOf\":{\"@id\":\"https:\/\/www.urlaubcornwall.de\/blog\/#website\"},\"datePublished\":\"2020-10-30T10:17:33+00:00\",\"dateModified\":\"2024-04-29T15:57:28+00:00\",\"breadcrumb\":{\"@id\":\"https:\/\/www.urlaubcornwall.de\/blog\/penshurst-place-und-gaerten-in-kent\/#breadcrumb\"},\"inLanguage\":\"en-US\",\"potentialAction\":[{\"@type\":\"ReadAction\",\"target\":[\"https:\/\/www.urlaubcornwall.de\/blog\/penshurst-place-und-gaerten-in-kent\/\"]}]},{\"@type\":\"BreadcrumbList\",\"@id\":\"https:\/\/www.urlaubcornwall.de\/blog\/penshurst-place-und-gaerten-in-kent\/#breadcrumb\",\"itemListElement\":[{\"@type\":\"ListItem\",\"position\":1,\"name\":\"Home\",\"item\":\"https:\/\/www.urlaubcornwall.de\/blog\/\"},{\"@type\":\"ListItem\",\"position\":2,\"name\":\"Penshurst Place und G\u00e4rten in Kent\"}]}]}<\/script>\n<!-- \/ Yoast SEO plugin. -->","yoast_head_json":{"title":"Penshurst Place und G\u00e4rten in Kent - Urlaub &amp; Reisen","robots":{"index":"index","follow":"follow","max-snippet":"max-snippet:-1","max-image-preview":"max-image-preview:large","max-video-preview":"max-video-preview:-1"},"canonical":"https:\/\/www.urlaubcornwall.de\/blog\/penshurst-place-und-gaerten-in-kent\/","og_locale":"en_US","og_type":"article","og_title":"Penshurst Place und G\u00e4rten in Kent - Urlaub &amp; Reisen","og_description":"credit penshurst place Penshurst Place und G\u00e4rten: Die historischen Mauerg\u00e4rten bilden das Juwel in der Krone von Penshurst Place in Kent. Mit Aufzeichnungen, die bis ins Jahr 1346 zur\u00fcckreichen, sind sie Musterbeispiel eines elisabethanischen Gartendesigns. Besucher werden 11 Ar an \u201eGartenr\u00e4umen\u201c vorfinden, die das ganze Jahr \u00fcber eine Vielfalt an Form, Bl\u00e4tterwerk und Bl\u00fcten bieten. [&hellip;]","og_url":"https:\/\/www.urlaubcornwall.de\/blog\/penshurst-place-und-gaerten-in-kent\/","og_site_name":"Urlaub &amp; Reisen","article_modified_time":"2024-04-29T15:57:28+00:00","og_image":[{"url":"https:\/\/www.urlaubcornwall.de\/blog\/wp-content\/uploads\/2016\/06\/penshurst-place-kent.jpg"}],"twitter_card":"summary","twitter_misc":{"Est. reading time":"1 minute"},"schema":{"@context":"https:\/\/schema.org","@graph":[{"@type":"WebSite","@id":"https:\/\/www.urlaubcornwall.de\/blog\/#website","url":"https:\/\/www.urlaubcornwall.de\/blog\/","name":"Urlaub &amp; Reisen","description":"Urlaub, Reisen, Cornwall und S\u00fcdengland: eine perfekte Kombination","potentialAction":[{"@type":"SearchAction","target":{"@type":"EntryPoint","urlTemplate":"https:\/\/www.urlaubcornwall.de\/blog\/?s={search_term_string}"},"query-input":"required name=search_term_string"}],"inLanguage":"en-US"},{"@type":"WebPage","@id":"https:\/\/www.urlaubcornwall.de\/blog\/penshurst-place-und-gaerten-in-kent\/","url":"https:\/\/www.urlaubcornwall.de\/blog\/penshurst-place-und-gaerten-in-kent\/","name":"Penshurst Place und G\u00e4rten in Kent - Urlaub &amp; Reisen","isPartOf":{"@id":"https:\/\/www.urlaubcornwall.de\/blog\/#website"},"datePublished":"2020-10-30T10:17:33+00:00","dateModified":"2024-04-29T15:57:28+00:00","breadcrumb":{"@id":"https:\/\/www.urlaubcornwall.de\/blog\/penshurst-place-und-gaerten-in-kent\/#breadcrumb"},"inLanguage":"en-US","potentialAction":[{"@type":"ReadAction","target":["https:\/\/www.urlaubcornwall.de\/blog\/penshurst-place-und-gaerten-in-kent\/"]}]},{"@type":"BreadcrumbList","@id":"https:\/\/www.urlaubcornwall.de\/blog\/penshurst-place-und-gaerten-in-kent\/#breadcrumb","itemListElement":[{"@type":"ListItem","position":1,"name":"Home","item":"https:\/\/www.urlaubcornwall.de\/blog\/"},{"@type":"ListItem","position":2,"name":"Penshurst Place und G\u00e4rten in Kent"}]}]}},"_links":{"self":[{"href":"https:\/\/www.urlaubcornwall.de\/blog\/wp-json\/wp\/v2\/pages\/41036"}],"collection":[{"href":"https:\/\/www.urlaubcornwall.de\/blog\/wp-json\/wp\/v2\/pages"}],"about":[{"href":"https:\/\/www.urlaubcornwall.de\/blog\/wp-json\/wp\/v2\/types\/page"}],"author":[{"embeddable":true,"href":"https:\/\/www.urlaubcornwall.de\/blog\/wp-json\/wp\/v2\/users\/1"}],"replies":[{"embeddable":true,"href":"https:\/\/www.urlaubcornwall.de\/blog\/wp-json\/wp\/v2\/comments?post=41036"}],"version-history":[{"count":4,"href":"https:\/\/www.urlaubcornwall.de\/blog\/wp-json\/wp\/v2\/pages\/41036\/revisions"}],"predecessor-version":[{"id":49927,"href":"https:\/\/www.urlaubcornwall.de\/blog\/wp-json\/wp\/v2\/pages\/41036\/revisions\/49927"}],"wp:attachment":[{"href":"https:\/\/www.urlaubcornwall.de\/blog\/wp-json\/wp\/v2\/media?parent=41036"}],"curies":[{"name":"wp","href":"https:\/\/api.w.org\/{rel}","templated":true}]}}