{"id":41028,"date":"2020-10-30T09:56:49","date_gmt":"2020-10-30T09:56:49","guid":{"rendered":"https:\/\/www.urlaubcornwall.de\/blog\/?page_id=41028"},"modified":"2024-05-28T07:27:52","modified_gmt":"2024-05-28T07:27:52","slug":"ashdown-house-in-oxfordshire","status":"publish","type":"page","link":"https:\/\/www.urlaubcornwall.de\/blog\/ashdown-house-in-oxfordshire\/","title":{"rendered":"Ashdown House in Oxfordshire"},"content":{"rendered":"<p><a href=\"https:\/\/www.urlaubcornwall.de\/blog\/wp-content\/uploads\/2024\/03\/mottisfont-abbey-garten-rose.jpg\"><img loading=\"lazy\" src=\"https:\/\/www.urlaubcornwall.de\/blog\/wp-content\/uploads\/2024\/03\/mottisfont-abbey-garten-rose.jpg\" alt=\"garten rose\" width=\"747\" height=\"395\" class=\"alignnone size-full wp-image-47911\" srcset=\"https:\/\/www.urlaubcornwall.de\/blog\/wp-content\/uploads\/2024\/03\/mottisfont-abbey-garten-rose.jpg 747w, https:\/\/www.urlaubcornwall.de\/blog\/wp-content\/uploads\/2024\/03\/mottisfont-abbey-garten-rose-300x159.jpg 300w\" sizes=\"(max-width: 747px) 100vw, 747px\" \/><\/a><br \/>\n<a href=\"https:\/\/www.nationaltrust.org.uk\/ashdown-house\"rel=\"nofollow\"><strong>Ashdown House<\/strong><\/a> &#8211; Ashdown House ist ein au\u00dfergew\u00f6hnliches Geb\u00e4ude des 17. Jahrhunderts, das einem Puppenhaus gleicht. Es befindet sich in einem wundersch\u00f6nen Tal der Berkshire Downs mit Panoramablick vom Dach aus \u00fcber drei Grafschaften hinweg. Umgeben von Wald, wurde das Haus 1662 f\u00fcr die K\u00f6nigin von B\u00f6hmen in einem ungew\u00f6hnlichen niederl\u00e4ndischen Stil erbaut. Das Haus befindet sich im Besitz des National Trust, und Zugang bekommen Sie lediglich mit einer gef\u00fchrten Tour an bestimmten Tagen von April bis Oktober. Um auf das Dach zu gelangen, um den Blick zu bewundern, m\u00fcssen Besucher eine Treppe mit 100 Stufen erklimmen. Das Waldgebiet, das das Haus umgibt, ist das ganze Jahr \u00fcber ge\u00f6ffnet und wundervoll f\u00fcr einen Spaziergang. Angeleinte Hunde sind gestattet.<\/p>\n<p>Die besten <a href=\"https:\/\/www.urlaubcornwall.de\/blog\/sehenswuerdigkeiten-cotswolds-historische-haeuser-gaerten\/\">Historische Herrenh\u00e4user &#038; G\u00e4rten in den Cotswolds<\/a><\/p>\n<div class=\"snippet\"> <a class=\"featured-item\" href=\"https:\/\/www.urlaubcornwall.de\/ferienhaeuser\/suedengland.php\"> <span class=\"image-holder\" style=\"background-image: url('https:\/\/www.urlaubcornwall.de\/blog\/wp-content\/uploads\/2018\/12\/ferienhaus-cornwall-mit-hund.jpg');\"><\/span> <span class=\"featured-content\"> \n<h2 class=\"featured-title\">Ferienh\u00e4user in S\u00fcdengland<\/h2>\n<p class=\"featured-body\">Bei uns finden Sie Ferienh\u00e4user zum Verlieben &#8211; so einfach ist das! Dank seiner langen Geschichte, der reizvollen Landschaften und seinen vielen Attraktionen ist S\u00fcdengland ein wahres Mekka f\u00fcr Urlauber&#8230;..<\/p><\/span> <span class=\"featured-link-holder\"> <span class=\"featured-extra-info\"> \n<p>Pers\u00f6nlich inspizierter Ferienh\u00e4user<\/p>\n<\/span> \n<p class=\"featured-link\">DETAILS<\/p>\n<\/span> <\/a><\/div>\n","protected":false},"excerpt":{"rendered":"<p>Ashdown House &#8211; Ashdown House ist ein au\u00dfergew\u00f6hnliches Geb\u00e4ude des 17. Jahrhunderts, das einem Puppenhaus gleicht. Es befindet sich in einem wundersch\u00f6nen Tal der Berkshire Downs mit Panoramablick vom Dach aus \u00fcber drei Grafschaften hinweg. Umgeben von Wald, wurde das Haus 1662 f\u00fcr die K\u00f6nigin von B\u00f6hmen in einem ungew\u00f6hnlichen niederl\u00e4ndischen Stil erbaut. Das Haus [&hellip;]<\/p>\n","protected":false},"author":1,"featured_media":0,"parent":0,"menu_order":0,"comment_status":"closed","ping_status":"closed","template":"single-four.php","meta":[],"acf":[],"yoast_head":"<!-- This site is optimized with the Yoast SEO plugin v19.4 - https:\/\/yoast.com\/wordpress\/plugins\/seo\/ -->\n<title>Ashdown House in Oxfordshire - Urlaub &amp; Reisen<\/title>\n<meta name=\"robots\" content=\"index, follow, max-snippet:-1, max-image-preview:large, max-video-preview:-1\" \/>\n<link rel=\"canonical\" href=\"https:\/\/www.urlaubcornwall.de\/blog\/ashdown-house-in-oxfordshire\/\" \/>\n<meta property=\"og:locale\" content=\"en_US\" \/>\n<meta property=\"og:type\" content=\"article\" \/>\n<meta property=\"og:title\" content=\"Ashdown House in Oxfordshire - Urlaub &amp; Reisen\" \/>\n<meta property=\"og:description\" content=\"Ashdown House &#8211; Ashdown House ist ein au\u00dfergew\u00f6hnliches Geb\u00e4ude des 17. Jahrhunderts, das einem Puppenhaus gleicht. Es befindet sich in einem wundersch\u00f6nen Tal der Berkshire Downs mit Panoramablick vom Dach aus \u00fcber drei Grafschaften hinweg. Umgeben von Wald, wurde das Haus 1662 f\u00fcr die K\u00f6nigin von B\u00f6hmen in einem ungew\u00f6hnlichen niederl\u00e4ndischen Stil erbaut. Das Haus [&hellip;]\" \/>\n<meta property=\"og:url\" content=\"https:\/\/www.urlaubcornwall.de\/blog\/ashdown-house-in-oxfordshire\/\" \/>\n<meta property=\"og:site_name\" content=\"Urlaub &amp; Reisen\" \/>\n<meta property=\"article:modified_time\" content=\"2024-05-28T07:27:52+00:00\" \/>\n<meta property=\"og:image\" content=\"https:\/\/www.urlaubcornwall.de\/blog\/wp-content\/uploads\/2024\/03\/mottisfont-abbey-garten-rose.jpg\" \/>\n<meta name=\"twitter:card\" content=\"summary\" \/>\n<meta name=\"twitter:label1\" content=\"Est. reading time\" \/>\n\t<meta name=\"twitter:data1\" content=\"1 minute\" \/>\n<script type=\"application\/ld+json\" class=\"yoast-schema-graph\">{\"@context\":\"https:\/\/schema.org\",\"@graph\":[{\"@type\":\"WebSite\",\"@id\":\"https:\/\/www.urlaubcornwall.de\/blog\/#website\",\"url\":\"https:\/\/www.urlaubcornwall.de\/blog\/\",\"name\":\"Urlaub &amp; Reisen\",\"description\":\"Urlaub, Reisen, Cornwall und S\u00fcdengland: eine perfekte Kombination\",\"potentialAction\":[{\"@type\":\"SearchAction\",\"target\":{\"@type\":\"EntryPoint\",\"urlTemplate\":\"https:\/\/www.urlaubcornwall.de\/blog\/?s={search_term_string}\"},\"query-input\":\"required name=search_term_string\"}],\"inLanguage\":\"en-US\"},{\"@type\":\"WebPage\",\"@id\":\"https:\/\/www.urlaubcornwall.de\/blog\/ashdown-house-in-oxfordshire\/\",\"url\":\"https:\/\/www.urlaubcornwall.de\/blog\/ashdown-house-in-oxfordshire\/\",\"name\":\"Ashdown House in Oxfordshire - Urlaub &amp; Reisen\",\"isPartOf\":{\"@id\":\"https:\/\/www.urlaubcornwall.de\/blog\/#website\"},\"datePublished\":\"2020-10-30T09:56:49+00:00\",\"dateModified\":\"2024-05-28T07:27:52+00:00\",\"breadcrumb\":{\"@id\":\"https:\/\/www.urlaubcornwall.de\/blog\/ashdown-house-in-oxfordshire\/#breadcrumb\"},\"inLanguage\":\"en-US\",\"potentialAction\":[{\"@type\":\"ReadAction\",\"target\":[\"https:\/\/www.urlaubcornwall.de\/blog\/ashdown-house-in-oxfordshire\/\"]}]},{\"@type\":\"BreadcrumbList\",\"@id\":\"https:\/\/www.urlaubcornwall.de\/blog\/ashdown-house-in-oxfordshire\/#breadcrumb\",\"itemListElement\":[{\"@type\":\"ListItem\",\"position\":1,\"name\":\"Home\",\"item\":\"https:\/\/www.urlaubcornwall.de\/blog\/\"},{\"@type\":\"ListItem\",\"position\":2,\"name\":\"Ashdown House in Oxfordshire\"}]}]}<\/script>\n<!-- \/ Yoast SEO plugin. -->","yoast_head_json":{"title":"Ashdown House in Oxfordshire - Urlaub &amp; Reisen","robots":{"index":"index","follow":"follow","max-snippet":"max-snippet:-1","max-image-preview":"max-image-preview:large","max-video-preview":"max-video-preview:-1"},"canonical":"https:\/\/www.urlaubcornwall.de\/blog\/ashdown-house-in-oxfordshire\/","og_locale":"en_US","og_type":"article","og_title":"Ashdown House in Oxfordshire - Urlaub &amp; Reisen","og_description":"Ashdown House &#8211; Ashdown House ist ein au\u00dfergew\u00f6hnliches Geb\u00e4ude des 17. Jahrhunderts, das einem Puppenhaus gleicht. Es befindet sich in einem wundersch\u00f6nen Tal der Berkshire Downs mit Panoramablick vom Dach aus \u00fcber drei Grafschaften hinweg. Umgeben von Wald, wurde das Haus 1662 f\u00fcr die K\u00f6nigin von B\u00f6hmen in einem ungew\u00f6hnlichen niederl\u00e4ndischen Stil erbaut. Das Haus [&hellip;]","og_url":"https:\/\/www.urlaubcornwall.de\/blog\/ashdown-house-in-oxfordshire\/","og_site_name":"Urlaub &amp; Reisen","article_modified_time":"2024-05-28T07:27:52+00:00","og_image":[{"url":"https:\/\/www.urlaubcornwall.de\/blog\/wp-content\/uploads\/2024\/03\/mottisfont-abbey-garten-rose.jpg"}],"twitter_card":"summary","twitter_misc":{"Est. reading time":"1 minute"},"schema":{"@context":"https:\/\/schema.org","@graph":[{"@type":"WebSite","@id":"https:\/\/www.urlaubcornwall.de\/blog\/#website","url":"https:\/\/www.urlaubcornwall.de\/blog\/","name":"Urlaub &amp; Reisen","description":"Urlaub, Reisen, Cornwall und S\u00fcdengland: eine perfekte Kombination","potentialAction":[{"@type":"SearchAction","target":{"@type":"EntryPoint","urlTemplate":"https:\/\/www.urlaubcornwall.de\/blog\/?s={search_term_string}"},"query-input":"required name=search_term_string"}],"inLanguage":"en-US"},{"@type":"WebPage","@id":"https:\/\/www.urlaubcornwall.de\/blog\/ashdown-house-in-oxfordshire\/","url":"https:\/\/www.urlaubcornwall.de\/blog\/ashdown-house-in-oxfordshire\/","name":"Ashdown House in Oxfordshire - Urlaub &amp; Reisen","isPartOf":{"@id":"https:\/\/www.urlaubcornwall.de\/blog\/#website"},"datePublished":"2020-10-30T09:56:49+00:00","dateModified":"2024-05-28T07:27:52+00:00","breadcrumb":{"@id":"https:\/\/www.urlaubcornwall.de\/blog\/ashdown-house-in-oxfordshire\/#breadcrumb"},"inLanguage":"en-US","potentialAction":[{"@type":"ReadAction","target":["https:\/\/www.urlaubcornwall.de\/blog\/ashdown-house-in-oxfordshire\/"]}]},{"@type":"BreadcrumbList","@id":"https:\/\/www.urlaubcornwall.de\/blog\/ashdown-house-in-oxfordshire\/#breadcrumb","itemListElement":[{"@type":"ListItem","position":1,"name":"Home","item":"https:\/\/www.urlaubcornwall.de\/blog\/"},{"@type":"ListItem","position":2,"name":"Ashdown House in Oxfordshire"}]}]}},"_links":{"self":[{"href":"https:\/\/www.urlaubcornwall.de\/blog\/wp-json\/wp\/v2\/pages\/41028"}],"collection":[{"href":"https:\/\/www.urlaubcornwall.de\/blog\/wp-json\/wp\/v2\/pages"}],"about":[{"href":"https:\/\/www.urlaubcornwall.de\/blog\/wp-json\/wp\/v2\/types\/page"}],"author":[{"embeddable":true,"href":"https:\/\/www.urlaubcornwall.de\/blog\/wp-json\/wp\/v2\/users\/1"}],"replies":[{"embeddable":true,"href":"https:\/\/www.urlaubcornwall.de\/blog\/wp-json\/wp\/v2\/comments?post=41028"}],"version-history":[{"count":5,"href":"https:\/\/www.urlaubcornwall.de\/blog\/wp-json\/wp\/v2\/pages\/41028\/revisions"}],"predecessor-version":[{"id":50324,"href":"https:\/\/www.urlaubcornwall.de\/blog\/wp-json\/wp\/v2\/pages\/41028\/revisions\/50324"}],"wp:attachment":[{"href":"https:\/\/www.urlaubcornwall.de\/blog\/wp-json\/wp\/v2\/media?parent=41028"}],"curies":[{"name":"wp","href":"https:\/\/api.w.org\/{rel}","templated":true}]}}