{"id":41025,"date":"2020-10-30T09:54:38","date_gmt":"2020-10-30T09:54:38","guid":{"rendered":"https:\/\/www.urlaubcornwall.de\/blog\/?page_id=41025"},"modified":"2024-04-29T16:02:57","modified_gmt":"2024-04-29T16:02:57","slug":"snowshill-manor-garten-in-den-cotswolds","status":"publish","type":"page","link":"https:\/\/www.urlaubcornwall.de\/blog\/snowshill-manor-garten-in-den-cotswolds\/","title":{"rendered":"Snowshill Manor &#038; Garten in den Cotswolds"},"content":{"rendered":"<p><img loading=\"lazy\" class=\"aligncenter size-full wp-image-47797\" src=\"https:\/\/www.urlaubcornwall.de\/blog\/wp-content\/uploads\/2024\/03\/snowshill-manor.jpg\" alt=\"snowshill manor\" width=\"750\" height=\"329\" srcset=\"https:\/\/www.urlaubcornwall.de\/blog\/wp-content\/uploads\/2024\/03\/snowshill-manor.jpg 750w, https:\/\/www.urlaubcornwall.de\/blog\/wp-content\/uploads\/2024\/03\/snowshill-manor-300x132.jpg 300w\" sizes=\"(max-width: 750px) 100vw, 750px\" \/><\/p>\n<p><a href=\"https:\/\/www.nationaltrust.org.uk\/snowshill-manor-and-garden\"rel=\"nofollow\"><strong>Snowshill Manor und Garten<\/strong><\/a> &#8211; Snowshill Manor ist eine Cotswold Villa aus dem 16. Jahrhundert im Dorf Snowshill, <a href=\"https:\/\/www.urlaubcornwall.de\/ferienhaeuser-fewos\/eng\/gloucestershire\/gloucestershire.html\">Gloucestershire<\/a>. Dieses wundersch\u00f6ne Haus war einst das Zuhause von Charles Wade, einem edwardianischen Herrn, der sein Leben damit verbrachte und zu Reichtum kam, wundersch\u00f6ne und interessante Objekte zu sammeln. Das Haus, das sich im Besitz des National Trust befindet, ist gef\u00fcllt mit mehr als 22000 Objekten, von winzigem Spielzeug bis hin zu einer Samurair\u00fcstung, musischen Instrumenten bis hin zu feinen Uhren; sie sind allesamt so ausgestellt wie Charles Wade es beabsichtigte. Die G\u00e4rten, die die Villa umgeben, sind quintessentiell englisch mit formellen Wiesen, farbenpr\u00e4chtigen Staudenrabatten und Wasserspielen, sowie jeder Menge Pl\u00e4tzchen zum Sitzen und Entspannen. Neben der Villa befindet sich das bescheidene Cottage, das Priest\u2019s House, wo Charles Wade lebte. Snowshill Manor, der Garten und das Priest\u2019s House sind von M\u00e4rz bis Oktober ge\u00f6ffnet, Hunde sind nicht gestattet.<\/p>\n<p>Die besten <a href=\"https:\/\/www.urlaubcornwall.de\/blog\/sehenswuerdigkeiten-cotswolds-historische-haeuser-gaerten\/\">Historische Herrenh\u00e4user &#038; G\u00e4rten in den Cotswolds<\/a><\/p>\n<div class=\"snippet\"> <a class=\"featured-item\" href=\"https:\/\/www.urlaubcornwall.de\/ferienhaeuser\/suedengland.php\"> <span class=\"image-holder\" style=\"background-image: url('https:\/\/www.urlaubcornwall.de\/blog\/wp-content\/uploads\/2024\/03\/ferienhaus-england-cornwall.jpg');\"><\/span> <span class=\"featured-content\"> \n<h2 class=\"featured-title\">Ferienh\u00e4user in S\u00fcdengland<\/h2>\n<p class=\"featured-body\">Bei uns finden Sie Ferienh\u00e4user zum Verlieben &#8211; so einfach ist das! Dank seiner langen Geschichte, der reizvollen Landschaften und seinen vielen Attraktionen ist S\u00fcdengland ein wahres Mekka f\u00fcr Urlauber&#8230;..<\/p><\/span> <span class=\"featured-link-holder\"> <span class=\"featured-extra-info\"> \n<p>Pers\u00f6nlich inspizierter Ferienh\u00e4user<\/p>\n<\/span> \n<p class=\"featured-link\">DETAILS<\/p>\n<\/span> <\/a><\/div>\n","protected":false},"excerpt":{"rendered":"<p>Snowshill Manor und Garten &#8211; Snowshill Manor ist eine Cotswold Villa aus dem 16. Jahrhundert im Dorf Snowshill, Gloucestershire. Dieses wundersch\u00f6ne Haus war einst das Zuhause von Charles Wade, einem edwardianischen Herrn, der sein Leben damit verbrachte und zu Reichtum kam, wundersch\u00f6ne und interessante Objekte zu sammeln. Das Haus, das sich im Besitz des National [&hellip;]<\/p>\n","protected":false},"author":1,"featured_media":0,"parent":0,"menu_order":0,"comment_status":"closed","ping_status":"closed","template":"single-four.php","meta":[],"acf":[],"yoast_head":"<!-- This site is optimized with the Yoast SEO plugin v19.4 - https:\/\/yoast.com\/wordpress\/plugins\/seo\/ -->\n<title>Snowshill Manor &amp; Garten in den Cotswolds - Urlaub &amp; Reisen<\/title>\n<meta name=\"robots\" content=\"index, follow, max-snippet:-1, max-image-preview:large, max-video-preview:-1\" \/>\n<link rel=\"canonical\" href=\"https:\/\/www.urlaubcornwall.de\/blog\/snowshill-manor-garten-in-den-cotswolds\/\" \/>\n<meta property=\"og:locale\" content=\"en_US\" \/>\n<meta property=\"og:type\" content=\"article\" \/>\n<meta property=\"og:title\" content=\"Snowshill Manor &amp; Garten in den Cotswolds - Urlaub &amp; Reisen\" \/>\n<meta property=\"og:description\" content=\"Snowshill Manor und Garten &#8211; Snowshill Manor ist eine Cotswold Villa aus dem 16. Jahrhundert im Dorf Snowshill, Gloucestershire. Dieses wundersch\u00f6ne Haus war einst das Zuhause von Charles Wade, einem edwardianischen Herrn, der sein Leben damit verbrachte und zu Reichtum kam, wundersch\u00f6ne und interessante Objekte zu sammeln. Das Haus, das sich im Besitz des National [&hellip;]\" \/>\n<meta property=\"og:url\" content=\"https:\/\/www.urlaubcornwall.de\/blog\/snowshill-manor-garten-in-den-cotswolds\/\" \/>\n<meta property=\"og:site_name\" content=\"Urlaub &amp; Reisen\" \/>\n<meta property=\"article:modified_time\" content=\"2024-04-29T16:02:57+00:00\" \/>\n<meta property=\"og:image\" content=\"https:\/\/www.urlaubcornwall.de\/blog\/wp-content\/uploads\/2024\/03\/snowshill-manor.jpg\" \/>\n<meta name=\"twitter:card\" content=\"summary\" \/>\n<meta name=\"twitter:label1\" content=\"Est. reading time\" \/>\n\t<meta name=\"twitter:data1\" content=\"2 minutes\" \/>\n<script type=\"application\/ld+json\" class=\"yoast-schema-graph\">{\"@context\":\"https:\/\/schema.org\",\"@graph\":[{\"@type\":\"WebSite\",\"@id\":\"https:\/\/www.urlaubcornwall.de\/blog\/#website\",\"url\":\"https:\/\/www.urlaubcornwall.de\/blog\/\",\"name\":\"Urlaub &amp; Reisen\",\"description\":\"Urlaub, Reisen, Cornwall und S\u00fcdengland: eine perfekte Kombination\",\"potentialAction\":[{\"@type\":\"SearchAction\",\"target\":{\"@type\":\"EntryPoint\",\"urlTemplate\":\"https:\/\/www.urlaubcornwall.de\/blog\/?s={search_term_string}\"},\"query-input\":\"required name=search_term_string\"}],\"inLanguage\":\"en-US\"},{\"@type\":\"WebPage\",\"@id\":\"https:\/\/www.urlaubcornwall.de\/blog\/snowshill-manor-garten-in-den-cotswolds\/\",\"url\":\"https:\/\/www.urlaubcornwall.de\/blog\/snowshill-manor-garten-in-den-cotswolds\/\",\"name\":\"Snowshill Manor & Garten in den Cotswolds - Urlaub &amp; Reisen\",\"isPartOf\":{\"@id\":\"https:\/\/www.urlaubcornwall.de\/blog\/#website\"},\"datePublished\":\"2020-10-30T09:54:38+00:00\",\"dateModified\":\"2024-04-29T16:02:57+00:00\",\"breadcrumb\":{\"@id\":\"https:\/\/www.urlaubcornwall.de\/blog\/snowshill-manor-garten-in-den-cotswolds\/#breadcrumb\"},\"inLanguage\":\"en-US\",\"potentialAction\":[{\"@type\":\"ReadAction\",\"target\":[\"https:\/\/www.urlaubcornwall.de\/blog\/snowshill-manor-garten-in-den-cotswolds\/\"]}]},{\"@type\":\"BreadcrumbList\",\"@id\":\"https:\/\/www.urlaubcornwall.de\/blog\/snowshill-manor-garten-in-den-cotswolds\/#breadcrumb\",\"itemListElement\":[{\"@type\":\"ListItem\",\"position\":1,\"name\":\"Home\",\"item\":\"https:\/\/www.urlaubcornwall.de\/blog\/\"},{\"@type\":\"ListItem\",\"position\":2,\"name\":\"Snowshill Manor &#038; Garten in den Cotswolds\"}]}]}<\/script>\n<!-- \/ Yoast SEO plugin. -->","yoast_head_json":{"title":"Snowshill Manor & Garten in den Cotswolds - Urlaub &amp; Reisen","robots":{"index":"index","follow":"follow","max-snippet":"max-snippet:-1","max-image-preview":"max-image-preview:large","max-video-preview":"max-video-preview:-1"},"canonical":"https:\/\/www.urlaubcornwall.de\/blog\/snowshill-manor-garten-in-den-cotswolds\/","og_locale":"en_US","og_type":"article","og_title":"Snowshill Manor & Garten in den Cotswolds - Urlaub &amp; Reisen","og_description":"Snowshill Manor und Garten &#8211; Snowshill Manor ist eine Cotswold Villa aus dem 16. Jahrhundert im Dorf Snowshill, Gloucestershire. Dieses wundersch\u00f6ne Haus war einst das Zuhause von Charles Wade, einem edwardianischen Herrn, der sein Leben damit verbrachte und zu Reichtum kam, wundersch\u00f6ne und interessante Objekte zu sammeln. Das Haus, das sich im Besitz des National [&hellip;]","og_url":"https:\/\/www.urlaubcornwall.de\/blog\/snowshill-manor-garten-in-den-cotswolds\/","og_site_name":"Urlaub &amp; Reisen","article_modified_time":"2024-04-29T16:02:57+00:00","og_image":[{"url":"https:\/\/www.urlaubcornwall.de\/blog\/wp-content\/uploads\/2024\/03\/snowshill-manor.jpg"}],"twitter_card":"summary","twitter_misc":{"Est. reading time":"2 minutes"},"schema":{"@context":"https:\/\/schema.org","@graph":[{"@type":"WebSite","@id":"https:\/\/www.urlaubcornwall.de\/blog\/#website","url":"https:\/\/www.urlaubcornwall.de\/blog\/","name":"Urlaub &amp; Reisen","description":"Urlaub, Reisen, Cornwall und S\u00fcdengland: eine perfekte Kombination","potentialAction":[{"@type":"SearchAction","target":{"@type":"EntryPoint","urlTemplate":"https:\/\/www.urlaubcornwall.de\/blog\/?s={search_term_string}"},"query-input":"required name=search_term_string"}],"inLanguage":"en-US"},{"@type":"WebPage","@id":"https:\/\/www.urlaubcornwall.de\/blog\/snowshill-manor-garten-in-den-cotswolds\/","url":"https:\/\/www.urlaubcornwall.de\/blog\/snowshill-manor-garten-in-den-cotswolds\/","name":"Snowshill Manor & Garten in den Cotswolds - Urlaub &amp; Reisen","isPartOf":{"@id":"https:\/\/www.urlaubcornwall.de\/blog\/#website"},"datePublished":"2020-10-30T09:54:38+00:00","dateModified":"2024-04-29T16:02:57+00:00","breadcrumb":{"@id":"https:\/\/www.urlaubcornwall.de\/blog\/snowshill-manor-garten-in-den-cotswolds\/#breadcrumb"},"inLanguage":"en-US","potentialAction":[{"@type":"ReadAction","target":["https:\/\/www.urlaubcornwall.de\/blog\/snowshill-manor-garten-in-den-cotswolds\/"]}]},{"@type":"BreadcrumbList","@id":"https:\/\/www.urlaubcornwall.de\/blog\/snowshill-manor-garten-in-den-cotswolds\/#breadcrumb","itemListElement":[{"@type":"ListItem","position":1,"name":"Home","item":"https:\/\/www.urlaubcornwall.de\/blog\/"},{"@type":"ListItem","position":2,"name":"Snowshill Manor &#038; Garten in den Cotswolds"}]}]}},"_links":{"self":[{"href":"https:\/\/www.urlaubcornwall.de\/blog\/wp-json\/wp\/v2\/pages\/41025"}],"collection":[{"href":"https:\/\/www.urlaubcornwall.de\/blog\/wp-json\/wp\/v2\/pages"}],"about":[{"href":"https:\/\/www.urlaubcornwall.de\/blog\/wp-json\/wp\/v2\/types\/page"}],"author":[{"embeddable":true,"href":"https:\/\/www.urlaubcornwall.de\/blog\/wp-json\/wp\/v2\/users\/1"}],"replies":[{"embeddable":true,"href":"https:\/\/www.urlaubcornwall.de\/blog\/wp-json\/wp\/v2\/comments?post=41025"}],"version-history":[{"count":3,"href":"https:\/\/www.urlaubcornwall.de\/blog\/wp-json\/wp\/v2\/pages\/41025\/revisions"}],"predecessor-version":[{"id":49941,"href":"https:\/\/www.urlaubcornwall.de\/blog\/wp-json\/wp\/v2\/pages\/41025\/revisions\/49941"}],"wp:attachment":[{"href":"https:\/\/www.urlaubcornwall.de\/blog\/wp-json\/wp\/v2\/media?parent=41025"}],"curies":[{"name":"wp","href":"https:\/\/api.w.org\/{rel}","templated":true}]}}