{"id":41022,"date":"2020-10-29T15:42:40","date_gmt":"2020-10-29T15:42:40","guid":{"rendered":"https:\/\/www.urlaubcornwall.de\/blog\/?page_id=41022"},"modified":"2020-10-29T15:42:40","modified_gmt":"2020-10-29T15:42:40","slug":"lamorran-garten-ein-mediterraner-garten-in-cornwall","status":"publish","type":"page","link":"https:\/\/www.urlaubcornwall.de\/blog\/lamorran-garten-ein-mediterraner-garten-in-cornwall\/","title":{"rendered":"Lamorran Garten &#8211; ein mediterraner Garten in Cornwall"},"content":{"rendered":"<p><img loading=\"lazy\" class=\"aligncenter size-full wp-image-23941\" src=\"https:\/\/www.urlaubcornwall.de\/blog\/wp-content\/uploads\/2016\/05\/lamorran-garten-cornwall.jpg\" alt=\"lamorran-garten-cornwall\" width=\"743\" height=\"493\" srcset=\"https:\/\/www.urlaubcornwall.de\/blog\/wp-content\/uploads\/2016\/05\/lamorran-garten-cornwall.jpg 743w, https:\/\/www.urlaubcornwall.de\/blog\/wp-content\/uploads\/2016\/05\/lamorran-garten-cornwall-300x199.jpg 300w\" sizes=\"(max-width: 743px) 100vw, 743px\" \/><\/p>\n<p>Bei den Lamorran Gardens handelt es sich um eine beschauliche subtropische Gartenanlage in <a href=\"https:\/\/www.urlaubcornwall.de\/ferienhaeuser-fewos\/st-mawes.html\">St Mawes<\/a> auf der Halbinsel Roseland in einer der sch\u00f6nsten Gegenden Cornwalls. Dieser ungew\u00f6hnliche und pers\u00f6nlich gestaltete Garten wurde im Stil der G\u00e4rten aus dem 19. und fr\u00fchen 20.<\/p>\n<p style=\"text-align: center;\"><a class=\"tidycta\" href=\"https:\/\/www.urlaubcornwall.de\/gartenreise.php\">Gartenreisen in Cornwall<\/a><\/p>\n<div class=\"snippet\"> <a class=\"featured-item\" href=\"https:\/\/www.urlaubcornwall.de\/ferienhaeuser\/cornwall.php\"> <span class=\"image-holder\" style=\"background-image: url('https:\/\/www.urlaubcornwall.de\/blog\/wp-content\/uploads\/2018\/12\/familienurlaub-corwnall-snippet.jpg');\"><\/span> <span class=\"featured-content\"> \n<h2 class=\"featured-title\">Ferienh\u00e4user in Cornwall am Meer<\/h2>\n<p class=\"featured-body\">Cornwall besitzt mehr K\u00fcstenlinien als jede andere Grafschaft und bietet einige der besten Str\u00e4nde, K\u00fcstenwanderwege und Klippenlandschaften, die man \u00fcberhaupt finden kann&#8230; <\/p><\/span> <span class=\"featured-link-holder\"> <span class=\"featured-extra-info\"> \n<p>F\u00fcr Paare, Familien &#038; Gruppen<\/p>\n<\/span> \n<p class=\"featured-link\">DETAILS<\/p>\n<\/span> <\/a><\/div>\n","protected":false},"excerpt":{"rendered":"<p>Bei den Lamorran Gardens handelt es sich um eine beschauliche subtropische Gartenanlage in St Mawes auf der Halbinsel Roseland in einer der sch\u00f6nsten Gegenden Cornwalls. Dieser ungew\u00f6hnliche und pers\u00f6nlich gestaltete Garten wurde im Stil der G\u00e4rten aus dem 19. und fr\u00fchen 20. Gartenreisen in Cornwall Ferienh\u00e4user in Cornwall am Meer Cornwall besitzt mehr K\u00fcstenlinien als [&hellip;]<\/p>\n","protected":false},"author":1,"featured_media":0,"parent":0,"menu_order":0,"comment_status":"closed","ping_status":"closed","template":"single-four.php","meta":[],"acf":[],"yoast_head":"<!-- This site is optimized with the Yoast SEO plugin v19.4 - https:\/\/yoast.com\/wordpress\/plugins\/seo\/ -->\n<title>Lamorran Garten - ein mediterraner Garten in Cornwall - Urlaub &amp; Reisen<\/title>\n<meta name=\"robots\" content=\"index, follow, max-snippet:-1, max-image-preview:large, max-video-preview:-1\" \/>\n<link rel=\"canonical\" href=\"https:\/\/www.urlaubcornwall.de\/blog\/lamorran-garten-ein-mediterraner-garten-in-cornwall\/\" \/>\n<meta property=\"og:locale\" content=\"en_US\" \/>\n<meta property=\"og:type\" content=\"article\" \/>\n<meta property=\"og:title\" content=\"Lamorran Garten - ein mediterraner Garten in Cornwall - Urlaub &amp; Reisen\" \/>\n<meta property=\"og:description\" content=\"Bei den Lamorran Gardens handelt es sich um eine beschauliche subtropische Gartenanlage in St Mawes auf der Halbinsel Roseland in einer der sch\u00f6nsten Gegenden Cornwalls. Dieser ungew\u00f6hnliche und pers\u00f6nlich gestaltete Garten wurde im Stil der G\u00e4rten aus dem 19. und fr\u00fchen 20. Gartenreisen in Cornwall Ferienh\u00e4user in Cornwall am Meer Cornwall besitzt mehr K\u00fcstenlinien als [&hellip;]\" \/>\n<meta property=\"og:url\" content=\"https:\/\/www.urlaubcornwall.de\/blog\/lamorran-garten-ein-mediterraner-garten-in-cornwall\/\" \/>\n<meta property=\"og:site_name\" content=\"Urlaub &amp; Reisen\" \/>\n<meta property=\"og:image\" content=\"https:\/\/www.urlaubcornwall.de\/blog\/wp-content\/uploads\/2016\/05\/lamorran-garten-cornwall.jpg\" \/>\n<meta name=\"twitter:card\" content=\"summary\" \/>\n<script type=\"application\/ld+json\" class=\"yoast-schema-graph\">{\"@context\":\"https:\/\/schema.org\",\"@graph\":[{\"@type\":\"WebSite\",\"@id\":\"https:\/\/www.urlaubcornwall.de\/blog\/#website\",\"url\":\"https:\/\/www.urlaubcornwall.de\/blog\/\",\"name\":\"Urlaub &amp; Reisen\",\"description\":\"Urlaub, Reisen, Cornwall und S\u00fcdengland: eine perfekte Kombination\",\"potentialAction\":[{\"@type\":\"SearchAction\",\"target\":{\"@type\":\"EntryPoint\",\"urlTemplate\":\"https:\/\/www.urlaubcornwall.de\/blog\/?s={search_term_string}\"},\"query-input\":\"required name=search_term_string\"}],\"inLanguage\":\"en-US\"},{\"@type\":\"WebPage\",\"@id\":\"https:\/\/www.urlaubcornwall.de\/blog\/lamorran-garten-ein-mediterraner-garten-in-cornwall\/\",\"url\":\"https:\/\/www.urlaubcornwall.de\/blog\/lamorran-garten-ein-mediterraner-garten-in-cornwall\/\",\"name\":\"Lamorran Garten - ein mediterraner Garten in Cornwall - Urlaub &amp; Reisen\",\"isPartOf\":{\"@id\":\"https:\/\/www.urlaubcornwall.de\/blog\/#website\"},\"datePublished\":\"2020-10-29T15:42:40+00:00\",\"dateModified\":\"2020-10-29T15:42:40+00:00\",\"breadcrumb\":{\"@id\":\"https:\/\/www.urlaubcornwall.de\/blog\/lamorran-garten-ein-mediterraner-garten-in-cornwall\/#breadcrumb\"},\"inLanguage\":\"en-US\",\"potentialAction\":[{\"@type\":\"ReadAction\",\"target\":[\"https:\/\/www.urlaubcornwall.de\/blog\/lamorran-garten-ein-mediterraner-garten-in-cornwall\/\"]}]},{\"@type\":\"BreadcrumbList\",\"@id\":\"https:\/\/www.urlaubcornwall.de\/blog\/lamorran-garten-ein-mediterraner-garten-in-cornwall\/#breadcrumb\",\"itemListElement\":[{\"@type\":\"ListItem\",\"position\":1,\"name\":\"Home\",\"item\":\"https:\/\/www.urlaubcornwall.de\/blog\/\"},{\"@type\":\"ListItem\",\"position\":2,\"name\":\"Lamorran Garten &#8211; ein mediterraner Garten in Cornwall\"}]}]}<\/script>\n<!-- \/ Yoast SEO plugin. -->","yoast_head_json":{"title":"Lamorran Garten - ein mediterraner Garten in Cornwall - Urlaub &amp; Reisen","robots":{"index":"index","follow":"follow","max-snippet":"max-snippet:-1","max-image-preview":"max-image-preview:large","max-video-preview":"max-video-preview:-1"},"canonical":"https:\/\/www.urlaubcornwall.de\/blog\/lamorran-garten-ein-mediterraner-garten-in-cornwall\/","og_locale":"en_US","og_type":"article","og_title":"Lamorran Garten - ein mediterraner Garten in Cornwall - Urlaub &amp; Reisen","og_description":"Bei den Lamorran Gardens handelt es sich um eine beschauliche subtropische Gartenanlage in St Mawes auf der Halbinsel Roseland in einer der sch\u00f6nsten Gegenden Cornwalls. Dieser ungew\u00f6hnliche und pers\u00f6nlich gestaltete Garten wurde im Stil der G\u00e4rten aus dem 19. und fr\u00fchen 20. Gartenreisen in Cornwall Ferienh\u00e4user in Cornwall am Meer Cornwall besitzt mehr K\u00fcstenlinien als [&hellip;]","og_url":"https:\/\/www.urlaubcornwall.de\/blog\/lamorran-garten-ein-mediterraner-garten-in-cornwall\/","og_site_name":"Urlaub &amp; Reisen","og_image":[{"url":"https:\/\/www.urlaubcornwall.de\/blog\/wp-content\/uploads\/2016\/05\/lamorran-garten-cornwall.jpg"}],"twitter_card":"summary","schema":{"@context":"https:\/\/schema.org","@graph":[{"@type":"WebSite","@id":"https:\/\/www.urlaubcornwall.de\/blog\/#website","url":"https:\/\/www.urlaubcornwall.de\/blog\/","name":"Urlaub &amp; Reisen","description":"Urlaub, Reisen, Cornwall und S\u00fcdengland: eine perfekte Kombination","potentialAction":[{"@type":"SearchAction","target":{"@type":"EntryPoint","urlTemplate":"https:\/\/www.urlaubcornwall.de\/blog\/?s={search_term_string}"},"query-input":"required name=search_term_string"}],"inLanguage":"en-US"},{"@type":"WebPage","@id":"https:\/\/www.urlaubcornwall.de\/blog\/lamorran-garten-ein-mediterraner-garten-in-cornwall\/","url":"https:\/\/www.urlaubcornwall.de\/blog\/lamorran-garten-ein-mediterraner-garten-in-cornwall\/","name":"Lamorran Garten - ein mediterraner Garten in Cornwall - Urlaub &amp; Reisen","isPartOf":{"@id":"https:\/\/www.urlaubcornwall.de\/blog\/#website"},"datePublished":"2020-10-29T15:42:40+00:00","dateModified":"2020-10-29T15:42:40+00:00","breadcrumb":{"@id":"https:\/\/www.urlaubcornwall.de\/blog\/lamorran-garten-ein-mediterraner-garten-in-cornwall\/#breadcrumb"},"inLanguage":"en-US","potentialAction":[{"@type":"ReadAction","target":["https:\/\/www.urlaubcornwall.de\/blog\/lamorran-garten-ein-mediterraner-garten-in-cornwall\/"]}]},{"@type":"BreadcrumbList","@id":"https:\/\/www.urlaubcornwall.de\/blog\/lamorran-garten-ein-mediterraner-garten-in-cornwall\/#breadcrumb","itemListElement":[{"@type":"ListItem","position":1,"name":"Home","item":"https:\/\/www.urlaubcornwall.de\/blog\/"},{"@type":"ListItem","position":2,"name":"Lamorran Garten &#8211; ein mediterraner Garten in Cornwall"}]}]}},"_links":{"self":[{"href":"https:\/\/www.urlaubcornwall.de\/blog\/wp-json\/wp\/v2\/pages\/41022"}],"collection":[{"href":"https:\/\/www.urlaubcornwall.de\/blog\/wp-json\/wp\/v2\/pages"}],"about":[{"href":"https:\/\/www.urlaubcornwall.de\/blog\/wp-json\/wp\/v2\/types\/page"}],"author":[{"embeddable":true,"href":"https:\/\/www.urlaubcornwall.de\/blog\/wp-json\/wp\/v2\/users\/1"}],"replies":[{"embeddable":true,"href":"https:\/\/www.urlaubcornwall.de\/blog\/wp-json\/wp\/v2\/comments?post=41022"}],"version-history":[{"count":1,"href":"https:\/\/www.urlaubcornwall.de\/blog\/wp-json\/wp\/v2\/pages\/41022\/revisions"}],"predecessor-version":[{"id":41023,"href":"https:\/\/www.urlaubcornwall.de\/blog\/wp-json\/wp\/v2\/pages\/41022\/revisions\/41023"}],"wp:attachment":[{"href":"https:\/\/www.urlaubcornwall.de\/blog\/wp-json\/wp\/v2\/media?parent=41022"}],"curies":[{"name":"wp","href":"https:\/\/api.w.org\/{rel}","templated":true}]}}