{"id":41014,"date":"2020-10-29T15:20:46","date_gmt":"2020-10-29T15:20:46","guid":{"rendered":"https:\/\/www.urlaubcornwall.de\/blog\/?page_id=41014"},"modified":"2024-05-30T10:59:22","modified_gmt":"2024-05-30T10:59:22","slug":"st-michaels-mount-cornwalls-subtropischen-gaerten","status":"publish","type":"page","link":"https:\/\/www.urlaubcornwall.de\/blog\/st-michaels-mount-cornwalls-subtropischen-gaerten\/","title":{"rendered":"St Michael\u2019s Mount &#8211; Cornwalls subtropischen G\u00e4rten"},"content":{"rendered":"<p><img loading=\"lazy\" class=\"aligncenter size-full wp-image-47921\" src=\"hhttps:\/\/www.urlaubcornwall.de\/blog\/wp-content\/uploads\/2024\/03\/marazion_und-st-michaels-mount-1.jpg\" alt=\"marazion_und st michaels mount\" width=\"750\" height=\"500\" srcset=\"https:\/\/www.urlaubcornwall.de\/blog\/wp-content\/uploads\/2024\/03\/marazion_und-st-michaels-mount-1.jpg 750w, https:\/\/www.urlaubcornwall.de\/blog\/wp-content\/uploads\/2024\/03\/marazion_und-st-michaels-mount-1-300x200.jpg 300w\" sizes=\"(max-width: 750px) 100vw, 750px\" \/><\/p>\n<p>St Michael\u2019s Mount, <a href=\"https:\/\/www.urlaubcornwall.de\/blog\/das-st-michaels-mount-die-ikonische-attraktion-in-westcornwall\/\">die ikonische felsige Insel der Mounts Bay vor der K\u00fcste Cornwalls<\/a> hat ein malerisches Schloss, das von subtropischen G\u00e4rten umgeben ist. Die Insel ist das Zuhause der Familie St Aubyn und wird vom National Trust gemanagt. <\/p>\n<p style=\"text-align: center;\"><a class=\"tidycta\" href=\"https:\/\/www.urlaubcornwall.de\/gartenreise.php\">Gartenreisen in Cornwall<\/a><\/p>\n<div class=\"snippet\"> <a class=\"featured-item\" href=\"https:\/\/www.urlaubcornwall.de\/ferienhaeuser\/cornwall.php\"> <span class=\"image-holder\" style=\"background-image: url('https:\/\/www.urlaubcornwall.de\/blog\/wp-content\/uploads\/2018\/12\/familienurlaub-corwnall-snippet.jpg');\"><\/span> <span class=\"featured-content\"> \n<h2 class=\"featured-title\">Ferienh\u00e4user in Cornwall am Meer<\/h2>\n<p class=\"featured-body\">Cornwall besitzt mehr K\u00fcstenlinien als jede andere Grafschaft und bietet einige der besten Str\u00e4nde, K\u00fcstenwanderwege und Klippenlandschaften, die man \u00fcberhaupt finden kann&#8230; <\/p><\/span> <span class=\"featured-link-holder\"> <span class=\"featured-extra-info\"> \n<p>F\u00fcr Paare, Familien &#038; Gruppen<\/p>\n<\/span> \n<p class=\"featured-link\">DETAILS<\/p>\n<\/span> <\/a><\/div>\n","protected":false},"excerpt":{"rendered":"<p>St Michael\u2019s Mount, die ikonische felsige Insel der Mounts Bay vor der K\u00fcste Cornwalls hat ein malerisches Schloss, das von subtropischen G\u00e4rten umgeben ist. Die Insel ist das Zuhause der Familie St Aubyn und wird vom National Trust gemanagt. Gartenreisen in Cornwall Ferienh\u00e4user in Cornwall am Meer Cornwall besitzt mehr K\u00fcstenlinien als jede andere Grafschaft [&hellip;]<\/p>\n","protected":false},"author":1,"featured_media":0,"parent":0,"menu_order":0,"comment_status":"closed","ping_status":"closed","template":"single-four.php","meta":[],"acf":[],"yoast_head":"<!-- This site is optimized with the Yoast SEO plugin v19.4 - https:\/\/yoast.com\/wordpress\/plugins\/seo\/ -->\n<title>St Michael\u2019s Mount - Cornwalls subtropischen G\u00e4rten - Urlaub &amp; Reisen<\/title>\n<meta name=\"robots\" content=\"index, follow, max-snippet:-1, max-image-preview:large, max-video-preview:-1\" \/>\n<link rel=\"canonical\" href=\"https:\/\/www.urlaubcornwall.de\/blog\/st-michaels-mount-cornwalls-subtropischen-gaerten\/\" \/>\n<meta property=\"og:locale\" content=\"en_US\" \/>\n<meta property=\"og:type\" content=\"article\" \/>\n<meta property=\"og:title\" content=\"St Michael\u2019s Mount - Cornwalls subtropischen G\u00e4rten - Urlaub &amp; Reisen\" \/>\n<meta property=\"og:description\" content=\"St Michael\u2019s Mount, die ikonische felsige Insel der Mounts Bay vor der K\u00fcste Cornwalls hat ein malerisches Schloss, das von subtropischen G\u00e4rten umgeben ist. Die Insel ist das Zuhause der Familie St Aubyn und wird vom National Trust gemanagt. Gartenreisen in Cornwall Ferienh\u00e4user in Cornwall am Meer Cornwall besitzt mehr K\u00fcstenlinien als jede andere Grafschaft [&hellip;]\" \/>\n<meta property=\"og:url\" content=\"https:\/\/www.urlaubcornwall.de\/blog\/st-michaels-mount-cornwalls-subtropischen-gaerten\/\" \/>\n<meta property=\"og:site_name\" content=\"Urlaub &amp; Reisen\" \/>\n<meta property=\"article:modified_time\" content=\"2024-05-30T10:59:22+00:00\" \/>\n<meta property=\"og:image\" content=\"\" \/>\n<meta name=\"twitter:card\" content=\"summary\" \/>\n<meta name=\"twitter:label1\" content=\"Est. reading time\" \/>\n\t<meta name=\"twitter:data1\" content=\"1 minute\" \/>\n<script type=\"application\/ld+json\" class=\"yoast-schema-graph\">{\"@context\":\"https:\/\/schema.org\",\"@graph\":[{\"@type\":\"WebSite\",\"@id\":\"https:\/\/www.urlaubcornwall.de\/blog\/#website\",\"url\":\"https:\/\/www.urlaubcornwall.de\/blog\/\",\"name\":\"Urlaub &amp; Reisen\",\"description\":\"Urlaub, Reisen, Cornwall und S\u00fcdengland: eine perfekte Kombination\",\"potentialAction\":[{\"@type\":\"SearchAction\",\"target\":{\"@type\":\"EntryPoint\",\"urlTemplate\":\"https:\/\/www.urlaubcornwall.de\/blog\/?s={search_term_string}\"},\"query-input\":\"required name=search_term_string\"}],\"inLanguage\":\"en-US\"},{\"@type\":\"WebPage\",\"@id\":\"https:\/\/www.urlaubcornwall.de\/blog\/st-michaels-mount-cornwalls-subtropischen-gaerten\/\",\"url\":\"https:\/\/www.urlaubcornwall.de\/blog\/st-michaels-mount-cornwalls-subtropischen-gaerten\/\",\"name\":\"St Michael\u2019s Mount - Cornwalls subtropischen G\u00e4rten - Urlaub &amp; Reisen\",\"isPartOf\":{\"@id\":\"https:\/\/www.urlaubcornwall.de\/blog\/#website\"},\"datePublished\":\"2020-10-29T15:20:46+00:00\",\"dateModified\":\"2024-05-30T10:59:22+00:00\",\"breadcrumb\":{\"@id\":\"https:\/\/www.urlaubcornwall.de\/blog\/st-michaels-mount-cornwalls-subtropischen-gaerten\/#breadcrumb\"},\"inLanguage\":\"en-US\",\"potentialAction\":[{\"@type\":\"ReadAction\",\"target\":[\"https:\/\/www.urlaubcornwall.de\/blog\/st-michaels-mount-cornwalls-subtropischen-gaerten\/\"]}]},{\"@type\":\"BreadcrumbList\",\"@id\":\"https:\/\/www.urlaubcornwall.de\/blog\/st-michaels-mount-cornwalls-subtropischen-gaerten\/#breadcrumb\",\"itemListElement\":[{\"@type\":\"ListItem\",\"position\":1,\"name\":\"Home\",\"item\":\"https:\/\/www.urlaubcornwall.de\/blog\/\"},{\"@type\":\"ListItem\",\"position\":2,\"name\":\"St Michael\u2019s Mount &#8211; Cornwalls subtropischen G\u00e4rten\"}]}]}<\/script>\n<!-- \/ Yoast SEO plugin. -->","yoast_head_json":{"title":"St Michael\u2019s Mount - Cornwalls subtropischen G\u00e4rten - Urlaub &amp; Reisen","robots":{"index":"index","follow":"follow","max-snippet":"max-snippet:-1","max-image-preview":"max-image-preview:large","max-video-preview":"max-video-preview:-1"},"canonical":"https:\/\/www.urlaubcornwall.de\/blog\/st-michaels-mount-cornwalls-subtropischen-gaerten\/","og_locale":"en_US","og_type":"article","og_title":"St Michael\u2019s Mount - Cornwalls subtropischen G\u00e4rten - Urlaub &amp; Reisen","og_description":"St Michael\u2019s Mount, die ikonische felsige Insel der Mounts Bay vor der K\u00fcste Cornwalls hat ein malerisches Schloss, das von subtropischen G\u00e4rten umgeben ist. Die Insel ist das Zuhause der Familie St Aubyn und wird vom National Trust gemanagt. Gartenreisen in Cornwall Ferienh\u00e4user in Cornwall am Meer Cornwall besitzt mehr K\u00fcstenlinien als jede andere Grafschaft [&hellip;]","og_url":"https:\/\/www.urlaubcornwall.de\/blog\/st-michaels-mount-cornwalls-subtropischen-gaerten\/","og_site_name":"Urlaub &amp; Reisen","article_modified_time":"2024-05-30T10:59:22+00:00","og_image":[{"url":"hhttps:\/\/www.urlaubcornwall.de\/blog\/wp-content\/uploads\/2024\/03\/marazion_und-st-michaels-mount-1.jpg"}],"twitter_card":"summary","twitter_misc":{"Est. reading time":"1 minute"},"schema":{"@context":"https:\/\/schema.org","@graph":[{"@type":"WebSite","@id":"https:\/\/www.urlaubcornwall.de\/blog\/#website","url":"https:\/\/www.urlaubcornwall.de\/blog\/","name":"Urlaub &amp; Reisen","description":"Urlaub, Reisen, Cornwall und S\u00fcdengland: eine perfekte Kombination","potentialAction":[{"@type":"SearchAction","target":{"@type":"EntryPoint","urlTemplate":"https:\/\/www.urlaubcornwall.de\/blog\/?s={search_term_string}"},"query-input":"required name=search_term_string"}],"inLanguage":"en-US"},{"@type":"WebPage","@id":"https:\/\/www.urlaubcornwall.de\/blog\/st-michaels-mount-cornwalls-subtropischen-gaerten\/","url":"https:\/\/www.urlaubcornwall.de\/blog\/st-michaels-mount-cornwalls-subtropischen-gaerten\/","name":"St Michael\u2019s Mount - Cornwalls subtropischen G\u00e4rten - Urlaub &amp; Reisen","isPartOf":{"@id":"https:\/\/www.urlaubcornwall.de\/blog\/#website"},"datePublished":"2020-10-29T15:20:46+00:00","dateModified":"2024-05-30T10:59:22+00:00","breadcrumb":{"@id":"https:\/\/www.urlaubcornwall.de\/blog\/st-michaels-mount-cornwalls-subtropischen-gaerten\/#breadcrumb"},"inLanguage":"en-US","potentialAction":[{"@type":"ReadAction","target":["https:\/\/www.urlaubcornwall.de\/blog\/st-michaels-mount-cornwalls-subtropischen-gaerten\/"]}]},{"@type":"BreadcrumbList","@id":"https:\/\/www.urlaubcornwall.de\/blog\/st-michaels-mount-cornwalls-subtropischen-gaerten\/#breadcrumb","itemListElement":[{"@type":"ListItem","position":1,"name":"Home","item":"https:\/\/www.urlaubcornwall.de\/blog\/"},{"@type":"ListItem","position":2,"name":"St Michael\u2019s Mount &#8211; Cornwalls subtropischen G\u00e4rten"}]}]}},"_links":{"self":[{"href":"https:\/\/www.urlaubcornwall.de\/blog\/wp-json\/wp\/v2\/pages\/41014"}],"collection":[{"href":"https:\/\/www.urlaubcornwall.de\/blog\/wp-json\/wp\/v2\/pages"}],"about":[{"href":"https:\/\/www.urlaubcornwall.de\/blog\/wp-json\/wp\/v2\/types\/page"}],"author":[{"embeddable":true,"href":"https:\/\/www.urlaubcornwall.de\/blog\/wp-json\/wp\/v2\/users\/1"}],"replies":[{"embeddable":true,"href":"https:\/\/www.urlaubcornwall.de\/blog\/wp-json\/wp\/v2\/comments?post=41014"}],"version-history":[{"count":3,"href":"https:\/\/www.urlaubcornwall.de\/blog\/wp-json\/wp\/v2\/pages\/41014\/revisions"}],"predecessor-version":[{"id":50938,"href":"https:\/\/www.urlaubcornwall.de\/blog\/wp-json\/wp\/v2\/pages\/41014\/revisions\/50938"}],"wp:attachment":[{"href":"https:\/\/www.urlaubcornwall.de\/blog\/wp-json\/wp\/v2\/media?parent=41014"}],"curies":[{"name":"wp","href":"https:\/\/api.w.org\/{rel}","templated":true}]}}