{"id":41011,"date":"2020-10-29T15:17:02","date_gmt":"2020-10-29T15:17:02","guid":{"rendered":"https:\/\/www.urlaubcornwall.de\/blog\/?page_id=41011"},"modified":"2024-05-28T14:55:12","modified_gmt":"2024-05-28T14:55:12","slug":"glendurgan-garten-cornwalls-subtropischen-gaerten","status":"publish","type":"page","link":"https:\/\/www.urlaubcornwall.de\/blog\/glendurgan-garten-cornwalls-subtropischen-gaerten\/","title":{"rendered":"Glendurgan Garten &#8211; Cornwalls subtropischen G\u00e4rten"},"content":{"rendered":"<p><a href=\"https:\/\/www.urlaubcornwall.de\/blog\/wp-content\/uploads\/2024\/05\/glendurgan_John-Such.jpg\"><img loading=\"lazy\" src=\"https:\/\/www.urlaubcornwall.de\/blog\/wp-content\/uploads\/2024\/05\/glendurgan_John-Such.jpg\" alt=\"glendurgan\" width=\"750\" height=\"529\" class=\"alignnone size-full wp-image-50484\" srcset=\"https:\/\/www.urlaubcornwall.de\/blog\/wp-content\/uploads\/2024\/05\/glendurgan_John-Such.jpg 750w, https:\/\/www.urlaubcornwall.de\/blog\/wp-content\/uploads\/2024\/05\/glendurgan_John-Such-300x212.jpg 300w\" sizes=\"(max-width: 750px) 100vw, 750px\" \/><\/a><\/p>\n<p><a href=\"http:\/\/www.nationaltrust.org\/glendurgan-garden\"rel=\"nofollow\">Glendurgan Garten<\/a> an den Ufern des Flusses Helford ist ein weiterer von Cornwalls subtropischen G\u00e4rten, in einem Tal gelegen, das hinunter verl\u00e4uft zum Strand bei Durgan. Der Garten ist bekannt f\u00fcr sein 180 Jahre altes Lorbeerlabyrinth. Glendurgan befindet sich im Besitz des National Trust und ist von Februar \u2013 Oktober ge\u00f6ffnet.<\/p>\n<p style=\"text-align: center;\"><a class=\"tidycta\" href=\"https:\/\/www.urlaubcornwall.de\/gartenreise.php\">Gartenreisen in England<\/a><\/p>\n<div class=\"snippet\"> <a class=\"featured-item\" href=\"https:\/\/www.urlaubcornwall.de\/ferienhaeuser\/suedengland.php\"> <span class=\"image-holder\" style=\"background-image: url('https:\/\/www.urlaubcornwall.de\/blog\/wp-content\/uploads\/2018\/12\/ferienhaus-cornwall-mit-hund.jpg');\"><\/span> <span class=\"featured-content\"> \n<h2 class=\"featured-title\">Ferienh\u00e4user in S\u00fcdengland<\/h2>\n<p class=\"featured-body\">Bei uns finden Sie Ferienh\u00e4user zum Verlieben &#8211; so einfach ist das! Dank seiner langen Geschichte, der reizvollen Landschaften und seinen vielen Attraktionen ist S\u00fcdengland ein wahres Mekka f\u00fcr Urlauber&#8230;..<\/p><\/span> <span class=\"featured-link-holder\"> <span class=\"featured-extra-info\"> \n<p>Pers\u00f6nlich inspizierter Ferienh\u00e4user<\/p>\n<\/span> \n<p class=\"featured-link\">DETAILS<\/p>\n<\/span> <\/a><\/div>\n","protected":false},"excerpt":{"rendered":"<p>Glendurgan Garten an den Ufern des Flusses Helford ist ein weiterer von Cornwalls subtropischen G\u00e4rten, in einem Tal gelegen, das hinunter verl\u00e4uft zum Strand bei Durgan. Der Garten ist bekannt f\u00fcr sein 180 Jahre altes Lorbeerlabyrinth. Glendurgan befindet sich im Besitz des National Trust und ist von Februar \u2013 Oktober ge\u00f6ffnet. Gartenreisen in England Ferienh\u00e4user [&hellip;]<\/p>\n","protected":false},"author":1,"featured_media":0,"parent":0,"menu_order":0,"comment_status":"closed","ping_status":"closed","template":"single-four.php","meta":[],"acf":[],"yoast_head":"<!-- This site is optimized with the Yoast SEO plugin v19.4 - https:\/\/yoast.com\/wordpress\/plugins\/seo\/ -->\n<title>Glendurgan Garten - Cornwalls subtropischen G\u00e4rten - Urlaub &amp; Reisen<\/title>\n<meta name=\"robots\" content=\"index, follow, max-snippet:-1, max-image-preview:large, max-video-preview:-1\" \/>\n<link rel=\"canonical\" href=\"https:\/\/www.urlaubcornwall.de\/blog\/glendurgan-garten-cornwalls-subtropischen-gaerten\/\" \/>\n<meta property=\"og:locale\" content=\"en_US\" \/>\n<meta property=\"og:type\" content=\"article\" \/>\n<meta property=\"og:title\" content=\"Glendurgan Garten - Cornwalls subtropischen G\u00e4rten - Urlaub &amp; Reisen\" \/>\n<meta property=\"og:description\" content=\"Glendurgan Garten an den Ufern des Flusses Helford ist ein weiterer von Cornwalls subtropischen G\u00e4rten, in einem Tal gelegen, das hinunter verl\u00e4uft zum Strand bei Durgan. Der Garten ist bekannt f\u00fcr sein 180 Jahre altes Lorbeerlabyrinth. Glendurgan befindet sich im Besitz des National Trust und ist von Februar \u2013 Oktober ge\u00f6ffnet. Gartenreisen in England Ferienh\u00e4user [&hellip;]\" \/>\n<meta property=\"og:url\" content=\"https:\/\/www.urlaubcornwall.de\/blog\/glendurgan-garten-cornwalls-subtropischen-gaerten\/\" \/>\n<meta property=\"og:site_name\" content=\"Urlaub &amp; Reisen\" \/>\n<meta property=\"article:modified_time\" content=\"2024-05-28T14:55:12+00:00\" \/>\n<meta property=\"og:image\" content=\"https:\/\/www.urlaubcornwall.de\/blog\/wp-content\/uploads\/2024\/05\/glendurgan_John-Such.jpg\" \/>\n<meta name=\"twitter:card\" content=\"summary\" \/>\n<meta name=\"twitter:label1\" content=\"Est. reading time\" \/>\n\t<meta name=\"twitter:data1\" content=\"1 minute\" \/>\n<script type=\"application\/ld+json\" class=\"yoast-schema-graph\">{\"@context\":\"https:\/\/schema.org\",\"@graph\":[{\"@type\":\"WebSite\",\"@id\":\"https:\/\/www.urlaubcornwall.de\/blog\/#website\",\"url\":\"https:\/\/www.urlaubcornwall.de\/blog\/\",\"name\":\"Urlaub &amp; Reisen\",\"description\":\"Urlaub, Reisen, Cornwall und S\u00fcdengland: eine perfekte Kombination\",\"potentialAction\":[{\"@type\":\"SearchAction\",\"target\":{\"@type\":\"EntryPoint\",\"urlTemplate\":\"https:\/\/www.urlaubcornwall.de\/blog\/?s={search_term_string}\"},\"query-input\":\"required name=search_term_string\"}],\"inLanguage\":\"en-US\"},{\"@type\":\"WebPage\",\"@id\":\"https:\/\/www.urlaubcornwall.de\/blog\/glendurgan-garten-cornwalls-subtropischen-gaerten\/\",\"url\":\"https:\/\/www.urlaubcornwall.de\/blog\/glendurgan-garten-cornwalls-subtropischen-gaerten\/\",\"name\":\"Glendurgan Garten - Cornwalls subtropischen G\u00e4rten - Urlaub &amp; Reisen\",\"isPartOf\":{\"@id\":\"https:\/\/www.urlaubcornwall.de\/blog\/#website\"},\"datePublished\":\"2020-10-29T15:17:02+00:00\",\"dateModified\":\"2024-05-28T14:55:12+00:00\",\"breadcrumb\":{\"@id\":\"https:\/\/www.urlaubcornwall.de\/blog\/glendurgan-garten-cornwalls-subtropischen-gaerten\/#breadcrumb\"},\"inLanguage\":\"en-US\",\"potentialAction\":[{\"@type\":\"ReadAction\",\"target\":[\"https:\/\/www.urlaubcornwall.de\/blog\/glendurgan-garten-cornwalls-subtropischen-gaerten\/\"]}]},{\"@type\":\"BreadcrumbList\",\"@id\":\"https:\/\/www.urlaubcornwall.de\/blog\/glendurgan-garten-cornwalls-subtropischen-gaerten\/#breadcrumb\",\"itemListElement\":[{\"@type\":\"ListItem\",\"position\":1,\"name\":\"Home\",\"item\":\"https:\/\/www.urlaubcornwall.de\/blog\/\"},{\"@type\":\"ListItem\",\"position\":2,\"name\":\"Glendurgan Garten &#8211; Cornwalls subtropischen G\u00e4rten\"}]}]}<\/script>\n<!-- \/ Yoast SEO plugin. -->","yoast_head_json":{"title":"Glendurgan Garten - Cornwalls subtropischen G\u00e4rten - Urlaub &amp; Reisen","robots":{"index":"index","follow":"follow","max-snippet":"max-snippet:-1","max-image-preview":"max-image-preview:large","max-video-preview":"max-video-preview:-1"},"canonical":"https:\/\/www.urlaubcornwall.de\/blog\/glendurgan-garten-cornwalls-subtropischen-gaerten\/","og_locale":"en_US","og_type":"article","og_title":"Glendurgan Garten - Cornwalls subtropischen G\u00e4rten - Urlaub &amp; Reisen","og_description":"Glendurgan Garten an den Ufern des Flusses Helford ist ein weiterer von Cornwalls subtropischen G\u00e4rten, in einem Tal gelegen, das hinunter verl\u00e4uft zum Strand bei Durgan. Der Garten ist bekannt f\u00fcr sein 180 Jahre altes Lorbeerlabyrinth. Glendurgan befindet sich im Besitz des National Trust und ist von Februar \u2013 Oktober ge\u00f6ffnet. Gartenreisen in England Ferienh\u00e4user [&hellip;]","og_url":"https:\/\/www.urlaubcornwall.de\/blog\/glendurgan-garten-cornwalls-subtropischen-gaerten\/","og_site_name":"Urlaub &amp; Reisen","article_modified_time":"2024-05-28T14:55:12+00:00","og_image":[{"url":"https:\/\/www.urlaubcornwall.de\/blog\/wp-content\/uploads\/2024\/05\/glendurgan_John-Such.jpg"}],"twitter_card":"summary","twitter_misc":{"Est. reading time":"1 minute"},"schema":{"@context":"https:\/\/schema.org","@graph":[{"@type":"WebSite","@id":"https:\/\/www.urlaubcornwall.de\/blog\/#website","url":"https:\/\/www.urlaubcornwall.de\/blog\/","name":"Urlaub &amp; Reisen","description":"Urlaub, Reisen, Cornwall und S\u00fcdengland: eine perfekte Kombination","potentialAction":[{"@type":"SearchAction","target":{"@type":"EntryPoint","urlTemplate":"https:\/\/www.urlaubcornwall.de\/blog\/?s={search_term_string}"},"query-input":"required name=search_term_string"}],"inLanguage":"en-US"},{"@type":"WebPage","@id":"https:\/\/www.urlaubcornwall.de\/blog\/glendurgan-garten-cornwalls-subtropischen-gaerten\/","url":"https:\/\/www.urlaubcornwall.de\/blog\/glendurgan-garten-cornwalls-subtropischen-gaerten\/","name":"Glendurgan Garten - Cornwalls subtropischen G\u00e4rten - Urlaub &amp; Reisen","isPartOf":{"@id":"https:\/\/www.urlaubcornwall.de\/blog\/#website"},"datePublished":"2020-10-29T15:17:02+00:00","dateModified":"2024-05-28T14:55:12+00:00","breadcrumb":{"@id":"https:\/\/www.urlaubcornwall.de\/blog\/glendurgan-garten-cornwalls-subtropischen-gaerten\/#breadcrumb"},"inLanguage":"en-US","potentialAction":[{"@type":"ReadAction","target":["https:\/\/www.urlaubcornwall.de\/blog\/glendurgan-garten-cornwalls-subtropischen-gaerten\/"]}]},{"@type":"BreadcrumbList","@id":"https:\/\/www.urlaubcornwall.de\/blog\/glendurgan-garten-cornwalls-subtropischen-gaerten\/#breadcrumb","itemListElement":[{"@type":"ListItem","position":1,"name":"Home","item":"https:\/\/www.urlaubcornwall.de\/blog\/"},{"@type":"ListItem","position":2,"name":"Glendurgan Garten &#8211; Cornwalls subtropischen G\u00e4rten"}]}]}},"_links":{"self":[{"href":"https:\/\/www.urlaubcornwall.de\/blog\/wp-json\/wp\/v2\/pages\/41011"}],"collection":[{"href":"https:\/\/www.urlaubcornwall.de\/blog\/wp-json\/wp\/v2\/pages"}],"about":[{"href":"https:\/\/www.urlaubcornwall.de\/blog\/wp-json\/wp\/v2\/types\/page"}],"author":[{"embeddable":true,"href":"https:\/\/www.urlaubcornwall.de\/blog\/wp-json\/wp\/v2\/users\/1"}],"replies":[{"embeddable":true,"href":"https:\/\/www.urlaubcornwall.de\/blog\/wp-json\/wp\/v2\/comments?post=41011"}],"version-history":[{"count":4,"href":"https:\/\/www.urlaubcornwall.de\/blog\/wp-json\/wp\/v2\/pages\/41011\/revisions"}],"predecessor-version":[{"id":50489,"href":"https:\/\/www.urlaubcornwall.de\/blog\/wp-json\/wp\/v2\/pages\/41011\/revisions\/50489"}],"wp:attachment":[{"href":"https:\/\/www.urlaubcornwall.de\/blog\/wp-json\/wp\/v2\/media?parent=41011"}],"curies":[{"name":"wp","href":"https:\/\/api.w.org\/{rel}","templated":true}]}}