{"id":41009,"date":"2020-10-29T15:13:18","date_gmt":"2020-10-29T15:13:18","guid":{"rendered":"https:\/\/www.urlaubcornwall.de\/blog\/?page_id=41009"},"modified":"2024-05-28T14:59:04","modified_gmt":"2024-05-28T14:59:04","slug":"trebah-garten-subtropischer-garten-mit-eigenem-strand","status":"publish","type":"page","link":"https:\/\/www.urlaubcornwall.de\/blog\/trebah-garten-subtropischer-garten-mit-eigenem-strand\/","title":{"rendered":"Trebah Garten &#8211; subtropischer Garten mit eigenem Strand"},"content":{"rendered":"<p><img loading=\"lazy\" class=\"aligncenter size-full wp-image-50491\" src=\"https:\/\/www.urlaubcornwall.de\/blog\/wp-content\/uploads\/2024\/05\/sommer-trebah.jpg\" alt=\"sommer trebah\" width=\"750\" height=\"659\" srcset=\"https:\/\/www.urlaubcornwall.de\/blog\/wp-content\/uploads\/2024\/05\/sommer-trebah.jpg 750w, https:\/\/www.urlaubcornwall.de\/blog\/wp-content\/uploads\/2024\/05\/sommer-trebah-300x264.jpg 300w\" sizes=\"(max-width: 750px) 100vw, 750px\" \/><\/p>\n<p><a href=\"http:\/\/www.trebahgarden.co.uk\"rel=\"nofollow\">Trebah Garten bei Falmouth<\/a> ist ein subtropischer Garten mit eigenem Strand. Dieser wundersch\u00f6ne Garten befindet sich in einem Tal und ist voller exotischer Pflanzen mit mehr als 6km langen Spazierwegen, einschlie\u00dflich eines wundervollen Weges durch die riesigen \u2018Mammutblattgew\u00e4chse\u2019. Trebah ist das ganze Jahr \u00fcber ge\u00f6ffnet, und angeleinte Hunde sind erlaubt.<\/p>\n<p style=\"text-align: center;\"><a class=\"tidycta\" href=\"https:\/\/www.urlaubcornwall.de\/gartenreise.php\">Gartenreisen in England<\/a><\/p>\n<div class=\"snippet\"> <a class=\"featured-item\" href=\"https:\/\/www.urlaubcornwall.de\/ferienhaeuser\/suedengland.php\"> <span class=\"image-holder\" style=\"background-image: url('https:\/\/www.urlaubcornwall.de\/blog\/wp-content\/uploads\/2024\/03\/ferienhaus-england-cornwall.jpg');\"><\/span> <span class=\"featured-content\"> \n<h2 class=\"featured-title\">Ferienh\u00e4user in S\u00fcdengland<\/h2>\n<p class=\"featured-body\">Bei uns finden Sie Ferienh\u00e4user zum Verlieben &#8211; so einfach ist das! Dank seiner langen Geschichte, der reizvollen Landschaften und seinen vielen Attraktionen ist S\u00fcdengland ein wahres Mekka f\u00fcr Urlauber&#8230;..<\/p><\/span> <span class=\"featured-link-holder\"> <span class=\"featured-extra-info\"> \n<p>Pers\u00f6nlich inspizierter Ferienh\u00e4user<\/p>\n<\/span> \n<p class=\"featured-link\">DETAILS<\/p>\n<\/span> <\/a><\/div>\n","protected":false},"excerpt":{"rendered":"<p>Trebah Garten bei Falmouth ist ein subtropischer Garten mit eigenem Strand. Dieser wundersch\u00f6ne Garten befindet sich in einem Tal und ist voller exotischer Pflanzen mit mehr als 6km langen Spazierwegen, einschlie\u00dflich eines wundervollen Weges durch die riesigen \u2018Mammutblattgew\u00e4chse\u2019. Trebah ist das ganze Jahr \u00fcber ge\u00f6ffnet, und angeleinte Hunde sind erlaubt. Gartenreisen in England Ferienh\u00e4user in [&hellip;]<\/p>\n","protected":false},"author":1,"featured_media":0,"parent":0,"menu_order":0,"comment_status":"closed","ping_status":"closed","template":"single-four.php","meta":[],"acf":[],"yoast_head":"<!-- This site is optimized with the Yoast SEO plugin v19.4 - https:\/\/yoast.com\/wordpress\/plugins\/seo\/ -->\n<title>Trebah Garten - subtropischer Garten mit eigenem Strand - Urlaub &amp; Reisen<\/title>\n<meta name=\"robots\" content=\"index, follow, max-snippet:-1, max-image-preview:large, max-video-preview:-1\" \/>\n<link rel=\"canonical\" href=\"https:\/\/www.urlaubcornwall.de\/blog\/trebah-garten-subtropischer-garten-mit-eigenem-strand\/\" \/>\n<meta property=\"og:locale\" content=\"en_US\" \/>\n<meta property=\"og:type\" content=\"article\" \/>\n<meta property=\"og:title\" content=\"Trebah Garten - subtropischer Garten mit eigenem Strand - Urlaub &amp; Reisen\" \/>\n<meta property=\"og:description\" content=\"Trebah Garten bei Falmouth ist ein subtropischer Garten mit eigenem Strand. Dieser wundersch\u00f6ne Garten befindet sich in einem Tal und ist voller exotischer Pflanzen mit mehr als 6km langen Spazierwegen, einschlie\u00dflich eines wundervollen Weges durch die riesigen \u2018Mammutblattgew\u00e4chse\u2019. Trebah ist das ganze Jahr \u00fcber ge\u00f6ffnet, und angeleinte Hunde sind erlaubt. Gartenreisen in England Ferienh\u00e4user in [&hellip;]\" \/>\n<meta property=\"og:url\" content=\"https:\/\/www.urlaubcornwall.de\/blog\/trebah-garten-subtropischer-garten-mit-eigenem-strand\/\" \/>\n<meta property=\"og:site_name\" content=\"Urlaub &amp; Reisen\" \/>\n<meta property=\"article:modified_time\" content=\"2024-05-28T14:59:04+00:00\" \/>\n<meta property=\"og:image\" content=\"https:\/\/www.urlaubcornwall.de\/blog\/wp-content\/uploads\/2024\/05\/sommer-trebah.jpg\" \/>\n<meta name=\"twitter:card\" content=\"summary\" \/>\n<meta name=\"twitter:label1\" content=\"Est. reading time\" \/>\n\t<meta name=\"twitter:data1\" content=\"1 minute\" \/>\n<script type=\"application\/ld+json\" class=\"yoast-schema-graph\">{\"@context\":\"https:\/\/schema.org\",\"@graph\":[{\"@type\":\"WebSite\",\"@id\":\"https:\/\/www.urlaubcornwall.de\/blog\/#website\",\"url\":\"https:\/\/www.urlaubcornwall.de\/blog\/\",\"name\":\"Urlaub &amp; Reisen\",\"description\":\"Urlaub, Reisen, Cornwall und S\u00fcdengland: eine perfekte Kombination\",\"potentialAction\":[{\"@type\":\"SearchAction\",\"target\":{\"@type\":\"EntryPoint\",\"urlTemplate\":\"https:\/\/www.urlaubcornwall.de\/blog\/?s={search_term_string}\"},\"query-input\":\"required name=search_term_string\"}],\"inLanguage\":\"en-US\"},{\"@type\":\"WebPage\",\"@id\":\"https:\/\/www.urlaubcornwall.de\/blog\/trebah-garten-subtropischer-garten-mit-eigenem-strand\/\",\"url\":\"https:\/\/www.urlaubcornwall.de\/blog\/trebah-garten-subtropischer-garten-mit-eigenem-strand\/\",\"name\":\"Trebah Garten - subtropischer Garten mit eigenem Strand - Urlaub &amp; Reisen\",\"isPartOf\":{\"@id\":\"https:\/\/www.urlaubcornwall.de\/blog\/#website\"},\"datePublished\":\"2020-10-29T15:13:18+00:00\",\"dateModified\":\"2024-05-28T14:59:04+00:00\",\"breadcrumb\":{\"@id\":\"https:\/\/www.urlaubcornwall.de\/blog\/trebah-garten-subtropischer-garten-mit-eigenem-strand\/#breadcrumb\"},\"inLanguage\":\"en-US\",\"potentialAction\":[{\"@type\":\"ReadAction\",\"target\":[\"https:\/\/www.urlaubcornwall.de\/blog\/trebah-garten-subtropischer-garten-mit-eigenem-strand\/\"]}]},{\"@type\":\"BreadcrumbList\",\"@id\":\"https:\/\/www.urlaubcornwall.de\/blog\/trebah-garten-subtropischer-garten-mit-eigenem-strand\/#breadcrumb\",\"itemListElement\":[{\"@type\":\"ListItem\",\"position\":1,\"name\":\"Home\",\"item\":\"https:\/\/www.urlaubcornwall.de\/blog\/\"},{\"@type\":\"ListItem\",\"position\":2,\"name\":\"Trebah Garten &#8211; subtropischer Garten mit eigenem Strand\"}]}]}<\/script>\n<!-- \/ Yoast SEO plugin. -->","yoast_head_json":{"title":"Trebah Garten - subtropischer Garten mit eigenem Strand - Urlaub &amp; Reisen","robots":{"index":"index","follow":"follow","max-snippet":"max-snippet:-1","max-image-preview":"max-image-preview:large","max-video-preview":"max-video-preview:-1"},"canonical":"https:\/\/www.urlaubcornwall.de\/blog\/trebah-garten-subtropischer-garten-mit-eigenem-strand\/","og_locale":"en_US","og_type":"article","og_title":"Trebah Garten - subtropischer Garten mit eigenem Strand - Urlaub &amp; Reisen","og_description":"Trebah Garten bei Falmouth ist ein subtropischer Garten mit eigenem Strand. Dieser wundersch\u00f6ne Garten befindet sich in einem Tal und ist voller exotischer Pflanzen mit mehr als 6km langen Spazierwegen, einschlie\u00dflich eines wundervollen Weges durch die riesigen \u2018Mammutblattgew\u00e4chse\u2019. Trebah ist das ganze Jahr \u00fcber ge\u00f6ffnet, und angeleinte Hunde sind erlaubt. Gartenreisen in England Ferienh\u00e4user in [&hellip;]","og_url":"https:\/\/www.urlaubcornwall.de\/blog\/trebah-garten-subtropischer-garten-mit-eigenem-strand\/","og_site_name":"Urlaub &amp; Reisen","article_modified_time":"2024-05-28T14:59:04+00:00","og_image":[{"url":"https:\/\/www.urlaubcornwall.de\/blog\/wp-content\/uploads\/2024\/05\/sommer-trebah.jpg"}],"twitter_card":"summary","twitter_misc":{"Est. reading time":"1 minute"},"schema":{"@context":"https:\/\/schema.org","@graph":[{"@type":"WebSite","@id":"https:\/\/www.urlaubcornwall.de\/blog\/#website","url":"https:\/\/www.urlaubcornwall.de\/blog\/","name":"Urlaub &amp; Reisen","description":"Urlaub, Reisen, Cornwall und S\u00fcdengland: eine perfekte Kombination","potentialAction":[{"@type":"SearchAction","target":{"@type":"EntryPoint","urlTemplate":"https:\/\/www.urlaubcornwall.de\/blog\/?s={search_term_string}"},"query-input":"required name=search_term_string"}],"inLanguage":"en-US"},{"@type":"WebPage","@id":"https:\/\/www.urlaubcornwall.de\/blog\/trebah-garten-subtropischer-garten-mit-eigenem-strand\/","url":"https:\/\/www.urlaubcornwall.de\/blog\/trebah-garten-subtropischer-garten-mit-eigenem-strand\/","name":"Trebah Garten - subtropischer Garten mit eigenem Strand - Urlaub &amp; Reisen","isPartOf":{"@id":"https:\/\/www.urlaubcornwall.de\/blog\/#website"},"datePublished":"2020-10-29T15:13:18+00:00","dateModified":"2024-05-28T14:59:04+00:00","breadcrumb":{"@id":"https:\/\/www.urlaubcornwall.de\/blog\/trebah-garten-subtropischer-garten-mit-eigenem-strand\/#breadcrumb"},"inLanguage":"en-US","potentialAction":[{"@type":"ReadAction","target":["https:\/\/www.urlaubcornwall.de\/blog\/trebah-garten-subtropischer-garten-mit-eigenem-strand\/"]}]},{"@type":"BreadcrumbList","@id":"https:\/\/www.urlaubcornwall.de\/blog\/trebah-garten-subtropischer-garten-mit-eigenem-strand\/#breadcrumb","itemListElement":[{"@type":"ListItem","position":1,"name":"Home","item":"https:\/\/www.urlaubcornwall.de\/blog\/"},{"@type":"ListItem","position":2,"name":"Trebah Garten &#8211; subtropischer Garten mit eigenem Strand"}]}]}},"_links":{"self":[{"href":"https:\/\/www.urlaubcornwall.de\/blog\/wp-json\/wp\/v2\/pages\/41009"}],"collection":[{"href":"https:\/\/www.urlaubcornwall.de\/blog\/wp-json\/wp\/v2\/pages"}],"about":[{"href":"https:\/\/www.urlaubcornwall.de\/blog\/wp-json\/wp\/v2\/types\/page"}],"author":[{"embeddable":true,"href":"https:\/\/www.urlaubcornwall.de\/blog\/wp-json\/wp\/v2\/users\/1"}],"replies":[{"embeddable":true,"href":"https:\/\/www.urlaubcornwall.de\/blog\/wp-json\/wp\/v2\/comments?post=41009"}],"version-history":[{"count":5,"href":"https:\/\/www.urlaubcornwall.de\/blog\/wp-json\/wp\/v2\/pages\/41009\/revisions"}],"predecessor-version":[{"id":50492,"href":"https:\/\/www.urlaubcornwall.de\/blog\/wp-json\/wp\/v2\/pages\/41009\/revisions\/50492"}],"wp:attachment":[{"href":"https:\/\/www.urlaubcornwall.de\/blog\/wp-json\/wp\/v2\/media?parent=41009"}],"curies":[{"name":"wp","href":"https:\/\/api.w.org\/{rel}","templated":true}]}}