{"id":40992,"date":"2020-10-29T11:22:46","date_gmt":"2020-10-29T11:22:46","guid":{"rendered":"https:\/\/www.urlaubcornwall.de\/blog\/?page_id=40992"},"modified":"2024-05-30T09:23:47","modified_gmt":"2024-05-30T09:23:47","slug":"beaulieu-palast-hampshire","status":"publish","type":"page","link":"https:\/\/www.urlaubcornwall.de\/blog\/beaulieu-palast-hampshire\/","title":{"rendered":"Beaulieu Palast \u2013 Hampshire"},"content":{"rendered":"<p><a href=\"https:\/\/www.urlaubcornwall.de\/blog\/wp-content\/uploads\/2024\/03\/Beaulieu_Palace_House_Beaulieu.jpg\"><img loading=\"lazy\" src=\"https:\/\/www.urlaubcornwall.de\/blog\/wp-content\/uploads\/2024\/03\/Beaulieu_Palace_House_Beaulieu.jpg\" alt=\"Beaulieu_Palace_House,_Beaulieu\" width=\"750\" height=\"486\" class=\"alignnone size-full wp-image-47974\" srcset=\"https:\/\/www.urlaubcornwall.de\/blog\/wp-content\/uploads\/2024\/03\/Beaulieu_Palace_House_Beaulieu.jpg 750w, https:\/\/www.urlaubcornwall.de\/blog\/wp-content\/uploads\/2024\/03\/Beaulieu_Palace_House_Beaulieu-300x194.jpg 300w\" sizes=\"(max-width: 750px) 100vw, 750px\" \/><\/a><br \/>\n<a href=\"https:\/\/www.beaulieu.co.uk\/\"rel=\"nofollow\">Beaulieu Palace<\/a> House liegt im New Forest, <a href=\"https:\/\/www.urlaubcornwall.de\/ferienhaeuser-fewos\/eng\/hampshire\/hampshire.html\">Hampshire<\/a>. Das Haus geh\u00f6rt seit 1538 der Familie von Lord Montagu. Das Palasthaus befindet sich in herrlicher Lage, mit Blick \u00fcber den M\u00fchlteich des Flusses Beaulieu. Um 1800 wurde angebaut und umgebaut, so dass das Haus heute ein feines Beispiel eines viktorianischen Landhauses ist. Beaulieu beheimatet auch das \u201eNational Motor Museum\u201c, in dem mehr als 250 Fahrzeuge die Geschichte des Motorenfahrzeugs zeigen; das fr\u00fcheste stammt aus dem Jahre 1875. <a href=\"https:\/\/www.urlaubcornwall.de\/ferienhaeuser-fewos\/eng\/hampshire\/beaulieu.html\">Beaulieu<\/a> hat auch wundersch\u00f6ne G\u00e4rten und einen Park, die Sie erkunden k\u00f6nnen und wo es sich picknicken l\u00e4sst.<\/p>\n<p><a href=\"https:\/\/www.urlaubcornwall.de\/blog\/die-besten-herrenhaeuser-in-suedengland\/\">Top 10 besten Herrenh\u00e4user <\/a>, die es im S\u00fcden Englands zu besuchen gibt.<\/p>\n<div class=\"snippet\"> <a class=\"featured-item\" href=\"https:\/\/www.urlaubcornwall.de\/ferienhaeuser\/suedengland.php\"> <span class=\"image-holder\" style=\"background-image: url('https:\/\/www.urlaubcornwall.de\/blog\/wp-content\/uploads\/2018\/12\/ferienhaus-cornwall-mit-hund.jpg');\"><\/span> <span class=\"featured-content\"> \n<h2 class=\"featured-title\">Ferienh\u00e4user in S\u00fcdengland<\/h2>\n<p class=\"featured-body\">Bei uns finden Sie Ferienh\u00e4user zum Verlieben &#8211; so einfach ist das! Dank seiner langen Geschichte, der reizvollen Landschaften und seinen vielen Attraktionen ist S\u00fcdengland ein wahres Mekka f\u00fcr Urlauber&#8230;..<\/p><\/span> <span class=\"featured-link-holder\"> <span class=\"featured-extra-info\"> \n<p>Pers\u00f6nlich inspizierter Ferienh\u00e4user<\/p>\n<\/span> \n<p class=\"featured-link\">DETAILS<\/p>\n<\/span> <\/a><\/div>\n","protected":false},"excerpt":{"rendered":"<p>Beaulieu Palace House liegt im New Forest, Hampshire. Das Haus geh\u00f6rt seit 1538 der Familie von Lord Montagu. Das Palasthaus befindet sich in herrlicher Lage, mit Blick \u00fcber den M\u00fchlteich des Flusses Beaulieu. Um 1800 wurde angebaut und umgebaut, so dass das Haus heute ein feines Beispiel eines viktorianischen Landhauses ist. Beaulieu beheimatet auch das [&hellip;]<\/p>\n","protected":false},"author":1,"featured_media":0,"parent":0,"menu_order":0,"comment_status":"closed","ping_status":"closed","template":"single-four.php","meta":[],"acf":[],"yoast_head":"<!-- This site is optimized with the Yoast SEO plugin v19.4 - https:\/\/yoast.com\/wordpress\/plugins\/seo\/ -->\n<title>Beaulieu Palast \u2013 Hampshire - Urlaub &amp; Reisen<\/title>\n<meta name=\"robots\" content=\"index, follow, max-snippet:-1, max-image-preview:large, max-video-preview:-1\" \/>\n<link rel=\"canonical\" href=\"https:\/\/www.urlaubcornwall.de\/blog\/beaulieu-palast-hampshire\/\" \/>\n<meta property=\"og:locale\" content=\"en_US\" \/>\n<meta property=\"og:type\" content=\"article\" \/>\n<meta property=\"og:title\" content=\"Beaulieu Palast \u2013 Hampshire - Urlaub &amp; Reisen\" \/>\n<meta property=\"og:description\" content=\"Beaulieu Palace House liegt im New Forest, Hampshire. Das Haus geh\u00f6rt seit 1538 der Familie von Lord Montagu. Das Palasthaus befindet sich in herrlicher Lage, mit Blick \u00fcber den M\u00fchlteich des Flusses Beaulieu. Um 1800 wurde angebaut und umgebaut, so dass das Haus heute ein feines Beispiel eines viktorianischen Landhauses ist. Beaulieu beheimatet auch das [&hellip;]\" \/>\n<meta property=\"og:url\" content=\"https:\/\/www.urlaubcornwall.de\/blog\/beaulieu-palast-hampshire\/\" \/>\n<meta property=\"og:site_name\" content=\"Urlaub &amp; Reisen\" \/>\n<meta property=\"article:modified_time\" content=\"2024-05-30T09:23:47+00:00\" \/>\n<meta property=\"og:image\" content=\"https:\/\/www.urlaubcornwall.de\/blog\/wp-content\/uploads\/2024\/03\/Beaulieu_Palace_House_Beaulieu.jpg\" \/>\n<meta name=\"twitter:card\" content=\"summary\" \/>\n<meta name=\"twitter:label1\" content=\"Est. reading time\" \/>\n\t<meta name=\"twitter:data1\" content=\"1 minute\" \/>\n<script type=\"application\/ld+json\" class=\"yoast-schema-graph\">{\"@context\":\"https:\/\/schema.org\",\"@graph\":[{\"@type\":\"WebSite\",\"@id\":\"https:\/\/www.urlaubcornwall.de\/blog\/#website\",\"url\":\"https:\/\/www.urlaubcornwall.de\/blog\/\",\"name\":\"Urlaub &amp; Reisen\",\"description\":\"Urlaub, Reisen, Cornwall und S\u00fcdengland: eine perfekte Kombination\",\"potentialAction\":[{\"@type\":\"SearchAction\",\"target\":{\"@type\":\"EntryPoint\",\"urlTemplate\":\"https:\/\/www.urlaubcornwall.de\/blog\/?s={search_term_string}\"},\"query-input\":\"required name=search_term_string\"}],\"inLanguage\":\"en-US\"},{\"@type\":\"WebPage\",\"@id\":\"https:\/\/www.urlaubcornwall.de\/blog\/beaulieu-palast-hampshire\/\",\"url\":\"https:\/\/www.urlaubcornwall.de\/blog\/beaulieu-palast-hampshire\/\",\"name\":\"Beaulieu Palast \u2013 Hampshire - Urlaub &amp; Reisen\",\"isPartOf\":{\"@id\":\"https:\/\/www.urlaubcornwall.de\/blog\/#website\"},\"datePublished\":\"2020-10-29T11:22:46+00:00\",\"dateModified\":\"2024-05-30T09:23:47+00:00\",\"breadcrumb\":{\"@id\":\"https:\/\/www.urlaubcornwall.de\/blog\/beaulieu-palast-hampshire\/#breadcrumb\"},\"inLanguage\":\"en-US\",\"potentialAction\":[{\"@type\":\"ReadAction\",\"target\":[\"https:\/\/www.urlaubcornwall.de\/blog\/beaulieu-palast-hampshire\/\"]}]},{\"@type\":\"BreadcrumbList\",\"@id\":\"https:\/\/www.urlaubcornwall.de\/blog\/beaulieu-palast-hampshire\/#breadcrumb\",\"itemListElement\":[{\"@type\":\"ListItem\",\"position\":1,\"name\":\"Home\",\"item\":\"https:\/\/www.urlaubcornwall.de\/blog\/\"},{\"@type\":\"ListItem\",\"position\":2,\"name\":\"Beaulieu Palast \u2013 Hampshire\"}]}]}<\/script>\n<!-- \/ Yoast SEO plugin. -->","yoast_head_json":{"title":"Beaulieu Palast \u2013 Hampshire - Urlaub &amp; Reisen","robots":{"index":"index","follow":"follow","max-snippet":"max-snippet:-1","max-image-preview":"max-image-preview:large","max-video-preview":"max-video-preview:-1"},"canonical":"https:\/\/www.urlaubcornwall.de\/blog\/beaulieu-palast-hampshire\/","og_locale":"en_US","og_type":"article","og_title":"Beaulieu Palast \u2013 Hampshire - Urlaub &amp; Reisen","og_description":"Beaulieu Palace House liegt im New Forest, Hampshire. Das Haus geh\u00f6rt seit 1538 der Familie von Lord Montagu. Das Palasthaus befindet sich in herrlicher Lage, mit Blick \u00fcber den M\u00fchlteich des Flusses Beaulieu. Um 1800 wurde angebaut und umgebaut, so dass das Haus heute ein feines Beispiel eines viktorianischen Landhauses ist. Beaulieu beheimatet auch das [&hellip;]","og_url":"https:\/\/www.urlaubcornwall.de\/blog\/beaulieu-palast-hampshire\/","og_site_name":"Urlaub &amp; Reisen","article_modified_time":"2024-05-30T09:23:47+00:00","og_image":[{"url":"https:\/\/www.urlaubcornwall.de\/blog\/wp-content\/uploads\/2024\/03\/Beaulieu_Palace_House_Beaulieu.jpg"}],"twitter_card":"summary","twitter_misc":{"Est. reading time":"1 minute"},"schema":{"@context":"https:\/\/schema.org","@graph":[{"@type":"WebSite","@id":"https:\/\/www.urlaubcornwall.de\/blog\/#website","url":"https:\/\/www.urlaubcornwall.de\/blog\/","name":"Urlaub &amp; Reisen","description":"Urlaub, Reisen, Cornwall und S\u00fcdengland: eine perfekte Kombination","potentialAction":[{"@type":"SearchAction","target":{"@type":"EntryPoint","urlTemplate":"https:\/\/www.urlaubcornwall.de\/blog\/?s={search_term_string}"},"query-input":"required name=search_term_string"}],"inLanguage":"en-US"},{"@type":"WebPage","@id":"https:\/\/www.urlaubcornwall.de\/blog\/beaulieu-palast-hampshire\/","url":"https:\/\/www.urlaubcornwall.de\/blog\/beaulieu-palast-hampshire\/","name":"Beaulieu Palast \u2013 Hampshire - Urlaub &amp; Reisen","isPartOf":{"@id":"https:\/\/www.urlaubcornwall.de\/blog\/#website"},"datePublished":"2020-10-29T11:22:46+00:00","dateModified":"2024-05-30T09:23:47+00:00","breadcrumb":{"@id":"https:\/\/www.urlaubcornwall.de\/blog\/beaulieu-palast-hampshire\/#breadcrumb"},"inLanguage":"en-US","potentialAction":[{"@type":"ReadAction","target":["https:\/\/www.urlaubcornwall.de\/blog\/beaulieu-palast-hampshire\/"]}]},{"@type":"BreadcrumbList","@id":"https:\/\/www.urlaubcornwall.de\/blog\/beaulieu-palast-hampshire\/#breadcrumb","itemListElement":[{"@type":"ListItem","position":1,"name":"Home","item":"https:\/\/www.urlaubcornwall.de\/blog\/"},{"@type":"ListItem","position":2,"name":"Beaulieu Palast \u2013 Hampshire"}]}]}},"_links":{"self":[{"href":"https:\/\/www.urlaubcornwall.de\/blog\/wp-json\/wp\/v2\/pages\/40992"}],"collection":[{"href":"https:\/\/www.urlaubcornwall.de\/blog\/wp-json\/wp\/v2\/pages"}],"about":[{"href":"https:\/\/www.urlaubcornwall.de\/blog\/wp-json\/wp\/v2\/types\/page"}],"author":[{"embeddable":true,"href":"https:\/\/www.urlaubcornwall.de\/blog\/wp-json\/wp\/v2\/users\/1"}],"replies":[{"embeddable":true,"href":"https:\/\/www.urlaubcornwall.de\/blog\/wp-json\/wp\/v2\/comments?post=40992"}],"version-history":[{"count":3,"href":"https:\/\/www.urlaubcornwall.de\/blog\/wp-json\/wp\/v2\/pages\/40992\/revisions"}],"predecessor-version":[{"id":50868,"href":"https:\/\/www.urlaubcornwall.de\/blog\/wp-json\/wp\/v2\/pages\/40992\/revisions\/50868"}],"wp:attachment":[{"href":"https:\/\/www.urlaubcornwall.de\/blog\/wp-json\/wp\/v2\/media?parent=40992"}],"curies":[{"name":"wp","href":"https:\/\/api.w.org\/{rel}","templated":true}]}}