{"id":40990,"date":"2020-10-29T11:21:15","date_gmt":"2020-10-29T11:21:15","guid":{"rendered":"https:\/\/www.urlaubcornwall.de\/blog\/?page_id=40990"},"modified":"2024-04-30T15:47:30","modified_gmt":"2024-04-30T15:47:30","slug":"woburn-abbey-bedfordshire","status":"publish","type":"page","link":"https:\/\/www.urlaubcornwall.de\/blog\/woburn-abbey-bedfordshire\/","title":{"rendered":"Woburn Abbey &#8211; Bedfordshire"},"content":{"rendered":"<p><img loading=\"lazy\" class=\"aligncenter size-full wp-image-47855\" src=\"https:\/\/www.urlaubcornwall.de\/blog\/wp-content\/uploads\/2024\/03\/Woburn_Abbey_reise.jpg\" alt=\"Woburn_Abbey_reise\" width=\"750\" height=\"500\" srcset=\"https:\/\/www.urlaubcornwall.de\/blog\/wp-content\/uploads\/2024\/03\/Woburn_Abbey_reise.jpg 750w, https:\/\/www.urlaubcornwall.de\/blog\/wp-content\/uploads\/2024\/03\/Woburn_Abbey_reise-300x200.jpg 300w\" sizes=\"(max-width: 750px) 100vw, 750px\" \/><\/p>\n<p><a href=\"http:\/\/www.woburnabbey.co.uk\/\"rel=\"nofollow\">Woburn Abbey<\/a> in <a href=\"https:\/\/www.urlaubcornwall.de\/ferienhaeuser-fewos\/eng\/bedfordshire\/bedfordshire.html\">Bedfordshire<\/a> geh\u00f6rte seit dem ersten Herzog von Bedford 1547 den Herz\u00f6gen von Bedford. Woburn Abbey ist heute das Zuhause des 15. Herzogs von Bedford. Eine der wichtigsten privaten Kunstsammlungen der Welt befindet sich hier, Gem\u00e4lde von Reynolds, Gainsborough, Hogarth, Lely, Rembrandt, Tintoretto und Van Dyck. Die 11 Hektar umfassenden G\u00e4rten wurden vom preisgekr\u00f6nten Humphrey Repton designt, und die 1214 Hektar Wildpark sind das Zuhause von 9 Arten Wild. Woburn hat auch einen Safaripark und Golfpl\u00e4tze.<\/p>\n<p><a href=\"https:\/\/www.urlaubcornwall.de\/blog\/die-besten-herrenhaeuser-in-suedengland\/\">Top 10 besten Herrenh\u00e4user <\/a>, die es im S\u00fcden Englands zu besuchen gibt.<\/p>\n<div class=\"snippet\"> <a class=\"featured-item\" href=\"https:\/\/www.urlaubcornwall.de\/ferienhaeuser\/suedengland.php\"> <span class=\"image-holder\" style=\"background-image: url('https:\/\/www.urlaubcornwall.de\/blog\/wp-content\/uploads\/2024\/03\/ferienhaus-england-cornwall.jpg');\"><\/span> <span class=\"featured-content\"> \n<h2 class=\"featured-title\">Ferienh\u00e4user in S\u00fcdengland<\/h2>\n<p class=\"featured-body\">Bei uns finden Sie Ferienh\u00e4user zum Verlieben &#8211; so einfach ist das! Dank seiner langen Geschichte, der reizvollen Landschaften und seinen vielen Attraktionen ist S\u00fcdengland ein wahres Mekka f\u00fcr Urlauber&#8230;..<\/p><\/span> <span class=\"featured-link-holder\"> <span class=\"featured-extra-info\"> \n<p>Pers\u00f6nlich inspizierter Ferienh\u00e4user<\/p>\n<\/span> \n<p class=\"featured-link\">DETAILS<\/p>\n<\/span> <\/a><\/div>\n","protected":false},"excerpt":{"rendered":"<p>Woburn Abbey in Bedfordshire geh\u00f6rte seit dem ersten Herzog von Bedford 1547 den Herz\u00f6gen von Bedford. Woburn Abbey ist heute das Zuhause des 15. Herzogs von Bedford. Eine der wichtigsten privaten Kunstsammlungen der Welt befindet sich hier, Gem\u00e4lde von Reynolds, Gainsborough, Hogarth, Lely, Rembrandt, Tintoretto und Van Dyck. Die 11 Hektar umfassenden G\u00e4rten wurden vom [&hellip;]<\/p>\n","protected":false},"author":1,"featured_media":0,"parent":0,"menu_order":0,"comment_status":"closed","ping_status":"closed","template":"single-four.php","meta":[],"acf":[],"yoast_head":"<!-- This site is optimized with the Yoast SEO plugin v19.4 - https:\/\/yoast.com\/wordpress\/plugins\/seo\/ -->\n<title>Woburn Abbey - Bedfordshire - Urlaub &amp; Reisen<\/title>\n<meta name=\"robots\" content=\"index, follow, max-snippet:-1, max-image-preview:large, max-video-preview:-1\" \/>\n<link rel=\"canonical\" href=\"https:\/\/www.urlaubcornwall.de\/blog\/woburn-abbey-bedfordshire\/\" \/>\n<meta property=\"og:locale\" content=\"en_US\" \/>\n<meta property=\"og:type\" content=\"article\" \/>\n<meta property=\"og:title\" content=\"Woburn Abbey - Bedfordshire - Urlaub &amp; Reisen\" \/>\n<meta property=\"og:description\" content=\"Woburn Abbey in Bedfordshire geh\u00f6rte seit dem ersten Herzog von Bedford 1547 den Herz\u00f6gen von Bedford. Woburn Abbey ist heute das Zuhause des 15. Herzogs von Bedford. Eine der wichtigsten privaten Kunstsammlungen der Welt befindet sich hier, Gem\u00e4lde von Reynolds, Gainsborough, Hogarth, Lely, Rembrandt, Tintoretto und Van Dyck. Die 11 Hektar umfassenden G\u00e4rten wurden vom [&hellip;]\" \/>\n<meta property=\"og:url\" content=\"https:\/\/www.urlaubcornwall.de\/blog\/woburn-abbey-bedfordshire\/\" \/>\n<meta property=\"og:site_name\" content=\"Urlaub &amp; Reisen\" \/>\n<meta property=\"article:modified_time\" content=\"2024-04-30T15:47:30+00:00\" \/>\n<meta property=\"og:image\" content=\"https:\/\/www.urlaubcornwall.de\/blog\/wp-content\/uploads\/2024\/03\/Woburn_Abbey_reise.jpg\" \/>\n<meta name=\"twitter:card\" content=\"summary\" \/>\n<meta name=\"twitter:label1\" content=\"Est. reading time\" \/>\n\t<meta name=\"twitter:data1\" content=\"1 minute\" \/>\n<script type=\"application\/ld+json\" class=\"yoast-schema-graph\">{\"@context\":\"https:\/\/schema.org\",\"@graph\":[{\"@type\":\"WebSite\",\"@id\":\"https:\/\/www.urlaubcornwall.de\/blog\/#website\",\"url\":\"https:\/\/www.urlaubcornwall.de\/blog\/\",\"name\":\"Urlaub &amp; Reisen\",\"description\":\"Urlaub, Reisen, Cornwall und S\u00fcdengland: eine perfekte Kombination\",\"potentialAction\":[{\"@type\":\"SearchAction\",\"target\":{\"@type\":\"EntryPoint\",\"urlTemplate\":\"https:\/\/www.urlaubcornwall.de\/blog\/?s={search_term_string}\"},\"query-input\":\"required name=search_term_string\"}],\"inLanguage\":\"en-US\"},{\"@type\":\"WebPage\",\"@id\":\"https:\/\/www.urlaubcornwall.de\/blog\/woburn-abbey-bedfordshire\/\",\"url\":\"https:\/\/www.urlaubcornwall.de\/blog\/woburn-abbey-bedfordshire\/\",\"name\":\"Woburn Abbey - Bedfordshire - Urlaub &amp; Reisen\",\"isPartOf\":{\"@id\":\"https:\/\/www.urlaubcornwall.de\/blog\/#website\"},\"datePublished\":\"2020-10-29T11:21:15+00:00\",\"dateModified\":\"2024-04-30T15:47:30+00:00\",\"breadcrumb\":{\"@id\":\"https:\/\/www.urlaubcornwall.de\/blog\/woburn-abbey-bedfordshire\/#breadcrumb\"},\"inLanguage\":\"en-US\",\"potentialAction\":[{\"@type\":\"ReadAction\",\"target\":[\"https:\/\/www.urlaubcornwall.de\/blog\/woburn-abbey-bedfordshire\/\"]}]},{\"@type\":\"BreadcrumbList\",\"@id\":\"https:\/\/www.urlaubcornwall.de\/blog\/woburn-abbey-bedfordshire\/#breadcrumb\",\"itemListElement\":[{\"@type\":\"ListItem\",\"position\":1,\"name\":\"Home\",\"item\":\"https:\/\/www.urlaubcornwall.de\/blog\/\"},{\"@type\":\"ListItem\",\"position\":2,\"name\":\"Woburn Abbey &#8211; Bedfordshire\"}]}]}<\/script>\n<!-- \/ Yoast SEO plugin. -->","yoast_head_json":{"title":"Woburn Abbey - Bedfordshire - Urlaub &amp; Reisen","robots":{"index":"index","follow":"follow","max-snippet":"max-snippet:-1","max-image-preview":"max-image-preview:large","max-video-preview":"max-video-preview:-1"},"canonical":"https:\/\/www.urlaubcornwall.de\/blog\/woburn-abbey-bedfordshire\/","og_locale":"en_US","og_type":"article","og_title":"Woburn Abbey - Bedfordshire - Urlaub &amp; Reisen","og_description":"Woburn Abbey in Bedfordshire geh\u00f6rte seit dem ersten Herzog von Bedford 1547 den Herz\u00f6gen von Bedford. Woburn Abbey ist heute das Zuhause des 15. Herzogs von Bedford. Eine der wichtigsten privaten Kunstsammlungen der Welt befindet sich hier, Gem\u00e4lde von Reynolds, Gainsborough, Hogarth, Lely, Rembrandt, Tintoretto und Van Dyck. Die 11 Hektar umfassenden G\u00e4rten wurden vom [&hellip;]","og_url":"https:\/\/www.urlaubcornwall.de\/blog\/woburn-abbey-bedfordshire\/","og_site_name":"Urlaub &amp; Reisen","article_modified_time":"2024-04-30T15:47:30+00:00","og_image":[{"url":"https:\/\/www.urlaubcornwall.de\/blog\/wp-content\/uploads\/2024\/03\/Woburn_Abbey_reise.jpg"}],"twitter_card":"summary","twitter_misc":{"Est. reading time":"1 minute"},"schema":{"@context":"https:\/\/schema.org","@graph":[{"@type":"WebSite","@id":"https:\/\/www.urlaubcornwall.de\/blog\/#website","url":"https:\/\/www.urlaubcornwall.de\/blog\/","name":"Urlaub &amp; Reisen","description":"Urlaub, Reisen, Cornwall und S\u00fcdengland: eine perfekte Kombination","potentialAction":[{"@type":"SearchAction","target":{"@type":"EntryPoint","urlTemplate":"https:\/\/www.urlaubcornwall.de\/blog\/?s={search_term_string}"},"query-input":"required name=search_term_string"}],"inLanguage":"en-US"},{"@type":"WebPage","@id":"https:\/\/www.urlaubcornwall.de\/blog\/woburn-abbey-bedfordshire\/","url":"https:\/\/www.urlaubcornwall.de\/blog\/woburn-abbey-bedfordshire\/","name":"Woburn Abbey - Bedfordshire - Urlaub &amp; Reisen","isPartOf":{"@id":"https:\/\/www.urlaubcornwall.de\/blog\/#website"},"datePublished":"2020-10-29T11:21:15+00:00","dateModified":"2024-04-30T15:47:30+00:00","breadcrumb":{"@id":"https:\/\/www.urlaubcornwall.de\/blog\/woburn-abbey-bedfordshire\/#breadcrumb"},"inLanguage":"en-US","potentialAction":[{"@type":"ReadAction","target":["https:\/\/www.urlaubcornwall.de\/blog\/woburn-abbey-bedfordshire\/"]}]},{"@type":"BreadcrumbList","@id":"https:\/\/www.urlaubcornwall.de\/blog\/woburn-abbey-bedfordshire\/#breadcrumb","itemListElement":[{"@type":"ListItem","position":1,"name":"Home","item":"https:\/\/www.urlaubcornwall.de\/blog\/"},{"@type":"ListItem","position":2,"name":"Woburn Abbey &#8211; Bedfordshire"}]}]}},"_links":{"self":[{"href":"https:\/\/www.urlaubcornwall.de\/blog\/wp-json\/wp\/v2\/pages\/40990"}],"collection":[{"href":"https:\/\/www.urlaubcornwall.de\/blog\/wp-json\/wp\/v2\/pages"}],"about":[{"href":"https:\/\/www.urlaubcornwall.de\/blog\/wp-json\/wp\/v2\/types\/page"}],"author":[{"embeddable":true,"href":"https:\/\/www.urlaubcornwall.de\/blog\/wp-json\/wp\/v2\/users\/1"}],"replies":[{"embeddable":true,"href":"https:\/\/www.urlaubcornwall.de\/blog\/wp-json\/wp\/v2\/comments?post=40990"}],"version-history":[{"count":3,"href":"https:\/\/www.urlaubcornwall.de\/blog\/wp-json\/wp\/v2\/pages\/40990\/revisions"}],"predecessor-version":[{"id":50010,"href":"https:\/\/www.urlaubcornwall.de\/blog\/wp-json\/wp\/v2\/pages\/40990\/revisions\/50010"}],"wp:attachment":[{"href":"https:\/\/www.urlaubcornwall.de\/blog\/wp-json\/wp\/v2\/media?parent=40990"}],"curies":[{"name":"wp","href":"https:\/\/api.w.org\/{rel}","templated":true}]}}