{"id":40986,"date":"2020-10-29T11:15:13","date_gmt":"2020-10-29T11:15:13","guid":{"rendered":"https:\/\/www.urlaubcornwall.de\/blog\/?page_id=40986"},"modified":"2024-04-15T15:10:28","modified_gmt":"2024-04-15T15:10:28","slug":"apsley-house-london","status":"publish","type":"page","link":"https:\/\/www.urlaubcornwall.de\/blog\/apsley-house-london\/","title":{"rendered":"Apsley House \u2013 London"},"content":{"rendered":"<p><a href=\"https:\/\/www.urlaubcornwall.de\/blog\/wp-content\/uploads\/2024\/03\/london-park.jpg\"><img loading=\"lazy\" src=\"https:\/\/www.urlaubcornwall.de\/blog\/wp-content\/uploads\/2024\/03\/london-park.jpg\" alt=\"london park\" width=\"750\" height=\"500\" class=\"alignnone size-full wp-image-47843\" srcset=\"https:\/\/www.urlaubcornwall.de\/blog\/wp-content\/uploads\/2024\/03\/london-park.jpg 750w, https:\/\/www.urlaubcornwall.de\/blog\/wp-content\/uploads\/2024\/03\/london-park-300x200.jpg 300w\" sizes=\"(max-width: 750px) 100vw, 750px\" \/><\/a><\/p>\n<p><a href=\"http:\/\/www.english-heritage.org.uk\/visit\/places\/apsley-house\/\">Apsley House<\/a>, auch bekannt als Nummer 1 London, war das Londoner Stadthaus des 1. Herzogs von Wellington. Dieses wundersch\u00f6ne georgianische Geb\u00e4ude befindet sich in prominenter Position neben dem Haupteingang zum Hyde Park und gegen\u00fcber des Wellington Arch. Das Haus wird unterhalten vom English Heritage, ist jedoch immer noch Residenz des derzeitigen Herzogs. Es hat sich nur sehr wenig ver\u00e4ndert, seit der 1. Herzog von Wellington hier lebte. Das pomp\u00f6se und glitzernde Innere, voller feiner Gem\u00e4lde, Skulpturen und Kunstwerken bleibt sozusagen der Schrein des \u201eEisernen Herzogs\u201c.<\/p>\n<p><a href=\"https:\/\/www.urlaubcornwall.de\/blog\/die-besten-herrenhaeuser-in-suedengland\/\">Top 10 besten Herrenh\u00e4user <\/a>, die es im S\u00fcden Englands zu besuchen gibt.<\/p>\n<div class=\"snippet\"> <a class=\"featured-item\" href=\"https:\/\/www.urlaubcornwall.de\/ferienhaeuser\/suedengland.php\"> <span class=\"image-holder\" style=\"background-image: url('https:\/\/www.urlaubcornwall.de\/blog\/wp-content\/uploads\/2018\/12\/ferienhaus-cornwall-mit-hund.jpg');\"><\/span> <span class=\"featured-content\"> \n<h2 class=\"featured-title\">Ferienh\u00e4user in S\u00fcdengland<\/h2>\n<p class=\"featured-body\">Bei uns finden Sie Ferienh\u00e4user zum Verlieben &#8211; so einfach ist das! Dank seiner langen Geschichte, der reizvollen Landschaften und seinen vielen Attraktionen ist S\u00fcdengland ein wahres Mekka f\u00fcr Urlauber&#8230;..<\/p><\/span> <span class=\"featured-link-holder\"> <span class=\"featured-extra-info\"> \n<p>Pers\u00f6nlich inspizierter Ferienh\u00e4user<\/p>\n<\/span> \n<p class=\"featured-link\">DETAILS<\/p>\n<\/span> <\/a><\/div>\n","protected":false},"excerpt":{"rendered":"<p>Apsley House, auch bekannt als Nummer 1 London, war das Londoner Stadthaus des 1. Herzogs von Wellington. Dieses wundersch\u00f6ne georgianische Geb\u00e4ude befindet sich in prominenter Position neben dem Haupteingang zum Hyde Park und gegen\u00fcber des Wellington Arch. Das Haus wird unterhalten vom English Heritage, ist jedoch immer noch Residenz des derzeitigen Herzogs. Es hat sich [&hellip;]<\/p>\n","protected":false},"author":1,"featured_media":0,"parent":0,"menu_order":0,"comment_status":"closed","ping_status":"closed","template":"single-four.php","meta":[],"acf":[],"yoast_head":"<!-- This site is optimized with the Yoast SEO plugin v19.4 - https:\/\/yoast.com\/wordpress\/plugins\/seo\/ -->\n<title>Apsley House \u2013 London - Urlaub &amp; Reisen<\/title>\n<meta name=\"robots\" content=\"index, follow, max-snippet:-1, max-image-preview:large, max-video-preview:-1\" \/>\n<link rel=\"canonical\" href=\"https:\/\/www.urlaubcornwall.de\/blog\/apsley-house-london\/\" \/>\n<meta property=\"og:locale\" content=\"en_US\" \/>\n<meta property=\"og:type\" content=\"article\" \/>\n<meta property=\"og:title\" content=\"Apsley House \u2013 London - Urlaub &amp; Reisen\" \/>\n<meta property=\"og:description\" content=\"Apsley House, auch bekannt als Nummer 1 London, war das Londoner Stadthaus des 1. Herzogs von Wellington. Dieses wundersch\u00f6ne georgianische Geb\u00e4ude befindet sich in prominenter Position neben dem Haupteingang zum Hyde Park und gegen\u00fcber des Wellington Arch. Das Haus wird unterhalten vom English Heritage, ist jedoch immer noch Residenz des derzeitigen Herzogs. Es hat sich [&hellip;]\" \/>\n<meta property=\"og:url\" content=\"https:\/\/www.urlaubcornwall.de\/blog\/apsley-house-london\/\" \/>\n<meta property=\"og:site_name\" content=\"Urlaub &amp; Reisen\" \/>\n<meta property=\"article:modified_time\" content=\"2024-04-15T15:10:28+00:00\" \/>\n<meta property=\"og:image\" content=\"https:\/\/www.urlaubcornwall.de\/blog\/wp-content\/uploads\/2024\/03\/london-park.jpg\" \/>\n<meta name=\"twitter:card\" content=\"summary\" \/>\n<meta name=\"twitter:label1\" content=\"Est. reading time\" \/>\n\t<meta name=\"twitter:data1\" content=\"1 minute\" \/>\n<script type=\"application\/ld+json\" class=\"yoast-schema-graph\">{\"@context\":\"https:\/\/schema.org\",\"@graph\":[{\"@type\":\"WebSite\",\"@id\":\"https:\/\/www.urlaubcornwall.de\/blog\/#website\",\"url\":\"https:\/\/www.urlaubcornwall.de\/blog\/\",\"name\":\"Urlaub &amp; Reisen\",\"description\":\"Urlaub, Reisen, Cornwall und S\u00fcdengland: eine perfekte Kombination\",\"potentialAction\":[{\"@type\":\"SearchAction\",\"target\":{\"@type\":\"EntryPoint\",\"urlTemplate\":\"https:\/\/www.urlaubcornwall.de\/blog\/?s={search_term_string}\"},\"query-input\":\"required name=search_term_string\"}],\"inLanguage\":\"en-US\"},{\"@type\":\"WebPage\",\"@id\":\"https:\/\/www.urlaubcornwall.de\/blog\/apsley-house-london\/\",\"url\":\"https:\/\/www.urlaubcornwall.de\/blog\/apsley-house-london\/\",\"name\":\"Apsley House \u2013 London - Urlaub &amp; Reisen\",\"isPartOf\":{\"@id\":\"https:\/\/www.urlaubcornwall.de\/blog\/#website\"},\"datePublished\":\"2020-10-29T11:15:13+00:00\",\"dateModified\":\"2024-04-15T15:10:28+00:00\",\"breadcrumb\":{\"@id\":\"https:\/\/www.urlaubcornwall.de\/blog\/apsley-house-london\/#breadcrumb\"},\"inLanguage\":\"en-US\",\"potentialAction\":[{\"@type\":\"ReadAction\",\"target\":[\"https:\/\/www.urlaubcornwall.de\/blog\/apsley-house-london\/\"]}]},{\"@type\":\"BreadcrumbList\",\"@id\":\"https:\/\/www.urlaubcornwall.de\/blog\/apsley-house-london\/#breadcrumb\",\"itemListElement\":[{\"@type\":\"ListItem\",\"position\":1,\"name\":\"Home\",\"item\":\"https:\/\/www.urlaubcornwall.de\/blog\/\"},{\"@type\":\"ListItem\",\"position\":2,\"name\":\"Apsley House \u2013 London\"}]}]}<\/script>\n<!-- \/ Yoast SEO plugin. -->","yoast_head_json":{"title":"Apsley House \u2013 London - Urlaub &amp; Reisen","robots":{"index":"index","follow":"follow","max-snippet":"max-snippet:-1","max-image-preview":"max-image-preview:large","max-video-preview":"max-video-preview:-1"},"canonical":"https:\/\/www.urlaubcornwall.de\/blog\/apsley-house-london\/","og_locale":"en_US","og_type":"article","og_title":"Apsley House \u2013 London - Urlaub &amp; Reisen","og_description":"Apsley House, auch bekannt als Nummer 1 London, war das Londoner Stadthaus des 1. Herzogs von Wellington. Dieses wundersch\u00f6ne georgianische Geb\u00e4ude befindet sich in prominenter Position neben dem Haupteingang zum Hyde Park und gegen\u00fcber des Wellington Arch. Das Haus wird unterhalten vom English Heritage, ist jedoch immer noch Residenz des derzeitigen Herzogs. Es hat sich [&hellip;]","og_url":"https:\/\/www.urlaubcornwall.de\/blog\/apsley-house-london\/","og_site_name":"Urlaub &amp; Reisen","article_modified_time":"2024-04-15T15:10:28+00:00","og_image":[{"url":"https:\/\/www.urlaubcornwall.de\/blog\/wp-content\/uploads\/2024\/03\/london-park.jpg"}],"twitter_card":"summary","twitter_misc":{"Est. reading time":"1 minute"},"schema":{"@context":"https:\/\/schema.org","@graph":[{"@type":"WebSite","@id":"https:\/\/www.urlaubcornwall.de\/blog\/#website","url":"https:\/\/www.urlaubcornwall.de\/blog\/","name":"Urlaub &amp; Reisen","description":"Urlaub, Reisen, Cornwall und S\u00fcdengland: eine perfekte Kombination","potentialAction":[{"@type":"SearchAction","target":{"@type":"EntryPoint","urlTemplate":"https:\/\/www.urlaubcornwall.de\/blog\/?s={search_term_string}"},"query-input":"required name=search_term_string"}],"inLanguage":"en-US"},{"@type":"WebPage","@id":"https:\/\/www.urlaubcornwall.de\/blog\/apsley-house-london\/","url":"https:\/\/www.urlaubcornwall.de\/blog\/apsley-house-london\/","name":"Apsley House \u2013 London - Urlaub &amp; Reisen","isPartOf":{"@id":"https:\/\/www.urlaubcornwall.de\/blog\/#website"},"datePublished":"2020-10-29T11:15:13+00:00","dateModified":"2024-04-15T15:10:28+00:00","breadcrumb":{"@id":"https:\/\/www.urlaubcornwall.de\/blog\/apsley-house-london\/#breadcrumb"},"inLanguage":"en-US","potentialAction":[{"@type":"ReadAction","target":["https:\/\/www.urlaubcornwall.de\/blog\/apsley-house-london\/"]}]},{"@type":"BreadcrumbList","@id":"https:\/\/www.urlaubcornwall.de\/blog\/apsley-house-london\/#breadcrumb","itemListElement":[{"@type":"ListItem","position":1,"name":"Home","item":"https:\/\/www.urlaubcornwall.de\/blog\/"},{"@type":"ListItem","position":2,"name":"Apsley House \u2013 London"}]}]}},"_links":{"self":[{"href":"https:\/\/www.urlaubcornwall.de\/blog\/wp-json\/wp\/v2\/pages\/40986"}],"collection":[{"href":"https:\/\/www.urlaubcornwall.de\/blog\/wp-json\/wp\/v2\/pages"}],"about":[{"href":"https:\/\/www.urlaubcornwall.de\/blog\/wp-json\/wp\/v2\/types\/page"}],"author":[{"embeddable":true,"href":"https:\/\/www.urlaubcornwall.de\/blog\/wp-json\/wp\/v2\/users\/1"}],"replies":[{"embeddable":true,"href":"https:\/\/www.urlaubcornwall.de\/blog\/wp-json\/wp\/v2\/comments?post=40986"}],"version-history":[{"count":5,"href":"https:\/\/www.urlaubcornwall.de\/blog\/wp-json\/wp\/v2\/pages\/40986\/revisions"}],"predecessor-version":[{"id":49649,"href":"https:\/\/www.urlaubcornwall.de\/blog\/wp-json\/wp\/v2\/pages\/40986\/revisions\/49649"}],"wp:attachment":[{"href":"https:\/\/www.urlaubcornwall.de\/blog\/wp-json\/wp\/v2\/media?parent=40986"}],"curies":[{"name":"wp","href":"https:\/\/api.w.org\/{rel}","templated":true}]}}