{"id":40984,"date":"2020-10-29T11:14:10","date_gmt":"2020-10-29T11:14:10","guid":{"rendered":"https:\/\/www.urlaubcornwall.de\/blog\/?page_id=40984"},"modified":"2024-04-15T15:35:14","modified_gmt":"2024-04-15T15:35:14","slug":"blenheim-palast-oxfordshire","status":"publish","type":"page","link":"https:\/\/www.urlaubcornwall.de\/blog\/blenheim-palast-oxfordshire\/","title":{"rendered":"Blenheim Palast \u2013 Oxfordshire"},"content":{"rendered":"<p><img loading=\"lazy\" class=\"aligncenter size-full wp-image-47791\" src=\"https:\/\/www.urlaubcornwall.de\/blog\/wp-content\/uploads\/2024\/03\/blenheim-palace.jpg\" alt=\"blenheim palace\" width=\"750\" height=\"563\" srcset=\"https:\/\/www.urlaubcornwall.de\/blog\/wp-content\/uploads\/2024\/03\/blenheim-palace.jpg 750w, https:\/\/www.urlaubcornwall.de\/blog\/wp-content\/uploads\/2024\/03\/blenheim-palace-300x225.jpg 300w\" sizes=\"(max-width: 750px) 100vw, 750px\" \/><\/p>\n<p><a href=\"https:\/\/www.blenheimpalace.com\/\"rel=\"nofollow\">Blenheim Palast<\/a>, Woodstock, befindet sich acht Meilen von <a href=\"https:\/\/www.urlaubcornwall.de\/ferienhaeuser-fewos\/eng\/oxfordshire\/oxford.html\">Oxford<\/a> entfernt, war Geburtsst\u00e4tte von Sir Winston Churchill und ist nun eine UNESCO Weltkulturerbest\u00e4tte. Der Blenheim Palast wurde im fr\u00fchen 18. Jahrhundert erbaut und war das Zuhause des 1. Herzogs von Marlborough. Heute ist es das Zuhause des 12. Herzogs von <a href=\"https:\/\/www.urlaubcornwall.de\/ferienhaeuser-fewos\/eng\/wiltshire\/marlborough.html\">Marlborough<\/a> und seiner Familie. Eine Tour durch das Haus ist f\u00fcr Besucher ein inspirierendes Erlebnis, und die G\u00e4rten und der Park sind feinste Beispiele der Arbeit des ber\u00fchmten Landschaftdesigners Capability Brown.<\/p>\n<p><a href=\"https:\/\/www.urlaubcornwall.de\/blog\/die-besten-herrenhaeuser-in-suedengland\/\">Top 10 besten Herrenh\u00e4user <\/a>, die es im S\u00fcden Englands zu besuchen gibt.<\/p>\n<div class=\"snippet\"> <a class=\"featured-item\" href=\"https:\/\/www.urlaubcornwall.de\/ferienhaeuser\/suedengland.php\"> <span class=\"image-holder\" style=\"background-image: url('https:\/\/www.urlaubcornwall.de\/blog\/wp-content\/uploads\/2018\/12\/ferienhaus-cornwall-mit-hund.jpg');\"><\/span> <span class=\"featured-content\"> \n<h2 class=\"featured-title\">Ferienh\u00e4user in S\u00fcdengland<\/h2>\n<p class=\"featured-body\">Bei uns finden Sie Ferienh\u00e4user zum Verlieben &#8211; so einfach ist das! Dank seiner langen Geschichte, der reizvollen Landschaften und seinen vielen Attraktionen ist S\u00fcdengland ein wahres Mekka f\u00fcr Urlauber&#8230;..<\/p><\/span> <span class=\"featured-link-holder\"> <span class=\"featured-extra-info\"> \n<p>Pers\u00f6nlich inspizierter Ferienh\u00e4user<\/p>\n<\/span> \n<p class=\"featured-link\">DETAILS<\/p>\n<\/span> <\/a><\/div>\n","protected":false},"excerpt":{"rendered":"<p>Blenheim Palast, Woodstock, befindet sich acht Meilen von Oxford entfernt, war Geburtsst\u00e4tte von Sir Winston Churchill und ist nun eine UNESCO Weltkulturerbest\u00e4tte. Der Blenheim Palast wurde im fr\u00fchen 18. Jahrhundert erbaut und war das Zuhause des 1. Herzogs von Marlborough. Heute ist es das Zuhause des 12. Herzogs von Marlborough und seiner Familie. Eine Tour [&hellip;]<\/p>\n","protected":false},"author":1,"featured_media":0,"parent":0,"menu_order":0,"comment_status":"closed","ping_status":"closed","template":"single-four.php","meta":[],"acf":[],"yoast_head":"<!-- This site is optimized with the Yoast SEO plugin v19.4 - https:\/\/yoast.com\/wordpress\/plugins\/seo\/ -->\n<title>Blenheim Palast \u2013 Oxfordshire - Urlaub &amp; Reisen<\/title>\n<meta name=\"robots\" content=\"index, follow, max-snippet:-1, max-image-preview:large, max-video-preview:-1\" \/>\n<link rel=\"canonical\" href=\"https:\/\/www.urlaubcornwall.de\/blog\/blenheim-palast-oxfordshire\/\" \/>\n<meta property=\"og:locale\" content=\"en_US\" \/>\n<meta property=\"og:type\" content=\"article\" \/>\n<meta property=\"og:title\" content=\"Blenheim Palast \u2013 Oxfordshire - Urlaub &amp; Reisen\" \/>\n<meta property=\"og:description\" content=\"Blenheim Palast, Woodstock, befindet sich acht Meilen von Oxford entfernt, war Geburtsst\u00e4tte von Sir Winston Churchill und ist nun eine UNESCO Weltkulturerbest\u00e4tte. Der Blenheim Palast wurde im fr\u00fchen 18. Jahrhundert erbaut und war das Zuhause des 1. Herzogs von Marlborough. Heute ist es das Zuhause des 12. Herzogs von Marlborough und seiner Familie. Eine Tour [&hellip;]\" \/>\n<meta property=\"og:url\" content=\"https:\/\/www.urlaubcornwall.de\/blog\/blenheim-palast-oxfordshire\/\" \/>\n<meta property=\"og:site_name\" content=\"Urlaub &amp; Reisen\" \/>\n<meta property=\"article:modified_time\" content=\"2024-04-15T15:35:14+00:00\" \/>\n<meta property=\"og:image\" content=\"https:\/\/www.urlaubcornwall.de\/blog\/wp-content\/uploads\/2024\/03\/blenheim-palace.jpg\" \/>\n<meta name=\"twitter:card\" content=\"summary\" \/>\n<meta name=\"twitter:label1\" content=\"Est. reading time\" \/>\n\t<meta name=\"twitter:data1\" content=\"1 minute\" \/>\n<script type=\"application\/ld+json\" class=\"yoast-schema-graph\">{\"@context\":\"https:\/\/schema.org\",\"@graph\":[{\"@type\":\"WebSite\",\"@id\":\"https:\/\/www.urlaubcornwall.de\/blog\/#website\",\"url\":\"https:\/\/www.urlaubcornwall.de\/blog\/\",\"name\":\"Urlaub &amp; Reisen\",\"description\":\"Urlaub, Reisen, Cornwall und S\u00fcdengland: eine perfekte Kombination\",\"potentialAction\":[{\"@type\":\"SearchAction\",\"target\":{\"@type\":\"EntryPoint\",\"urlTemplate\":\"https:\/\/www.urlaubcornwall.de\/blog\/?s={search_term_string}\"},\"query-input\":\"required name=search_term_string\"}],\"inLanguage\":\"en-US\"},{\"@type\":\"WebPage\",\"@id\":\"https:\/\/www.urlaubcornwall.de\/blog\/blenheim-palast-oxfordshire\/\",\"url\":\"https:\/\/www.urlaubcornwall.de\/blog\/blenheim-palast-oxfordshire\/\",\"name\":\"Blenheim Palast \u2013 Oxfordshire - Urlaub &amp; Reisen\",\"isPartOf\":{\"@id\":\"https:\/\/www.urlaubcornwall.de\/blog\/#website\"},\"datePublished\":\"2020-10-29T11:14:10+00:00\",\"dateModified\":\"2024-04-15T15:35:14+00:00\",\"breadcrumb\":{\"@id\":\"https:\/\/www.urlaubcornwall.de\/blog\/blenheim-palast-oxfordshire\/#breadcrumb\"},\"inLanguage\":\"en-US\",\"potentialAction\":[{\"@type\":\"ReadAction\",\"target\":[\"https:\/\/www.urlaubcornwall.de\/blog\/blenheim-palast-oxfordshire\/\"]}]},{\"@type\":\"BreadcrumbList\",\"@id\":\"https:\/\/www.urlaubcornwall.de\/blog\/blenheim-palast-oxfordshire\/#breadcrumb\",\"itemListElement\":[{\"@type\":\"ListItem\",\"position\":1,\"name\":\"Home\",\"item\":\"https:\/\/www.urlaubcornwall.de\/blog\/\"},{\"@type\":\"ListItem\",\"position\":2,\"name\":\"Blenheim Palast \u2013 Oxfordshire\"}]}]}<\/script>\n<!-- \/ Yoast SEO plugin. -->","yoast_head_json":{"title":"Blenheim Palast \u2013 Oxfordshire - Urlaub &amp; Reisen","robots":{"index":"index","follow":"follow","max-snippet":"max-snippet:-1","max-image-preview":"max-image-preview:large","max-video-preview":"max-video-preview:-1"},"canonical":"https:\/\/www.urlaubcornwall.de\/blog\/blenheim-palast-oxfordshire\/","og_locale":"en_US","og_type":"article","og_title":"Blenheim Palast \u2013 Oxfordshire - Urlaub &amp; Reisen","og_description":"Blenheim Palast, Woodstock, befindet sich acht Meilen von Oxford entfernt, war Geburtsst\u00e4tte von Sir Winston Churchill und ist nun eine UNESCO Weltkulturerbest\u00e4tte. Der Blenheim Palast wurde im fr\u00fchen 18. Jahrhundert erbaut und war das Zuhause des 1. Herzogs von Marlborough. Heute ist es das Zuhause des 12. Herzogs von Marlborough und seiner Familie. Eine Tour [&hellip;]","og_url":"https:\/\/www.urlaubcornwall.de\/blog\/blenheim-palast-oxfordshire\/","og_site_name":"Urlaub &amp; Reisen","article_modified_time":"2024-04-15T15:35:14+00:00","og_image":[{"url":"https:\/\/www.urlaubcornwall.de\/blog\/wp-content\/uploads\/2024\/03\/blenheim-palace.jpg"}],"twitter_card":"summary","twitter_misc":{"Est. reading time":"1 minute"},"schema":{"@context":"https:\/\/schema.org","@graph":[{"@type":"WebSite","@id":"https:\/\/www.urlaubcornwall.de\/blog\/#website","url":"https:\/\/www.urlaubcornwall.de\/blog\/","name":"Urlaub &amp; Reisen","description":"Urlaub, Reisen, Cornwall und S\u00fcdengland: eine perfekte Kombination","potentialAction":[{"@type":"SearchAction","target":{"@type":"EntryPoint","urlTemplate":"https:\/\/www.urlaubcornwall.de\/blog\/?s={search_term_string}"},"query-input":"required name=search_term_string"}],"inLanguage":"en-US"},{"@type":"WebPage","@id":"https:\/\/www.urlaubcornwall.de\/blog\/blenheim-palast-oxfordshire\/","url":"https:\/\/www.urlaubcornwall.de\/blog\/blenheim-palast-oxfordshire\/","name":"Blenheim Palast \u2013 Oxfordshire - Urlaub &amp; Reisen","isPartOf":{"@id":"https:\/\/www.urlaubcornwall.de\/blog\/#website"},"datePublished":"2020-10-29T11:14:10+00:00","dateModified":"2024-04-15T15:35:14+00:00","breadcrumb":{"@id":"https:\/\/www.urlaubcornwall.de\/blog\/blenheim-palast-oxfordshire\/#breadcrumb"},"inLanguage":"en-US","potentialAction":[{"@type":"ReadAction","target":["https:\/\/www.urlaubcornwall.de\/blog\/blenheim-palast-oxfordshire\/"]}]},{"@type":"BreadcrumbList","@id":"https:\/\/www.urlaubcornwall.de\/blog\/blenheim-palast-oxfordshire\/#breadcrumb","itemListElement":[{"@type":"ListItem","position":1,"name":"Home","item":"https:\/\/www.urlaubcornwall.de\/blog\/"},{"@type":"ListItem","position":2,"name":"Blenheim Palast \u2013 Oxfordshire"}]}]}},"_links":{"self":[{"href":"https:\/\/www.urlaubcornwall.de\/blog\/wp-json\/wp\/v2\/pages\/40984"}],"collection":[{"href":"https:\/\/www.urlaubcornwall.de\/blog\/wp-json\/wp\/v2\/pages"}],"about":[{"href":"https:\/\/www.urlaubcornwall.de\/blog\/wp-json\/wp\/v2\/types\/page"}],"author":[{"embeddable":true,"href":"https:\/\/www.urlaubcornwall.de\/blog\/wp-json\/wp\/v2\/users\/1"}],"replies":[{"embeddable":true,"href":"https:\/\/www.urlaubcornwall.de\/blog\/wp-json\/wp\/v2\/comments?post=40984"}],"version-history":[{"count":4,"href":"https:\/\/www.urlaubcornwall.de\/blog\/wp-json\/wp\/v2\/pages\/40984\/revisions"}],"predecessor-version":[{"id":49694,"href":"https:\/\/www.urlaubcornwall.de\/blog\/wp-json\/wp\/v2\/pages\/40984\/revisions\/49694"}],"wp:attachment":[{"href":"https:\/\/www.urlaubcornwall.de\/blog\/wp-json\/wp\/v2\/media?parent=40984"}],"curies":[{"name":"wp","href":"https:\/\/api.w.org\/{rel}","templated":true}]}}