{"id":40980,"date":"2020-10-29T11:03:12","date_gmt":"2020-10-29T11:03:12","guid":{"rendered":"https:\/\/www.urlaubcornwall.de\/blog\/?page_id=40980"},"modified":"2024-04-15T15:10:44","modified_gmt":"2024-04-15T15:10:44","slug":"arundel-castle-west-sussex","status":"publish","type":"page","link":"https:\/\/www.urlaubcornwall.de\/blog\/arundel-castle-west-sussex\/","title":{"rendered":"Arundel Castle \u2013 West Sussex"},"content":{"rendered":"<p><img loading=\"lazy\" class=\"aligncenter size-full wp-image-22882\" src=\"https:\/\/www.urlaubcornwall.de\/blog\/wp-content\/uploads\/2016\/01\/amberley-schloss-garten-2.jpg\" alt=\"arundel schloss garten sussex\" width=\"748\" height=\"372\"\/><\/p>\n<p><a href=\"http:\/\/www.arundelcastle.org\/\"rel=\"nofollow\">Schloss Arundel<\/a> befindet sich auf einem H\u00fcgel in <a href=\"https:\/\/www.urlaubcornwall.de\/reiseziel\/sussex.php\">Westsussex<\/a> mit herrlichem Blick \u00fcber die South Downs. Es wurde Ende des 11. Jahrhunderts gegr\u00fcndet und blieb \u00fcber 850 Jahre lang das Familienzuhause der Herzoge von <a href=\"https:\/\/www.urlaubcornwall.de\/ferienhaeuser-fewos\/eng\/norfolk\/norfolk.html\">Norfolk<\/a>. Eine Vielzahl der Originalteile sind erhalten, doch in den 1870ern und 1890ern wurde das Haus erneuert und gilt heute als eines der besten Beispiele viktorianisch-gotischer Architektur. Der 131 Treppen lange Aufstieg zur Spitze des Norman Keep ist es wert, allein wegen des wundersch\u00f6nen Blicks \u00fcber den Fluss Arun Richtung Meer. Die Mauerg\u00e4rten sind atemberaubend, und die gesch\u00fctzte Lage erm\u00f6glicht es einer Vielzahl an Pflanzen, dort zu gedeihen.<\/p>\n<p><a href=\"https:\/\/www.urlaubcornwall.de\/blog\/die-besten-herrenhaeuser-in-suedengland\/\">Top 10 besten Herrenh\u00e4user <\/a>, die es im S\u00fcden Englands zu besuchen gibt.<\/p>\n<div class=\"snippet\"> <a class=\"featured-item\" href=\"https:\/\/www.urlaubcornwall.de\/ferienhaeuser\/suedengland.php\"> <span class=\"image-holder\" style=\"background-image: url('https:\/\/www.urlaubcornwall.de\/blog\/wp-content\/uploads\/2018\/12\/ferienhaus-cornwall-mit-hund.jpg');\"><\/span> <span class=\"featured-content\"> \n<h2 class=\"featured-title\">Ferienh\u00e4user in S\u00fcdengland<\/h2>\n<p class=\"featured-body\">Bei uns finden Sie Ferienh\u00e4user zum Verlieben &#8211; so einfach ist das! Dank seiner langen Geschichte, der reizvollen Landschaften und seinen vielen Attraktionen ist S\u00fcdengland ein wahres Mekka f\u00fcr Urlauber&#8230;..<\/p><\/span> <span class=\"featured-link-holder\"> <span class=\"featured-extra-info\"> \n<p>Pers\u00f6nlich inspizierter Ferienh\u00e4user<\/p>\n<\/span> \n<p class=\"featured-link\">DETAILS<\/p>\n<\/span> <\/a><\/div>\n","protected":false},"excerpt":{"rendered":"<p>Schloss Arundel befindet sich auf einem H\u00fcgel in Westsussex mit herrlichem Blick \u00fcber die South Downs. Es wurde Ende des 11. Jahrhunderts gegr\u00fcndet und blieb \u00fcber 850 Jahre lang das Familienzuhause der Herzoge von Norfolk. Eine Vielzahl der Originalteile sind erhalten, doch in den 1870ern und 1890ern wurde das Haus erneuert und gilt heute als [&hellip;]<\/p>\n","protected":false},"author":1,"featured_media":0,"parent":0,"menu_order":0,"comment_status":"closed","ping_status":"closed","template":"single-four.php","meta":[],"acf":[],"yoast_head":"<!-- This site is optimized with the Yoast SEO plugin v19.4 - https:\/\/yoast.com\/wordpress\/plugins\/seo\/ -->\n<title>Arundel Castle \u2013 West Sussex - Urlaub &amp; Reisen<\/title>\n<meta name=\"robots\" content=\"index, follow, max-snippet:-1, max-image-preview:large, max-video-preview:-1\" \/>\n<link rel=\"canonical\" href=\"https:\/\/www.urlaubcornwall.de\/blog\/arundel-castle-west-sussex\/\" \/>\n<meta property=\"og:locale\" content=\"en_US\" \/>\n<meta property=\"og:type\" content=\"article\" \/>\n<meta property=\"og:title\" content=\"Arundel Castle \u2013 West Sussex - Urlaub &amp; Reisen\" \/>\n<meta property=\"og:description\" content=\"Schloss Arundel befindet sich auf einem H\u00fcgel in Westsussex mit herrlichem Blick \u00fcber die South Downs. Es wurde Ende des 11. Jahrhunderts gegr\u00fcndet und blieb \u00fcber 850 Jahre lang das Familienzuhause der Herzoge von Norfolk. Eine Vielzahl der Originalteile sind erhalten, doch in den 1870ern und 1890ern wurde das Haus erneuert und gilt heute als [&hellip;]\" \/>\n<meta property=\"og:url\" content=\"https:\/\/www.urlaubcornwall.de\/blog\/arundel-castle-west-sussex\/\" \/>\n<meta property=\"og:site_name\" content=\"Urlaub &amp; Reisen\" \/>\n<meta property=\"article:modified_time\" content=\"2024-04-15T15:10:44+00:00\" \/>\n<meta property=\"og:image\" content=\"https:\/\/www.urlaubcornwall.de\/blog\/wp-content\/uploads\/2016\/01\/amberley-schloss-garten-2.jpg\" \/>\n<meta name=\"twitter:card\" content=\"summary\" \/>\n<meta name=\"twitter:label1\" content=\"Est. reading time\" \/>\n\t<meta name=\"twitter:data1\" content=\"1 minute\" \/>\n<script type=\"application\/ld+json\" class=\"yoast-schema-graph\">{\"@context\":\"https:\/\/schema.org\",\"@graph\":[{\"@type\":\"WebSite\",\"@id\":\"https:\/\/www.urlaubcornwall.de\/blog\/#website\",\"url\":\"https:\/\/www.urlaubcornwall.de\/blog\/\",\"name\":\"Urlaub &amp; Reisen\",\"description\":\"Urlaub, Reisen, Cornwall und S\u00fcdengland: eine perfekte Kombination\",\"potentialAction\":[{\"@type\":\"SearchAction\",\"target\":{\"@type\":\"EntryPoint\",\"urlTemplate\":\"https:\/\/www.urlaubcornwall.de\/blog\/?s={search_term_string}\"},\"query-input\":\"required name=search_term_string\"}],\"inLanguage\":\"en-US\"},{\"@type\":\"WebPage\",\"@id\":\"https:\/\/www.urlaubcornwall.de\/blog\/arundel-castle-west-sussex\/\",\"url\":\"https:\/\/www.urlaubcornwall.de\/blog\/arundel-castle-west-sussex\/\",\"name\":\"Arundel Castle \u2013 West Sussex - Urlaub &amp; Reisen\",\"isPartOf\":{\"@id\":\"https:\/\/www.urlaubcornwall.de\/blog\/#website\"},\"datePublished\":\"2020-10-29T11:03:12+00:00\",\"dateModified\":\"2024-04-15T15:10:44+00:00\",\"breadcrumb\":{\"@id\":\"https:\/\/www.urlaubcornwall.de\/blog\/arundel-castle-west-sussex\/#breadcrumb\"},\"inLanguage\":\"en-US\",\"potentialAction\":[{\"@type\":\"ReadAction\",\"target\":[\"https:\/\/www.urlaubcornwall.de\/blog\/arundel-castle-west-sussex\/\"]}]},{\"@type\":\"BreadcrumbList\",\"@id\":\"https:\/\/www.urlaubcornwall.de\/blog\/arundel-castle-west-sussex\/#breadcrumb\",\"itemListElement\":[{\"@type\":\"ListItem\",\"position\":1,\"name\":\"Home\",\"item\":\"https:\/\/www.urlaubcornwall.de\/blog\/\"},{\"@type\":\"ListItem\",\"position\":2,\"name\":\"Arundel Castle \u2013 West Sussex\"}]}]}<\/script>\n<!-- \/ Yoast SEO plugin. -->","yoast_head_json":{"title":"Arundel Castle \u2013 West Sussex - Urlaub &amp; Reisen","robots":{"index":"index","follow":"follow","max-snippet":"max-snippet:-1","max-image-preview":"max-image-preview:large","max-video-preview":"max-video-preview:-1"},"canonical":"https:\/\/www.urlaubcornwall.de\/blog\/arundel-castle-west-sussex\/","og_locale":"en_US","og_type":"article","og_title":"Arundel Castle \u2013 West Sussex - Urlaub &amp; Reisen","og_description":"Schloss Arundel befindet sich auf einem H\u00fcgel in Westsussex mit herrlichem Blick \u00fcber die South Downs. Es wurde Ende des 11. Jahrhunderts gegr\u00fcndet und blieb \u00fcber 850 Jahre lang das Familienzuhause der Herzoge von Norfolk. Eine Vielzahl der Originalteile sind erhalten, doch in den 1870ern und 1890ern wurde das Haus erneuert und gilt heute als [&hellip;]","og_url":"https:\/\/www.urlaubcornwall.de\/blog\/arundel-castle-west-sussex\/","og_site_name":"Urlaub &amp; Reisen","article_modified_time":"2024-04-15T15:10:44+00:00","og_image":[{"url":"https:\/\/www.urlaubcornwall.de\/blog\/wp-content\/uploads\/2016\/01\/amberley-schloss-garten-2.jpg"}],"twitter_card":"summary","twitter_misc":{"Est. reading time":"1 minute"},"schema":{"@context":"https:\/\/schema.org","@graph":[{"@type":"WebSite","@id":"https:\/\/www.urlaubcornwall.de\/blog\/#website","url":"https:\/\/www.urlaubcornwall.de\/blog\/","name":"Urlaub &amp; Reisen","description":"Urlaub, Reisen, Cornwall und S\u00fcdengland: eine perfekte Kombination","potentialAction":[{"@type":"SearchAction","target":{"@type":"EntryPoint","urlTemplate":"https:\/\/www.urlaubcornwall.de\/blog\/?s={search_term_string}"},"query-input":"required name=search_term_string"}],"inLanguage":"en-US"},{"@type":"WebPage","@id":"https:\/\/www.urlaubcornwall.de\/blog\/arundel-castle-west-sussex\/","url":"https:\/\/www.urlaubcornwall.de\/blog\/arundel-castle-west-sussex\/","name":"Arundel Castle \u2013 West Sussex - Urlaub &amp; Reisen","isPartOf":{"@id":"https:\/\/www.urlaubcornwall.de\/blog\/#website"},"datePublished":"2020-10-29T11:03:12+00:00","dateModified":"2024-04-15T15:10:44+00:00","breadcrumb":{"@id":"https:\/\/www.urlaubcornwall.de\/blog\/arundel-castle-west-sussex\/#breadcrumb"},"inLanguage":"en-US","potentialAction":[{"@type":"ReadAction","target":["https:\/\/www.urlaubcornwall.de\/blog\/arundel-castle-west-sussex\/"]}]},{"@type":"BreadcrumbList","@id":"https:\/\/www.urlaubcornwall.de\/blog\/arundel-castle-west-sussex\/#breadcrumb","itemListElement":[{"@type":"ListItem","position":1,"name":"Home","item":"https:\/\/www.urlaubcornwall.de\/blog\/"},{"@type":"ListItem","position":2,"name":"Arundel Castle \u2013 West Sussex"}]}]}},"_links":{"self":[{"href":"https:\/\/www.urlaubcornwall.de\/blog\/wp-json\/wp\/v2\/pages\/40980"}],"collection":[{"href":"https:\/\/www.urlaubcornwall.de\/blog\/wp-json\/wp\/v2\/pages"}],"about":[{"href":"https:\/\/www.urlaubcornwall.de\/blog\/wp-json\/wp\/v2\/types\/page"}],"author":[{"embeddable":true,"href":"https:\/\/www.urlaubcornwall.de\/blog\/wp-json\/wp\/v2\/users\/1"}],"replies":[{"embeddable":true,"href":"https:\/\/www.urlaubcornwall.de\/blog\/wp-json\/wp\/v2\/comments?post=40980"}],"version-history":[{"count":5,"href":"https:\/\/www.urlaubcornwall.de\/blog\/wp-json\/wp\/v2\/pages\/40980\/revisions"}],"predecessor-version":[{"id":49650,"href":"https:\/\/www.urlaubcornwall.de\/blog\/wp-json\/wp\/v2\/pages\/40980\/revisions\/49650"}],"wp:attachment":[{"href":"https:\/\/www.urlaubcornwall.de\/blog\/wp-json\/wp\/v2\/media?parent=40980"}],"curies":[{"name":"wp","href":"https:\/\/api.w.org\/{rel}","templated":true}]}}