{"id":40974,"date":"2020-10-29T11:00:53","date_gmt":"2020-10-29T11:00:53","guid":{"rendered":"https:\/\/www.urlaubcornwall.de\/blog\/?page_id=40974"},"modified":"2024-05-30T16:02:06","modified_gmt":"2024-05-30T16:02:06","slug":"osborne-house-isle-of-wight","status":"publish","type":"page","link":"https:\/\/www.urlaubcornwall.de\/blog\/osborne-house-isle-of-wight\/","title":{"rendered":"Osborne House \u2013 Isle of Wight"},"content":{"rendered":"<p><a href=\"https:\/\/www.urlaubcornwall.de\/blog\/wp-content\/uploads\/2024\/05\/osborne-house-isle-of-wight.jpg\"><img loading=\"lazy\" src=\"https:\/\/www.urlaubcornwall.de\/blog\/wp-content\/uploads\/2024\/05\/osborne-house-isle-of-wight.jpg\" alt=\"osborne house isle of wight\" width=\"750\" height=\"500\" class=\"alignnone size-full wp-image-50209\" srcset=\"https:\/\/www.urlaubcornwall.de\/blog\/wp-content\/uploads\/2024\/05\/osborne-house-isle-of-wight.jpg 750w, https:\/\/www.urlaubcornwall.de\/blog\/wp-content\/uploads\/2024\/05\/osborne-house-isle-of-wight-300x200.jpg 300w\" sizes=\"(max-width: 750px) 100vw, 750px\" \/><\/a><\/p>\n<p><a href=\"ttp:\/\/www.english-heritage.org.uk\/visit\/places\/osborne\/\"rel=\"nofollow\">Osborne House<\/a> bei Cowes auf der <a href=\"https:\/\/www.urlaubcornwall.de\/reiseziel\/isle-of-wight.php\">Isle of Wight<\/a> wurde als Sommerresidenz und l\u00e4ndlichen R\u00fcckzugsort f\u00fcr K\u00f6nigin Victoria und Prinz Albert erbaut. Das Haus wurde von Prinz Albert selbst designt im Stile eines italienischen Renaissance Palazzos mit Panoramablick \u00fcber Solent und einen privaten Strand. Die Prunkr\u00e4ume sind pomp\u00f6s und geben Einblick in das Familienleben von K\u00f6nigin Victoria, Prinz Albert und deren Kinder. Das Grundst\u00fcck dehnt sich \u00fcber 143 Hektar aus, samt formalen Terrassen, Mauerg\u00e4rten und ausladendem Park. Es gibt auch eine Schweizer H\u00fctte, wo die k\u00f6niglichen Kinder spielten und G\u00e4rten, wo sie Obst und Gem\u00fcse anbauten. K\u00f6nigin Victoria starb 1901 im Osborne House, und ihr Sohn Edward VII \u00fcbergab das Haus der Nation.<\/p>\n<p><a href=\"https:\/\/www.urlaubcornwall.de\/blog\/die-besten-herrenhaeuser-in-suedengland\/\">Top 10 besten Herrenh\u00e4user <\/a>, die es im S\u00fcden Englands zu besuchen gibt.<\/p>\n<div class=\"snippet\"> <a class=\"featured-item\" href=\"https:\/\/www.urlaubcornwall.de\/ferienhaeuser\/suedengland.php\"> <span class=\"image-holder\" style=\"background-image: url('https:\/\/www.urlaubcornwall.de\/blog\/wp-content\/uploads\/2024\/03\/ferienhaus-england-cornwall.jpg');\"><\/span> <span class=\"featured-content\"> \n<h2 class=\"featured-title\">Ferienh\u00e4user in den Cotswolds &#038; durch S\u00fcdengland<\/h2>\n<p class=\"featured-body\">Bei uns finden Sie Ferienh\u00e4user zum Verlieben &#8211; so einfach ist das! Dank seiner langen Geschichte, der reizvollen Landschaften und seinen vielen Attraktionen ist S\u00fcdengland ein wahres Mekka f\u00fcr Urlauber&#8230;..<\/p><\/span> <span class=\"featured-link-holder\"> <span class=\"featured-extra-info\"> \n<p>Pers\u00f6nlich inspizierter Ferienh\u00e4user<\/p>\n<\/span> \n<p class=\"featured-link\">DETAILS<\/p>\n<\/span> <\/a><\/div>\n","protected":false},"excerpt":{"rendered":"<p>Osborne House bei Cowes auf der Isle of Wight wurde als Sommerresidenz und l\u00e4ndlichen R\u00fcckzugsort f\u00fcr K\u00f6nigin Victoria und Prinz Albert erbaut. Das Haus wurde von Prinz Albert selbst designt im Stile eines italienischen Renaissance Palazzos mit Panoramablick \u00fcber Solent und einen privaten Strand. Die Prunkr\u00e4ume sind pomp\u00f6s und geben Einblick in das Familienleben von [&hellip;]<\/p>\n","protected":false},"author":1,"featured_media":0,"parent":0,"menu_order":0,"comment_status":"closed","ping_status":"closed","template":"single-four.php","meta":[],"acf":[],"yoast_head":"<!-- This site is optimized with the Yoast SEO plugin v19.4 - https:\/\/yoast.com\/wordpress\/plugins\/seo\/ -->\n<title>Osborne House \u2013 Isle of Wight - Urlaub &amp; Reisen<\/title>\n<meta name=\"robots\" content=\"index, follow, max-snippet:-1, max-image-preview:large, max-video-preview:-1\" \/>\n<link rel=\"canonical\" href=\"https:\/\/www.urlaubcornwall.de\/blog\/osborne-house-isle-of-wight\/\" \/>\n<meta property=\"og:locale\" content=\"en_US\" \/>\n<meta property=\"og:type\" content=\"article\" \/>\n<meta property=\"og:title\" content=\"Osborne House \u2013 Isle of Wight - Urlaub &amp; Reisen\" \/>\n<meta property=\"og:description\" content=\"Osborne House bei Cowes auf der Isle of Wight wurde als Sommerresidenz und l\u00e4ndlichen R\u00fcckzugsort f\u00fcr K\u00f6nigin Victoria und Prinz Albert erbaut. Das Haus wurde von Prinz Albert selbst designt im Stile eines italienischen Renaissance Palazzos mit Panoramablick \u00fcber Solent und einen privaten Strand. Die Prunkr\u00e4ume sind pomp\u00f6s und geben Einblick in das Familienleben von [&hellip;]\" \/>\n<meta property=\"og:url\" content=\"https:\/\/www.urlaubcornwall.de\/blog\/osborne-house-isle-of-wight\/\" \/>\n<meta property=\"og:site_name\" content=\"Urlaub &amp; Reisen\" \/>\n<meta property=\"article:modified_time\" content=\"2024-05-30T16:02:06+00:00\" \/>\n<meta property=\"og:image\" content=\"https:\/\/www.urlaubcornwall.de\/blog\/wp-content\/uploads\/2024\/05\/osborne-house-isle-of-wight.jpg\" \/>\n<meta name=\"twitter:card\" content=\"summary\" \/>\n<meta name=\"twitter:label1\" content=\"Est. reading time\" \/>\n\t<meta name=\"twitter:data1\" content=\"1 minute\" \/>\n<script type=\"application\/ld+json\" class=\"yoast-schema-graph\">{\"@context\":\"https:\/\/schema.org\",\"@graph\":[{\"@type\":\"WebSite\",\"@id\":\"https:\/\/www.urlaubcornwall.de\/blog\/#website\",\"url\":\"https:\/\/www.urlaubcornwall.de\/blog\/\",\"name\":\"Urlaub &amp; Reisen\",\"description\":\"Urlaub, Reisen, Cornwall und S\u00fcdengland: eine perfekte Kombination\",\"potentialAction\":[{\"@type\":\"SearchAction\",\"target\":{\"@type\":\"EntryPoint\",\"urlTemplate\":\"https:\/\/www.urlaubcornwall.de\/blog\/?s={search_term_string}\"},\"query-input\":\"required name=search_term_string\"}],\"inLanguage\":\"en-US\"},{\"@type\":\"WebPage\",\"@id\":\"https:\/\/www.urlaubcornwall.de\/blog\/osborne-house-isle-of-wight\/\",\"url\":\"https:\/\/www.urlaubcornwall.de\/blog\/osborne-house-isle-of-wight\/\",\"name\":\"Osborne House \u2013 Isle of Wight - Urlaub &amp; Reisen\",\"isPartOf\":{\"@id\":\"https:\/\/www.urlaubcornwall.de\/blog\/#website\"},\"datePublished\":\"2020-10-29T11:00:53+00:00\",\"dateModified\":\"2024-05-30T16:02:06+00:00\",\"breadcrumb\":{\"@id\":\"https:\/\/www.urlaubcornwall.de\/blog\/osborne-house-isle-of-wight\/#breadcrumb\"},\"inLanguage\":\"en-US\",\"potentialAction\":[{\"@type\":\"ReadAction\",\"target\":[\"https:\/\/www.urlaubcornwall.de\/blog\/osborne-house-isle-of-wight\/\"]}]},{\"@type\":\"BreadcrumbList\",\"@id\":\"https:\/\/www.urlaubcornwall.de\/blog\/osborne-house-isle-of-wight\/#breadcrumb\",\"itemListElement\":[{\"@type\":\"ListItem\",\"position\":1,\"name\":\"Home\",\"item\":\"https:\/\/www.urlaubcornwall.de\/blog\/\"},{\"@type\":\"ListItem\",\"position\":2,\"name\":\"Osborne House \u2013 Isle of Wight\"}]}]}<\/script>\n<!-- \/ Yoast SEO plugin. -->","yoast_head_json":{"title":"Osborne House \u2013 Isle of Wight - Urlaub &amp; Reisen","robots":{"index":"index","follow":"follow","max-snippet":"max-snippet:-1","max-image-preview":"max-image-preview:large","max-video-preview":"max-video-preview:-1"},"canonical":"https:\/\/www.urlaubcornwall.de\/blog\/osborne-house-isle-of-wight\/","og_locale":"en_US","og_type":"article","og_title":"Osborne House \u2013 Isle of Wight - Urlaub &amp; Reisen","og_description":"Osborne House bei Cowes auf der Isle of Wight wurde als Sommerresidenz und l\u00e4ndlichen R\u00fcckzugsort f\u00fcr K\u00f6nigin Victoria und Prinz Albert erbaut. Das Haus wurde von Prinz Albert selbst designt im Stile eines italienischen Renaissance Palazzos mit Panoramablick \u00fcber Solent und einen privaten Strand. Die Prunkr\u00e4ume sind pomp\u00f6s und geben Einblick in das Familienleben von [&hellip;]","og_url":"https:\/\/www.urlaubcornwall.de\/blog\/osborne-house-isle-of-wight\/","og_site_name":"Urlaub &amp; Reisen","article_modified_time":"2024-05-30T16:02:06+00:00","og_image":[{"url":"https:\/\/www.urlaubcornwall.de\/blog\/wp-content\/uploads\/2024\/05\/osborne-house-isle-of-wight.jpg"}],"twitter_card":"summary","twitter_misc":{"Est. reading time":"1 minute"},"schema":{"@context":"https:\/\/schema.org","@graph":[{"@type":"WebSite","@id":"https:\/\/www.urlaubcornwall.de\/blog\/#website","url":"https:\/\/www.urlaubcornwall.de\/blog\/","name":"Urlaub &amp; Reisen","description":"Urlaub, Reisen, Cornwall und S\u00fcdengland: eine perfekte Kombination","potentialAction":[{"@type":"SearchAction","target":{"@type":"EntryPoint","urlTemplate":"https:\/\/www.urlaubcornwall.de\/blog\/?s={search_term_string}"},"query-input":"required name=search_term_string"}],"inLanguage":"en-US"},{"@type":"WebPage","@id":"https:\/\/www.urlaubcornwall.de\/blog\/osborne-house-isle-of-wight\/","url":"https:\/\/www.urlaubcornwall.de\/blog\/osborne-house-isle-of-wight\/","name":"Osborne House \u2013 Isle of Wight - Urlaub &amp; Reisen","isPartOf":{"@id":"https:\/\/www.urlaubcornwall.de\/blog\/#website"},"datePublished":"2020-10-29T11:00:53+00:00","dateModified":"2024-05-30T16:02:06+00:00","breadcrumb":{"@id":"https:\/\/www.urlaubcornwall.de\/blog\/osborne-house-isle-of-wight\/#breadcrumb"},"inLanguage":"en-US","potentialAction":[{"@type":"ReadAction","target":["https:\/\/www.urlaubcornwall.de\/blog\/osborne-house-isle-of-wight\/"]}]},{"@type":"BreadcrumbList","@id":"https:\/\/www.urlaubcornwall.de\/blog\/osborne-house-isle-of-wight\/#breadcrumb","itemListElement":[{"@type":"ListItem","position":1,"name":"Home","item":"https:\/\/www.urlaubcornwall.de\/blog\/"},{"@type":"ListItem","position":2,"name":"Osborne House \u2013 Isle of Wight"}]}]}},"_links":{"self":[{"href":"https:\/\/www.urlaubcornwall.de\/blog\/wp-json\/wp\/v2\/pages\/40974"}],"collection":[{"href":"https:\/\/www.urlaubcornwall.de\/blog\/wp-json\/wp\/v2\/pages"}],"about":[{"href":"https:\/\/www.urlaubcornwall.de\/blog\/wp-json\/wp\/v2\/types\/page"}],"author":[{"embeddable":true,"href":"https:\/\/www.urlaubcornwall.de\/blog\/wp-json\/wp\/v2\/users\/1"}],"replies":[{"embeddable":true,"href":"https:\/\/www.urlaubcornwall.de\/blog\/wp-json\/wp\/v2\/comments?post=40974"}],"version-history":[{"count":6,"href":"https:\/\/www.urlaubcornwall.de\/blog\/wp-json\/wp\/v2\/pages\/40974\/revisions"}],"predecessor-version":[{"id":51177,"href":"https:\/\/www.urlaubcornwall.de\/blog\/wp-json\/wp\/v2\/pages\/40974\/revisions\/51177"}],"wp:attachment":[{"href":"https:\/\/www.urlaubcornwall.de\/blog\/wp-json\/wp\/v2\/media?parent=40974"}],"curies":[{"name":"wp","href":"https:\/\/api.w.org\/{rel}","templated":true}]}}