{"id":40972,"date":"2020-10-29T10:59:42","date_gmt":"2020-10-29T10:59:42","guid":{"rendered":"https:\/\/www.urlaubcornwall.de\/blog\/?page_id=40972"},"modified":"2024-04-16T10:08:13","modified_gmt":"2024-04-16T10:08:13","slug":"schloss-highclere-berkshire","status":"publish","type":"page","link":"https:\/\/www.urlaubcornwall.de\/blog\/schloss-highclere-berkshire\/","title":{"rendered":"Schloss Highclere \u2013 Berkshire"},"content":{"rendered":"<p><img loading=\"lazy\" class=\"aligncenter size-full wp-image-47847\" src=\"https:\/\/www.urlaubcornwall.de\/blog\/wp-content\/uploads\/2024\/03\/highclere-schloss.jpg\" alt=\"highclere-schloss\" width=\"750\" height=\"500\" srcset=\"https:\/\/www.urlaubcornwall.de\/blog\/wp-content\/uploads\/2024\/03\/highclere-schloss.jpg 750w, https:\/\/www.urlaubcornwall.de\/blog\/wp-content\/uploads\/2024\/03\/highclere-schloss-300x200.jpg 300w\" sizes=\"(max-width: 750px) 100vw, 750px\" \/><\/p>\n<p><a href=\"https:\/\/www.highclerecastle.co.uk\/\" rel=\"nofollow\">Schloss Highclere<\/a> wurde im jakobinischen Stil erbaut und ist der Landsitz des Herzogs und der Herzogin von Carnarvon. Die 1000 Ar Park und G\u00e4rten wurden von Capability Brown designt, dem Meister-Landschaftsdesigner des 18. Jahrhunderts, und bieten herrlichen Blick \u00fcber das sich sanft dahin schwingende Tiefland Nordhampshires und des Kennet Tals. Verpassen Sie die \u00c4gyptische Ausstellung nicht; die Kunstwerke wurden vom 5. Herzog von Carnarvon (*1866 \u2013 +1923) gekauft und gesammelt, der 1922 die Grabesst\u00e4tte des \u00e4gyptischen Pharaos Tutankhamun entdeckte. Schloss Highclere tauchte in zahlreichen Filmen und Fernseh\u00fcbertragungen auf, die ber\u00fchmteste und j\u00fcngste Verfilmung w\u00e4re Downton Abbey.<\/p>\n<p><a href=\"https:\/\/www.urlaubcornwall.de\/blog\/die-besten-herrenhaeuser-in-suedengland\/\">Top 10 besten Herrenh\u00e4user <\/a>, die es im S\u00fcden Englands zu besuchen gibt.<\/p>\n<div class=\"snippet\"> <a class=\"featured-item\" href=\"https:\/\/www.urlaubcornwall.de\/ferienhaeuser\/suedengland.php\"> <span class=\"image-holder\" style=\"background-image: url('https:\/\/www.urlaubcornwall.de\/blog\/wp-content\/uploads\/2018\/12\/ferienhaus-cornwall-mit-hund.jpg');\"><\/span> <span class=\"featured-content\"> \n<h2 class=\"featured-title\">Ferienh\u00e4user in S\u00fcdengland<\/h2>\n<p class=\"featured-body\">Bei uns finden Sie Ferienh\u00e4user zum Verlieben &#8211; so einfach ist das! Dank seiner langen Geschichte, der reizvollen Landschaften und seinen vielen Attraktionen ist S\u00fcdengland ein wahres Mekka f\u00fcr Urlauber&#8230;..<\/p><\/span> <span class=\"featured-link-holder\"> <span class=\"featured-extra-info\"> \n<p>Pers\u00f6nlich inspizierter Ferienh\u00e4user<\/p>\n<\/span> \n<p class=\"featured-link\">DETAILS<\/p>\n<\/span> <\/a><\/div>\n","protected":false},"excerpt":{"rendered":"<p>Schloss Highclere wurde im jakobinischen Stil erbaut und ist der Landsitz des Herzogs und der Herzogin von Carnarvon. Die 1000 Ar Park und G\u00e4rten wurden von Capability Brown designt, dem Meister-Landschaftsdesigner des 18. Jahrhunderts, und bieten herrlichen Blick \u00fcber das sich sanft dahin schwingende Tiefland Nordhampshires und des Kennet Tals. Verpassen Sie die \u00c4gyptische Ausstellung [&hellip;]<\/p>\n","protected":false},"author":1,"featured_media":0,"parent":0,"menu_order":0,"comment_status":"closed","ping_status":"closed","template":"single-four.php","meta":[],"acf":[],"yoast_head":"<!-- This site is optimized with the Yoast SEO plugin v19.4 - https:\/\/yoast.com\/wordpress\/plugins\/seo\/ -->\n<title>Schloss Highclere \u2013 Berkshire - Urlaub &amp; Reisen<\/title>\n<meta name=\"robots\" content=\"index, follow, max-snippet:-1, max-image-preview:large, max-video-preview:-1\" \/>\n<link rel=\"canonical\" href=\"https:\/\/www.urlaubcornwall.de\/blog\/schloss-highclere-berkshire\/\" \/>\n<meta property=\"og:locale\" content=\"en_US\" \/>\n<meta property=\"og:type\" content=\"article\" \/>\n<meta property=\"og:title\" content=\"Schloss Highclere \u2013 Berkshire - Urlaub &amp; Reisen\" \/>\n<meta property=\"og:description\" content=\"Schloss Highclere wurde im jakobinischen Stil erbaut und ist der Landsitz des Herzogs und der Herzogin von Carnarvon. Die 1000 Ar Park und G\u00e4rten wurden von Capability Brown designt, dem Meister-Landschaftsdesigner des 18. Jahrhunderts, und bieten herrlichen Blick \u00fcber das sich sanft dahin schwingende Tiefland Nordhampshires und des Kennet Tals. Verpassen Sie die \u00c4gyptische Ausstellung [&hellip;]\" \/>\n<meta property=\"og:url\" content=\"https:\/\/www.urlaubcornwall.de\/blog\/schloss-highclere-berkshire\/\" \/>\n<meta property=\"og:site_name\" content=\"Urlaub &amp; Reisen\" \/>\n<meta property=\"article:modified_time\" content=\"2024-04-16T10:08:13+00:00\" \/>\n<meta property=\"og:image\" content=\"https:\/\/www.urlaubcornwall.de\/blog\/wp-content\/uploads\/2024\/03\/highclere-schloss.jpg\" \/>\n<meta name=\"twitter:card\" content=\"summary\" \/>\n<meta name=\"twitter:label1\" content=\"Est. reading time\" \/>\n\t<meta name=\"twitter:data1\" content=\"1 minute\" \/>\n<script type=\"application\/ld+json\" class=\"yoast-schema-graph\">{\"@context\":\"https:\/\/schema.org\",\"@graph\":[{\"@type\":\"WebSite\",\"@id\":\"https:\/\/www.urlaubcornwall.de\/blog\/#website\",\"url\":\"https:\/\/www.urlaubcornwall.de\/blog\/\",\"name\":\"Urlaub &amp; Reisen\",\"description\":\"Urlaub, Reisen, Cornwall und S\u00fcdengland: eine perfekte Kombination\",\"potentialAction\":[{\"@type\":\"SearchAction\",\"target\":{\"@type\":\"EntryPoint\",\"urlTemplate\":\"https:\/\/www.urlaubcornwall.de\/blog\/?s={search_term_string}\"},\"query-input\":\"required name=search_term_string\"}],\"inLanguage\":\"en-US\"},{\"@type\":\"WebPage\",\"@id\":\"https:\/\/www.urlaubcornwall.de\/blog\/schloss-highclere-berkshire\/\",\"url\":\"https:\/\/www.urlaubcornwall.de\/blog\/schloss-highclere-berkshire\/\",\"name\":\"Schloss Highclere \u2013 Berkshire - Urlaub &amp; Reisen\",\"isPartOf\":{\"@id\":\"https:\/\/www.urlaubcornwall.de\/blog\/#website\"},\"datePublished\":\"2020-10-29T10:59:42+00:00\",\"dateModified\":\"2024-04-16T10:08:13+00:00\",\"breadcrumb\":{\"@id\":\"https:\/\/www.urlaubcornwall.de\/blog\/schloss-highclere-berkshire\/#breadcrumb\"},\"inLanguage\":\"en-US\",\"potentialAction\":[{\"@type\":\"ReadAction\",\"target\":[\"https:\/\/www.urlaubcornwall.de\/blog\/schloss-highclere-berkshire\/\"]}]},{\"@type\":\"BreadcrumbList\",\"@id\":\"https:\/\/www.urlaubcornwall.de\/blog\/schloss-highclere-berkshire\/#breadcrumb\",\"itemListElement\":[{\"@type\":\"ListItem\",\"position\":1,\"name\":\"Home\",\"item\":\"https:\/\/www.urlaubcornwall.de\/blog\/\"},{\"@type\":\"ListItem\",\"position\":2,\"name\":\"Schloss Highclere \u2013 Berkshire\"}]}]}<\/script>\n<!-- \/ Yoast SEO plugin. -->","yoast_head_json":{"title":"Schloss Highclere \u2013 Berkshire - Urlaub &amp; Reisen","robots":{"index":"index","follow":"follow","max-snippet":"max-snippet:-1","max-image-preview":"max-image-preview:large","max-video-preview":"max-video-preview:-1"},"canonical":"https:\/\/www.urlaubcornwall.de\/blog\/schloss-highclere-berkshire\/","og_locale":"en_US","og_type":"article","og_title":"Schloss Highclere \u2013 Berkshire - Urlaub &amp; Reisen","og_description":"Schloss Highclere wurde im jakobinischen Stil erbaut und ist der Landsitz des Herzogs und der Herzogin von Carnarvon. Die 1000 Ar Park und G\u00e4rten wurden von Capability Brown designt, dem Meister-Landschaftsdesigner des 18. Jahrhunderts, und bieten herrlichen Blick \u00fcber das sich sanft dahin schwingende Tiefland Nordhampshires und des Kennet Tals. Verpassen Sie die \u00c4gyptische Ausstellung [&hellip;]","og_url":"https:\/\/www.urlaubcornwall.de\/blog\/schloss-highclere-berkshire\/","og_site_name":"Urlaub &amp; Reisen","article_modified_time":"2024-04-16T10:08:13+00:00","og_image":[{"url":"https:\/\/www.urlaubcornwall.de\/blog\/wp-content\/uploads\/2024\/03\/highclere-schloss.jpg"}],"twitter_card":"summary","twitter_misc":{"Est. reading time":"1 minute"},"schema":{"@context":"https:\/\/schema.org","@graph":[{"@type":"WebSite","@id":"https:\/\/www.urlaubcornwall.de\/blog\/#website","url":"https:\/\/www.urlaubcornwall.de\/blog\/","name":"Urlaub &amp; Reisen","description":"Urlaub, Reisen, Cornwall und S\u00fcdengland: eine perfekte Kombination","potentialAction":[{"@type":"SearchAction","target":{"@type":"EntryPoint","urlTemplate":"https:\/\/www.urlaubcornwall.de\/blog\/?s={search_term_string}"},"query-input":"required name=search_term_string"}],"inLanguage":"en-US"},{"@type":"WebPage","@id":"https:\/\/www.urlaubcornwall.de\/blog\/schloss-highclere-berkshire\/","url":"https:\/\/www.urlaubcornwall.de\/blog\/schloss-highclere-berkshire\/","name":"Schloss Highclere \u2013 Berkshire - Urlaub &amp; Reisen","isPartOf":{"@id":"https:\/\/www.urlaubcornwall.de\/blog\/#website"},"datePublished":"2020-10-29T10:59:42+00:00","dateModified":"2024-04-16T10:08:13+00:00","breadcrumb":{"@id":"https:\/\/www.urlaubcornwall.de\/blog\/schloss-highclere-berkshire\/#breadcrumb"},"inLanguage":"en-US","potentialAction":[{"@type":"ReadAction","target":["https:\/\/www.urlaubcornwall.de\/blog\/schloss-highclere-berkshire\/"]}]},{"@type":"BreadcrumbList","@id":"https:\/\/www.urlaubcornwall.de\/blog\/schloss-highclere-berkshire\/#breadcrumb","itemListElement":[{"@type":"ListItem","position":1,"name":"Home","item":"https:\/\/www.urlaubcornwall.de\/blog\/"},{"@type":"ListItem","position":2,"name":"Schloss Highclere \u2013 Berkshire"}]}]}},"_links":{"self":[{"href":"https:\/\/www.urlaubcornwall.de\/blog\/wp-json\/wp\/v2\/pages\/40972"}],"collection":[{"href":"https:\/\/www.urlaubcornwall.de\/blog\/wp-json\/wp\/v2\/pages"}],"about":[{"href":"https:\/\/www.urlaubcornwall.de\/blog\/wp-json\/wp\/v2\/types\/page"}],"author":[{"embeddable":true,"href":"https:\/\/www.urlaubcornwall.de\/blog\/wp-json\/wp\/v2\/users\/1"}],"replies":[{"embeddable":true,"href":"https:\/\/www.urlaubcornwall.de\/blog\/wp-json\/wp\/v2\/comments?post=40972"}],"version-history":[{"count":5,"href":"https:\/\/www.urlaubcornwall.de\/blog\/wp-json\/wp\/v2\/pages\/40972\/revisions"}],"predecessor-version":[{"id":49874,"href":"https:\/\/www.urlaubcornwall.de\/blog\/wp-json\/wp\/v2\/pages\/40972\/revisions\/49874"}],"wp:attachment":[{"href":"https:\/\/www.urlaubcornwall.de\/blog\/wp-json\/wp\/v2\/media?parent=40972"}],"curies":[{"name":"wp","href":"https:\/\/api.w.org\/{rel}","templated":true}]}}