{"id":40970,"date":"2020-10-29T10:27:19","date_gmt":"2020-10-29T10:27:19","guid":{"rendered":"https:\/\/www.urlaubcornwall.de\/blog\/?page_id=40970"},"modified":"2024-05-30T16:02:40","modified_gmt":"2024-05-30T16:02:40","slug":"trelissick-in-der-naehe-truro-cornwall","status":"publish","type":"page","link":"https:\/\/www.urlaubcornwall.de\/blog\/trelissick-in-der-naehe-truro-cornwall\/","title":{"rendered":"Trelissick in der N\u00e4he Truro, Cornwall"},"content":{"rendered":"<p><a href=\"https:\/\/www.urlaubcornwall.de\/blog\/wp-content\/uploads\/2017\/08\/trelissick-hotels.jpg\"><img loading=\"lazy\" src=\"https:\/\/www.urlaubcornwall.de\/blog\/wp-content\/uploads\/2017\/08\/trelissick-hotels.jpg\" alt=\"romantische hotels cornwall\" width=\"744\" height=\"407\" class=\"alignnone size-full wp-image-28836\" srcset=\"https:\/\/www.urlaubcornwall.de\/blog\/wp-content\/uploads\/2017\/08\/trelissick-hotels.jpg 744w, https:\/\/www.urlaubcornwall.de\/blog\/wp-content\/uploads\/2017\/08\/trelissick-hotels-300x164.jpg 300w\" sizes=\"(max-width: 744px) 100vw, 744px\" \/><\/a><\/p>\n<p>Trelissick Haus bietet Panoramablick \u00fcber die Fal Flussm\u00fcndung und die sie umgebende wundersch\u00f6ne Landschaft.<br \/>\nBesucher k\u00f6nnen die Pfade erkunden, die durch den Waldlandgarten f\u00fchren hin zu <a href=\"https:\/\/www.urlaubcornwall.de\/gartenreise.php\">exotischen Pflanzen und formellen Rasenfl\u00e4chen<\/a>. Es gibt auch l\u00e4ngere Spazierwege hinunter zum Fluss. <a href=\"https:\/\/www.nationaltrust.org.uk\/trelissick\">Trelissick<\/a> ist ein feines Beispiel eines georgianischen Landhauses mit gro\u00dfen, mit Fensterl\u00e4den versehenen Fenstern und eindrucksvollen Kaminen. Das Haus und wundervolles Grundst\u00fcck eignen sich perfekt f\u00fcr einen Familienausflugstag in Cornwall.<\/p>\n<p><a href=\"https:\/\/www.urlaubcornwall.de\/blog\/national-trust-historische-haeuser-cornwall-devon\/\">Top 10 National Trust Historische H\u00e4user<\/a>, die es in Cornwall &#038; Devon zu besuchen gibt<\/p>\n<div class=\"snippet\"> <a class=\"featured-item\" href=\"https:\/\/www.urlaubcornwall.de\/ferienhaeuser\/cornwall.php\"> <span class=\"image-holder\" style=\"background-image: url('https:\/\/www.urlaubcornwall.de\/blog\/wp-content\/uploads\/2018\/12\/familienurlaub-corwnall-snippet.jpg');\"><\/span> <span class=\"featured-content\"> \n<h2 class=\"featured-title\">Ferienh\u00e4user in Cornwall am Meer<\/h2>\n<p class=\"featured-body\">Cornwall besitzt mehr K\u00fcstenlinien als jede andere Grafschaft und bietet einige der besten Str\u00e4nde, K\u00fcstenwanderwege und Klippenlandschaften, die man \u00fcberhaupt finden kann&#8230; <\/p><\/span> <span class=\"featured-link-holder\"> <span class=\"featured-extra-info\"> \n<p>F\u00fcr Paare, Familien &#038; Gruppen<\/p>\n<\/span> \n<p class=\"featured-link\">DETAILS<\/p>\n<\/span> <\/a><\/div>\n","protected":false},"excerpt":{"rendered":"<p>Trelissick Haus bietet Panoramablick \u00fcber die Fal Flussm\u00fcndung und die sie umgebende wundersch\u00f6ne Landschaft. Besucher k\u00f6nnen die Pfade erkunden, die durch den Waldlandgarten f\u00fchren hin zu exotischen Pflanzen und formellen Rasenfl\u00e4chen. Es gibt auch l\u00e4ngere Spazierwege hinunter zum Fluss. Trelissick ist ein feines Beispiel eines georgianischen Landhauses mit gro\u00dfen, mit Fensterl\u00e4den versehenen Fenstern und eindrucksvollen [&hellip;]<\/p>\n","protected":false},"author":1,"featured_media":0,"parent":0,"menu_order":0,"comment_status":"closed","ping_status":"closed","template":"single-four.php","meta":[],"acf":[],"yoast_head":"<!-- This site is optimized with the Yoast SEO plugin v19.4 - https:\/\/yoast.com\/wordpress\/plugins\/seo\/ -->\n<title>Trelissick in der N\u00e4he Truro, Cornwall - Urlaub &amp; Reisen<\/title>\n<meta name=\"robots\" content=\"index, follow, max-snippet:-1, max-image-preview:large, max-video-preview:-1\" \/>\n<link rel=\"canonical\" href=\"https:\/\/www.urlaubcornwall.de\/blog\/trelissick-in-der-naehe-truro-cornwall\/\" \/>\n<meta property=\"og:locale\" content=\"en_US\" \/>\n<meta property=\"og:type\" content=\"article\" \/>\n<meta property=\"og:title\" content=\"Trelissick in der N\u00e4he Truro, Cornwall - Urlaub &amp; Reisen\" \/>\n<meta property=\"og:description\" content=\"Trelissick Haus bietet Panoramablick \u00fcber die Fal Flussm\u00fcndung und die sie umgebende wundersch\u00f6ne Landschaft. Besucher k\u00f6nnen die Pfade erkunden, die durch den Waldlandgarten f\u00fchren hin zu exotischen Pflanzen und formellen Rasenfl\u00e4chen. Es gibt auch l\u00e4ngere Spazierwege hinunter zum Fluss. Trelissick ist ein feines Beispiel eines georgianischen Landhauses mit gro\u00dfen, mit Fensterl\u00e4den versehenen Fenstern und eindrucksvollen [&hellip;]\" \/>\n<meta property=\"og:url\" content=\"https:\/\/www.urlaubcornwall.de\/blog\/trelissick-in-der-naehe-truro-cornwall\/\" \/>\n<meta property=\"og:site_name\" content=\"Urlaub &amp; Reisen\" \/>\n<meta property=\"article:modified_time\" content=\"2024-05-30T16:02:40+00:00\" \/>\n<meta property=\"og:image\" content=\"https:\/\/www.urlaubcornwall.de\/blog\/wp-content\/uploads\/2017\/08\/trelissick-hotels.jpg\" \/>\n<meta name=\"twitter:card\" content=\"summary\" \/>\n<meta name=\"twitter:label1\" content=\"Est. reading time\" \/>\n\t<meta name=\"twitter:data1\" content=\"1 minute\" \/>\n<script type=\"application\/ld+json\" class=\"yoast-schema-graph\">{\"@context\":\"https:\/\/schema.org\",\"@graph\":[{\"@type\":\"WebSite\",\"@id\":\"https:\/\/www.urlaubcornwall.de\/blog\/#website\",\"url\":\"https:\/\/www.urlaubcornwall.de\/blog\/\",\"name\":\"Urlaub &amp; Reisen\",\"description\":\"Urlaub, Reisen, Cornwall und S\u00fcdengland: eine perfekte Kombination\",\"potentialAction\":[{\"@type\":\"SearchAction\",\"target\":{\"@type\":\"EntryPoint\",\"urlTemplate\":\"https:\/\/www.urlaubcornwall.de\/blog\/?s={search_term_string}\"},\"query-input\":\"required name=search_term_string\"}],\"inLanguage\":\"en-US\"},{\"@type\":\"WebPage\",\"@id\":\"https:\/\/www.urlaubcornwall.de\/blog\/trelissick-in-der-naehe-truro-cornwall\/\",\"url\":\"https:\/\/www.urlaubcornwall.de\/blog\/trelissick-in-der-naehe-truro-cornwall\/\",\"name\":\"Trelissick in der N\u00e4he Truro, Cornwall - Urlaub &amp; Reisen\",\"isPartOf\":{\"@id\":\"https:\/\/www.urlaubcornwall.de\/blog\/#website\"},\"datePublished\":\"2020-10-29T10:27:19+00:00\",\"dateModified\":\"2024-05-30T16:02:40+00:00\",\"breadcrumb\":{\"@id\":\"https:\/\/www.urlaubcornwall.de\/blog\/trelissick-in-der-naehe-truro-cornwall\/#breadcrumb\"},\"inLanguage\":\"en-US\",\"potentialAction\":[{\"@type\":\"ReadAction\",\"target\":[\"https:\/\/www.urlaubcornwall.de\/blog\/trelissick-in-der-naehe-truro-cornwall\/\"]}]},{\"@type\":\"BreadcrumbList\",\"@id\":\"https:\/\/www.urlaubcornwall.de\/blog\/trelissick-in-der-naehe-truro-cornwall\/#breadcrumb\",\"itemListElement\":[{\"@type\":\"ListItem\",\"position\":1,\"name\":\"Home\",\"item\":\"https:\/\/www.urlaubcornwall.de\/blog\/\"},{\"@type\":\"ListItem\",\"position\":2,\"name\":\"Trelissick in der N\u00e4he Truro, Cornwall\"}]}]}<\/script>\n<!-- \/ Yoast SEO plugin. -->","yoast_head_json":{"title":"Trelissick in der N\u00e4he Truro, Cornwall - Urlaub &amp; Reisen","robots":{"index":"index","follow":"follow","max-snippet":"max-snippet:-1","max-image-preview":"max-image-preview:large","max-video-preview":"max-video-preview:-1"},"canonical":"https:\/\/www.urlaubcornwall.de\/blog\/trelissick-in-der-naehe-truro-cornwall\/","og_locale":"en_US","og_type":"article","og_title":"Trelissick in der N\u00e4he Truro, Cornwall - Urlaub &amp; Reisen","og_description":"Trelissick Haus bietet Panoramablick \u00fcber die Fal Flussm\u00fcndung und die sie umgebende wundersch\u00f6ne Landschaft. Besucher k\u00f6nnen die Pfade erkunden, die durch den Waldlandgarten f\u00fchren hin zu exotischen Pflanzen und formellen Rasenfl\u00e4chen. Es gibt auch l\u00e4ngere Spazierwege hinunter zum Fluss. Trelissick ist ein feines Beispiel eines georgianischen Landhauses mit gro\u00dfen, mit Fensterl\u00e4den versehenen Fenstern und eindrucksvollen [&hellip;]","og_url":"https:\/\/www.urlaubcornwall.de\/blog\/trelissick-in-der-naehe-truro-cornwall\/","og_site_name":"Urlaub &amp; Reisen","article_modified_time":"2024-05-30T16:02:40+00:00","og_image":[{"url":"https:\/\/www.urlaubcornwall.de\/blog\/wp-content\/uploads\/2017\/08\/trelissick-hotels.jpg"}],"twitter_card":"summary","twitter_misc":{"Est. reading time":"1 minute"},"schema":{"@context":"https:\/\/schema.org","@graph":[{"@type":"WebSite","@id":"https:\/\/www.urlaubcornwall.de\/blog\/#website","url":"https:\/\/www.urlaubcornwall.de\/blog\/","name":"Urlaub &amp; Reisen","description":"Urlaub, Reisen, Cornwall und S\u00fcdengland: eine perfekte Kombination","potentialAction":[{"@type":"SearchAction","target":{"@type":"EntryPoint","urlTemplate":"https:\/\/www.urlaubcornwall.de\/blog\/?s={search_term_string}"},"query-input":"required name=search_term_string"}],"inLanguage":"en-US"},{"@type":"WebPage","@id":"https:\/\/www.urlaubcornwall.de\/blog\/trelissick-in-der-naehe-truro-cornwall\/","url":"https:\/\/www.urlaubcornwall.de\/blog\/trelissick-in-der-naehe-truro-cornwall\/","name":"Trelissick in der N\u00e4he Truro, Cornwall - Urlaub &amp; Reisen","isPartOf":{"@id":"https:\/\/www.urlaubcornwall.de\/blog\/#website"},"datePublished":"2020-10-29T10:27:19+00:00","dateModified":"2024-05-30T16:02:40+00:00","breadcrumb":{"@id":"https:\/\/www.urlaubcornwall.de\/blog\/trelissick-in-der-naehe-truro-cornwall\/#breadcrumb"},"inLanguage":"en-US","potentialAction":[{"@type":"ReadAction","target":["https:\/\/www.urlaubcornwall.de\/blog\/trelissick-in-der-naehe-truro-cornwall\/"]}]},{"@type":"BreadcrumbList","@id":"https:\/\/www.urlaubcornwall.de\/blog\/trelissick-in-der-naehe-truro-cornwall\/#breadcrumb","itemListElement":[{"@type":"ListItem","position":1,"name":"Home","item":"https:\/\/www.urlaubcornwall.de\/blog\/"},{"@type":"ListItem","position":2,"name":"Trelissick in der N\u00e4he Truro, Cornwall"}]}]}},"_links":{"self":[{"href":"https:\/\/www.urlaubcornwall.de\/blog\/wp-json\/wp\/v2\/pages\/40970"}],"collection":[{"href":"https:\/\/www.urlaubcornwall.de\/blog\/wp-json\/wp\/v2\/pages"}],"about":[{"href":"https:\/\/www.urlaubcornwall.de\/blog\/wp-json\/wp\/v2\/types\/page"}],"author":[{"embeddable":true,"href":"https:\/\/www.urlaubcornwall.de\/blog\/wp-json\/wp\/v2\/users\/1"}],"replies":[{"embeddable":true,"href":"https:\/\/www.urlaubcornwall.de\/blog\/wp-json\/wp\/v2\/comments?post=40970"}],"version-history":[{"count":3,"href":"https:\/\/www.urlaubcornwall.de\/blog\/wp-json\/wp\/v2\/pages\/40970\/revisions"}],"predecessor-version":[{"id":51178,"href":"https:\/\/www.urlaubcornwall.de\/blog\/wp-json\/wp\/v2\/pages\/40970\/revisions\/51178"}],"wp:attachment":[{"href":"https:\/\/www.urlaubcornwall.de\/blog\/wp-json\/wp\/v2\/media?parent=40970"}],"curies":[{"name":"wp","href":"https:\/\/api.w.org\/{rel}","templated":true}]}}