{"id":40962,"date":"2020-10-29T10:16:48","date_gmt":"2020-10-29T10:16:48","guid":{"rendered":"https:\/\/www.urlaubcornwall.de\/blog\/?page_id=40962"},"modified":"2024-03-08T10:29:17","modified_gmt":"2024-03-08T10:29:17","slug":"st-michaels-mount-in-der-naehe-marazion-cornwall","status":"publish","type":"page","link":"https:\/\/www.urlaubcornwall.de\/blog\/st-michaels-mount-in-der-naehe-marazion-cornwall\/","title":{"rendered":"St Michael\u2019s Mount in der N\u00e4he Marazion, Cornwall"},"content":{"rendered":"<p><img loading=\"lazy\" class=\"aligncenter size-full wp-image-47921\" src=\"https:\/\/www.urlaubcornwall.de\/blog\/wp-content\/uploads\/2024\/03\/marazion_und-st-michaels-mount-1.jpg\" alt=\"marazion_und st michaels mount\" width=\"750\" height=\"500\" srcset=\"https:\/\/www.urlaubcornwall.de\/blog\/wp-content\/uploads\/2024\/03\/marazion_und-st-michaels-mount-1.jpg 750w, https:\/\/www.urlaubcornwall.de\/blog\/wp-content\/uploads\/2024\/03\/marazion_und-st-michaels-mount-1-300x200.jpg 300w\" sizes=\"(max-width: 750px) 100vw, 750px\" \/><\/p>\n<p>Diese ikonische felsige Insel mit ihrer mittelalterlichen Kirche und dem Schloss ist noch immer das Zuhause der St Aubyn Familie und einer Gemeinde von circa 30 Inselbewohnern. Es gibt einen subtropischen, terrassenf\u00f6rmig angelegten Garten zu erkunden, und von den Schlosszinnen aus haben Sie einen <a href=\"https:\/\/www.stmichaelsmount.co.uk\/\">spektakul\u00e4ren Blick \u00fcber die Mounts Bucht<\/a> und die <a href=\"https:\/\/www.urlaubcornwall.de\/ferienhaeuser-fewos\/lizard-halbinsel.html\">Lizard Halbinsel<\/a>. Bei Ebbe k\u00f6nnen Sie von Marazion aus \u00fcber den alten gepflasterten Steg gehen. Bei Flut werden Sie mit einem Boot zur Insel gebracht.<\/p>\n<p><a href=\"https:\/\/www.urlaubcornwall.de\/blog\/national-trust-historische-haeuser-cornwall-devon\/\">Top 10 National Trust Historische H\u00e4user<\/a>, die es in Cornwall &#038; Devon zu besuchen gibt.<\/p>\n<div class=\"snippet\"> <a class=\"featured-item\" href=\"https:\/\/www.urlaubcornwall.de\/ferienhaeuser\/cornwall.php\"> <span class=\"image-holder\" style=\"background-image: url('https:\/\/www.urlaubcornwall.de\/blog\/wp-content\/uploads\/2018\/12\/familienurlaub-corwnall-snippet.jpg');\"><\/span> <span class=\"featured-content\"> \n<h2 class=\"featured-title\">Ferienh\u00e4user in Cornwall am Meer<\/h2>\n<p class=\"featured-body\">Cornwall besitzt mehr K\u00fcstenlinien als jede andere Grafschaft und bietet einige der besten Str\u00e4nde, K\u00fcstenwanderwege und Klippenlandschaften, die man \u00fcberhaupt finden kann&#8230; <\/p><\/span> <span class=\"featured-link-holder\"> <span class=\"featured-extra-info\"> \n<p>F\u00fcr Paare, Familien &#038; Gruppen<\/p>\n<\/span> \n<p class=\"featured-link\">DETAILS<\/p>\n<\/span> <\/a><\/div>\n","protected":false},"excerpt":{"rendered":"<p>Diese ikonische felsige Insel mit ihrer mittelalterlichen Kirche und dem Schloss ist noch immer das Zuhause der St Aubyn Familie und einer Gemeinde von circa 30 Inselbewohnern. Es gibt einen subtropischen, terrassenf\u00f6rmig angelegten Garten zu erkunden, und von den Schlosszinnen aus haben Sie einen spektakul\u00e4ren Blick \u00fcber die Mounts Bucht und die Lizard Halbinsel. Bei [&hellip;]<\/p>\n","protected":false},"author":1,"featured_media":0,"parent":0,"menu_order":0,"comment_status":"closed","ping_status":"closed","template":"single-four.php","meta":[],"acf":[],"yoast_head":"<!-- This site is optimized with the Yoast SEO plugin v19.4 - https:\/\/yoast.com\/wordpress\/plugins\/seo\/ -->\n<title>St Michael\u2019s Mount in der N\u00e4he Marazion, Cornwall - Urlaub &amp; Reisen<\/title>\n<meta name=\"robots\" content=\"index, follow, max-snippet:-1, max-image-preview:large, max-video-preview:-1\" \/>\n<link rel=\"canonical\" href=\"https:\/\/www.urlaubcornwall.de\/blog\/st-michaels-mount-in-der-naehe-marazion-cornwall\/\" \/>\n<meta property=\"og:locale\" content=\"en_US\" \/>\n<meta property=\"og:type\" content=\"article\" \/>\n<meta property=\"og:title\" content=\"St Michael\u2019s Mount in der N\u00e4he Marazion, Cornwall - Urlaub &amp; Reisen\" \/>\n<meta property=\"og:description\" content=\"Diese ikonische felsige Insel mit ihrer mittelalterlichen Kirche und dem Schloss ist noch immer das Zuhause der St Aubyn Familie und einer Gemeinde von circa 30 Inselbewohnern. Es gibt einen subtropischen, terrassenf\u00f6rmig angelegten Garten zu erkunden, und von den Schlosszinnen aus haben Sie einen spektakul\u00e4ren Blick \u00fcber die Mounts Bucht und die Lizard Halbinsel. Bei [&hellip;]\" \/>\n<meta property=\"og:url\" content=\"https:\/\/www.urlaubcornwall.de\/blog\/st-michaels-mount-in-der-naehe-marazion-cornwall\/\" \/>\n<meta property=\"og:site_name\" content=\"Urlaub &amp; Reisen\" \/>\n<meta property=\"article:modified_time\" content=\"2024-03-08T10:29:17+00:00\" \/>\n<meta property=\"og:image\" content=\"https:\/\/www.urlaubcornwall.de\/blog\/wp-content\/uploads\/2024\/03\/marazion_und-st-michaels-mount-1.jpg\" \/>\n<meta name=\"twitter:card\" content=\"summary\" \/>\n<meta name=\"twitter:label1\" content=\"Est. reading time\" \/>\n\t<meta name=\"twitter:data1\" content=\"1 minute\" \/>\n<script type=\"application\/ld+json\" class=\"yoast-schema-graph\">{\"@context\":\"https:\/\/schema.org\",\"@graph\":[{\"@type\":\"WebSite\",\"@id\":\"https:\/\/www.urlaubcornwall.de\/blog\/#website\",\"url\":\"https:\/\/www.urlaubcornwall.de\/blog\/\",\"name\":\"Urlaub &amp; Reisen\",\"description\":\"Urlaub, Reisen, Cornwall und S\u00fcdengland: eine perfekte Kombination\",\"potentialAction\":[{\"@type\":\"SearchAction\",\"target\":{\"@type\":\"EntryPoint\",\"urlTemplate\":\"https:\/\/www.urlaubcornwall.de\/blog\/?s={search_term_string}\"},\"query-input\":\"required name=search_term_string\"}],\"inLanguage\":\"en-US\"},{\"@type\":\"WebPage\",\"@id\":\"https:\/\/www.urlaubcornwall.de\/blog\/st-michaels-mount-in-der-naehe-marazion-cornwall\/\",\"url\":\"https:\/\/www.urlaubcornwall.de\/blog\/st-michaels-mount-in-der-naehe-marazion-cornwall\/\",\"name\":\"St Michael\u2019s Mount in der N\u00e4he Marazion, Cornwall - Urlaub &amp; Reisen\",\"isPartOf\":{\"@id\":\"https:\/\/www.urlaubcornwall.de\/blog\/#website\"},\"datePublished\":\"2020-10-29T10:16:48+00:00\",\"dateModified\":\"2024-03-08T10:29:17+00:00\",\"breadcrumb\":{\"@id\":\"https:\/\/www.urlaubcornwall.de\/blog\/st-michaels-mount-in-der-naehe-marazion-cornwall\/#breadcrumb\"},\"inLanguage\":\"en-US\",\"potentialAction\":[{\"@type\":\"ReadAction\",\"target\":[\"https:\/\/www.urlaubcornwall.de\/blog\/st-michaels-mount-in-der-naehe-marazion-cornwall\/\"]}]},{\"@type\":\"BreadcrumbList\",\"@id\":\"https:\/\/www.urlaubcornwall.de\/blog\/st-michaels-mount-in-der-naehe-marazion-cornwall\/#breadcrumb\",\"itemListElement\":[{\"@type\":\"ListItem\",\"position\":1,\"name\":\"Home\",\"item\":\"https:\/\/www.urlaubcornwall.de\/blog\/\"},{\"@type\":\"ListItem\",\"position\":2,\"name\":\"St Michael\u2019s Mount in der N\u00e4he Marazion, Cornwall\"}]}]}<\/script>\n<!-- \/ Yoast SEO plugin. -->","yoast_head_json":{"title":"St Michael\u2019s Mount in der N\u00e4he Marazion, Cornwall - Urlaub &amp; Reisen","robots":{"index":"index","follow":"follow","max-snippet":"max-snippet:-1","max-image-preview":"max-image-preview:large","max-video-preview":"max-video-preview:-1"},"canonical":"https:\/\/www.urlaubcornwall.de\/blog\/st-michaels-mount-in-der-naehe-marazion-cornwall\/","og_locale":"en_US","og_type":"article","og_title":"St Michael\u2019s Mount in der N\u00e4he Marazion, Cornwall - Urlaub &amp; Reisen","og_description":"Diese ikonische felsige Insel mit ihrer mittelalterlichen Kirche und dem Schloss ist noch immer das Zuhause der St Aubyn Familie und einer Gemeinde von circa 30 Inselbewohnern. Es gibt einen subtropischen, terrassenf\u00f6rmig angelegten Garten zu erkunden, und von den Schlosszinnen aus haben Sie einen spektakul\u00e4ren Blick \u00fcber die Mounts Bucht und die Lizard Halbinsel. Bei [&hellip;]","og_url":"https:\/\/www.urlaubcornwall.de\/blog\/st-michaels-mount-in-der-naehe-marazion-cornwall\/","og_site_name":"Urlaub &amp; Reisen","article_modified_time":"2024-03-08T10:29:17+00:00","og_image":[{"url":"https:\/\/www.urlaubcornwall.de\/blog\/wp-content\/uploads\/2024\/03\/marazion_und-st-michaels-mount-1.jpg"}],"twitter_card":"summary","twitter_misc":{"Est. reading time":"1 minute"},"schema":{"@context":"https:\/\/schema.org","@graph":[{"@type":"WebSite","@id":"https:\/\/www.urlaubcornwall.de\/blog\/#website","url":"https:\/\/www.urlaubcornwall.de\/blog\/","name":"Urlaub &amp; Reisen","description":"Urlaub, Reisen, Cornwall und S\u00fcdengland: eine perfekte Kombination","potentialAction":[{"@type":"SearchAction","target":{"@type":"EntryPoint","urlTemplate":"https:\/\/www.urlaubcornwall.de\/blog\/?s={search_term_string}"},"query-input":"required name=search_term_string"}],"inLanguage":"en-US"},{"@type":"WebPage","@id":"https:\/\/www.urlaubcornwall.de\/blog\/st-michaels-mount-in-der-naehe-marazion-cornwall\/","url":"https:\/\/www.urlaubcornwall.de\/blog\/st-michaels-mount-in-der-naehe-marazion-cornwall\/","name":"St Michael\u2019s Mount in der N\u00e4he Marazion, Cornwall - Urlaub &amp; Reisen","isPartOf":{"@id":"https:\/\/www.urlaubcornwall.de\/blog\/#website"},"datePublished":"2020-10-29T10:16:48+00:00","dateModified":"2024-03-08T10:29:17+00:00","breadcrumb":{"@id":"https:\/\/www.urlaubcornwall.de\/blog\/st-michaels-mount-in-der-naehe-marazion-cornwall\/#breadcrumb"},"inLanguage":"en-US","potentialAction":[{"@type":"ReadAction","target":["https:\/\/www.urlaubcornwall.de\/blog\/st-michaels-mount-in-der-naehe-marazion-cornwall\/"]}]},{"@type":"BreadcrumbList","@id":"https:\/\/www.urlaubcornwall.de\/blog\/st-michaels-mount-in-der-naehe-marazion-cornwall\/#breadcrumb","itemListElement":[{"@type":"ListItem","position":1,"name":"Home","item":"https:\/\/www.urlaubcornwall.de\/blog\/"},{"@type":"ListItem","position":2,"name":"St Michael\u2019s Mount in der N\u00e4he Marazion, Cornwall"}]}]}},"_links":{"self":[{"href":"https:\/\/www.urlaubcornwall.de\/blog\/wp-json\/wp\/v2\/pages\/40962"}],"collection":[{"href":"https:\/\/www.urlaubcornwall.de\/blog\/wp-json\/wp\/v2\/pages"}],"about":[{"href":"https:\/\/www.urlaubcornwall.de\/blog\/wp-json\/wp\/v2\/types\/page"}],"author":[{"embeddable":true,"href":"https:\/\/www.urlaubcornwall.de\/blog\/wp-json\/wp\/v2\/users\/1"}],"replies":[{"embeddable":true,"href":"https:\/\/www.urlaubcornwall.de\/blog\/wp-json\/wp\/v2\/comments?post=40962"}],"version-history":[{"count":4,"href":"https:\/\/www.urlaubcornwall.de\/blog\/wp-json\/wp\/v2\/pages\/40962\/revisions"}],"predecessor-version":[{"id":47923,"href":"https:\/\/www.urlaubcornwall.de\/blog\/wp-json\/wp\/v2\/pages\/40962\/revisions\/47923"}],"wp:attachment":[{"href":"https:\/\/www.urlaubcornwall.de\/blog\/wp-json\/wp\/v2\/media?parent=40962"}],"curies":[{"name":"wp","href":"https:\/\/api.w.org\/{rel}","templated":true}]}}