{"id":40959,"date":"2020-10-29T10:15:19","date_gmt":"2020-10-29T10:15:19","guid":{"rendered":"https:\/\/www.urlaubcornwall.de\/blog\/?page_id=40959"},"modified":"2024-04-15T15:37:51","modified_gmt":"2024-04-15T15:37:51","slug":"coleton-fishacre-in-der-naehe-kingswear-devon","status":"publish","type":"page","link":"https:\/\/www.urlaubcornwall.de\/blog\/coleton-fishacre-in-der-naehe-kingswear-devon\/","title":{"rendered":"Coleton Fishacre in der N\u00e4he Kingswear, Devon"},"content":{"rendered":"<p><img loading=\"lazy\" class=\"aligncenter size-full wp-image-48828\" src=\"https:\/\/www.urlaubcornwall.de\/blog\/wp-content\/uploads\/2024\/04\/Coleton-Fishacre.jpg\" alt=\"\" width=\"750\" height=\"424\" srcset=\"https:\/\/www.urlaubcornwall.de\/blog\/wp-content\/uploads\/2024\/04\/Coleton-Fishacre.jpg 750w, https:\/\/www.urlaubcornwall.de\/blog\/wp-content\/uploads\/2024\/04\/Coleton-Fishacre-300x170.jpg 300w\" sizes=\"(max-width: 750px) 100vw, 750px\" \/><\/p>\n<p>Dieses <a href=\"https:\/\/www.nationaltrust.org.uk\/coleton-fishacre\">Haus am Meer<\/a> aus den 1920ern im Kunst- und Handwerksstil ist bekannt f\u00fcr seine Art Deco Inneneinrichtung und die G\u00e4rten. Es war einst der Landsitz der D\u2019Oly Carte Familie; und das Haus bietet Einblick in den klassischen \u2018oben und unten\u2019 Lebensstil. Die G\u00e4rten sind voller seltener und exotischer Pflanzen von Neuseeland und S\u00fcdafrika, die im milden Klima S\u00fcddevons und der <a href=\"https:\/\/www.urlaubcornwall.de\/ferienhaeuser-fewos\/englische-riviera.html\">Englischen Riviera<\/a> gedeihen.<\/p>\n<p><a href=\"https:\/\/www.urlaubcornwall.de\/blog\/national-trust-historische-haeuser-cornwall-devon\/\">Top 10 National Trust Historische H\u00e4user<\/a>, die es in Cornwall &#038; Devon zu besuchen gibt.<\/p>\n<div class=\"snippet\"> <a class=\"featured-item\" href=\"https:\/\/www.urlaubcornwall.de\/ferienhaeuser\/suedengland.php\"> <span class=\"image-holder\" style=\"background-image: url('https:\/\/www.urlaubcornwall.de\/blog\/wp-content\/uploads\/2018\/12\/ferienhaus-cornwall-mit-hund.jpg');\"><\/span> <span class=\"featured-content\"> \n<h2 class=\"featured-title\">Ferienh\u00e4user in S\u00fcdengland<\/h2>\n<p class=\"featured-body\">Bei uns finden Sie Ferienh\u00e4user zum Verlieben &#8211; so einfach ist das! Dank seiner langen Geschichte, der reizvollen Landschaften und seinen vielen Attraktionen ist S\u00fcdengland ein wahres Mekka f\u00fcr Urlauber&#8230;..<\/p><\/span> <span class=\"featured-link-holder\"> <span class=\"featured-extra-info\"> \n<p>Pers\u00f6nlich inspizierter Ferienh\u00e4user<\/p>\n<\/span> \n<p class=\"featured-link\">DETAILS<\/p>\n<\/span> <\/a><\/div>\n","protected":false},"excerpt":{"rendered":"<p>Dieses Haus am Meer aus den 1920ern im Kunst- und Handwerksstil ist bekannt f\u00fcr seine Art Deco Inneneinrichtung und die G\u00e4rten. Es war einst der Landsitz der D\u2019Oly Carte Familie; und das Haus bietet Einblick in den klassischen \u2018oben und unten\u2019 Lebensstil. Die G\u00e4rten sind voller seltener und exotischer Pflanzen von Neuseeland und S\u00fcdafrika, die [&hellip;]<\/p>\n","protected":false},"author":1,"featured_media":0,"parent":0,"menu_order":0,"comment_status":"closed","ping_status":"closed","template":"single-four.php","meta":[],"acf":[],"yoast_head":"<!-- This site is optimized with the Yoast SEO plugin v19.4 - https:\/\/yoast.com\/wordpress\/plugins\/seo\/ -->\n<title>Coleton Fishacre in der N\u00e4he Kingswear, Devon - Urlaub &amp; Reisen<\/title>\n<meta name=\"robots\" content=\"index, follow, max-snippet:-1, max-image-preview:large, max-video-preview:-1\" \/>\n<link rel=\"canonical\" href=\"https:\/\/www.urlaubcornwall.de\/blog\/coleton-fishacre-in-der-naehe-kingswear-devon\/\" \/>\n<meta property=\"og:locale\" content=\"en_US\" \/>\n<meta property=\"og:type\" content=\"article\" \/>\n<meta property=\"og:title\" content=\"Coleton Fishacre in der N\u00e4he Kingswear, Devon - Urlaub &amp; Reisen\" \/>\n<meta property=\"og:description\" content=\"Dieses Haus am Meer aus den 1920ern im Kunst- und Handwerksstil ist bekannt f\u00fcr seine Art Deco Inneneinrichtung und die G\u00e4rten. Es war einst der Landsitz der D\u2019Oly Carte Familie; und das Haus bietet Einblick in den klassischen \u2018oben und unten\u2019 Lebensstil. Die G\u00e4rten sind voller seltener und exotischer Pflanzen von Neuseeland und S\u00fcdafrika, die [&hellip;]\" \/>\n<meta property=\"og:url\" content=\"https:\/\/www.urlaubcornwall.de\/blog\/coleton-fishacre-in-der-naehe-kingswear-devon\/\" \/>\n<meta property=\"og:site_name\" content=\"Urlaub &amp; Reisen\" \/>\n<meta property=\"article:modified_time\" content=\"2024-04-15T15:37:51+00:00\" \/>\n<meta property=\"og:image\" content=\"https:\/\/www.urlaubcornwall.de\/blog\/wp-content\/uploads\/2024\/04\/Coleton-Fishacre.jpg\" \/>\n<meta name=\"twitter:card\" content=\"summary\" \/>\n<meta name=\"twitter:label1\" content=\"Est. reading time\" \/>\n\t<meta name=\"twitter:data1\" content=\"1 minute\" \/>\n<script type=\"application\/ld+json\" class=\"yoast-schema-graph\">{\"@context\":\"https:\/\/schema.org\",\"@graph\":[{\"@type\":\"WebSite\",\"@id\":\"https:\/\/www.urlaubcornwall.de\/blog\/#website\",\"url\":\"https:\/\/www.urlaubcornwall.de\/blog\/\",\"name\":\"Urlaub &amp; Reisen\",\"description\":\"Urlaub, Reisen, Cornwall und S\u00fcdengland: eine perfekte Kombination\",\"potentialAction\":[{\"@type\":\"SearchAction\",\"target\":{\"@type\":\"EntryPoint\",\"urlTemplate\":\"https:\/\/www.urlaubcornwall.de\/blog\/?s={search_term_string}\"},\"query-input\":\"required name=search_term_string\"}],\"inLanguage\":\"en-US\"},{\"@type\":\"WebPage\",\"@id\":\"https:\/\/www.urlaubcornwall.de\/blog\/coleton-fishacre-in-der-naehe-kingswear-devon\/\",\"url\":\"https:\/\/www.urlaubcornwall.de\/blog\/coleton-fishacre-in-der-naehe-kingswear-devon\/\",\"name\":\"Coleton Fishacre in der N\u00e4he Kingswear, Devon - Urlaub &amp; Reisen\",\"isPartOf\":{\"@id\":\"https:\/\/www.urlaubcornwall.de\/blog\/#website\"},\"datePublished\":\"2020-10-29T10:15:19+00:00\",\"dateModified\":\"2024-04-15T15:37:51+00:00\",\"breadcrumb\":{\"@id\":\"https:\/\/www.urlaubcornwall.de\/blog\/coleton-fishacre-in-der-naehe-kingswear-devon\/#breadcrumb\"},\"inLanguage\":\"en-US\",\"potentialAction\":[{\"@type\":\"ReadAction\",\"target\":[\"https:\/\/www.urlaubcornwall.de\/blog\/coleton-fishacre-in-der-naehe-kingswear-devon\/\"]}]},{\"@type\":\"BreadcrumbList\",\"@id\":\"https:\/\/www.urlaubcornwall.de\/blog\/coleton-fishacre-in-der-naehe-kingswear-devon\/#breadcrumb\",\"itemListElement\":[{\"@type\":\"ListItem\",\"position\":1,\"name\":\"Home\",\"item\":\"https:\/\/www.urlaubcornwall.de\/blog\/\"},{\"@type\":\"ListItem\",\"position\":2,\"name\":\"Coleton Fishacre in der N\u00e4he Kingswear, Devon\"}]}]}<\/script>\n<!-- \/ Yoast SEO plugin. -->","yoast_head_json":{"title":"Coleton Fishacre in der N\u00e4he Kingswear, Devon - Urlaub &amp; Reisen","robots":{"index":"index","follow":"follow","max-snippet":"max-snippet:-1","max-image-preview":"max-image-preview:large","max-video-preview":"max-video-preview:-1"},"canonical":"https:\/\/www.urlaubcornwall.de\/blog\/coleton-fishacre-in-der-naehe-kingswear-devon\/","og_locale":"en_US","og_type":"article","og_title":"Coleton Fishacre in der N\u00e4he Kingswear, Devon - Urlaub &amp; Reisen","og_description":"Dieses Haus am Meer aus den 1920ern im Kunst- und Handwerksstil ist bekannt f\u00fcr seine Art Deco Inneneinrichtung und die G\u00e4rten. Es war einst der Landsitz der D\u2019Oly Carte Familie; und das Haus bietet Einblick in den klassischen \u2018oben und unten\u2019 Lebensstil. Die G\u00e4rten sind voller seltener und exotischer Pflanzen von Neuseeland und S\u00fcdafrika, die [&hellip;]","og_url":"https:\/\/www.urlaubcornwall.de\/blog\/coleton-fishacre-in-der-naehe-kingswear-devon\/","og_site_name":"Urlaub &amp; Reisen","article_modified_time":"2024-04-15T15:37:51+00:00","og_image":[{"url":"https:\/\/www.urlaubcornwall.de\/blog\/wp-content\/uploads\/2024\/04\/Coleton-Fishacre.jpg"}],"twitter_card":"summary","twitter_misc":{"Est. reading time":"1 minute"},"schema":{"@context":"https:\/\/schema.org","@graph":[{"@type":"WebSite","@id":"https:\/\/www.urlaubcornwall.de\/blog\/#website","url":"https:\/\/www.urlaubcornwall.de\/blog\/","name":"Urlaub &amp; Reisen","description":"Urlaub, Reisen, Cornwall und S\u00fcdengland: eine perfekte Kombination","potentialAction":[{"@type":"SearchAction","target":{"@type":"EntryPoint","urlTemplate":"https:\/\/www.urlaubcornwall.de\/blog\/?s={search_term_string}"},"query-input":"required name=search_term_string"}],"inLanguage":"en-US"},{"@type":"WebPage","@id":"https:\/\/www.urlaubcornwall.de\/blog\/coleton-fishacre-in-der-naehe-kingswear-devon\/","url":"https:\/\/www.urlaubcornwall.de\/blog\/coleton-fishacre-in-der-naehe-kingswear-devon\/","name":"Coleton Fishacre in der N\u00e4he Kingswear, Devon - Urlaub &amp; Reisen","isPartOf":{"@id":"https:\/\/www.urlaubcornwall.de\/blog\/#website"},"datePublished":"2020-10-29T10:15:19+00:00","dateModified":"2024-04-15T15:37:51+00:00","breadcrumb":{"@id":"https:\/\/www.urlaubcornwall.de\/blog\/coleton-fishacre-in-der-naehe-kingswear-devon\/#breadcrumb"},"inLanguage":"en-US","potentialAction":[{"@type":"ReadAction","target":["https:\/\/www.urlaubcornwall.de\/blog\/coleton-fishacre-in-der-naehe-kingswear-devon\/"]}]},{"@type":"BreadcrumbList","@id":"https:\/\/www.urlaubcornwall.de\/blog\/coleton-fishacre-in-der-naehe-kingswear-devon\/#breadcrumb","itemListElement":[{"@type":"ListItem","position":1,"name":"Home","item":"https:\/\/www.urlaubcornwall.de\/blog\/"},{"@type":"ListItem","position":2,"name":"Coleton Fishacre in der N\u00e4he Kingswear, Devon"}]}]}},"_links":{"self":[{"href":"https:\/\/www.urlaubcornwall.de\/blog\/wp-json\/wp\/v2\/pages\/40959"}],"collection":[{"href":"https:\/\/www.urlaubcornwall.de\/blog\/wp-json\/wp\/v2\/pages"}],"about":[{"href":"https:\/\/www.urlaubcornwall.de\/blog\/wp-json\/wp\/v2\/types\/page"}],"author":[{"embeddable":true,"href":"https:\/\/www.urlaubcornwall.de\/blog\/wp-json\/wp\/v2\/users\/1"}],"replies":[{"embeddable":true,"href":"https:\/\/www.urlaubcornwall.de\/blog\/wp-json\/wp\/v2\/comments?post=40959"}],"version-history":[{"count":6,"href":"https:\/\/www.urlaubcornwall.de\/blog\/wp-json\/wp\/v2\/pages\/40959\/revisions"}],"predecessor-version":[{"id":49704,"href":"https:\/\/www.urlaubcornwall.de\/blog\/wp-json\/wp\/v2\/pages\/40959\/revisions\/49704"}],"wp:attachment":[{"href":"https:\/\/www.urlaubcornwall.de\/blog\/wp-json\/wp\/v2\/media?parent=40959"}],"curies":[{"name":"wp","href":"https:\/\/api.w.org\/{rel}","templated":true}]}}