{"id":40954,"date":"2020-10-29T09:52:23","date_gmt":"2020-10-29T09:52:23","guid":{"rendered":"https:\/\/www.urlaubcornwall.de\/blog\/?page_id=40954"},"modified":"2024-05-30T16:03:50","modified_gmt":"2024-05-30T16:03:50","slug":"buckland-abbey-in-der-naehe-yelverton-devon","status":"publish","type":"page","link":"https:\/\/www.urlaubcornwall.de\/blog\/buckland-abbey-in-der-naehe-yelverton-devon\/","title":{"rendered":"Buckland Abbey in der N\u00e4he Yelverton, Devon"},"content":{"rendered":"<p>Einst das Zuhause der ber\u00fchmten Seefahrer-Abenteurer; Sir Richard Grenville und Sir Francis Drake; ist die 700 Jahre alte <a href=\"https:\/\/www.nationaltrust.org.uk\/buckland-abbey\">Buckland Abbey<\/a> tief verankert in Stattlichkeit und Geschichte. Es bietet sich ein Blick \u00fcber das Tavy Tal mit seinen alten Waldgebieten und Wildblumenwiesen. Die G\u00e4rten sollten Sie nicht vers\u00e4umen; den ummauerten Kr\u00e4utergarten, den Cider House Garten und den Wildblumengarten, die das ganze Jahr \u00fcber Farbe bieten; und vom <a href=\"https:\/\/www.urlaubcornwall.de\/gartenreise.php\">Elisabethanischen Garten<\/a> aus haben Sie einen herrlichen Blick auf die Abtei.<\/p>\n<p><a href=\"https:\/\/www.urlaubcornwall.de\/blog\/national-trust-historische-haeuser-cornwall-devon\/\">Top 10 National Trust Historische H\u00e4user<\/a>, die es in Cornwall &#038; Devon zu besuchen gibt.<\/p>\n<div class=\"snippet\"> <a class=\"featured-item\" href=\"https:\/\/www.urlaubcornwall.de\/ferienhaeuser\/suedengland.php\"> <span class=\"image-holder\" style=\"background-image: url('https:\/\/www.urlaubcornwall.de\/blog\/wp-content\/uploads\/2018\/12\/ferienhaus-cornwall-mit-hund.jpg');\"><\/span> <span class=\"featured-content\"> \n<h2 class=\"featured-title\">Ferienh\u00e4user in S\u00fcdengland<\/h2>\n<p class=\"featured-body\">Bei uns finden Sie Ferienh\u00e4user zum Verlieben &#8211; so einfach ist das! Dank seiner langen Geschichte, der reizvollen Landschaften und seinen vielen Attraktionen ist S\u00fcdengland ein wahres Mekka f\u00fcr Urlauber&#8230;..<\/p><\/span> <span class=\"featured-link-holder\"> <span class=\"featured-extra-info\"> \n<p>Pers\u00f6nlich inspizierter Ferienh\u00e4user<\/p>\n<\/span> \n<p class=\"featured-link\">DETAILS<\/p>\n<\/span> <\/a><\/div>\n","protected":false},"excerpt":{"rendered":"<p>Einst das Zuhause der ber\u00fchmten Seefahrer-Abenteurer; Sir Richard Grenville und Sir Francis Drake; ist die 700 Jahre alte Buckland Abbey tief verankert in Stattlichkeit und Geschichte. Es bietet sich ein Blick \u00fcber das Tavy Tal mit seinen alten Waldgebieten und Wildblumenwiesen. Die G\u00e4rten sollten Sie nicht vers\u00e4umen; den ummauerten Kr\u00e4utergarten, den Cider House Garten und [&hellip;]<\/p>\n","protected":false},"author":1,"featured_media":0,"parent":0,"menu_order":0,"comment_status":"closed","ping_status":"closed","template":"single-four.php","meta":[],"acf":[],"yoast_head":"<!-- This site is optimized with the Yoast SEO plugin v19.4 - https:\/\/yoast.com\/wordpress\/plugins\/seo\/ -->\n<title>Buckland Abbey in der N\u00e4he Yelverton, Devon - Urlaub &amp; Reisen<\/title>\n<meta name=\"robots\" content=\"index, follow, max-snippet:-1, max-image-preview:large, max-video-preview:-1\" \/>\n<link rel=\"canonical\" href=\"https:\/\/www.urlaubcornwall.de\/blog\/buckland-abbey-in-der-naehe-yelverton-devon\/\" \/>\n<meta property=\"og:locale\" content=\"en_US\" \/>\n<meta property=\"og:type\" content=\"article\" \/>\n<meta property=\"og:title\" content=\"Buckland Abbey in der N\u00e4he Yelverton, Devon - Urlaub &amp; Reisen\" \/>\n<meta property=\"og:description\" content=\"Einst das Zuhause der ber\u00fchmten Seefahrer-Abenteurer; Sir Richard Grenville und Sir Francis Drake; ist die 700 Jahre alte Buckland Abbey tief verankert in Stattlichkeit und Geschichte. Es bietet sich ein Blick \u00fcber das Tavy Tal mit seinen alten Waldgebieten und Wildblumenwiesen. Die G\u00e4rten sollten Sie nicht vers\u00e4umen; den ummauerten Kr\u00e4utergarten, den Cider House Garten und [&hellip;]\" \/>\n<meta property=\"og:url\" content=\"https:\/\/www.urlaubcornwall.de\/blog\/buckland-abbey-in-der-naehe-yelverton-devon\/\" \/>\n<meta property=\"og:site_name\" content=\"Urlaub &amp; Reisen\" \/>\n<meta property=\"article:modified_time\" content=\"2024-05-30T16:03:50+00:00\" \/>\n<meta name=\"twitter:card\" content=\"summary\" \/>\n<meta name=\"twitter:label1\" content=\"Est. reading time\" \/>\n\t<meta name=\"twitter:data1\" content=\"1 minute\" \/>\n<script type=\"application\/ld+json\" class=\"yoast-schema-graph\">{\"@context\":\"https:\/\/schema.org\",\"@graph\":[{\"@type\":\"WebSite\",\"@id\":\"https:\/\/www.urlaubcornwall.de\/blog\/#website\",\"url\":\"https:\/\/www.urlaubcornwall.de\/blog\/\",\"name\":\"Urlaub &amp; Reisen\",\"description\":\"Urlaub, Reisen, Cornwall und S\u00fcdengland: eine perfekte Kombination\",\"potentialAction\":[{\"@type\":\"SearchAction\",\"target\":{\"@type\":\"EntryPoint\",\"urlTemplate\":\"https:\/\/www.urlaubcornwall.de\/blog\/?s={search_term_string}\"},\"query-input\":\"required name=search_term_string\"}],\"inLanguage\":\"en-US\"},{\"@type\":\"WebPage\",\"@id\":\"https:\/\/www.urlaubcornwall.de\/blog\/buckland-abbey-in-der-naehe-yelverton-devon\/\",\"url\":\"https:\/\/www.urlaubcornwall.de\/blog\/buckland-abbey-in-der-naehe-yelverton-devon\/\",\"name\":\"Buckland Abbey in der N\u00e4he Yelverton, Devon - Urlaub &amp; Reisen\",\"isPartOf\":{\"@id\":\"https:\/\/www.urlaubcornwall.de\/blog\/#website\"},\"datePublished\":\"2020-10-29T09:52:23+00:00\",\"dateModified\":\"2024-05-30T16:03:50+00:00\",\"breadcrumb\":{\"@id\":\"https:\/\/www.urlaubcornwall.de\/blog\/buckland-abbey-in-der-naehe-yelverton-devon\/#breadcrumb\"},\"inLanguage\":\"en-US\",\"potentialAction\":[{\"@type\":\"ReadAction\",\"target\":[\"https:\/\/www.urlaubcornwall.de\/blog\/buckland-abbey-in-der-naehe-yelverton-devon\/\"]}]},{\"@type\":\"BreadcrumbList\",\"@id\":\"https:\/\/www.urlaubcornwall.de\/blog\/buckland-abbey-in-der-naehe-yelverton-devon\/#breadcrumb\",\"itemListElement\":[{\"@type\":\"ListItem\",\"position\":1,\"name\":\"Home\",\"item\":\"https:\/\/www.urlaubcornwall.de\/blog\/\"},{\"@type\":\"ListItem\",\"position\":2,\"name\":\"Buckland Abbey in der N\u00e4he Yelverton, Devon\"}]}]}<\/script>\n<!-- \/ Yoast SEO plugin. -->","yoast_head_json":{"title":"Buckland Abbey in der N\u00e4he Yelverton, Devon - Urlaub &amp; Reisen","robots":{"index":"index","follow":"follow","max-snippet":"max-snippet:-1","max-image-preview":"max-image-preview:large","max-video-preview":"max-video-preview:-1"},"canonical":"https:\/\/www.urlaubcornwall.de\/blog\/buckland-abbey-in-der-naehe-yelverton-devon\/","og_locale":"en_US","og_type":"article","og_title":"Buckland Abbey in der N\u00e4he Yelverton, Devon - Urlaub &amp; Reisen","og_description":"Einst das Zuhause der ber\u00fchmten Seefahrer-Abenteurer; Sir Richard Grenville und Sir Francis Drake; ist die 700 Jahre alte Buckland Abbey tief verankert in Stattlichkeit und Geschichte. Es bietet sich ein Blick \u00fcber das Tavy Tal mit seinen alten Waldgebieten und Wildblumenwiesen. Die G\u00e4rten sollten Sie nicht vers\u00e4umen; den ummauerten Kr\u00e4utergarten, den Cider House Garten und [&hellip;]","og_url":"https:\/\/www.urlaubcornwall.de\/blog\/buckland-abbey-in-der-naehe-yelverton-devon\/","og_site_name":"Urlaub &amp; Reisen","article_modified_time":"2024-05-30T16:03:50+00:00","twitter_card":"summary","twitter_misc":{"Est. reading time":"1 minute"},"schema":{"@context":"https:\/\/schema.org","@graph":[{"@type":"WebSite","@id":"https:\/\/www.urlaubcornwall.de\/blog\/#website","url":"https:\/\/www.urlaubcornwall.de\/blog\/","name":"Urlaub &amp; Reisen","description":"Urlaub, Reisen, Cornwall und S\u00fcdengland: eine perfekte Kombination","potentialAction":[{"@type":"SearchAction","target":{"@type":"EntryPoint","urlTemplate":"https:\/\/www.urlaubcornwall.de\/blog\/?s={search_term_string}"},"query-input":"required name=search_term_string"}],"inLanguage":"en-US"},{"@type":"WebPage","@id":"https:\/\/www.urlaubcornwall.de\/blog\/buckland-abbey-in-der-naehe-yelverton-devon\/","url":"https:\/\/www.urlaubcornwall.de\/blog\/buckland-abbey-in-der-naehe-yelverton-devon\/","name":"Buckland Abbey in der N\u00e4he Yelverton, Devon - Urlaub &amp; Reisen","isPartOf":{"@id":"https:\/\/www.urlaubcornwall.de\/blog\/#website"},"datePublished":"2020-10-29T09:52:23+00:00","dateModified":"2024-05-30T16:03:50+00:00","breadcrumb":{"@id":"https:\/\/www.urlaubcornwall.de\/blog\/buckland-abbey-in-der-naehe-yelverton-devon\/#breadcrumb"},"inLanguage":"en-US","potentialAction":[{"@type":"ReadAction","target":["https:\/\/www.urlaubcornwall.de\/blog\/buckland-abbey-in-der-naehe-yelverton-devon\/"]}]},{"@type":"BreadcrumbList","@id":"https:\/\/www.urlaubcornwall.de\/blog\/buckland-abbey-in-der-naehe-yelverton-devon\/#breadcrumb","itemListElement":[{"@type":"ListItem","position":1,"name":"Home","item":"https:\/\/www.urlaubcornwall.de\/blog\/"},{"@type":"ListItem","position":2,"name":"Buckland Abbey in der N\u00e4he Yelverton, Devon"}]}]}},"_links":{"self":[{"href":"https:\/\/www.urlaubcornwall.de\/blog\/wp-json\/wp\/v2\/pages\/40954"}],"collection":[{"href":"https:\/\/www.urlaubcornwall.de\/blog\/wp-json\/wp\/v2\/pages"}],"about":[{"href":"https:\/\/www.urlaubcornwall.de\/blog\/wp-json\/wp\/v2\/types\/page"}],"author":[{"embeddable":true,"href":"https:\/\/www.urlaubcornwall.de\/blog\/wp-json\/wp\/v2\/users\/1"}],"replies":[{"embeddable":true,"href":"https:\/\/www.urlaubcornwall.de\/blog\/wp-json\/wp\/v2\/comments?post=40954"}],"version-history":[{"count":6,"href":"https:\/\/www.urlaubcornwall.de\/blog\/wp-json\/wp\/v2\/pages\/40954\/revisions"}],"predecessor-version":[{"id":51180,"href":"https:\/\/www.urlaubcornwall.de\/blog\/wp-json\/wp\/v2\/pages\/40954\/revisions\/51180"}],"wp:attachment":[{"href":"https:\/\/www.urlaubcornwall.de\/blog\/wp-json\/wp\/v2\/media?parent=40954"}],"curies":[{"name":"wp","href":"https:\/\/api.w.org\/{rel}","templated":true}]}}