{"id":40948,"date":"2020-10-29T09:48:26","date_gmt":"2020-10-29T09:48:26","guid":{"rendered":"https:\/\/www.urlaubcornwall.de\/blog\/?page_id=40948"},"modified":"2024-04-15T10:21:18","modified_gmt":"2024-04-15T10:21:18","slug":"saltram-house-in-der-naehe-plymouth-devon","status":"publish","type":"page","link":"https:\/\/www.urlaubcornwall.de\/blog\/saltram-house-in-der-naehe-plymouth-devon\/","title":{"rendered":"Saltram House in der N\u00e4he Plymouth, Devon"},"content":{"rendered":"<p><a href=\"https:\/\/www.urlaubcornwall.de\/blog\/wp-content\/uploads\/2024\/04\/Saltram-House_new.jpg\"><img loading=\"lazy\" src=\"https:\/\/www.urlaubcornwall.de\/blog\/wp-content\/uploads\/2024\/04\/Saltram-House_new.jpg\" alt=\"Saltram House\" width=\"750\" height=\"425\" class=\"alignnone size-full wp-image-48832\" srcset=\"https:\/\/www.urlaubcornwall.de\/blog\/wp-content\/uploads\/2024\/04\/Saltram-House_new.jpg 750w, https:\/\/www.urlaubcornwall.de\/blog\/wp-content\/uploads\/2024\/04\/Saltram-House_new-300x170.jpg 300w\" sizes=\"(max-width: 750px) 100vw, 750px\" \/><\/a><\/p>\n<p>Hoch \u00fcber dem Fluss Plym gelegen, bietet <a href=\"https:\/\/www.nationaltrust.org.uk\/saltram\">Saltram<\/a> herrlichen Blick \u00fcber die Flussm\u00fcndung. Das Haus ist voller Sch\u00e4tze mit einem \u00fcppig dekorierten Innenbereich, einschlie\u00dflich seltener chinesischer Tapeten und einer wertvollen Gem\u00e4ldesammlung von Sir Joshua Reynolds. Das Grundst\u00fcck kann das ganze Jahr \u00fcber genossen werden, mit herrlichen Schneegl\u00f6ckchen im Winter, Narzissen im Fr\u00fchling, Sommerblumen und Herbstfarben.<\/p>\n<p><a href=\"https:\/\/www.urlaubcornwall.de\/blog\/national-trust-historische-haeuser-cornwall-devon\/\">Top 10 National Trust Historische H\u00e4user<\/a>, die es in Cornwall &#038; Devon zu besuchen gibt<\/p>\n<div class=\"snippet\"> <a class=\"featured-item\" href=\"https:\/\/www.urlaubcornwall.de\/ferienhaeuser\/cornwall.php\"> <span class=\"image-holder\" style=\"background-image: url('https:\/\/www.urlaubcornwall.de\/blog\/wp-content\/uploads\/2018\/12\/familienurlaub-corwnall-snippet.jpg');\"><\/span> <span class=\"featured-content\"> \n<h2 class=\"featured-title\">Ferienh\u00e4user in Cornwall am Meer<\/h2>\n<p class=\"featured-body\">Cornwall besitzt mehr K\u00fcstenlinien als jede andere Grafschaft und bietet einige der besten Str\u00e4nde, K\u00fcstenwanderwege und Klippenlandschaften, die man \u00fcberhaupt finden kann&#8230; <\/p><\/span> <span class=\"featured-link-holder\"> <span class=\"featured-extra-info\"> \n<p>F\u00fcr Paare, Familien &#038; Gruppen<\/p>\n<\/span> \n<p class=\"featured-link\">DETAILS<\/p>\n<\/span> <\/a><\/div>\n","protected":false},"excerpt":{"rendered":"<p>Hoch \u00fcber dem Fluss Plym gelegen, bietet Saltram herrlichen Blick \u00fcber die Flussm\u00fcndung. Das Haus ist voller Sch\u00e4tze mit einem \u00fcppig dekorierten Innenbereich, einschlie\u00dflich seltener chinesischer Tapeten und einer wertvollen Gem\u00e4ldesammlung von Sir Joshua Reynolds. Das Grundst\u00fcck kann das ganze Jahr \u00fcber genossen werden, mit herrlichen Schneegl\u00f6ckchen im Winter, Narzissen im Fr\u00fchling, Sommerblumen und Herbstfarben. [&hellip;]<\/p>\n","protected":false},"author":1,"featured_media":0,"parent":0,"menu_order":0,"comment_status":"closed","ping_status":"closed","template":"single-four.php","meta":[],"acf":[],"yoast_head":"<!-- This site is optimized with the Yoast SEO plugin v19.4 - https:\/\/yoast.com\/wordpress\/plugins\/seo\/ -->\n<title>Saltram House in der N\u00e4he Plymouth, Devon - Urlaub &amp; Reisen<\/title>\n<meta name=\"robots\" content=\"index, follow, max-snippet:-1, max-image-preview:large, max-video-preview:-1\" \/>\n<link rel=\"canonical\" href=\"https:\/\/www.urlaubcornwall.de\/blog\/saltram-house-in-der-naehe-plymouth-devon\/\" \/>\n<meta property=\"og:locale\" content=\"en_US\" \/>\n<meta property=\"og:type\" content=\"article\" \/>\n<meta property=\"og:title\" content=\"Saltram House in der N\u00e4he Plymouth, Devon - Urlaub &amp; Reisen\" \/>\n<meta property=\"og:description\" content=\"Hoch \u00fcber dem Fluss Plym gelegen, bietet Saltram herrlichen Blick \u00fcber die Flussm\u00fcndung. Das Haus ist voller Sch\u00e4tze mit einem \u00fcppig dekorierten Innenbereich, einschlie\u00dflich seltener chinesischer Tapeten und einer wertvollen Gem\u00e4ldesammlung von Sir Joshua Reynolds. Das Grundst\u00fcck kann das ganze Jahr \u00fcber genossen werden, mit herrlichen Schneegl\u00f6ckchen im Winter, Narzissen im Fr\u00fchling, Sommerblumen und Herbstfarben. [&hellip;]\" \/>\n<meta property=\"og:url\" content=\"https:\/\/www.urlaubcornwall.de\/blog\/saltram-house-in-der-naehe-plymouth-devon\/\" \/>\n<meta property=\"og:site_name\" content=\"Urlaub &amp; Reisen\" \/>\n<meta property=\"article:modified_time\" content=\"2024-04-15T10:21:18+00:00\" \/>\n<meta property=\"og:image\" content=\"https:\/\/www.urlaubcornwall.de\/blog\/wp-content\/uploads\/2024\/04\/Saltram-House_new.jpg\" \/>\n<meta name=\"twitter:card\" content=\"summary\" \/>\n<meta name=\"twitter:label1\" content=\"Est. reading time\" \/>\n\t<meta name=\"twitter:data1\" content=\"1 minute\" \/>\n<script type=\"application\/ld+json\" class=\"yoast-schema-graph\">{\"@context\":\"https:\/\/schema.org\",\"@graph\":[{\"@type\":\"WebSite\",\"@id\":\"https:\/\/www.urlaubcornwall.de\/blog\/#website\",\"url\":\"https:\/\/www.urlaubcornwall.de\/blog\/\",\"name\":\"Urlaub &amp; Reisen\",\"description\":\"Urlaub, Reisen, Cornwall und S\u00fcdengland: eine perfekte Kombination\",\"potentialAction\":[{\"@type\":\"SearchAction\",\"target\":{\"@type\":\"EntryPoint\",\"urlTemplate\":\"https:\/\/www.urlaubcornwall.de\/blog\/?s={search_term_string}\"},\"query-input\":\"required name=search_term_string\"}],\"inLanguage\":\"en-US\"},{\"@type\":\"WebPage\",\"@id\":\"https:\/\/www.urlaubcornwall.de\/blog\/saltram-house-in-der-naehe-plymouth-devon\/\",\"url\":\"https:\/\/www.urlaubcornwall.de\/blog\/saltram-house-in-der-naehe-plymouth-devon\/\",\"name\":\"Saltram House in der N\u00e4he Plymouth, Devon - Urlaub &amp; Reisen\",\"isPartOf\":{\"@id\":\"https:\/\/www.urlaubcornwall.de\/blog\/#website\"},\"datePublished\":\"2020-10-29T09:48:26+00:00\",\"dateModified\":\"2024-04-15T10:21:18+00:00\",\"breadcrumb\":{\"@id\":\"https:\/\/www.urlaubcornwall.de\/blog\/saltram-house-in-der-naehe-plymouth-devon\/#breadcrumb\"},\"inLanguage\":\"en-US\",\"potentialAction\":[{\"@type\":\"ReadAction\",\"target\":[\"https:\/\/www.urlaubcornwall.de\/blog\/saltram-house-in-der-naehe-plymouth-devon\/\"]}]},{\"@type\":\"BreadcrumbList\",\"@id\":\"https:\/\/www.urlaubcornwall.de\/blog\/saltram-house-in-der-naehe-plymouth-devon\/#breadcrumb\",\"itemListElement\":[{\"@type\":\"ListItem\",\"position\":1,\"name\":\"Home\",\"item\":\"https:\/\/www.urlaubcornwall.de\/blog\/\"},{\"@type\":\"ListItem\",\"position\":2,\"name\":\"Saltram House in der N\u00e4he Plymouth, Devon\"}]}]}<\/script>\n<!-- \/ Yoast SEO plugin. -->","yoast_head_json":{"title":"Saltram House in der N\u00e4he Plymouth, Devon - Urlaub &amp; Reisen","robots":{"index":"index","follow":"follow","max-snippet":"max-snippet:-1","max-image-preview":"max-image-preview:large","max-video-preview":"max-video-preview:-1"},"canonical":"https:\/\/www.urlaubcornwall.de\/blog\/saltram-house-in-der-naehe-plymouth-devon\/","og_locale":"en_US","og_type":"article","og_title":"Saltram House in der N\u00e4he Plymouth, Devon - Urlaub &amp; Reisen","og_description":"Hoch \u00fcber dem Fluss Plym gelegen, bietet Saltram herrlichen Blick \u00fcber die Flussm\u00fcndung. Das Haus ist voller Sch\u00e4tze mit einem \u00fcppig dekorierten Innenbereich, einschlie\u00dflich seltener chinesischer Tapeten und einer wertvollen Gem\u00e4ldesammlung von Sir Joshua Reynolds. Das Grundst\u00fcck kann das ganze Jahr \u00fcber genossen werden, mit herrlichen Schneegl\u00f6ckchen im Winter, Narzissen im Fr\u00fchling, Sommerblumen und Herbstfarben. [&hellip;]","og_url":"https:\/\/www.urlaubcornwall.de\/blog\/saltram-house-in-der-naehe-plymouth-devon\/","og_site_name":"Urlaub &amp; Reisen","article_modified_time":"2024-04-15T10:21:18+00:00","og_image":[{"url":"https:\/\/www.urlaubcornwall.de\/blog\/wp-content\/uploads\/2024\/04\/Saltram-House_new.jpg"}],"twitter_card":"summary","twitter_misc":{"Est. reading time":"1 minute"},"schema":{"@context":"https:\/\/schema.org","@graph":[{"@type":"WebSite","@id":"https:\/\/www.urlaubcornwall.de\/blog\/#website","url":"https:\/\/www.urlaubcornwall.de\/blog\/","name":"Urlaub &amp; Reisen","description":"Urlaub, Reisen, Cornwall und S\u00fcdengland: eine perfekte Kombination","potentialAction":[{"@type":"SearchAction","target":{"@type":"EntryPoint","urlTemplate":"https:\/\/www.urlaubcornwall.de\/blog\/?s={search_term_string}"},"query-input":"required name=search_term_string"}],"inLanguage":"en-US"},{"@type":"WebPage","@id":"https:\/\/www.urlaubcornwall.de\/blog\/saltram-house-in-der-naehe-plymouth-devon\/","url":"https:\/\/www.urlaubcornwall.de\/blog\/saltram-house-in-der-naehe-plymouth-devon\/","name":"Saltram House in der N\u00e4he Plymouth, Devon - Urlaub &amp; Reisen","isPartOf":{"@id":"https:\/\/www.urlaubcornwall.de\/blog\/#website"},"datePublished":"2020-10-29T09:48:26+00:00","dateModified":"2024-04-15T10:21:18+00:00","breadcrumb":{"@id":"https:\/\/www.urlaubcornwall.de\/blog\/saltram-house-in-der-naehe-plymouth-devon\/#breadcrumb"},"inLanguage":"en-US","potentialAction":[{"@type":"ReadAction","target":["https:\/\/www.urlaubcornwall.de\/blog\/saltram-house-in-der-naehe-plymouth-devon\/"]}]},{"@type":"BreadcrumbList","@id":"https:\/\/www.urlaubcornwall.de\/blog\/saltram-house-in-der-naehe-plymouth-devon\/#breadcrumb","itemListElement":[{"@type":"ListItem","position":1,"name":"Home","item":"https:\/\/www.urlaubcornwall.de\/blog\/"},{"@type":"ListItem","position":2,"name":"Saltram House in der N\u00e4he Plymouth, Devon"}]}]}},"_links":{"self":[{"href":"https:\/\/www.urlaubcornwall.de\/blog\/wp-json\/wp\/v2\/pages\/40948"}],"collection":[{"href":"https:\/\/www.urlaubcornwall.de\/blog\/wp-json\/wp\/v2\/pages"}],"about":[{"href":"https:\/\/www.urlaubcornwall.de\/blog\/wp-json\/wp\/v2\/types\/page"}],"author":[{"embeddable":true,"href":"https:\/\/www.urlaubcornwall.de\/blog\/wp-json\/wp\/v2\/users\/1"}],"replies":[{"embeddable":true,"href":"https:\/\/www.urlaubcornwall.de\/blog\/wp-json\/wp\/v2\/comments?post=40948"}],"version-history":[{"count":2,"href":"https:\/\/www.urlaubcornwall.de\/blog\/wp-json\/wp\/v2\/pages\/40948\/revisions"}],"predecessor-version":[{"id":49426,"href":"https:\/\/www.urlaubcornwall.de\/blog\/wp-json\/wp\/v2\/pages\/40948\/revisions\/49426"}],"wp:attachment":[{"href":"https:\/\/www.urlaubcornwall.de\/blog\/wp-json\/wp\/v2\/media?parent=40948"}],"curies":[{"name":"wp","href":"https:\/\/api.w.org\/{rel}","templated":true}]}}