{"id":40944,"date":"2020-10-29T09:22:45","date_gmt":"2020-10-29T09:22:45","guid":{"rendered":"https:\/\/www.urlaubcornwall.de\/blog\/?page_id=40944"},"modified":"2024-05-30T16:04:35","modified_gmt":"2024-05-30T16:04:35","slug":"cotehele-in-der-naehe-saltash","status":"publish","type":"page","link":"https:\/\/www.urlaubcornwall.de\/blog\/cotehele-in-der-naehe-saltash\/","title":{"rendered":"Cotehele in der N\u00e4he Saltash"},"content":{"rendered":"<p>Hoch \u00fcber den Ufern des Flusses Tamar gelegen, war <a href=\"https:\/\/www.nationaltrust.org.uk\/cotehele\">Cotehele<\/a> 600 Jahre lang das Zuhause der Edgcumbe Familie. Dieses bezaubernde Herrenhaus ist mit Wandteppichen und R\u00fcstungen ausgeschm\u00fcckt, und die R\u00e4ume haben sich seit Tudorzeiten nur sehr wenig ver\u00e4ndert. Besucher k\u00f6nnen das herrliche Grundst\u00fcck genie\u00dfen mit den Apfel- und Kirschb\u00e4umen, mittelalterlichen Teichen und Taubenverschl\u00e4gen. Spazieren Sie hinunter zum Cotehele Quay und genie\u00dfen Sie einen cornischen Cream Tea an Bord der Tamar Segeljacht \u2018Shamrock\u2019 von 1899. Das Haus verf\u00fcgt nicht \u00fcber Elektrizit\u00e4t. Daher m\u00f6chten Sie vielleicht eine Taschenlampe mitbringen.<\/p>\n<p><a href=\"https:\/\/www.urlaubcornwall.de\/blog\/national-trust-historische-haeuser-cornwall-devon\/\">Top 10 National Trust Historische H\u00e4user<\/a>, die es in Cornwall &#038; Devon zu besuchen gibt<\/p>\n<div class=\"snippet\"> <a class=\"featured-item\" href=\"https:\/\/www.urlaubcornwall.de\/ferienhaeuser\/cornwall.php\"> <span class=\"image-holder\" style=\"background-image: url('https:\/\/www.urlaubcornwall.de\/blog\/wp-content\/uploads\/2018\/12\/familienurlaub-corwnall-snippet.jpg');\"><\/span> <span class=\"featured-content\"> \n<h2 class=\"featured-title\">Ferienh\u00e4user in Cornwall am Meer<\/h2>\n<p class=\"featured-body\">Cornwall besitzt mehr K\u00fcstenlinien als jede andere Grafschaft und bietet einige der besten Str\u00e4nde, K\u00fcstenwanderwege und Klippenlandschaften, die man \u00fcberhaupt finden kann&#8230; <\/p><\/span> <span class=\"featured-link-holder\"> <span class=\"featured-extra-info\"> \n<p>F\u00fcr Paare, Familien &#038; Gruppen<\/p>\n<\/span> \n<p class=\"featured-link\">DETAILS<\/p>\n<\/span> <\/a><\/div>\n","protected":false},"excerpt":{"rendered":"<p>Hoch \u00fcber den Ufern des Flusses Tamar gelegen, war Cotehele 600 Jahre lang das Zuhause der Edgcumbe Familie. Dieses bezaubernde Herrenhaus ist mit Wandteppichen und R\u00fcstungen ausgeschm\u00fcckt, und die R\u00e4ume haben sich seit Tudorzeiten nur sehr wenig ver\u00e4ndert. Besucher k\u00f6nnen das herrliche Grundst\u00fcck genie\u00dfen mit den Apfel- und Kirschb\u00e4umen, mittelalterlichen Teichen und Taubenverschl\u00e4gen. Spazieren Sie [&hellip;]<\/p>\n","protected":false},"author":1,"featured_media":0,"parent":0,"menu_order":0,"comment_status":"closed","ping_status":"closed","template":"single-four.php","meta":[],"acf":[],"yoast_head":"<!-- This site is optimized with the Yoast SEO plugin v19.4 - https:\/\/yoast.com\/wordpress\/plugins\/seo\/ -->\n<title>Cotehele in der N\u00e4he Saltash - Urlaub &amp; Reisen<\/title>\n<meta name=\"robots\" content=\"index, follow, max-snippet:-1, max-image-preview:large, max-video-preview:-1\" \/>\n<link rel=\"canonical\" href=\"https:\/\/www.urlaubcornwall.de\/blog\/cotehele-in-der-naehe-saltash\/\" \/>\n<meta property=\"og:locale\" content=\"en_US\" \/>\n<meta property=\"og:type\" content=\"article\" \/>\n<meta property=\"og:title\" content=\"Cotehele in der N\u00e4he Saltash - Urlaub &amp; Reisen\" \/>\n<meta property=\"og:description\" content=\"Hoch \u00fcber den Ufern des Flusses Tamar gelegen, war Cotehele 600 Jahre lang das Zuhause der Edgcumbe Familie. Dieses bezaubernde Herrenhaus ist mit Wandteppichen und R\u00fcstungen ausgeschm\u00fcckt, und die R\u00e4ume haben sich seit Tudorzeiten nur sehr wenig ver\u00e4ndert. Besucher k\u00f6nnen das herrliche Grundst\u00fcck genie\u00dfen mit den Apfel- und Kirschb\u00e4umen, mittelalterlichen Teichen und Taubenverschl\u00e4gen. Spazieren Sie [&hellip;]\" \/>\n<meta property=\"og:url\" content=\"https:\/\/www.urlaubcornwall.de\/blog\/cotehele-in-der-naehe-saltash\/\" \/>\n<meta property=\"og:site_name\" content=\"Urlaub &amp; Reisen\" \/>\n<meta property=\"article:modified_time\" content=\"2024-05-30T16:04:35+00:00\" \/>\n<meta name=\"twitter:card\" content=\"summary\" \/>\n<meta name=\"twitter:label1\" content=\"Est. reading time\" \/>\n\t<meta name=\"twitter:data1\" content=\"1 minute\" \/>\n<script type=\"application\/ld+json\" class=\"yoast-schema-graph\">{\"@context\":\"https:\/\/schema.org\",\"@graph\":[{\"@type\":\"WebSite\",\"@id\":\"https:\/\/www.urlaubcornwall.de\/blog\/#website\",\"url\":\"https:\/\/www.urlaubcornwall.de\/blog\/\",\"name\":\"Urlaub &amp; Reisen\",\"description\":\"Urlaub, Reisen, Cornwall und S\u00fcdengland: eine perfekte Kombination\",\"potentialAction\":[{\"@type\":\"SearchAction\",\"target\":{\"@type\":\"EntryPoint\",\"urlTemplate\":\"https:\/\/www.urlaubcornwall.de\/blog\/?s={search_term_string}\"},\"query-input\":\"required name=search_term_string\"}],\"inLanguage\":\"en-US\"},{\"@type\":\"WebPage\",\"@id\":\"https:\/\/www.urlaubcornwall.de\/blog\/cotehele-in-der-naehe-saltash\/\",\"url\":\"https:\/\/www.urlaubcornwall.de\/blog\/cotehele-in-der-naehe-saltash\/\",\"name\":\"Cotehele in der N\u00e4he Saltash - Urlaub &amp; Reisen\",\"isPartOf\":{\"@id\":\"https:\/\/www.urlaubcornwall.de\/blog\/#website\"},\"datePublished\":\"2020-10-29T09:22:45+00:00\",\"dateModified\":\"2024-05-30T16:04:35+00:00\",\"breadcrumb\":{\"@id\":\"https:\/\/www.urlaubcornwall.de\/blog\/cotehele-in-der-naehe-saltash\/#breadcrumb\"},\"inLanguage\":\"en-US\",\"potentialAction\":[{\"@type\":\"ReadAction\",\"target\":[\"https:\/\/www.urlaubcornwall.de\/blog\/cotehele-in-der-naehe-saltash\/\"]}]},{\"@type\":\"BreadcrumbList\",\"@id\":\"https:\/\/www.urlaubcornwall.de\/blog\/cotehele-in-der-naehe-saltash\/#breadcrumb\",\"itemListElement\":[{\"@type\":\"ListItem\",\"position\":1,\"name\":\"Home\",\"item\":\"https:\/\/www.urlaubcornwall.de\/blog\/\"},{\"@type\":\"ListItem\",\"position\":2,\"name\":\"Cotehele in der N\u00e4he Saltash\"}]}]}<\/script>\n<!-- \/ Yoast SEO plugin. -->","yoast_head_json":{"title":"Cotehele in der N\u00e4he Saltash - Urlaub &amp; Reisen","robots":{"index":"index","follow":"follow","max-snippet":"max-snippet:-1","max-image-preview":"max-image-preview:large","max-video-preview":"max-video-preview:-1"},"canonical":"https:\/\/www.urlaubcornwall.de\/blog\/cotehele-in-der-naehe-saltash\/","og_locale":"en_US","og_type":"article","og_title":"Cotehele in der N\u00e4he Saltash - Urlaub &amp; Reisen","og_description":"Hoch \u00fcber den Ufern des Flusses Tamar gelegen, war Cotehele 600 Jahre lang das Zuhause der Edgcumbe Familie. Dieses bezaubernde Herrenhaus ist mit Wandteppichen und R\u00fcstungen ausgeschm\u00fcckt, und die R\u00e4ume haben sich seit Tudorzeiten nur sehr wenig ver\u00e4ndert. Besucher k\u00f6nnen das herrliche Grundst\u00fcck genie\u00dfen mit den Apfel- und Kirschb\u00e4umen, mittelalterlichen Teichen und Taubenverschl\u00e4gen. Spazieren Sie [&hellip;]","og_url":"https:\/\/www.urlaubcornwall.de\/blog\/cotehele-in-der-naehe-saltash\/","og_site_name":"Urlaub &amp; Reisen","article_modified_time":"2024-05-30T16:04:35+00:00","twitter_card":"summary","twitter_misc":{"Est. reading time":"1 minute"},"schema":{"@context":"https:\/\/schema.org","@graph":[{"@type":"WebSite","@id":"https:\/\/www.urlaubcornwall.de\/blog\/#website","url":"https:\/\/www.urlaubcornwall.de\/blog\/","name":"Urlaub &amp; Reisen","description":"Urlaub, Reisen, Cornwall und S\u00fcdengland: eine perfekte Kombination","potentialAction":[{"@type":"SearchAction","target":{"@type":"EntryPoint","urlTemplate":"https:\/\/www.urlaubcornwall.de\/blog\/?s={search_term_string}"},"query-input":"required name=search_term_string"}],"inLanguage":"en-US"},{"@type":"WebPage","@id":"https:\/\/www.urlaubcornwall.de\/blog\/cotehele-in-der-naehe-saltash\/","url":"https:\/\/www.urlaubcornwall.de\/blog\/cotehele-in-der-naehe-saltash\/","name":"Cotehele in der N\u00e4he Saltash - Urlaub &amp; Reisen","isPartOf":{"@id":"https:\/\/www.urlaubcornwall.de\/blog\/#website"},"datePublished":"2020-10-29T09:22:45+00:00","dateModified":"2024-05-30T16:04:35+00:00","breadcrumb":{"@id":"https:\/\/www.urlaubcornwall.de\/blog\/cotehele-in-der-naehe-saltash\/#breadcrumb"},"inLanguage":"en-US","potentialAction":[{"@type":"ReadAction","target":["https:\/\/www.urlaubcornwall.de\/blog\/cotehele-in-der-naehe-saltash\/"]}]},{"@type":"BreadcrumbList","@id":"https:\/\/www.urlaubcornwall.de\/blog\/cotehele-in-der-naehe-saltash\/#breadcrumb","itemListElement":[{"@type":"ListItem","position":1,"name":"Home","item":"https:\/\/www.urlaubcornwall.de\/blog\/"},{"@type":"ListItem","position":2,"name":"Cotehele in der N\u00e4he Saltash"}]}]}},"_links":{"self":[{"href":"https:\/\/www.urlaubcornwall.de\/blog\/wp-json\/wp\/v2\/pages\/40944"}],"collection":[{"href":"https:\/\/www.urlaubcornwall.de\/blog\/wp-json\/wp\/v2\/pages"}],"about":[{"href":"https:\/\/www.urlaubcornwall.de\/blog\/wp-json\/wp\/v2\/types\/page"}],"author":[{"embeddable":true,"href":"https:\/\/www.urlaubcornwall.de\/blog\/wp-json\/wp\/v2\/users\/1"}],"replies":[{"embeddable":true,"href":"https:\/\/www.urlaubcornwall.de\/blog\/wp-json\/wp\/v2\/comments?post=40944"}],"version-history":[{"count":2,"href":"https:\/\/www.urlaubcornwall.de\/blog\/wp-json\/wp\/v2\/pages\/40944\/revisions"}],"predecessor-version":[{"id":51182,"href":"https:\/\/www.urlaubcornwall.de\/blog\/wp-json\/wp\/v2\/pages\/40944\/revisions\/51182"}],"wp:attachment":[{"href":"https:\/\/www.urlaubcornwall.de\/blog\/wp-json\/wp\/v2\/media?parent=40944"}],"curies":[{"name":"wp","href":"https:\/\/api.w.org\/{rel}","templated":true}]}}