{"id":40942,"date":"2020-10-29T09:14:45","date_gmt":"2020-10-29T09:14:45","guid":{"rendered":"https:\/\/www.urlaubcornwall.de\/blog\/?page_id=40942"},"modified":"2024-05-29T08:39:35","modified_gmt":"2024-05-29T08:39:35","slug":"lanhydrock-in-der-naehe-bodmin","status":"publish","type":"page","link":"https:\/\/www.urlaubcornwall.de\/blog\/lanhydrock-in-der-naehe-bodmin\/","title":{"rendered":"Lanhydrock in der N\u00e4he Bodmin"},"content":{"rendered":"<p><a href=\"https:\/\/www.urlaubcornwall.de\/blog\/wp-content\/uploads\/2024\/05\/Lanhydrock-House-Bodmin.jpg\"><img loading=\"lazy\" src=\"https:\/\/www.urlaubcornwall.de\/blog\/wp-content\/uploads\/2024\/05\/Lanhydrock-House-Bodmin.jpg\" alt=\"Lanhydrock House, Bodmin\" width=\"750\" height=\"417\" class=\"alignnone size-full wp-image-50540\" srcset=\"https:\/\/www.urlaubcornwall.de\/blog\/wp-content\/uploads\/2024\/05\/Lanhydrock-House-Bodmin.jpg 750w, https:\/\/www.urlaubcornwall.de\/blog\/wp-content\/uploads\/2024\/05\/Lanhydrock-House-Bodmin-300x167.jpg 300w\" sizes=\"(max-width: 750px) 100vw, 750px\" \/><\/a><\/p>\n<p>In einem wundersch\u00f6nen bewaldeten Grundst\u00fcck gelegen, ist <a href=\"https:\/\/www.nationaltrust.org.uk\/lanhydrock\">Lanhydrock<\/a> ein herrliches Landhaus, umgeben von bezaubernden, weitreichenden G\u00e4rten. Das Haus wurde 1881 von einem Feuer zerst\u00f6rt und in pr\u00e4chtigem viktorianischen Stil wieder erbaut. Es gibt mehr als 50 R\u00e4ume zu entdecken; von gro\u00dfz\u00fcgigen K\u00fcchen, dem eleganten viktorianischen Luxus der Familienr\u00e4umlichkeiten bis hin zu den Bedienstetenquartieren. Spazieren Sie inmitten von \u00fcberragenden Magnolien und herrlichen Rhododendren; die G\u00e4rten sind bekannt f\u00fcr ihre ganzj\u00e4hrige Farbenpracht. Es gibt meilenlange Fu\u00dfwege, um die alten Waldgebiete zu erkunden, sowie Radfahrwege, die jedem Erfahrungsniveau gerecht werden.<\/p>\n<p><a href=\"https:\/\/www.urlaubcornwall.de\/blog\/national-trust-historische-haeuser-cornwall-devon\/\">Top 10 National Trust Historische H\u00e4user<\/a>, die es in Cornwall &#038; Devon zu besuchen gibt.<\/p>\n<div class=\"snippet\"> <a class=\"featured-item\" href=\"https:\/\/www.urlaubcornwall.de\/ferienhaeuser\/cornwall.php\"> <span class=\"image-holder\" style=\"background-image: url('https:\/\/www.urlaubcornwall.de\/blog\/wp-content\/uploads\/2018\/12\/familienurlaub-corwnall-snippet.jpg');\"><\/span> <span class=\"featured-content\"> \n<h2 class=\"featured-title\">Ferienh\u00e4user in Cornwall am Meer<\/h2>\n<p class=\"featured-body\">Cornwall besitzt mehr K\u00fcstenlinien als jede andere Grafschaft und bietet einige der besten Str\u00e4nde, K\u00fcstenwanderwege und Klippenlandschaften, die man \u00fcberhaupt finden kann&#8230; <\/p><\/span> <span class=\"featured-link-holder\"> <span class=\"featured-extra-info\"> \n<p>F\u00fcr Paare, Familien &#038; Gruppen<\/p>\n<\/span> \n<p class=\"featured-link\">DETAILS<\/p>\n<\/span> <\/a><\/div>\n","protected":false},"excerpt":{"rendered":"<p>In einem wundersch\u00f6nen bewaldeten Grundst\u00fcck gelegen, ist Lanhydrock ein herrliches Landhaus, umgeben von bezaubernden, weitreichenden G\u00e4rten. Das Haus wurde 1881 von einem Feuer zerst\u00f6rt und in pr\u00e4chtigem viktorianischen Stil wieder erbaut. Es gibt mehr als 50 R\u00e4ume zu entdecken; von gro\u00dfz\u00fcgigen K\u00fcchen, dem eleganten viktorianischen Luxus der Familienr\u00e4umlichkeiten bis hin zu den Bedienstetenquartieren. Spazieren Sie [&hellip;]<\/p>\n","protected":false},"author":1,"featured_media":0,"parent":0,"menu_order":0,"comment_status":"closed","ping_status":"closed","template":"single-four.php","meta":[],"acf":[],"yoast_head":"<!-- This site is optimized with the Yoast SEO plugin v19.4 - https:\/\/yoast.com\/wordpress\/plugins\/seo\/ -->\n<title>Lanhydrock in der N\u00e4he Bodmin - Urlaub &amp; Reisen<\/title>\n<meta name=\"robots\" content=\"index, follow, max-snippet:-1, max-image-preview:large, max-video-preview:-1\" \/>\n<link rel=\"canonical\" href=\"https:\/\/www.urlaubcornwall.de\/blog\/lanhydrock-in-der-naehe-bodmin\/\" \/>\n<meta property=\"og:locale\" content=\"en_US\" \/>\n<meta property=\"og:type\" content=\"article\" \/>\n<meta property=\"og:title\" content=\"Lanhydrock in der N\u00e4he Bodmin - Urlaub &amp; Reisen\" \/>\n<meta property=\"og:description\" content=\"In einem wundersch\u00f6nen bewaldeten Grundst\u00fcck gelegen, ist Lanhydrock ein herrliches Landhaus, umgeben von bezaubernden, weitreichenden G\u00e4rten. Das Haus wurde 1881 von einem Feuer zerst\u00f6rt und in pr\u00e4chtigem viktorianischen Stil wieder erbaut. Es gibt mehr als 50 R\u00e4ume zu entdecken; von gro\u00dfz\u00fcgigen K\u00fcchen, dem eleganten viktorianischen Luxus der Familienr\u00e4umlichkeiten bis hin zu den Bedienstetenquartieren. Spazieren Sie [&hellip;]\" \/>\n<meta property=\"og:url\" content=\"https:\/\/www.urlaubcornwall.de\/blog\/lanhydrock-in-der-naehe-bodmin\/\" \/>\n<meta property=\"og:site_name\" content=\"Urlaub &amp; Reisen\" \/>\n<meta property=\"article:modified_time\" content=\"2024-05-29T08:39:35+00:00\" \/>\n<meta property=\"og:image\" content=\"https:\/\/www.urlaubcornwall.de\/blog\/wp-content\/uploads\/2024\/05\/Lanhydrock-House-Bodmin.jpg\" \/>\n<meta name=\"twitter:card\" content=\"summary\" \/>\n<meta name=\"twitter:label1\" content=\"Est. reading time\" \/>\n\t<meta name=\"twitter:data1\" content=\"1 minute\" \/>\n<script type=\"application\/ld+json\" class=\"yoast-schema-graph\">{\"@context\":\"https:\/\/schema.org\",\"@graph\":[{\"@type\":\"WebSite\",\"@id\":\"https:\/\/www.urlaubcornwall.de\/blog\/#website\",\"url\":\"https:\/\/www.urlaubcornwall.de\/blog\/\",\"name\":\"Urlaub &amp; Reisen\",\"description\":\"Urlaub, Reisen, Cornwall und S\u00fcdengland: eine perfekte Kombination\",\"potentialAction\":[{\"@type\":\"SearchAction\",\"target\":{\"@type\":\"EntryPoint\",\"urlTemplate\":\"https:\/\/www.urlaubcornwall.de\/blog\/?s={search_term_string}\"},\"query-input\":\"required name=search_term_string\"}],\"inLanguage\":\"en-US\"},{\"@type\":\"WebPage\",\"@id\":\"https:\/\/www.urlaubcornwall.de\/blog\/lanhydrock-in-der-naehe-bodmin\/\",\"url\":\"https:\/\/www.urlaubcornwall.de\/blog\/lanhydrock-in-der-naehe-bodmin\/\",\"name\":\"Lanhydrock in der N\u00e4he Bodmin - Urlaub &amp; Reisen\",\"isPartOf\":{\"@id\":\"https:\/\/www.urlaubcornwall.de\/blog\/#website\"},\"datePublished\":\"2020-10-29T09:14:45+00:00\",\"dateModified\":\"2024-05-29T08:39:35+00:00\",\"breadcrumb\":{\"@id\":\"https:\/\/www.urlaubcornwall.de\/blog\/lanhydrock-in-der-naehe-bodmin\/#breadcrumb\"},\"inLanguage\":\"en-US\",\"potentialAction\":[{\"@type\":\"ReadAction\",\"target\":[\"https:\/\/www.urlaubcornwall.de\/blog\/lanhydrock-in-der-naehe-bodmin\/\"]}]},{\"@type\":\"BreadcrumbList\",\"@id\":\"https:\/\/www.urlaubcornwall.de\/blog\/lanhydrock-in-der-naehe-bodmin\/#breadcrumb\",\"itemListElement\":[{\"@type\":\"ListItem\",\"position\":1,\"name\":\"Home\",\"item\":\"https:\/\/www.urlaubcornwall.de\/blog\/\"},{\"@type\":\"ListItem\",\"position\":2,\"name\":\"Lanhydrock in der N\u00e4he Bodmin\"}]}]}<\/script>\n<!-- \/ Yoast SEO plugin. -->","yoast_head_json":{"title":"Lanhydrock in der N\u00e4he Bodmin - Urlaub &amp; Reisen","robots":{"index":"index","follow":"follow","max-snippet":"max-snippet:-1","max-image-preview":"max-image-preview:large","max-video-preview":"max-video-preview:-1"},"canonical":"https:\/\/www.urlaubcornwall.de\/blog\/lanhydrock-in-der-naehe-bodmin\/","og_locale":"en_US","og_type":"article","og_title":"Lanhydrock in der N\u00e4he Bodmin - Urlaub &amp; Reisen","og_description":"In einem wundersch\u00f6nen bewaldeten Grundst\u00fcck gelegen, ist Lanhydrock ein herrliches Landhaus, umgeben von bezaubernden, weitreichenden G\u00e4rten. Das Haus wurde 1881 von einem Feuer zerst\u00f6rt und in pr\u00e4chtigem viktorianischen Stil wieder erbaut. Es gibt mehr als 50 R\u00e4ume zu entdecken; von gro\u00dfz\u00fcgigen K\u00fcchen, dem eleganten viktorianischen Luxus der Familienr\u00e4umlichkeiten bis hin zu den Bedienstetenquartieren. Spazieren Sie [&hellip;]","og_url":"https:\/\/www.urlaubcornwall.de\/blog\/lanhydrock-in-der-naehe-bodmin\/","og_site_name":"Urlaub &amp; Reisen","article_modified_time":"2024-05-29T08:39:35+00:00","og_image":[{"url":"https:\/\/www.urlaubcornwall.de\/blog\/wp-content\/uploads\/2024\/05\/Lanhydrock-House-Bodmin.jpg"}],"twitter_card":"summary","twitter_misc":{"Est. reading time":"1 minute"},"schema":{"@context":"https:\/\/schema.org","@graph":[{"@type":"WebSite","@id":"https:\/\/www.urlaubcornwall.de\/blog\/#website","url":"https:\/\/www.urlaubcornwall.de\/blog\/","name":"Urlaub &amp; Reisen","description":"Urlaub, Reisen, Cornwall und S\u00fcdengland: eine perfekte Kombination","potentialAction":[{"@type":"SearchAction","target":{"@type":"EntryPoint","urlTemplate":"https:\/\/www.urlaubcornwall.de\/blog\/?s={search_term_string}"},"query-input":"required name=search_term_string"}],"inLanguage":"en-US"},{"@type":"WebPage","@id":"https:\/\/www.urlaubcornwall.de\/blog\/lanhydrock-in-der-naehe-bodmin\/","url":"https:\/\/www.urlaubcornwall.de\/blog\/lanhydrock-in-der-naehe-bodmin\/","name":"Lanhydrock in der N\u00e4he Bodmin - Urlaub &amp; Reisen","isPartOf":{"@id":"https:\/\/www.urlaubcornwall.de\/blog\/#website"},"datePublished":"2020-10-29T09:14:45+00:00","dateModified":"2024-05-29T08:39:35+00:00","breadcrumb":{"@id":"https:\/\/www.urlaubcornwall.de\/blog\/lanhydrock-in-der-naehe-bodmin\/#breadcrumb"},"inLanguage":"en-US","potentialAction":[{"@type":"ReadAction","target":["https:\/\/www.urlaubcornwall.de\/blog\/lanhydrock-in-der-naehe-bodmin\/"]}]},{"@type":"BreadcrumbList","@id":"https:\/\/www.urlaubcornwall.de\/blog\/lanhydrock-in-der-naehe-bodmin\/#breadcrumb","itemListElement":[{"@type":"ListItem","position":1,"name":"Home","item":"https:\/\/www.urlaubcornwall.de\/blog\/"},{"@type":"ListItem","position":2,"name":"Lanhydrock in der N\u00e4he Bodmin"}]}]}},"_links":{"self":[{"href":"https:\/\/www.urlaubcornwall.de\/blog\/wp-json\/wp\/v2\/pages\/40942"}],"collection":[{"href":"https:\/\/www.urlaubcornwall.de\/blog\/wp-json\/wp\/v2\/pages"}],"about":[{"href":"https:\/\/www.urlaubcornwall.de\/blog\/wp-json\/wp\/v2\/types\/page"}],"author":[{"embeddable":true,"href":"https:\/\/www.urlaubcornwall.de\/blog\/wp-json\/wp\/v2\/users\/1"}],"replies":[{"embeddable":true,"href":"https:\/\/www.urlaubcornwall.de\/blog\/wp-json\/wp\/v2\/comments?post=40942"}],"version-history":[{"count":5,"href":"https:\/\/www.urlaubcornwall.de\/blog\/wp-json\/wp\/v2\/pages\/40942\/revisions"}],"predecessor-version":[{"id":50543,"href":"https:\/\/www.urlaubcornwall.de\/blog\/wp-json\/wp\/v2\/pages\/40942\/revisions\/50543"}],"wp:attachment":[{"href":"https:\/\/www.urlaubcornwall.de\/blog\/wp-json\/wp\/v2\/media?parent=40942"}],"curies":[{"name":"wp","href":"https:\/\/api.w.org\/{rel}","templated":true}]}}