{"id":40923,"date":"2020-10-26T14:32:25","date_gmt":"2020-10-26T14:32:25","guid":{"rendered":"https:\/\/www.urlaubcornwall.de\/blog\/?page_id=40923"},"modified":"2020-10-26T14:32:25","modified_gmt":"2020-10-26T14:32:25","slug":"einzigartigen-ferienhaeuser-in-sussex","status":"publish","type":"page","link":"https:\/\/www.urlaubcornwall.de\/blog\/einzigartigen-ferienhaeuser-in-sussex\/","title":{"rendered":"Einzigartigen Ferienh\u00e4user in Sussex"},"content":{"rendered":"<p><img loading=\"lazy\" class=\"aligncenter size-full wp-image-38137\" src=\"https:\/\/www.urlaubcornwall.de\/blog\/wp-content\/uploads\/2019\/04\/Charmante-D\u00f6rfer-cornwall.jpg\" alt=\"Einzigartigen Ferienhaus Sussex\" width=\"749\" height=\"498\"\/><\/p>\n<p>Das perfekte Rezept f\u00fcr Boutique-Hotels, Luxusunterk\u00fcnfte &#038; erg\u00f6tzliche private <a href=\"https:\/\/www.urlaubcornwall.de\/ferienhaeuser-fewos\/eng\/sussex\/sussex.html\">Ferienhaus in Sussex<\/a> \u2013 Luxus-Retreats vom Feinsten. Nehmen Sie die ganzen Vorz\u00fcge eines Boutique-Hotels &#038; mischen Sie diese mit einer sorgf\u00e4ltig ausgew\u00e4hlten Lage in Sussex. F\u00fcgen Sie eine gro\u00dfz\u00fcgige Menge an Charakter, Privatsph\u00e4re &#038; individuell gestalteter Innenausstattung hinzu und voil\u00e0, Sie erhalten eine unserer perfekten Unterk\u00fcnfte.<\/p>\n<p>Sie suchen nach einer einzigartigen Unterkunft in Cornwall? Wir haben alles von K\u00fcste zu K\u00fcste f\u00fcr Sie abgedeckt. Romantische Luxus-Retreats in <a href=\"https:\/\/www.urlaubcornwall.de\/ferienhaeuser-fewos\/eng\/sussex\/brighton.html\">Brighton<\/a> &#038; fantastische Privatunterk\u00fcnfte in <a href=\"https:\/\/www.urlaubcornwall.de\/ferienhaeuser-fewos\/eng\/sussex\/eastbourne.html\">Eastbourne<\/a> oder <a href=\"https:\/\/www.urlaubcornwall.de\/ferienhaeuser-fewos\/eng\/sussex\/chichester.html\">Chichester<\/a>. Meerblick in <a href=\"https:\/\/www.urlaubcornwall.de\/ferienhaeuser-fewos\/eng\/sussex\/pevensey-bay.html\">Pevensey Bay<\/a> und Luxusvillen in <a href=\"https:\/\/www.urlaubcornwall.de\/ferienhaeuser-fewos\/eng\/sussex\/petworth.html\">Petworth<\/a>.<\/p>\n<p style=\"text-align: center;\"><a class=\"tidycta\" href=\"https:\/\/www.urlaubcornwall.de\/ferienhaeuser\/suedengland.php\">Suche Ferienh\u00e4user S\u00fcdengland<\/a><\/p>\n","protected":false},"excerpt":{"rendered":"<p>Das perfekte Rezept f\u00fcr Boutique-Hotels, Luxusunterk\u00fcnfte &#038; erg\u00f6tzliche private Ferienhaus in Sussex \u2013 Luxus-Retreats vom Feinsten. Nehmen Sie die ganzen Vorz\u00fcge eines Boutique-Hotels &#038; mischen Sie diese mit einer sorgf\u00e4ltig ausgew\u00e4hlten Lage in Sussex. F\u00fcgen Sie eine gro\u00dfz\u00fcgige Menge an Charakter, Privatsph\u00e4re &#038; individuell gestalteter Innenausstattung hinzu und voil\u00e0, Sie erhalten eine unserer perfekten Unterk\u00fcnfte. [&hellip;]<\/p>\n","protected":false},"author":1,"featured_media":0,"parent":0,"menu_order":0,"comment_status":"closed","ping_status":"closed","template":"single-four.php","meta":[],"acf":[],"yoast_head":"<!-- This site is optimized with the Yoast SEO plugin v19.4 - https:\/\/yoast.com\/wordpress\/plugins\/seo\/ -->\n<title>Einzigartigen Ferienh\u00e4user in Sussex - Urlaub &amp; Reisen<\/title>\n<meta name=\"robots\" content=\"index, follow, max-snippet:-1, max-image-preview:large, max-video-preview:-1\" \/>\n<link rel=\"canonical\" href=\"https:\/\/www.urlaubcornwall.de\/blog\/einzigartigen-ferienhaeuser-in-sussex\/\" \/>\n<meta property=\"og:locale\" content=\"en_US\" \/>\n<meta property=\"og:type\" content=\"article\" \/>\n<meta property=\"og:title\" content=\"Einzigartigen Ferienh\u00e4user in Sussex - Urlaub &amp; Reisen\" \/>\n<meta property=\"og:description\" content=\"Das perfekte Rezept f\u00fcr Boutique-Hotels, Luxusunterk\u00fcnfte &#038; erg\u00f6tzliche private Ferienhaus in Sussex \u2013 Luxus-Retreats vom Feinsten. Nehmen Sie die ganzen Vorz\u00fcge eines Boutique-Hotels &#038; mischen Sie diese mit einer sorgf\u00e4ltig ausgew\u00e4hlten Lage in Sussex. F\u00fcgen Sie eine gro\u00dfz\u00fcgige Menge an Charakter, Privatsph\u00e4re &#038; individuell gestalteter Innenausstattung hinzu und voil\u00e0, Sie erhalten eine unserer perfekten Unterk\u00fcnfte. [&hellip;]\" \/>\n<meta property=\"og:url\" content=\"https:\/\/www.urlaubcornwall.de\/blog\/einzigartigen-ferienhaeuser-in-sussex\/\" \/>\n<meta property=\"og:site_name\" content=\"Urlaub &amp; Reisen\" \/>\n<meta property=\"og:image\" content=\"https:\/\/www.urlaubcornwall.de\/blog\/wp-content\/uploads\/2019\/04\/Charmante-D\u00f6rfer-cornwall.jpg\" \/>\n<meta name=\"twitter:card\" content=\"summary\" \/>\n<meta name=\"twitter:label1\" content=\"Est. reading time\" \/>\n\t<meta name=\"twitter:data1\" content=\"1 minute\" \/>\n<script type=\"application\/ld+json\" class=\"yoast-schema-graph\">{\"@context\":\"https:\/\/schema.org\",\"@graph\":[{\"@type\":\"WebSite\",\"@id\":\"https:\/\/www.urlaubcornwall.de\/blog\/#website\",\"url\":\"https:\/\/www.urlaubcornwall.de\/blog\/\",\"name\":\"Urlaub &amp; Reisen\",\"description\":\"Urlaub, Reisen, Cornwall und S\u00fcdengland: eine perfekte Kombination\",\"potentialAction\":[{\"@type\":\"SearchAction\",\"target\":{\"@type\":\"EntryPoint\",\"urlTemplate\":\"https:\/\/www.urlaubcornwall.de\/blog\/?s={search_term_string}\"},\"query-input\":\"required name=search_term_string\"}],\"inLanguage\":\"en-US\"},{\"@type\":\"WebPage\",\"@id\":\"https:\/\/www.urlaubcornwall.de\/blog\/einzigartigen-ferienhaeuser-in-sussex\/\",\"url\":\"https:\/\/www.urlaubcornwall.de\/blog\/einzigartigen-ferienhaeuser-in-sussex\/\",\"name\":\"Einzigartigen Ferienh\u00e4user in Sussex - Urlaub &amp; Reisen\",\"isPartOf\":{\"@id\":\"https:\/\/www.urlaubcornwall.de\/blog\/#website\"},\"datePublished\":\"2020-10-26T14:32:25+00:00\",\"dateModified\":\"2020-10-26T14:32:25+00:00\",\"breadcrumb\":{\"@id\":\"https:\/\/www.urlaubcornwall.de\/blog\/einzigartigen-ferienhaeuser-in-sussex\/#breadcrumb\"},\"inLanguage\":\"en-US\",\"potentialAction\":[{\"@type\":\"ReadAction\",\"target\":[\"https:\/\/www.urlaubcornwall.de\/blog\/einzigartigen-ferienhaeuser-in-sussex\/\"]}]},{\"@type\":\"BreadcrumbList\",\"@id\":\"https:\/\/www.urlaubcornwall.de\/blog\/einzigartigen-ferienhaeuser-in-sussex\/#breadcrumb\",\"itemListElement\":[{\"@type\":\"ListItem\",\"position\":1,\"name\":\"Home\",\"item\":\"https:\/\/www.urlaubcornwall.de\/blog\/\"},{\"@type\":\"ListItem\",\"position\":2,\"name\":\"Einzigartigen Ferienh\u00e4user in Sussex\"}]}]}<\/script>\n<!-- \/ Yoast SEO plugin. -->","yoast_head_json":{"title":"Einzigartigen Ferienh\u00e4user in Sussex - Urlaub &amp; Reisen","robots":{"index":"index","follow":"follow","max-snippet":"max-snippet:-1","max-image-preview":"max-image-preview:large","max-video-preview":"max-video-preview:-1"},"canonical":"https:\/\/www.urlaubcornwall.de\/blog\/einzigartigen-ferienhaeuser-in-sussex\/","og_locale":"en_US","og_type":"article","og_title":"Einzigartigen Ferienh\u00e4user in Sussex - Urlaub &amp; Reisen","og_description":"Das perfekte Rezept f\u00fcr Boutique-Hotels, Luxusunterk\u00fcnfte &#038; erg\u00f6tzliche private Ferienhaus in Sussex \u2013 Luxus-Retreats vom Feinsten. Nehmen Sie die ganzen Vorz\u00fcge eines Boutique-Hotels &#038; mischen Sie diese mit einer sorgf\u00e4ltig ausgew\u00e4hlten Lage in Sussex. F\u00fcgen Sie eine gro\u00dfz\u00fcgige Menge an Charakter, Privatsph\u00e4re &#038; individuell gestalteter Innenausstattung hinzu und voil\u00e0, Sie erhalten eine unserer perfekten Unterk\u00fcnfte. [&hellip;]","og_url":"https:\/\/www.urlaubcornwall.de\/blog\/einzigartigen-ferienhaeuser-in-sussex\/","og_site_name":"Urlaub &amp; Reisen","og_image":[{"url":"https:\/\/www.urlaubcornwall.de\/blog\/wp-content\/uploads\/2019\/04\/Charmante-D\u00f6rfer-cornwall.jpg"}],"twitter_card":"summary","twitter_misc":{"Est. reading time":"1 minute"},"schema":{"@context":"https:\/\/schema.org","@graph":[{"@type":"WebSite","@id":"https:\/\/www.urlaubcornwall.de\/blog\/#website","url":"https:\/\/www.urlaubcornwall.de\/blog\/","name":"Urlaub &amp; Reisen","description":"Urlaub, Reisen, Cornwall und S\u00fcdengland: eine perfekte Kombination","potentialAction":[{"@type":"SearchAction","target":{"@type":"EntryPoint","urlTemplate":"https:\/\/www.urlaubcornwall.de\/blog\/?s={search_term_string}"},"query-input":"required name=search_term_string"}],"inLanguage":"en-US"},{"@type":"WebPage","@id":"https:\/\/www.urlaubcornwall.de\/blog\/einzigartigen-ferienhaeuser-in-sussex\/","url":"https:\/\/www.urlaubcornwall.de\/blog\/einzigartigen-ferienhaeuser-in-sussex\/","name":"Einzigartigen Ferienh\u00e4user in Sussex - Urlaub &amp; Reisen","isPartOf":{"@id":"https:\/\/www.urlaubcornwall.de\/blog\/#website"},"datePublished":"2020-10-26T14:32:25+00:00","dateModified":"2020-10-26T14:32:25+00:00","breadcrumb":{"@id":"https:\/\/www.urlaubcornwall.de\/blog\/einzigartigen-ferienhaeuser-in-sussex\/#breadcrumb"},"inLanguage":"en-US","potentialAction":[{"@type":"ReadAction","target":["https:\/\/www.urlaubcornwall.de\/blog\/einzigartigen-ferienhaeuser-in-sussex\/"]}]},{"@type":"BreadcrumbList","@id":"https:\/\/www.urlaubcornwall.de\/blog\/einzigartigen-ferienhaeuser-in-sussex\/#breadcrumb","itemListElement":[{"@type":"ListItem","position":1,"name":"Home","item":"https:\/\/www.urlaubcornwall.de\/blog\/"},{"@type":"ListItem","position":2,"name":"Einzigartigen Ferienh\u00e4user in Sussex"}]}]}},"_links":{"self":[{"href":"https:\/\/www.urlaubcornwall.de\/blog\/wp-json\/wp\/v2\/pages\/40923"}],"collection":[{"href":"https:\/\/www.urlaubcornwall.de\/blog\/wp-json\/wp\/v2\/pages"}],"about":[{"href":"https:\/\/www.urlaubcornwall.de\/blog\/wp-json\/wp\/v2\/types\/page"}],"author":[{"embeddable":true,"href":"https:\/\/www.urlaubcornwall.de\/blog\/wp-json\/wp\/v2\/users\/1"}],"replies":[{"embeddable":true,"href":"https:\/\/www.urlaubcornwall.de\/blog\/wp-json\/wp\/v2\/comments?post=40923"}],"version-history":[{"count":1,"href":"https:\/\/www.urlaubcornwall.de\/blog\/wp-json\/wp\/v2\/pages\/40923\/revisions"}],"predecessor-version":[{"id":40924,"href":"https:\/\/www.urlaubcornwall.de\/blog\/wp-json\/wp\/v2\/pages\/40923\/revisions\/40924"}],"wp:attachment":[{"href":"https:\/\/www.urlaubcornwall.de\/blog\/wp-json\/wp\/v2\/media?parent=40923"}],"curies":[{"name":"wp","href":"https:\/\/api.w.org\/{rel}","templated":true}]}}